{"id":16046,"date":"2025-05-14T11:22:53","date_gmt":"2025-05-14T09:22:53","guid":{"rendered":"https:\/\/www.dioxvitae.es\/?post_type=product&#038;p=16046"},"modified":"2026-03-17T18:22:09","modified_gmt":"2026-03-17T16:22:09","slug":"candinorm-pro-ovules-vaginaux","status":"publish","type":"product","link":"https:\/\/dioxvitae.es\/fr\/candinorm-pro-ovulos-vaginales\/","title":{"rendered":"Candinorm Pro Ovules vaginaux 10 pcs Pegaso"},"content":{"rendered":"<div data-elementor-type=\"wp-post\" data-elementor-id=\"16046\" class=\"elementor elementor-16046\" data-elementor-post-type=\"product\">\n\t\t\t\t\t\t<section class=\"elementor-section elementor-top-section elementor-element elementor-element-768e9a28 elementor-section-boxed elementor-section-height-default elementor-section-height-default\" data-id=\"768e9a28\" data-element_type=\"section\" data-e-type=\"section\">\n\t\t\t\t\t\t<div class=\"elementor-container elementor-column-gap-default\">\n\t\t\t\t\t<div class=\"elementor-column elementor-col-100 elementor-top-column elementor-element elementor-element-40e1e7f0\" data-id=\"40e1e7f0\" data-element_type=\"column\" data-e-type=\"column\">\n\t\t\t<div class=\"elementor-widget-wrap elementor-element-populated\">\n\t\t\t\t\t\t<div class=\"elementor-element elementor-element-77dffaac elementor-widget elementor-widget-text-editor\" data-id=\"77dffaac\" data-element_type=\"widget\" data-e-type=\"widget\" data-widget_type=\"text-editor.default\">\n\t\t\t\t<div class=\"elementor-widget-container\">\n\t\t\t\t\t\t\t\t\tProduit naturel destin\u00e9 aux soins intimes de la femme. R\u00e9\u00e9quilibre la flore vaginale, soulage les d\u00e9sagr\u00e9ments tels que les d\u00e9mangeaisons ou les piq\u00fbres, et r\u00e9tablit le bien-\u00eatre de l'appareil g\u00e9nital f\u00e9minin apr\u00e8s une infection vaginale.\t\t\t\t\t\t\t\t<\/div>\n\t\t\t\t<\/div>\n\t\t\t\t\t<\/div>\n\t\t<\/div>\n\t\t\t\t\t<\/div>\n\t\t<\/section>\n\t\t\t\t<\/div>","protected":false},"excerpt":{"rendered":"<p>Produit naturel sous forme d'ovules vaginaux, destin\u00e9 aux soins intimes de la femme. R\u00e9\u00e9quilibre la flore vaginale, soulage les d\u00e9sagr\u00e9ments tels que les d\u00e9mangeaisons ou les picotements, et r\u00e9tablit le bien-\u00eatre de l'appareil g\u00e9nital f\u00e9minin apr\u00e8s une infection vaginale.<\/p>\n<p>&nbsp;<\/p>\n<p><strong>Description :<\/strong><\/p>\n<p>Candinorm Ovules de Pegaso est un produit naturel con\u00e7u pour les soins intimes f\u00e9minins qui aide \u00e0 \u00e9quilibrer la flore vaginale, \u00e0 soulager les d\u00e9sagr\u00e9ments tels que les d\u00e9mangeaisons ou les picotements et \u00e0 r\u00e9tablir le bien-\u00eatre de l'appareil g\u00e9nital f\u00e9minin apr\u00e8s une infection vaginale. Son action apaisante, r\u00e9g\u00e9n\u00e9rante et normalisante se pr\u00e9sente sous la forme d'ovules qui se dissolvent compl\u00e8tement sans laisser de r\u00e9sidus ni de taches.<\/p>\n<p>La combinaison de ses ingr\u00e9dients naturels et de son efficacit\u00e9 fait de ce produit un excellent choix pour celles qui cherchent \u00e0 prendre soin et \u00e0 maintenir leur bien-\u00eatre gyn\u00e9cologique d'une mani\u00e8re s\u00fbre et naturelle.<\/p>\n<p>Compte tenu de son grand potentiel th\u00e9rapeutique et de ses bienfaits pour la sant\u00e9 vaginale, il s'agit d'un produit tr\u00e8s demand\u00e9 par les personnes qui recherchent des solutions efficaces pour maintenir l'\u00e9quilibre de leur flore vaginale.<\/p>\n<p>&nbsp;<\/p>\n<p><strong>Composition :<br \/>\n<\/strong>- Huile d'arbre \u00e0 th\u00e9<br \/>\n- Aloe vera conc : 1:200<br \/>\n- Acide lactique<br \/>\n- GOS (galactooligosaccharides)<br \/>\n- Silice collo\u00efdale<br \/>\n- Triglyc\u00e9rides.<strong><br \/>\n<\/strong><\/p>\n<p>&nbsp;<\/p>\n<p><strong>Mode d'emploi :<\/strong><\/p>\n<p>Introduire 1 ovule vaginal par jour, ou selon la prescription, de pr\u00e9f\u00e9rence le soir. Poursuivre le traitement pendant 10 jours cons\u00e9cutifs.<\/p>\n<p>&nbsp;<\/p>","protected":false},"featured_media":18774,"comment_status":"closed","ping_status":"closed","template":"","meta":{"site-sidebar-layout":"default","site-content-layout":"","ast-site-content-layout":"default","site-content-style":"default","site-sidebar-style":"default","ast-global-header-display":"","ast-banner-title-visibility":"","ast-main-header-display":"","ast-hfb-above-header-display":"","ast-hfb-below-header-display":"","ast-hfb-mobile-header-display":"","site-post-title":"","ast-breadcrumbs-content":"","ast-featured-img":"","footer-sml-layout":"","ast-disable-related-posts":"","theme-transparent-header-meta":"default","adv-header-id-meta":"","stick-header-meta":"default","header-above-stick-meta":"","header-main-stick-meta":"","header-below-stick-meta":"","astra-migrate-meta-layouts":"set","ast-page-background-enabled":"default","ast-page-background-meta":{"desktop":{"background-color":"","background-image":"","background-repeat":"repeat","background-position":"center center","background-size":"auto","background-attachment":"scroll","background-type":"","background-media":"","overlay-type":"","overlay-color":"","overlay-opacity":"","overlay-gradient":""},"tablet":{"background-color":"","background-image":"","background-repeat":"repeat","background-position":"center center","background-size":"auto","background-attachment":"scroll","background-type":"","background-media":"","overlay-type":"","overlay-color":"","overlay-opacity":"","overlay-gradient":""},"mobile":{"background-color":"","background-image":"","background-repeat":"repeat","background-position":"center center","background-size":"auto","background-attachment":"scroll","background-type":"","background-media":"","overlay-type":"","overlay-color":"","overlay-opacity":"","overlay-gradient":""}},"ast-content-background-meta":{"desktop":{"background-color":"var(--ast-global-color-5)","background-image":"","background-repeat":"repeat","background-position":"center center","background-size":"auto","background-attachment":"scroll","background-type":"","background-media":"","overlay-type":"","overlay-color":"","overlay-opacity":"","overlay-gradient":""},"tablet":{"background-color":"var(--ast-global-color-5)","background-image":"","background-repeat":"repeat","background-position":"center center","background-size":"auto","background-attachment":"scroll","background-type":"","background-media":"","overlay-type":"","overlay-color":"","overlay-opacity":"","overlay-gradient":""},"mobile":{"background-color":"var(--ast-global-color-5)","background-image":"","background-repeat":"repeat","background-position":"center center","background-size":"auto","background-attachment":"scroll","background-type":"","background-media":"","overlay-type":"","overlay-color":"","overlay-opacity":"","overlay-gradient":""}},"_glsr_average":0,"_glsr_ranking":0,"_glsr_reviews":0},"product_brand":[],"product_cat":[331,374],"product_tag":[],"class_list":{"0":"post-16046","1":"product","2":"type-product","3":"status-publish","4":"has-post-thumbnail","6":"product_cat-herboristeria","7":"product_cat-salud-intima-femenina","8":"desktop-align-center","9":"tablet-align-center","10":"mobile-align-center","11":"ast-product-gallery-layout-horizontal","12":"ast-product-gallery-with-no-image","13":"ast-product-tabs-layout-horizontal","15":"first","16":"instock","17":"taxable","18":"shipping-taxable","19":"purchasable","20":"product-type-simple"},"_links":{"self":[{"href":"https:\/\/dioxvitae.es\/fr\/wp-json\/wp\/v2\/product\/16046","targetHints":{"allow":["GET"]}}],"collection":[{"href":"https:\/\/dioxvitae.es\/fr\/wp-json\/wp\/v2\/product"}],"about":[{"href":"https:\/\/dioxvitae.es\/fr\/wp-json\/wp\/v2\/types\/product"}],"replies":[{"embeddable":true,"href":"https:\/\/dioxvitae.es\/fr\/wp-json\/wp\/v2\/comments?post=16046"}],"version-history":[{"count":8,"href":"https:\/\/dioxvitae.es\/fr\/wp-json\/wp\/v2\/product\/16046\/revisions"}],"predecessor-version":[{"id":16063,"href":"https:\/\/dioxvitae.es\/fr\/wp-json\/wp\/v2\/product\/16046\/revisions\/16063"}],"wp:featuredmedia":[{"embeddable":true,"href":"https:\/\/dioxvitae.es\/fr\/wp-json\/wp\/v2\/media\/18774"}],"wp:attachment":[{"href":"https:\/\/dioxvitae.es\/fr\/wp-json\/wp\/v2\/media?parent=16046"}],"wp:term":[{"taxonomy":"product_brand","embeddable":true,"href":"https:\/\/dioxvitae.es\/fr\/wp-json\/wp\/v2\/product_brand?post=16046"},{"taxonomy":"product_cat","embeddable":true,"href":"https:\/\/dioxvitae.es\/fr\/wp-json\/wp\/v2\/product_cat?post=16046"},{"taxonomy":"product_tag","embeddable":true,"href":"https:\/\/dioxvitae.es\/fr\/wp-json\/wp\/v2\/product_tag?post=16046"}],"curies":[{"name":"wp","href":"https:\/\/api.w.org\/{rel}","templated":true}]}}