{"id":15943,"date":"2025-05-08T17:12:07","date_gmt":"2025-05-08T15:12:07","guid":{"rendered":"https:\/\/www.dioxvitae.es\/plata-coloidal-plantapol\/"},"modified":"2026-03-17T18:31:37","modified_gmt":"2026-03-17T16:31:37","slug":"argent-colloidal-plantapol","status":"publish","type":"product","link":"https:\/\/dioxvitae.es\/fr\/plata-coloidal-plantapol\/","title":{"rendered":"Argent collo\u00efdal 120ppm 125ml Planta-Pol"},"content":{"rendered":"<div data-elementor-type=\"wp-post\" data-elementor-id=\"15943\" class=\"elementor elementor-15943\" data-elementor-post-type=\"product\">\n\t\t\t\t\t\t<section class=\"elementor-section elementor-top-section elementor-element elementor-element-6ab50791 elementor-section-boxed elementor-section-height-default elementor-section-height-default\" data-id=\"6ab50791\" data-element_type=\"section\" data-e-type=\"section\">\n\t\t\t\t\t\t<div class=\"elementor-container elementor-column-gap-default\">\n\t\t\t\t\t<div class=\"elementor-column elementor-col-100 elementor-top-column elementor-element elementor-element-3a097bba\" data-id=\"3a097bba\" data-element_type=\"column\" data-e-type=\"column\">\n\t\t\t<div class=\"elementor-widget-wrap elementor-element-populated\">\n\t\t\t\t\t\t<div class=\"elementor-element elementor-element-58358aa6 elementor-widget elementor-widget-text-editor\" data-id=\"58358aa6\" data-element_type=\"widget\" data-e-type=\"widget\" data-widget_type=\"text-editor.default\">\n\t\t\t\t<div class=\"elementor-widget-container\">\n\t\t\t\t\t\t\t\t\t<h2>Qu'est-ce que l'argent collo\u00efdal ?<\/h2><p>L'argent collo\u00efdal 120 ppm est une suspension de particules d'argent pur dans de l'eau distill\u00e9e de grande puret\u00e9. R\u00e9put\u00e9 pour sa capacit\u00e9 \u00e0 \u00e9liminer de nombreux agents pathog\u00e8nes, ce min\u00e9ral alcalin agit \u00e0 l'int\u00e9rieur de l'organisme, offrant un soutien efficace contre les virus, les champignons et les parasites. Il est \u00e9galement utile dans le traitement des affections cutan\u00e9es et la r\u00e9g\u00e9n\u00e9ration des tissus.<\/p><h2>Ingr\u00e9dients<\/h2><p>Eau distill\u00e9e de grande puret\u00e9, argent collo\u00efdal pur.<\/p><h2>Mode d'emploi<\/h2><p>Consulter un professionnel de la sant\u00e9 pour d\u00e9finir le dosage appropri\u00e9 et le mode d'utilisation en fonction des besoins sp\u00e9cifiques.<\/p><h2>Effets positifs<\/h2><ul><li>Il aide \u00e0 \u00e9liminer jusqu'\u00e0 650 agents pathog\u00e8nes de l'organisme.<\/li><li>Renforce le syst\u00e8me immunitaire.<\/li><li>Favorise la gu\u00e9rison des blessures et des br\u00fblures.<\/li><li>Aide au traitement de la dermatite et de l'acn\u00e9.<\/li><li>Favorise la r\u00e9g\u00e9n\u00e9ration des tissus.<\/li><\/ul><h2>Pr\u00e9sentation<\/h2><p>R\u00e9cipient de 125 ml.<\/p>\t\t\t\t\t\t\t\t<\/div>\n\t\t\t\t<\/div>\n\t\t\t\t\t<\/div>\n\t\t<\/div>\n\t\t\t\t\t<\/div>\n\t\t<\/section>\n\t\t\t\t<\/div>","protected":false},"excerpt":{"rendered":"<p>\u00abSolution collo\u00efdale \u00e0 base d'argent pur qui soutient le syst\u00e8me immunitaire et les soins de la peau.\u00bb<\/p>","protected":false},"featured_media":15482,"comment_status":"open","ping_status":"closed","template":"","meta":{"site-sidebar-layout":"default","site-content-layout":"","ast-site-content-layout":"default","site-content-style":"default","site-sidebar-style":"default","ast-global-header-display":"","ast-banner-title-visibility":"","ast-main-header-display":"","ast-hfb-above-header-display":"","ast-hfb-below-header-display":"","ast-hfb-mobile-header-display":"","site-post-title":"","ast-breadcrumbs-content":"","ast-featured-img":"","footer-sml-layout":"","ast-disable-related-posts":"","theme-transparent-header-meta":"default","adv-header-id-meta":"","stick-header-meta":"default","header-above-stick-meta":"","header-main-stick-meta":"","header-below-stick-meta":"","astra-migrate-meta-layouts":"set","ast-page-background-enabled":"default","ast-page-background-meta":{"desktop":{"background-color":"","background-image":"","background-repeat":"repeat","background-position":"center center","background-size":"auto","background-attachment":"scroll","background-type":"","background-media":"","overlay-type":"","overlay-color":"","overlay-opacity":"","overlay-gradient":""},"tablet":{"background-color":"","background-image":"","background-repeat":"repeat","background-position":"center center","background-size":"auto","background-attachment":"scroll","background-type":"","background-media":"","overlay-type":"","overlay-color":"","overlay-opacity":"","overlay-gradient":""},"mobile":{"background-color":"","background-image":"","background-repeat":"repeat","background-position":"center center","background-size":"auto","background-attachment":"scroll","background-type":"","background-media":"","overlay-type":"","overlay-color":"","overlay-opacity":"","overlay-gradient":""}},"ast-content-background-meta":{"desktop":{"background-color":"var(--ast-global-color-5)","background-image":"","background-repeat":"repeat","background-position":"center center","background-size":"auto","background-attachment":"scroll","background-type":"","background-media":"","overlay-type":"","overlay-color":"","overlay-opacity":"","overlay-gradient":""},"tablet":{"background-color":"var(--ast-global-color-5)","background-image":"","background-repeat":"repeat","background-position":"center center","background-size":"auto","background-attachment":"scroll","background-type":"","background-media":"","overlay-type":"","overlay-color":"","overlay-opacity":"","overlay-gradient":""},"mobile":{"background-color":"var(--ast-global-color-5)","background-image":"","background-repeat":"repeat","background-position":"center center","background-size":"auto","background-attachment":"scroll","background-type":"","background-media":"","overlay-type":"","overlay-color":"","overlay-opacity":"","overlay-gradient":""}},"_glsr_average":0,"_glsr_ranking":0,"_glsr_reviews":0},"product_brand":[],"product_cat":[375,337],"product_tag":[],"class_list":{"0":"post-15943","1":"product","2":"type-product","3":"status-publish","4":"has-post-thumbnail","6":"product_cat-salud-capilar-y-cutanea-herboristeria","7":"product_cat-sistema-inmune","8":"desktop-align-center","9":"tablet-align-center","10":"mobile-align-center","11":"ast-product-gallery-layout-horizontal","12":"ast-product-gallery-with-no-image","13":"ast-product-tabs-layout-horizontal","15":"first","16":"instock","17":"taxable","18":"shipping-taxable","19":"purchasable","20":"product-type-simple"},"_links":{"self":[{"href":"https:\/\/dioxvitae.es\/fr\/wp-json\/wp\/v2\/product\/15943","targetHints":{"allow":["GET"]}}],"collection":[{"href":"https:\/\/dioxvitae.es\/fr\/wp-json\/wp\/v2\/product"}],"about":[{"href":"https:\/\/dioxvitae.es\/fr\/wp-json\/wp\/v2\/types\/product"}],"replies":[{"embeddable":true,"href":"https:\/\/dioxvitae.es\/fr\/wp-json\/wp\/v2\/comments?post=15943"}],"version-history":[{"count":11,"href":"https:\/\/dioxvitae.es\/fr\/wp-json\/wp\/v2\/product\/15943\/revisions"}],"predecessor-version":[{"id":17757,"href":"https:\/\/dioxvitae.es\/fr\/wp-json\/wp\/v2\/product\/15943\/revisions\/17757"}],"wp:featuredmedia":[{"embeddable":true,"href":"https:\/\/dioxvitae.es\/fr\/wp-json\/wp\/v2\/media\/15482"}],"wp:attachment":[{"href":"https:\/\/dioxvitae.es\/fr\/wp-json\/wp\/v2\/media?parent=15943"}],"wp:term":[{"taxonomy":"product_brand","embeddable":true,"href":"https:\/\/dioxvitae.es\/fr\/wp-json\/wp\/v2\/product_brand?post=15943"},{"taxonomy":"product_cat","embeddable":true,"href":"https:\/\/dioxvitae.es\/fr\/wp-json\/wp\/v2\/product_cat?post=15943"},{"taxonomy":"product_tag","embeddable":true,"href":"https:\/\/dioxvitae.es\/fr\/wp-json\/wp\/v2\/product_tag?post=15943"}],"curies":[{"name":"wp","href":"https:\/\/api.w.org\/{rel}","templated":true}]}}