{"id":15942,"date":"2025-05-08T17:12:07","date_gmt":"2025-05-08T15:12:07","guid":{"rendered":"https:\/\/www.dioxvitae.es\/extracto-de-artemisa\/"},"modified":"2026-03-18T14:57:26","modified_gmt":"2026-03-18T12:57:26","slug":"extrait-darmoise","status":"publish","type":"product","link":"https:\/\/dioxvitae.es\/fr\/extracto-de-artemisa\/","title":{"rendered":"Extrait d'Artemisia Annua"},"content":{"rendered":"<div data-elementor-type=\"wp-post\" data-elementor-id=\"15942\" class=\"elementor elementor-15942\" data-elementor-post-type=\"product\">\n\t\t\t\t\t\t<section class=\"elementor-section elementor-top-section elementor-element elementor-element-1a486167 elementor-section-boxed elementor-section-height-default elementor-section-height-default\" data-id=\"1a486167\" data-element_type=\"section\" data-e-type=\"section\">\n\t\t\t\t\t\t<div class=\"elementor-container elementor-column-gap-default\">\n\t\t\t\t\t<div class=\"elementor-column elementor-col-100 elementor-top-column elementor-element elementor-element-4dc76409\" data-id=\"4dc76409\" data-element_type=\"column\" data-e-type=\"column\">\n\t\t\t<div class=\"elementor-widget-wrap elementor-element-populated\">\n\t\t\t\t\t\t<div class=\"elementor-element elementor-element-1981aacc elementor-widget elementor-widget-text-editor\" data-id=\"1981aacc\" data-element_type=\"widget\" data-e-type=\"widget\" data-widget_type=\"text-editor.default\">\n\t\t\t\t<div class=\"elementor-widget-container\">\n\t\t\t\t\t\t\t\t\t<h2>Qu'est-ce que l'extrait d'armoise ?<\/h2><p>Espadiet Mugwort Extract est un compl\u00e9ment alimentaire formul\u00e9 \u00e0 partir de l'armoise annua, une plante traditionnellement utilis\u00e9e pour ses propri\u00e9t\u00e9s emm\u00e9nagogues, digestives et vermifuges. Il contribue au bien-\u00eatre hormonal f\u00e9minin, \u00e0 la fonction h\u00e9patique et \u00e0 l'\u00e9limination des parasites intestinaux, tout en apportant un soutien immunologique contre les infections virales.<\/p><p>\u00a0<\/p><h2>Ingr\u00e9dients<\/h2><p>Eau, fructose, infusion d'Artemis Annua, benzoate de sodium, gomme de xanthane.<\/p><p>\u00a0<\/p><h2>Mode d'emploi<\/h2><p>Prendre 10 gouttes (environ 0,5 ml) 3 fois par jour, dissoutes dans des tisanes, des jus, des sirops alimentaires ou d'autres boissons.<\/p><p>\u00a0<\/p><h2>Effets positifs<\/h2><ul><li>Favorise la r\u00e9gularit\u00e9 du cycle menstruel.<\/li><li>Contribue \u00e0 la fonction digestive et h\u00e9patique.<\/li><li>Favorise l'\u00e9limination des parasites intestinaux.<\/li><li>Renforce les d\u00e9fenses naturelles de l'organisme.<\/li><li>Soulage l'inconfort gastrique et aide en cas d'am\u00e9norrh\u00e9e.<\/li><\/ul><p>\u00a0<\/p><h2>Pr\u00e9sentation<\/h2><p>Flacon de 50 ml.<\/p>\t\t\t\t\t\t\t\t<\/div>\n\t\t\t\t<\/div>\n\t\t\t\t\t<\/div>\n\t\t<\/div>\n\t\t\t\t\t<\/div>\n\t\t<\/section>\n\t\t\t\t<\/div>","protected":false},"excerpt":{"rendered":"<p>\u00abExtrait v\u00e9g\u00e9tal naturel d'armoise annua qui favorise l'\u00e9quilibre hormonal, digestif et immunitaire\u00bb.\u00bb<\/p>","protected":false},"featured_media":15470,"comment_status":"open","ping_status":"closed","template":"","meta":{"site-sidebar-layout":"default","site-content-layout":"","ast-site-content-layout":"default","site-content-style":"default","site-sidebar-style":"default","ast-global-header-display":"","ast-banner-title-visibility":"","ast-main-header-display":"","ast-hfb-above-header-display":"","ast-hfb-below-header-display":"","ast-hfb-mobile-header-display":"","site-post-title":"","ast-breadcrumbs-content":"","ast-featured-img":"","footer-sml-layout":"","ast-disable-related-posts":"","theme-transparent-header-meta":"default","adv-header-id-meta":"","stick-header-meta":"default","header-above-stick-meta":"","header-main-stick-meta":"","header-below-stick-meta":"","astra-migrate-meta-layouts":"set","ast-page-background-enabled":"default","ast-page-background-meta":{"desktop":{"background-color":"","background-image":"","background-repeat":"repeat","background-position":"center center","background-size":"auto","background-attachment":"scroll","background-type":"","background-media":"","overlay-type":"","overlay-color":"","overlay-opacity":"","overlay-gradient":""},"tablet":{"background-color":"","background-image":"","background-repeat":"repeat","background-position":"center center","background-size":"auto","background-attachment":"scroll","background-type":"","background-media":"","overlay-type":"","overlay-color":"","overlay-opacity":"","overlay-gradient":""},"mobile":{"background-color":"","background-image":"","background-repeat":"repeat","background-position":"center center","background-size":"auto","background-attachment":"scroll","background-type":"","background-media":"","overlay-type":"","overlay-color":"","overlay-opacity":"","overlay-gradient":""}},"ast-content-background-meta":{"desktop":{"background-color":"var(--ast-global-color-5)","background-image":"","background-repeat":"repeat","background-position":"center center","background-size":"auto","background-attachment":"scroll","background-type":"","background-media":"","overlay-type":"","overlay-color":"","overlay-opacity":"","overlay-gradient":""},"tablet":{"background-color":"var(--ast-global-color-5)","background-image":"","background-repeat":"repeat","background-position":"center center","background-size":"auto","background-attachment":"scroll","background-type":"","background-media":"","overlay-type":"","overlay-color":"","overlay-opacity":"","overlay-gradient":""},"mobile":{"background-color":"var(--ast-global-color-5)","background-image":"","background-repeat":"repeat","background-position":"center center","background-size":"auto","background-attachment":"scroll","background-type":"","background-media":"","overlay-type":"","overlay-color":"","overlay-opacity":"","overlay-gradient":""}},"_glsr_average":0,"_glsr_ranking":0,"_glsr_reviews":0},"product_brand":[],"product_cat":[374,336,354,337],"product_tag":[],"class_list":{"0":"post-15942","1":"product","2":"type-product","3":"status-publish","4":"has-post-thumbnail","6":"product_cat-salud-intima-femenina","7":"product_cat-sistema-digestivo","8":"product_cat-sistema-hepatico","9":"product_cat-sistema-inmune","10":"desktop-align-center","11":"tablet-align-center","12":"mobile-align-center","13":"ast-product-gallery-layout-horizontal","14":"ast-product-gallery-with-no-image","15":"ast-product-tabs-layout-horizontal","17":"first","18":"instock","19":"taxable","20":"shipping-taxable","21":"purchasable","22":"product-type-simple"},"_links":{"self":[{"href":"https:\/\/dioxvitae.es\/fr\/wp-json\/wp\/v2\/product\/15942","targetHints":{"allow":["GET"]}}],"collection":[{"href":"https:\/\/dioxvitae.es\/fr\/wp-json\/wp\/v2\/product"}],"about":[{"href":"https:\/\/dioxvitae.es\/fr\/wp-json\/wp\/v2\/types\/product"}],"replies":[{"embeddable":true,"href":"https:\/\/dioxvitae.es\/fr\/wp-json\/wp\/v2\/comments?post=15942"}],"version-history":[{"count":5,"href":"https:\/\/dioxvitae.es\/fr\/wp-json\/wp\/v2\/product\/15942\/revisions"}],"predecessor-version":[{"id":17709,"href":"https:\/\/dioxvitae.es\/fr\/wp-json\/wp\/v2\/product\/15942\/revisions\/17709"}],"wp:featuredmedia":[{"embeddable":true,"href":"https:\/\/dioxvitae.es\/fr\/wp-json\/wp\/v2\/media\/15470"}],"wp:attachment":[{"href":"https:\/\/dioxvitae.es\/fr\/wp-json\/wp\/v2\/media?parent=15942"}],"wp:term":[{"taxonomy":"product_brand","embeddable":true,"href":"https:\/\/dioxvitae.es\/fr\/wp-json\/wp\/v2\/product_brand?post=15942"},{"taxonomy":"product_cat","embeddable":true,"href":"https:\/\/dioxvitae.es\/fr\/wp-json\/wp\/v2\/product_cat?post=15942"},{"taxonomy":"product_tag","embeddable":true,"href":"https:\/\/dioxvitae.es\/fr\/wp-json\/wp\/v2\/product_tag?post=15942"}],"curies":[{"name":"wp","href":"https:\/\/api.w.org\/{rel}","templated":true}]}}