{"id":15937,"date":"2025-05-08T17:12:07","date_gmt":"2025-05-08T15:12:07","guid":{"rendered":"https:\/\/www.dioxvitae.es\/cloruro-magnesico-santiveri\/"},"modified":"2026-03-18T13:42:02","modified_gmt":"2026-03-18T11:42:02","slug":"chlorure-de-magnesium-santiveri","status":"publish","type":"product","link":"https:\/\/dioxvitae.es\/fr\/cloruro-magnesico-santiveri\/","title":{"rendered":"Chlorure de magn\u00e9sium Santiveri"},"content":{"rendered":"<div data-elementor-type=\"wp-post\" data-elementor-id=\"15937\" class=\"elementor elementor-15937\" data-elementor-post-type=\"product\">\n\t\t\t\t\t\t<section class=\"elementor-section elementor-top-section elementor-element elementor-element-a00173e elementor-section-boxed elementor-section-height-default elementor-section-height-default\" data-id=\"a00173e\" data-element_type=\"section\" data-e-type=\"section\">\n\t\t\t\t\t\t<div class=\"elementor-container elementor-column-gap-default\">\n\t\t\t\t\t<div class=\"elementor-column elementor-col-100 elementor-top-column elementor-element elementor-element-5d87243\" data-id=\"5d87243\" data-element_type=\"column\" data-e-type=\"column\">\n\t\t\t<div class=\"elementor-widget-wrap elementor-element-populated\">\n\t\t\t\t\t\t<div class=\"elementor-element elementor-element-d7578d2 elementor-widget elementor-widget-text-editor\" data-id=\"d7578d2\" data-element_type=\"widget\" data-e-type=\"widget\" data-widget_type=\"text-editor.default\">\n\t\t\t\t<div class=\"elementor-widget-container\">\n\t\t\t\t\t\t\t\t\t<h2>Qu'est-ce que le chlorure de magn\u00e9sium Santiveri ?<\/h2><p>Compl\u00e9ment alimentaire \u00e0 base de chlorure de magn\u00e9sium qui contribue \u00e0 une fonction musculaire normale et au maintien d'une ossature solide. Il est \u00e9galement utile pour r\u00e9duire la fatigue et soutenir les fonctions psychologiques normales.<\/p><p>\u00a0<\/p><h2>Ingr\u00e9dients<\/h2><p>Chlorure de magn\u00e9sium et anti-agglom\u00e9rant (st\u00e9arate de magn\u00e9sium).<\/p><p>\u00a0<\/p><h2>Mode d'emploi<\/h2><p>Il est recommand\u00e9 de prendre 3 comprim\u00e9s par jour entre le petit d\u00e9jeuner et le d\u00eener. Ne pas d\u00e9passer la dose journali\u00e8re recommand\u00e9e.<\/p><p>\u00a0<\/p><h2>Effets positifs<\/h2><ul><li>Contribue \u00e0 une fonction musculaire normale.<\/li><li>Contribue \u00e0 maintenir les os dans un \u00e9tat normal.<\/li><li>R\u00e9duit la fatigue et l'\u00e9puisement.<\/li><li>Favorise un fonctionnement psychologique normal.<\/li><li>Favorise l'\u00e9quilibre \u00e9lectrolytique de l'organisme.<\/li><\/ul><p>\u00a0<\/p><h2>Pr\u00e9sentation<\/h2><p>Emballage de 230 comprim\u00e9s.<\/p>\t\t\t\t\t\t\t\t<\/div>\n\t\t\t\t<\/div>\n\t\t\t\t\t<\/div>\n\t\t<\/div>\n\t\t\t\t\t<\/div>\n\t\t<\/section>\n\t\t\t\t<\/div>","protected":false},"excerpt":{"rendered":"<p>\u00abCompl\u00e9ment alimentaire \u00e0 base de chlorure de magn\u00e9sium qui contribue \u00e0 la sant\u00e9 musculaire et osseuse et \u00e0 l'\u00e9quilibre du syst\u00e8me nerveux.\u00bb<\/p>","protected":false},"featured_media":15465,"comment_status":"open","ping_status":"closed","template":"","meta":{"site-sidebar-layout":"default","site-content-layout":"","ast-site-content-layout":"default","site-content-style":"default","site-sidebar-style":"default","ast-global-header-display":"","ast-banner-title-visibility":"","ast-main-header-display":"","ast-hfb-above-header-display":"","ast-hfb-below-header-display":"","ast-hfb-mobile-header-display":"","site-post-title":"","ast-breadcrumbs-content":"","ast-featured-img":"","footer-sml-layout":"","ast-disable-related-posts":"","theme-transparent-header-meta":"default","adv-header-id-meta":"","stick-header-meta":"default","header-above-stick-meta":"","header-main-stick-meta":"","header-below-stick-meta":"","astra-migrate-meta-layouts":"set","ast-page-background-enabled":"default","ast-page-background-meta":{"desktop":{"background-color":"","background-image":"","background-repeat":"repeat","background-position":"center center","background-size":"auto","background-attachment":"scroll","background-type":"","background-media":"","overlay-type":"","overlay-color":"","overlay-opacity":"","overlay-gradient":""},"tablet":{"background-color":"","background-image":"","background-repeat":"repeat","background-position":"center center","background-size":"auto","background-attachment":"scroll","background-type":"","background-media":"","overlay-type":"","overlay-color":"","overlay-opacity":"","overlay-gradient":""},"mobile":{"background-color":"","background-image":"","background-repeat":"repeat","background-position":"center center","background-size":"auto","background-attachment":"scroll","background-type":"","background-media":"","overlay-type":"","overlay-color":"","overlay-opacity":"","overlay-gradient":""}},"ast-content-background-meta":{"desktop":{"background-color":"var(--ast-global-color-5)","background-image":"","background-repeat":"repeat","background-position":"center center","background-size":"auto","background-attachment":"scroll","background-type":"","background-media":"","overlay-type":"","overlay-color":"","overlay-opacity":"","overlay-gradient":""},"tablet":{"background-color":"var(--ast-global-color-5)","background-image":"","background-repeat":"repeat","background-position":"center center","background-size":"auto","background-attachment":"scroll","background-type":"","background-media":"","overlay-type":"","overlay-color":"","overlay-opacity":"","overlay-gradient":""},"mobile":{"background-color":"var(--ast-global-color-5)","background-image":"","background-repeat":"repeat","background-position":"center center","background-size":"auto","background-attachment":"scroll","background-type":"","background-media":"","overlay-type":"","overlay-color":"","overlay-opacity":"","overlay-gradient":""}},"_glsr_average":0,"_glsr_ranking":0,"_glsr_reviews":0},"product_brand":[],"product_cat":[343,331,351],"product_tag":[],"class_list":{"0":"post-15937","1":"product","2":"type-product","3":"status-publish","4":"has-post-thumbnail","6":"product_cat-huesos-y-articulaciones","7":"product_cat-herboristeria","8":"product_cat-vitaminas-y-minerales","9":"desktop-align-center","10":"tablet-align-center","11":"mobile-align-center","12":"ast-product-gallery-layout-horizontal","13":"ast-product-gallery-with-no-image","14":"ast-product-tabs-layout-horizontal","16":"first","17":"instock","18":"taxable","19":"shipping-taxable","20":"purchasable","21":"product-type-simple"},"_links":{"self":[{"href":"https:\/\/dioxvitae.es\/fr\/wp-json\/wp\/v2\/product\/15937","targetHints":{"allow":["GET"]}}],"collection":[{"href":"https:\/\/dioxvitae.es\/fr\/wp-json\/wp\/v2\/product"}],"about":[{"href":"https:\/\/dioxvitae.es\/fr\/wp-json\/wp\/v2\/types\/product"}],"replies":[{"embeddable":true,"href":"https:\/\/dioxvitae.es\/fr\/wp-json\/wp\/v2\/comments?post=15937"}],"version-history":[{"count":8,"href":"https:\/\/dioxvitae.es\/fr\/wp-json\/wp\/v2\/product\/15937\/revisions"}],"predecessor-version":[{"id":19472,"href":"https:\/\/dioxvitae.es\/fr\/wp-json\/wp\/v2\/product\/15937\/revisions\/19472"}],"wp:featuredmedia":[{"embeddable":true,"href":"https:\/\/dioxvitae.es\/fr\/wp-json\/wp\/v2\/media\/15465"}],"wp:attachment":[{"href":"https:\/\/dioxvitae.es\/fr\/wp-json\/wp\/v2\/media?parent=15937"}],"wp:term":[{"taxonomy":"product_brand","embeddable":true,"href":"https:\/\/dioxvitae.es\/fr\/wp-json\/wp\/v2\/product_brand?post=15937"},{"taxonomy":"product_cat","embeddable":true,"href":"https:\/\/dioxvitae.es\/fr\/wp-json\/wp\/v2\/product_cat?post=15937"},{"taxonomy":"product_tag","embeddable":true,"href":"https:\/\/dioxvitae.es\/fr\/wp-json\/wp\/v2\/product_tag?post=15937"}],"curies":[{"name":"wp","href":"https:\/\/api.w.org\/{rel}","templated":true}]}}