{"id":15935,"date":"2025-05-08T17:12:07","date_gmt":"2025-05-08T15:12:07","guid":{"rendered":"https:\/\/www.dioxvitae.es\/aceite-de-perilla\/"},"modified":"2026-03-17T18:38:22","modified_gmt":"2026-03-17T16:38:22","slug":"huile-de-perilla","status":"publish","type":"product","link":"https:\/\/dioxvitae.es\/fr\/aceite-de-perilla\/","title":{"rendered":"Huile de p\u00e9rilla"},"content":{"rendered":"<div data-elementor-type=\"wp-post\" data-elementor-id=\"15935\" class=\"elementor elementor-15935\" data-elementor-post-type=\"product\">\n\t\t\t\t\t\t<section class=\"elementor-section elementor-top-section elementor-element elementor-element-4b8d9ba9 elementor-section-boxed elementor-section-height-default elementor-section-height-default\" data-id=\"4b8d9ba9\" data-element_type=\"section\" data-e-type=\"section\">\n\t\t\t\t\t\t<div class=\"elementor-container elementor-column-gap-default\">\n\t\t\t\t\t<div class=\"elementor-column elementor-col-100 elementor-top-column elementor-element elementor-element-790e23b0\" data-id=\"790e23b0\" data-element_type=\"column\" data-e-type=\"column\">\n\t\t\t<div class=\"elementor-widget-wrap elementor-element-populated\">\n\t\t\t\t\t\t<div class=\"elementor-element elementor-element-2c08a338 elementor-widget elementor-widget-text-editor\" data-id=\"2c08a338\" data-element_type=\"widget\" data-e-type=\"widget\" data-widget_type=\"text-editor.default\">\n\t\t\t\t<div class=\"elementor-widget-container\">\n\t\t\t\t\t\t\t\t\t<h2>Qu'est-ce que l'huile de p\u00e9rilla ?<\/h2><p>L'huile v\u00e9g\u00e9tale vierge biologique de p\u00e9rilla d'Intersa est une source v\u00e9g\u00e9tale riche en acides gras om\u00e9ga-3, particuli\u00e8rement adapt\u00e9e pour favoriser le bien-\u00eatre des muqueuses et aider \u00e0 moduler la r\u00e9ponse inflammatoire en cas d'allergie saisonni\u00e8re. Sa teneur en om\u00e9ga-3 contribue \u00e0 \u00e9quilibrer le rapport entre les acides gras om\u00e9ga-6 et om\u00e9ga-3 chez les adultes et les enfants.<\/p><p>\u00a0<\/p><h2>Ingr\u00e9dients<\/h2><p>Huile v\u00e9g\u00e9tale de p\u00e9rilla* (Perilla frutescens L.)<br \/>Excipients : g\u00e9latine et glyc\u00e9rine (agent d'enrobage).<\/p><p>\u00a0<\/p><h2>Mode d'emploi<\/h2><p>Il est recommand\u00e9 de prendre 3 \u00e0 6 perles par jour.<\/p><p>\u00a0<\/p><h2>Effets positifs<\/h2><ul><li>Contribue au bon \u00e9tat des muqueuses.<\/li><li>Aide \u00e0 r\u00e9duire l'inflammation associ\u00e9e aux processus allergiques saisonniers.<\/li><li>Favorise l'\u00e9quilibre des acides gras dans l'alimentation.<\/li><li>Apporte des om\u00e9ga-3 d'origine v\u00e9g\u00e9tale, adapt\u00e9s \u00e0 tous les \u00e2ges.<\/li><\/ul><p>\u00a0<\/p><h2>Pr\u00e9sentation<\/h2><p>Paquet de 120 g\u00e9lules (perles)<\/p>\t\t\t\t\t\t\t\t<\/div>\n\t\t\t\t<\/div>\n\t\t\t\t\t<\/div>\n\t\t<\/div>\n\t\t\t\t\t<\/div>\n\t\t<\/section>\n\t\t\t\t<\/div>","protected":false},"excerpt":{"rendered":"<p>\u00abPerilla : Huile v\u00e9g\u00e9tale riche en om\u00e9ga-3 huile v\u00e9g\u00e9tale issue de l'agriculture biologique, anti-allergique, id\u00e9ale pour le bien-\u00eatre des muqueuses\u00bb.\u00bb<\/p>","protected":false},"featured_media":16412,"comment_status":"open","ping_status":"closed","template":"","meta":{"site-sidebar-layout":"default","site-content-layout":"","ast-site-content-layout":"default","site-content-style":"default","site-sidebar-style":"default","ast-global-header-display":"","ast-banner-title-visibility":"","ast-main-header-display":"","ast-hfb-above-header-display":"","ast-hfb-below-header-display":"","ast-hfb-mobile-header-display":"","site-post-title":"","ast-breadcrumbs-content":"","ast-featured-img":"","footer-sml-layout":"","ast-disable-related-posts":"","theme-transparent-header-meta":"default","adv-header-id-meta":"","stick-header-meta":"default","header-above-stick-meta":"","header-main-stick-meta":"","header-below-stick-meta":"","astra-migrate-meta-layouts":"set","ast-page-background-enabled":"default","ast-page-background-meta":{"desktop":{"background-color":"","background-image":"","background-repeat":"repeat","background-position":"center center","background-size":"auto","background-attachment":"scroll","background-type":"","background-media":"","overlay-type":"","overlay-color":"","overlay-opacity":"","overlay-gradient":""},"tablet":{"background-color":"","background-image":"","background-repeat":"repeat","background-position":"center center","background-size":"auto","background-attachment":"scroll","background-type":"","background-media":"","overlay-type":"","overlay-color":"","overlay-opacity":"","overlay-gradient":""},"mobile":{"background-color":"","background-image":"","background-repeat":"repeat","background-position":"center center","background-size":"auto","background-attachment":"scroll","background-type":"","background-media":"","overlay-type":"","overlay-color":"","overlay-opacity":"","overlay-gradient":""}},"ast-content-background-meta":{"desktop":{"background-color":"var(--ast-global-color-5)","background-image":"","background-repeat":"repeat","background-position":"center center","background-size":"auto","background-attachment":"scroll","background-type":"","background-media":"","overlay-type":"","overlay-color":"","overlay-opacity":"","overlay-gradient":""},"tablet":{"background-color":"var(--ast-global-color-5)","background-image":"","background-repeat":"repeat","background-position":"center center","background-size":"auto","background-attachment":"scroll","background-type":"","background-media":"","overlay-type":"","overlay-color":"","overlay-opacity":"","overlay-gradient":""},"mobile":{"background-color":"var(--ast-global-color-5)","background-image":"","background-repeat":"repeat","background-position":"center center","background-size":"auto","background-attachment":"scroll","background-type":"","background-media":"","overlay-type":"","overlay-color":"","overlay-opacity":"","overlay-gradient":""}},"_glsr_average":0,"_glsr_ranking":0,"_glsr_reviews":0},"product_brand":[],"product_cat":[337,338],"product_tag":[],"class_list":{"0":"post-15935","1":"product","2":"type-product","3":"status-publish","4":"has-post-thumbnail","6":"product_cat-sistema-inmune","7":"product_cat-sistema-respiratorio","8":"desktop-align-center","9":"tablet-align-center","10":"mobile-align-center","11":"ast-product-gallery-layout-horizontal","12":"ast-product-gallery-with-no-image","13":"ast-product-tabs-layout-horizontal","15":"first","16":"instock","17":"taxable","18":"shipping-taxable","19":"purchasable","20":"product-type-simple"},"_links":{"self":[{"href":"https:\/\/dioxvitae.es\/fr\/wp-json\/wp\/v2\/product\/15935","targetHints":{"allow":["GET"]}}],"collection":[{"href":"https:\/\/dioxvitae.es\/fr\/wp-json\/wp\/v2\/product"}],"about":[{"href":"https:\/\/dioxvitae.es\/fr\/wp-json\/wp\/v2\/types\/product"}],"replies":[{"embeddable":true,"href":"https:\/\/dioxvitae.es\/fr\/wp-json\/wp\/v2\/comments?post=15935"}],"version-history":[{"count":6,"href":"https:\/\/dioxvitae.es\/fr\/wp-json\/wp\/v2\/product\/15935\/revisions"}],"predecessor-version":[{"id":19473,"href":"https:\/\/dioxvitae.es\/fr\/wp-json\/wp\/v2\/product\/15935\/revisions\/19473"}],"wp:featuredmedia":[{"embeddable":true,"href":"https:\/\/dioxvitae.es\/fr\/wp-json\/wp\/v2\/media\/16412"}],"wp:attachment":[{"href":"https:\/\/dioxvitae.es\/fr\/wp-json\/wp\/v2\/media?parent=15935"}],"wp:term":[{"taxonomy":"product_brand","embeddable":true,"href":"https:\/\/dioxvitae.es\/fr\/wp-json\/wp\/v2\/product_brand?post=15935"},{"taxonomy":"product_cat","embeddable":true,"href":"https:\/\/dioxvitae.es\/fr\/wp-json\/wp\/v2\/product_cat?post=15935"},{"taxonomy":"product_tag","embeddable":true,"href":"https:\/\/dioxvitae.es\/fr\/wp-json\/wp\/v2\/product_tag?post=15935"}],"curies":[{"name":"wp","href":"https:\/\/api.w.org\/{rel}","templated":true}]}}