{"id":15934,"date":"2025-05-08T17:12:06","date_gmt":"2025-05-08T15:12:06","guid":{"rendered":"https:\/\/www.dioxvitae.es\/zeolita-zeoclinoptilolita-mascarilla-detoxificante\/"},"modified":"2026-03-17T18:38:43","modified_gmt":"2026-03-17T16:38:43","slug":"masque-detox-a-la-zeolite-zeoclinoptilolite","status":"publish","type":"product","link":"https:\/\/dioxvitae.es\/fr\/zeolita-zeoclinoptilolita-mascarilla-detoxificante\/","title":{"rendered":"ZEOLITE - Z\u00e9oclinoptilolite D\u00e9toxifiante Z\u00e9oclinoptilolite"},"content":{"rendered":"<div data-elementor-type=\"wp-post\" data-elementor-id=\"15934\" class=\"elementor elementor-15934\" data-elementor-post-type=\"product\">\n\t\t\t\t\t\t<section class=\"elementor-section elementor-top-section elementor-element elementor-element-69132ae0 elementor-section-boxed elementor-section-height-default elementor-section-height-default\" data-id=\"69132ae0\" data-element_type=\"section\" data-e-type=\"section\">\n\t\t\t\t\t\t<div class=\"elementor-container elementor-column-gap-default\">\n\t\t\t\t\t<div class=\"elementor-column elementor-col-100 elementor-top-column elementor-element elementor-element-70238605\" data-id=\"70238605\" data-element_type=\"column\" data-e-type=\"column\">\n\t\t\t<div class=\"elementor-widget-wrap elementor-element-populated\">\n\t\t\t\t\t\t<div class=\"elementor-element elementor-element-639899bc elementor-widget elementor-widget-text-editor\" data-id=\"639899bc\" data-element_type=\"widget\" data-e-type=\"widget\" data-widget_type=\"text-editor.default\">\n\t\t\t\t<div class=\"elementor-widget-container\">\n\t\t\t\t\t\t\t\t\t<h2>Qu'est-ce que la z\u00e9olite Clinoptilolite ?<\/h2><p>CFN Zeoclinoptilolite est un d\u00e9toxifiant \u00e0 base de z\u00e9olithe, un min\u00e9ral naturel riche en silice qui favorise l'\u00e9limination des m\u00e9taux lourds, des toxines et des radicaux libres. Gr\u00e2ce \u00e0 sa grande capacit\u00e9 d'\u00e9change ionique, la z\u00e9olithe apporte des min\u00e9raux b\u00e9n\u00e9fiques charg\u00e9s n\u00e9gativement et pi\u00e8ge les polluants charg\u00e9s positivement qui se d\u00e9posent sur la peau.<\/p><h2>Ingr\u00e9dients<\/h2><p>Z\u00e9olite clinoptilolite\u00a0<\/p><h2>Mode d'emploi<\/h2><p>Comme <strong>masque<\/strong>Dissoudre le contenu d'un sachet (2,5 g) dans 250 ml d'eau jusqu'\u00e0 obtention d'une texture homog\u00e8ne. Appliquer sur la zone \u00e0 traiter du bout des doigts et laisser agir pendant 10 \u00e0 15 minutes. Retirer avec une \u00e9ponge et de l'eau.<\/p><p>Comme <strong>gommage exfoliant<\/strong>Dissoudre le contenu d'un sachet (2,5 g) dans 250 ml d'eau. Appliquer sur le visage par mouvements circulaires en insistant sur le front, le nez et le menton pendant 2 \u00e0 3 minutes. \u00c9viter le contour des yeux et des l\u00e8vres. Rincer abondamment \u00e0 l'eau pour \u00e9liminer tout r\u00e9sidu.<\/p><p>Comme <strong>d\u00e9sintoxication interne<\/strong>Pour un adulte, prendre le contenu d'un sachet (2,5 g) dissous dans 250 ml d'eau, une fois par jour. <br \/>Pendant le traitement, buvez au moins 1,5 litre d'eau par jour. La z\u00e9olite pi\u00e8ge les toxines et l'eau aide \u00e0 les \u00e9vacuer par l'urine et l'intestin.<\/p><h2>Effets positifs<\/h2><ul><li>Facilite l'\u00e9limination des toxines, des m\u00e9taux lourds et des radicaux libres.<\/li><li>Exfolie en douceur sans agresser la peau.<\/li><li>Am\u00e9liore l'aspect et la texture de la peau.<\/li><li>Aide \u00e0 revitaliser et \u00e0 purifier la peau en profondeur.<\/li><\/ul><h2>Pr\u00e9sentation<\/h2><p>30 sachets de 2,5 g.\u00a0<\/p>\t\t\t\t\t\t\t\t<\/div>\n\t\t\t\t<\/div>\n\t\t\t\t\t<\/div>\n\t\t<\/div>\n\t\t\t\t\t<\/div>\n\t\t<\/section>\n\t\t\t\t<\/div>","protected":false},"excerpt":{"rendered":"<p>\u00abD\u00e9toxifiant \u00e0 base de z\u00e9olithe naturelle.\u00bb<\/p>","protected":false},"featured_media":15392,"comment_status":"open","ping_status":"closed","template":"","meta":{"site-sidebar-layout":"default","site-content-layout":"","ast-site-content-layout":"default","site-content-style":"default","site-sidebar-style":"default","ast-global-header-display":"","ast-banner-title-visibility":"","ast-main-header-display":"","ast-hfb-above-header-display":"","ast-hfb-below-header-display":"","ast-hfb-mobile-header-display":"","site-post-title":"","ast-breadcrumbs-content":"","ast-featured-img":"","footer-sml-layout":"","ast-disable-related-posts":"","theme-transparent-header-meta":"default","adv-header-id-meta":"","stick-header-meta":"default","header-above-stick-meta":"","header-main-stick-meta":"","header-below-stick-meta":"","astra-migrate-meta-layouts":"set","ast-page-background-enabled":"default","ast-page-background-meta":{"desktop":{"background-color":"","background-image":"","background-repeat":"repeat","background-position":"center center","background-size":"auto","background-attachment":"scroll","background-type":"","background-media":"","overlay-type":"","overlay-color":"","overlay-opacity":"","overlay-gradient":""},"tablet":{"background-color":"","background-image":"","background-repeat":"repeat","background-position":"center center","background-size":"auto","background-attachment":"scroll","background-type":"","background-media":"","overlay-type":"","overlay-color":"","overlay-opacity":"","overlay-gradient":""},"mobile":{"background-color":"","background-image":"","background-repeat":"repeat","background-position":"center center","background-size":"auto","background-attachment":"scroll","background-type":"","background-media":"","overlay-type":"","overlay-color":"","overlay-opacity":"","overlay-gradient":""}},"ast-content-background-meta":{"desktop":{"background-color":"var(--ast-global-color-5)","background-image":"","background-repeat":"repeat","background-position":"center center","background-size":"auto","background-attachment":"scroll","background-type":"","background-media":"","overlay-type":"","overlay-color":"","overlay-opacity":"","overlay-gradient":""},"tablet":{"background-color":"var(--ast-global-color-5)","background-image":"","background-repeat":"repeat","background-position":"center center","background-size":"auto","background-attachment":"scroll","background-type":"","background-media":"","overlay-type":"","overlay-color":"","overlay-opacity":"","overlay-gradient":""},"mobile":{"background-color":"var(--ast-global-color-5)","background-image":"","background-repeat":"repeat","background-position":"center center","background-size":"auto","background-attachment":"scroll","background-type":"","background-media":"","overlay-type":"","overlay-color":"","overlay-opacity":"","overlay-gradient":""}},"_glsr_average":0,"_glsr_ranking":0,"_glsr_reviews":0},"product_brand":[],"product_cat":[332],"product_tag":[],"class_list":{"0":"post-15934","1":"product","2":"type-product","3":"status-publish","4":"has-post-thumbnail","6":"product_cat-detox","7":"desktop-align-center","8":"tablet-align-center","9":"mobile-align-center","10":"ast-product-gallery-layout-horizontal","11":"ast-product-gallery-with-no-image","12":"ast-product-tabs-layout-horizontal","14":"first","15":"instock","16":"taxable","17":"shipping-taxable","18":"purchasable","19":"product-type-simple"},"_links":{"self":[{"href":"https:\/\/dioxvitae.es\/fr\/wp-json\/wp\/v2\/product\/15934","targetHints":{"allow":["GET"]}}],"collection":[{"href":"https:\/\/dioxvitae.es\/fr\/wp-json\/wp\/v2\/product"}],"about":[{"href":"https:\/\/dioxvitae.es\/fr\/wp-json\/wp\/v2\/types\/product"}],"replies":[{"embeddable":true,"href":"https:\/\/dioxvitae.es\/fr\/wp-json\/wp\/v2\/comments?post=15934"}],"version-history":[{"count":25,"href":"https:\/\/dioxvitae.es\/fr\/wp-json\/wp\/v2\/product\/15934\/revisions"}],"predecessor-version":[{"id":20126,"href":"https:\/\/dioxvitae.es\/fr\/wp-json\/wp\/v2\/product\/15934\/revisions\/20126"}],"wp:featuredmedia":[{"embeddable":true,"href":"https:\/\/dioxvitae.es\/fr\/wp-json\/wp\/v2\/media\/15392"}],"wp:attachment":[{"href":"https:\/\/dioxvitae.es\/fr\/wp-json\/wp\/v2\/media?parent=15934"}],"wp:term":[{"taxonomy":"product_brand","embeddable":true,"href":"https:\/\/dioxvitae.es\/fr\/wp-json\/wp\/v2\/product_brand?post=15934"},{"taxonomy":"product_cat","embeddable":true,"href":"https:\/\/dioxvitae.es\/fr\/wp-json\/wp\/v2\/product_cat?post=15934"},{"taxonomy":"product_tag","embeddable":true,"href":"https:\/\/dioxvitae.es\/fr\/wp-json\/wp\/v2\/product_tag?post=15934"}],"curies":[{"name":"wp","href":"https:\/\/api.w.org\/{rel}","templated":true}]}}