{"id":14745,"date":"2025-04-14T10:35:11","date_gmt":"2025-04-14T08:35:11","guid":{"rendered":"https:\/\/www.dioxvitae.es\/crema-cbd-100ml\/"},"modified":"2026-03-17T18:39:50","modified_gmt":"2026-03-17T16:39:50","slug":"creme-cbd-100ml","status":"publish","type":"product","link":"https:\/\/dioxvitae.es\/fr\/crema-cbd-100ml\/","title":{"rendered":"Cr\u00e8me CBD 100ml"},"content":{"rendered":"<div data-elementor-type=\"wp-post\" data-elementor-id=\"14745\" class=\"elementor elementor-14745\" data-elementor-post-type=\"product\">\n\t\t\t\t\t\t<section class=\"elementor-section elementor-top-section elementor-element elementor-element-3aebab3d elementor-section-boxed elementor-section-height-default elementor-section-height-default\" data-id=\"3aebab3d\" data-element_type=\"section\" data-e-type=\"section\">\n\t\t\t\t\t\t<div class=\"elementor-container elementor-column-gap-default\">\n\t\t\t\t\t<div class=\"elementor-column elementor-col-100 elementor-top-column elementor-element elementor-element-5509df04\" data-id=\"5509df04\" data-element_type=\"column\" data-e-type=\"column\">\n\t\t\t<div class=\"elementor-widget-wrap elementor-element-populated\">\n\t\t\t\t\t\t<div class=\"elementor-element elementor-element-22c19847 elementor-widget elementor-widget-text-editor\" data-id=\"22c19847\" data-element_type=\"widget\" data-e-type=\"widget\" data-widget_type=\"text-editor.default\">\n\t\t\t\t<div class=\"elementor-widget-container\">\n\t\t\t\t\t\t\t\t\t<h2>Qu'est-ce que la cr\u00e8me CBD ?<\/h2><p>Cr\u00e8me \u00e0 usage cutan\u00e9 \u00e0 base de cannabidiol (CBD), d'extrait d'hypericum et d'extrait d'arnica, con\u00e7ue pour soulager les douleurs musculaires et articulaires et l'inconfort caus\u00e9 par les ecchymoses. Elle est id\u00e9ale pour les peaux \u00e2g\u00e9es ou pr\u00e9sentant des vergetures et contribue \u00e0 la r\u00e9g\u00e9n\u00e9ration de la peau, favorisant la r\u00e9cup\u00e9ration fonctionnelle.<\/p><p>\u00a0<\/p><h2>Ingr\u00e9dients<\/h2><p>Eau, Prunus Amygdalus Dulcis Dulcis Oil, Glycerin, Caprylic\/Capric Triglyceride, Hydroxyethyl Acrylate\/Sodium Acryloyldimethyl Taurate Copolymer, Aloe Barbadensis Leaf Juice, Benzyl Alcohol, Vanillyl Butyl Ether, Caprylyl Glycol, 1,2-Hexanediol, Parfum, Hypericum Perforatum Extract, Arnica Montana Flower Extract, Sorbitan Isostearate, Polysorbate 60, Dehydroacetic Acid, Disodium EDTA, Potassium Sorbate, Cannabidiol, Limonene, Ascorbyl Palmitate, Sodium Benzoate.<\/p><p>\u00a0<\/p><h2>Mode d'emploi<\/h2><p>Appliquer la cr\u00e8me de CBD sur la zone souhait\u00e9e et masser doucement pour favoriser l'absorption, deux \u00e0 trois fois par jour.<\/p><p>\u00a0<\/p><h2>Effets positifs<\/h2><ul><li>Soulage les douleurs musculaires et articulaires.<\/li><li>Aide \u00e0 la r\u00e9cup\u00e9ration fonctionnelle apr\u00e8s des contusions ou des blessures.<\/li><li>Propri\u00e9t\u00e9s cicatrisantes et r\u00e9g\u00e9n\u00e9rantes pour les peaux \u00e2g\u00e9es ou pr\u00e9sentant des vergetures.<\/li><li>Contribue \u00e0 la r\u00e9gulation de la perception de la douleur.<\/li><\/ul><p>\u00a0<\/p><h2>Pr\u00e9sentation<\/h2><p>R\u00e9cipient de 100 ml.<\/p>\t\t\t\t\t\t\t\t<\/div>\n\t\t\t\t<\/div>\n\t\t\t\t\t<\/div>\n\t\t<\/div>\n\t\t\t\t\t<\/div>\n\t\t<\/section>\n\t\t\t\t<\/div>","protected":false},"excerpt":{"rendered":"<p>\u00abCr\u00e8me \u00e0 base de CBD, d'extraits d'hypericum et d'arnica, id\u00e9ale pour soulager les douleurs et l'inconfort musculaires et articulaires.\u00bb<\/p>","protected":false},"featured_media":14366,"comment_status":"open","ping_status":"closed","template":"","meta":{"site-sidebar-layout":"default","site-content-layout":"","ast-site-content-layout":"default","site-content-style":"default","site-sidebar-style":"default","ast-global-header-display":"","ast-banner-title-visibility":"","ast-main-header-display":"","ast-hfb-above-header-display":"","ast-hfb-below-header-display":"","ast-hfb-mobile-header-display":"","site-post-title":"","ast-breadcrumbs-content":"","ast-featured-img":"","footer-sml-layout":"","ast-disable-related-posts":"","theme-transparent-header-meta":"default","adv-header-id-meta":"","stick-header-meta":"default","header-above-stick-meta":"","header-main-stick-meta":"","header-below-stick-meta":"","astra-migrate-meta-layouts":"set","ast-page-background-enabled":"default","ast-page-background-meta":{"desktop":{"background-color":"","background-image":"","background-repeat":"repeat","background-position":"center center","background-size":"auto","background-attachment":"scroll","background-type":"","background-media":"","overlay-type":"","overlay-color":"","overlay-opacity":"","overlay-gradient":""},"tablet":{"background-color":"","background-image":"","background-repeat":"repeat","background-position":"center center","background-size":"auto","background-attachment":"scroll","background-type":"","background-media":"","overlay-type":"","overlay-color":"","overlay-opacity":"","overlay-gradient":""},"mobile":{"background-color":"","background-image":"","background-repeat":"repeat","background-position":"center center","background-size":"auto","background-attachment":"scroll","background-type":"","background-media":"","overlay-type":"","overlay-color":"","overlay-opacity":"","overlay-gradient":""}},"ast-content-background-meta":{"desktop":{"background-color":"var(--ast-global-color-5)","background-image":"","background-repeat":"repeat","background-position":"center center","background-size":"auto","background-attachment":"scroll","background-type":"","background-media":"","overlay-type":"","overlay-color":"","overlay-opacity":"","overlay-gradient":""},"tablet":{"background-color":"var(--ast-global-color-5)","background-image":"","background-repeat":"repeat","background-position":"center center","background-size":"auto","background-attachment":"scroll","background-type":"","background-media":"","overlay-type":"","overlay-color":"","overlay-opacity":"","overlay-gradient":""},"mobile":{"background-color":"var(--ast-global-color-5)","background-image":"","background-repeat":"repeat","background-position":"center center","background-size":"auto","background-attachment":"scroll","background-type":"","background-media":"","overlay-type":"","overlay-color":"","overlay-opacity":"","overlay-gradient":""}},"_glsr_average":0,"_glsr_ranking":0,"_glsr_reviews":0},"product_brand":[],"product_cat":[343,363,331],"product_tag":[],"class_list":{"0":"post-14745","1":"product","2":"type-product","3":"status-publish","4":"has-post-thumbnail","6":"product_cat-huesos-y-articulaciones","7":"product_cat-bienestar-general","8":"product_cat-herboristeria","9":"desktop-align-center","10":"tablet-align-center","11":"mobile-align-center","12":"ast-product-gallery-layout-horizontal","13":"ast-product-gallery-with-no-image","14":"ast-product-tabs-layout-horizontal","16":"first","17":"instock","18":"taxable","19":"shipping-taxable","20":"purchasable","21":"product-type-simple"},"_links":{"self":[{"href":"https:\/\/dioxvitae.es\/fr\/wp-json\/wp\/v2\/product\/14745","targetHints":{"allow":["GET"]}}],"collection":[{"href":"https:\/\/dioxvitae.es\/fr\/wp-json\/wp\/v2\/product"}],"about":[{"href":"https:\/\/dioxvitae.es\/fr\/wp-json\/wp\/v2\/types\/product"}],"replies":[{"embeddable":true,"href":"https:\/\/dioxvitae.es\/fr\/wp-json\/wp\/v2\/comments?post=14745"}],"version-history":[{"count":5,"href":"https:\/\/dioxvitae.es\/fr\/wp-json\/wp\/v2\/product\/14745\/revisions"}],"predecessor-version":[{"id":15256,"href":"https:\/\/dioxvitae.es\/fr\/wp-json\/wp\/v2\/product\/14745\/revisions\/15256"}],"wp:featuredmedia":[{"embeddable":true,"href":"https:\/\/dioxvitae.es\/fr\/wp-json\/wp\/v2\/media\/14366"}],"wp:attachment":[{"href":"https:\/\/dioxvitae.es\/fr\/wp-json\/wp\/v2\/media?parent=14745"}],"wp:term":[{"taxonomy":"product_brand","embeddable":true,"href":"https:\/\/dioxvitae.es\/fr\/wp-json\/wp\/v2\/product_brand?post=14745"},{"taxonomy":"product_cat","embeddable":true,"href":"https:\/\/dioxvitae.es\/fr\/wp-json\/wp\/v2\/product_cat?post=14745"},{"taxonomy":"product_tag","embeddable":true,"href":"https:\/\/dioxvitae.es\/fr\/wp-json\/wp\/v2\/product_tag?post=14745"}],"curies":[{"name":"wp","href":"https:\/\/api.w.org\/{rel}","templated":true}]}}