{"id":14744,"date":"2025-04-14T10:35:11","date_gmt":"2025-04-14T08:35:11","guid":{"rendered":"https:\/\/www.dioxvitae.es\/superbiomin\/"},"modified":"2026-03-18T18:11:17","modified_gmt":"2026-03-18T16:11:17","slug":"superbiomin-mineraux-oligo-elements-gelules-naturelles","status":"publish","type":"product","link":"https:\/\/dioxvitae.es\/fr\/superbiomin-mineral-oligoelementos-natural-capsulas\/","title":{"rendered":"Superbiomin"},"content":{"rendered":"<h2>Qu'est-ce que Superbiomin ?<\/h2>\n<p><strong>Superbiomin Poussi\u00e8re de roche<\/strong>\u00a0est un\u00a0<strong>compl\u00e9ment alimentaire<\/strong>\u00a0en g\u00e9lules, sp\u00e9cialement formul\u00e9 pour ceux qui recherchent une\u00a0<strong>riche source de min\u00e9raux et d'oligo-\u00e9l\u00e9ments<\/strong>\u00a0essentiels au bien-\u00eatre g\u00e9n\u00e9ral.<\/p>\n<p>Ce produit est con\u00e7u pour soutenir les personnes souffrant de conditions telles que\u00a0<strong>ost\u00e9oporose<\/strong>,\u00a0<strong>douleur articulaire<\/strong>\u00a0y\u00a0<strong>fatigue<\/strong>, gr\u00e2ce \u00e0 leur teneur en min\u00e9raux cl\u00e9s tels que\u00a0<strong>oxyde de silicium (silice)<\/strong>,\u00a0<strong>oxyde d'aluminium<\/strong>,\u00a0<strong>oxyde de fer<\/strong>,\u00a0<strong>oxyde de potassium<\/strong>,\u00a0<strong>oxyde de magn\u00e9sium<\/strong>\u00a0y\u00a0<strong>oxyde de calcium<\/strong>.<\/p>\n<p>En outre, il est utile pour les personnes qui connaissent\u00a0<strong>transpiration excessive<\/strong>, Il aide \u00e0 r\u00e9tablir l'\u00e9quilibre min\u00e9ral et \u00e0 maintenir le niveau d'hydratation de la peau.\u00a0<strong>\u00c9quilibre du pH<\/strong> dans le corps.<\/p>\n<p><strong>Superbiomin<\/strong>\u00a0se distingue \u00e9galement par sa capacit\u00e9 \u00e0 renforcer la <strong>syst\u00e8me immunitaire<\/strong>, Les nutriments n\u00e9cessaires au renforcement des d\u00e9fenses naturelles de l'organisme sont apport\u00e9s.<\/p>\n<p>Ce compl\u00e9ment est id\u00e9al pour ceux qui cherchent \u00e0 am\u00e9liorer la sant\u00e9 des os, \u00e0 soulager l'inconfort articulaire et \u00e0 r\u00e9duire le niveau de fatigue, tout en optimisant l'\u00e9quilibre interne.<\/p>\n<p>Chaque g\u00e9lule de\u00a0<strong>Superbiomin<\/strong>\u00a0contient 87,5 % de\u00a0<strong>POUSSI\u00c8RE DE ROCHE<\/strong>, avec une concentration importante d'oligo-\u00e9l\u00e9ments essentiels au bon fonctionnement de l'organisme. La formule comprend\u00a0<strong>oxyde de silicium<\/strong>, qui est essentiel pour la sant\u00e9 des os et des articulations, et d'autres min\u00e9raux tels que\u00a0<strong>oxyde de fer<\/strong>,\u00a0<strong>oxyde de potassium<\/strong>,\u00a0<strong>oxyde de sodium<\/strong>\u00a0y\u00a0<strong>oxyde de magn\u00e9sium<\/strong>, qui jouent un r\u00f4le important dans la transmission nerveuse, la sant\u00e9 musculaire et l'\u00e9quilibre des fluides. Elle contient \u00e9galement des min\u00e9raux tels que\u00a0<strong>le zinc<\/strong>,\u00a0<strong>cuivre<\/strong>,\u00a0<strong>chrome<\/strong>,\u00a0<strong>mangan\u00e8se<\/strong>\u00a0y\u00a0<strong>molybd\u00e8ne<\/strong>, qui sont indispensables \u00e0 diverses fonctions m\u00e9taboliques et au bon fonctionnement du syst\u00e8me immunitaire.<\/p>\n<p>Ce produit fournit non seulement\u00a0<strong>min\u00e9raux essentiels<\/strong>, mais il est \u00e9galement peu calorique, avec une valeur calorique de\u00a0<strong>23,50 Kcal\/100 g<\/strong>, Il s'agit donc d'une option pratique et nutritive. Les\u00a0<strong>Superbiomin Poussi\u00e8re de roche<\/strong>\u00a0est id\u00e9al pour ceux qui souhaitent compl\u00e9ter leur alimentation avec des nutriments qui contribuent \u00e0 am\u00e9liorer la sant\u00e9 g\u00e9n\u00e9rale, \u00e0 soulager les douleurs articulaires, \u00e0 renforcer les os et \u00e0 am\u00e9liorer l'\u00e9nergie physique et mentale. Gr\u00e2ce \u00e0 sa combinaison unique de min\u00e9raux, ce compl\u00e9ment est un excellent choix pour maintenir la vitalit\u00e9 et la sant\u00e9 de mani\u00e8re naturelle et efficace.<\/p>\n<p>En bref, <strong>Superbiomin<\/strong> est un compl\u00e9ment essentiel pour ceux qui recherchent un soutien suppl\u00e9mentaire pour la sant\u00e9 osseuse, musculaire et g\u00e9n\u00e9rale, en aidant \u00e0 maintenir l'\u00e9quilibre des min\u00e9raux cl\u00e9s et des oligo-\u00e9l\u00e9ments pour le bien-\u00eatre quotidien.<\/p>\n<h2>Ingr\u00e9dients<\/h2>\n<p>Ch\u00e9late de bisglycinate de magn\u00e9sium, g\u00e9latine (g\u00e9lule), peptides de collag\u00e8ne bioactifs, citrate de magn\u00e9sium, ch\u00e9late de bisglycinate de calcium, citrate de calcium, dioxyde de silicium, citrate de potassium, extrait sec de Boswellia Serrata (r\u00e9sine, AKBA 30%), Extrait sec de bambou (Bambusa Vulgaris, tige), acide orthosilicique, ch\u00e9late de bisglycinate de zinc, levure de s\u00e9l\u00e9nium, borate de sodium, citrate de zinc, ch\u00e9late de bisglycinate de mangan\u00e8se, chol\u00e9calcif\u00e9rol (vitamine D3), ch\u00e9late de bisglycinate de cuivre, picolinate de chrome, molybdate de sodium.<\/p>\n<p><strong>Par 6 g\u00e9lules<\/strong>: Bisglycinate de magn\u00e9sium, Citrate de magn\u00e9sium 238 mg, \u201c Acide orthosilicique Silice 138 mg Extrait sec de bambou, \u201c Dioxyde de silicium \u201d Bisglycinate de calcium, \u201c Calcium 130 mg Citrate de calcium, \u201d Citrate de potassium, \" Potassium 56 mg Bisglycinate de zinc, Calcium 130 mg Citrate de calcium, \" Citrate de potassium, Potassium 56 mg Bisglycinate de zinc Ch\u00e9late de zinc 8,7 mg Citrate de zinc \" Bisglycinate de mangan\u00e8se Ch\u00e9late de mangan\u00e8se 1,5 mg Bisglycinate de cuivre Ch\u00e9late de cuivre 0.8 mg Borate de sodium Bore 2,2 mg S\u00e9l\u00e9nium Levure S\u00e9l\u00e9nium 37 ug Molybdate de sodium Molybd\u00e8ne 37,1 ug Picolinate de chrome Chrome 30,9 ug Cholecalciferol ( Vitamine D3) 15,5 ug Boswellia Serrata Boswellia Dry Extract 100mg (Resin,AKBA 30%). Peptides de collag\u00e8ne bioactifs. Collag\u00e8ne de type 1 505 mg<\/p>\n<h2>Mode d'emploi<\/h2>\n<p>Prendre 6 g\u00e9lules par jour (2 g\u00e9lules \u00e0 chaque repas).<\/p>\n<h2>Effets positifs<\/h2>\n<ul>\n<li>Am\u00e9liore le bien-\u00eatre des articulations et des muscles.<\/li>\n<li>Contribue au bon fonctionnement du transit intestinal.<\/li>\n<li>Aide \u00e0 lutter contre la fatigue et l'\u00e9puisement.<\/li>\n<li>Favorise la nutrition min\u00e9rale des os.<\/li>\n<\/ul>\n<h2>Quelle est sa valeur \u00e9nerg\u00e9tique ?<\/h2>\n<p><strong>Par 6 g\u00e9lules<\/strong>\u00a0% VRN Magn\u00e9sium 238 mg 63,4% Calcium 130 mg 16,3% Zinc 8,7 mg 86,6% Silicium 138 mg ** Mangan\u00e8se 1,5 mg 77,3% Cuivre 0,8 mg 77,3% Bore 2,2 \u00b5g 74,7% S\u00e9l\u00e9nium 37,1 \u00b5g 67,4% Molybd\u00e8ne 37,1 \u00b5g 74,2% Chrome 30,9 \u00b5g 77,3% Vitamine D3 15,5 \u00b5g 309% Extrait de Boswellia 100 mg ** Extrait de Bambou 92,7 mg ** Collag\u00e8ne 505 mg ** *NRV : Valeurs nutritionnelles de r\u00e9f\u00e9rence.<\/p>\n<h2>Pr\u00e9sentation<\/h2>\n<p>Emballage de 425 g\u00e9lules, 225g.<\/p>","protected":false},"excerpt":{"rendered":"<p>\u00abSuperbiomin : g\u00e9lules de min\u00e9raux et d'oligo-\u00e9l\u00e9ments pour la sant\u00e9 des articulations et des muscles\u00bb.\u00bb<\/p>","protected":false},"featured_media":14365,"comment_status":"open","ping_status":"closed","template":"","meta":{"site-sidebar-layout":"default","site-content-layout":"","ast-site-content-layout":"default","site-content-style":"default","site-sidebar-style":"default","ast-global-header-display":"","ast-banner-title-visibility":"","ast-main-header-display":"","ast-hfb-above-header-display":"","ast-hfb-below-header-display":"","ast-hfb-mobile-header-display":"","site-post-title":"","ast-breadcrumbs-content":"","ast-featured-img":"","footer-sml-layout":"","ast-disable-related-posts":"","theme-transparent-header-meta":"default","adv-header-id-meta":"","stick-header-meta":"default","header-above-stick-meta":"","header-main-stick-meta":"","header-below-stick-meta":"","astra-migrate-meta-layouts":"set","ast-page-background-enabled":"default","ast-page-background-meta":{"desktop":{"background-color":"","background-image":"","background-repeat":"repeat","background-position":"center center","background-size":"auto","background-attachment":"scroll","background-type":"","background-media":"","overlay-type":"","overlay-color":"","overlay-opacity":"","overlay-gradient":""},"tablet":{"background-color":"","background-image":"","background-repeat":"repeat","background-position":"center center","background-size":"auto","background-attachment":"scroll","background-type":"","background-media":"","overlay-type":"","overlay-color":"","overlay-opacity":"","overlay-gradient":""},"mobile":{"background-color":"","background-image":"","background-repeat":"repeat","background-position":"center center","background-size":"auto","background-attachment":"scroll","background-type":"","background-media":"","overlay-type":"","overlay-color":"","overlay-opacity":"","overlay-gradient":""}},"ast-content-background-meta":{"desktop":{"background-color":"var(--ast-global-color-5)","background-image":"","background-repeat":"repeat","background-position":"center center","background-size":"auto","background-attachment":"scroll","background-type":"","background-media":"","overlay-type":"","overlay-color":"","overlay-opacity":"","overlay-gradient":""},"tablet":{"background-color":"var(--ast-global-color-5)","background-image":"","background-repeat":"repeat","background-position":"center center","background-size":"auto","background-attachment":"scroll","background-type":"","background-media":"","overlay-type":"","overlay-color":"","overlay-opacity":"","overlay-gradient":""},"mobile":{"background-color":"var(--ast-global-color-5)","background-image":"","background-repeat":"repeat","background-position":"center center","background-size":"auto","background-attachment":"scroll","background-type":"","background-media":"","overlay-type":"","overlay-color":"","overlay-opacity":"","overlay-gradient":""}},"_glsr_average":0,"_glsr_ranking":0,"_glsr_reviews":0},"product_brand":[],"product_cat":[343,375,351],"product_tag":[],"class_list":{"0":"post-14744","1":"product","2":"type-product","3":"status-publish","4":"has-post-thumbnail","6":"product_cat-huesos-y-articulaciones","7":"product_cat-salud-capilar-y-cutanea-herboristeria","8":"product_cat-vitaminas-y-minerales","9":"desktop-align-center","10":"tablet-align-center","11":"mobile-align-center","12":"ast-product-gallery-layout-horizontal","13":"ast-product-gallery-with-no-image","14":"ast-product-tabs-layout-horizontal","16":"first","17":"instock","18":"taxable","19":"shipping-taxable","20":"purchasable","21":"product-type-simple"},"_links":{"self":[{"href":"https:\/\/dioxvitae.es\/fr\/wp-json\/wp\/v2\/product\/14744","targetHints":{"allow":["GET"]}}],"collection":[{"href":"https:\/\/dioxvitae.es\/fr\/wp-json\/wp\/v2\/product"}],"about":[{"href":"https:\/\/dioxvitae.es\/fr\/wp-json\/wp\/v2\/types\/product"}],"replies":[{"embeddable":true,"href":"https:\/\/dioxvitae.es\/fr\/wp-json\/wp\/v2\/comments?post=14744"}],"version-history":[{"count":11,"href":"https:\/\/dioxvitae.es\/fr\/wp-json\/wp\/v2\/product\/14744\/revisions"}],"predecessor-version":[{"id":20160,"href":"https:\/\/dioxvitae.es\/fr\/wp-json\/wp\/v2\/product\/14744\/revisions\/20160"}],"wp:featuredmedia":[{"embeddable":true,"href":"https:\/\/dioxvitae.es\/fr\/wp-json\/wp\/v2\/media\/14365"}],"wp:attachment":[{"href":"https:\/\/dioxvitae.es\/fr\/wp-json\/wp\/v2\/media?parent=14744"}],"wp:term":[{"taxonomy":"product_brand","embeddable":true,"href":"https:\/\/dioxvitae.es\/fr\/wp-json\/wp\/v2\/product_brand?post=14744"},{"taxonomy":"product_cat","embeddable":true,"href":"https:\/\/dioxvitae.es\/fr\/wp-json\/wp\/v2\/product_cat?post=14744"},{"taxonomy":"product_tag","embeddable":true,"href":"https:\/\/dioxvitae.es\/fr\/wp-json\/wp\/v2\/product_tag?post=14744"}],"curies":[{"name":"wp","href":"https:\/\/api.w.org\/{rel}","templated":true}]}}