{"id":14742,"date":"2025-04-14T10:35:11","date_gmt":"2025-04-14T08:35:11","guid":{"rendered":"https:\/\/www.dioxvitae.es\/coxan\/"},"modified":"2026-03-25T10:59:12","modified_gmt":"2026-03-25T08:59:12","slug":"coxan","status":"publish","type":"product","link":"https:\/\/dioxvitae.es\/fr\/coxan\/","title":{"rendered":"Coxan"},"content":{"rendered":"<div data-elementor-type=\"wp-post\" data-elementor-id=\"14742\" class=\"elementor elementor-14742\" data-elementor-post-type=\"product\">\n\t\t\t\t\t\t<section class=\"elementor-section elementor-top-section elementor-element elementor-element-73348464 elementor-section-boxed elementor-section-height-default elementor-section-height-default\" data-id=\"73348464\" data-element_type=\"section\" data-e-type=\"section\">\n\t\t\t\t\t\t<div class=\"elementor-container elementor-column-gap-default\">\n\t\t\t\t\t<div class=\"elementor-column elementor-col-100 elementor-top-column elementor-element elementor-element-781f9cd5\" data-id=\"781f9cd5\" data-element_type=\"column\" data-e-type=\"column\">\n\t\t\t<div class=\"elementor-widget-wrap elementor-element-populated\">\n\t\t\t\t\t\t<div class=\"elementor-element elementor-element-42d5dc95 elementor-widget elementor-widget-text-editor\" data-id=\"42d5dc95\" data-element_type=\"widget\" data-e-type=\"widget\" data-widget_type=\"text-editor.default\">\n\t\t\t\t<div class=\"elementor-widget-container\">\n\t\t\t\t\t\t\t\t\t<h2>Qu'est-ce que le coxan ?<\/h2><p>Compl\u00e9ment alimentaire formul\u00e9 avec de l'extrait de curcuma brevet\u00e9 Curcuwin\u2122, du gingembre, du magn\u00e9sium, de la vitamine C et de l'acide hyaluronique. Il est indiqu\u00e9 pour le soin du syst\u00e8me ost\u00e9o-articulaire et se distingue par sa haute biodisponibilit\u00e9, l'extrait de Curcuwin\u2122 ayant \u00e9t\u00e9 cliniquement prouv\u00e9 comme \u00e9tant 46 fois plus absorbable que la curcumine standard.<\/p><p>\u00a0<\/p><h2>Ingr\u00e9dients<\/h2><p>Citrate de magn\u00e9sium, extrait sec de rhizomes de curcuma (Curcuma longa L.) avec Curcuwin\u2122, extrait sec de rhizomes de gingembre (Zingiber officinale Rosc.), acide L-ascorbique (vitamine C), acide hyaluronique, anti-agglom\u00e9rant (st\u00e9arate de magn\u00e9sium), g\u00e9lule d'origine v\u00e9g\u00e9tale (hydroxypropylm\u00e9thylcellulose).<\/p><p>\u00a0<\/p><h2>Mode d'emploi<\/h2><p>Prendre une g\u00e9lule le matin et une le soir.<\/p><p>\u00a0<\/p><h2>Effets positifs<\/h2><ul><li>Favorise la sant\u00e9 des articulations et des muscles.<\/li><li>Contribue \u00e0 att\u00e9nuer les processus d\u00e9g\u00e9n\u00e9ratifs des articulations.<\/li><li>Contribue \u00e0 la formation de collag\u00e8ne et au fonctionnement normal du cartilage et des os.<\/li><\/ul><p>\u00a0<\/p><h2>Pr\u00e9sentation<\/h2><p>Emballage contenant 60 g\u00e9lules v\u00e9g\u00e9tales<\/p>\t\t\t\t\t\t\t\t<\/div>\n\t\t\t\t<\/div>\n\t\t\t\t\t<\/div>\n\t\t<\/div>\n\t\t\t\t\t<\/div>\n\t\t<\/section>\n\t\t\t\t<\/div>","protected":false},"excerpt":{"rendered":"<p>\u00abCoxan : Capsules contenant du curcuma brevet\u00e9 Curcuwin\u2122, du gingembre et d'autres ingr\u00e9dients favorisant la sant\u00e9 des articulations.\u00bb<\/p>","protected":false},"featured_media":14363,"comment_status":"open","ping_status":"closed","template":"","meta":{"site-sidebar-layout":"default","site-content-layout":"","ast-site-content-layout":"default","site-content-style":"default","site-sidebar-style":"default","ast-global-header-display":"","ast-banner-title-visibility":"","ast-main-header-display":"","ast-hfb-above-header-display":"","ast-hfb-below-header-display":"","ast-hfb-mobile-header-display":"","site-post-title":"","ast-breadcrumbs-content":"","ast-featured-img":"","footer-sml-layout":"","ast-disable-related-posts":"","theme-transparent-header-meta":"default","adv-header-id-meta":"","stick-header-meta":"default","header-above-stick-meta":"","header-main-stick-meta":"","header-below-stick-meta":"","astra-migrate-meta-layouts":"set","ast-page-background-enabled":"default","ast-page-background-meta":{"desktop":{"background-color":"","background-image":"","background-repeat":"repeat","background-position":"center center","background-size":"auto","background-attachment":"scroll","background-type":"","background-media":"","overlay-type":"","overlay-color":"","overlay-opacity":"","overlay-gradient":""},"tablet":{"background-color":"","background-image":"","background-repeat":"repeat","background-position":"center center","background-size":"auto","background-attachment":"scroll","background-type":"","background-media":"","overlay-type":"","overlay-color":"","overlay-opacity":"","overlay-gradient":""},"mobile":{"background-color":"","background-image":"","background-repeat":"repeat","background-position":"center center","background-size":"auto","background-attachment":"scroll","background-type":"","background-media":"","overlay-type":"","overlay-color":"","overlay-opacity":"","overlay-gradient":""}},"ast-content-background-meta":{"desktop":{"background-color":"var(--ast-global-color-5)","background-image":"","background-repeat":"repeat","background-position":"center center","background-size":"auto","background-attachment":"scroll","background-type":"","background-media":"","overlay-type":"","overlay-color":"","overlay-opacity":"","overlay-gradient":""},"tablet":{"background-color":"var(--ast-global-color-5)","background-image":"","background-repeat":"repeat","background-position":"center center","background-size":"auto","background-attachment":"scroll","background-type":"","background-media":"","overlay-type":"","overlay-color":"","overlay-opacity":"","overlay-gradient":""},"mobile":{"background-color":"var(--ast-global-color-5)","background-image":"","background-repeat":"repeat","background-position":"center center","background-size":"auto","background-attachment":"scroll","background-type":"","background-media":"","overlay-type":"","overlay-color":"","overlay-opacity":"","overlay-gradient":""}},"_glsr_average":0,"_glsr_ranking":0,"_glsr_reviews":0},"product_brand":[],"product_cat":[343],"product_tag":[],"class_list":{"0":"post-14742","1":"product","2":"type-product","3":"status-publish","4":"has-post-thumbnail","6":"product_cat-huesos-y-articulaciones","7":"desktop-align-center","8":"tablet-align-center","9":"mobile-align-center","10":"ast-product-gallery-layout-horizontal","11":"ast-product-gallery-with-no-image","12":"ast-product-tabs-layout-horizontal","14":"first","15":"instock","16":"taxable","17":"shipping-taxable","18":"purchasable","19":"product-type-simple"},"_links":{"self":[{"href":"https:\/\/dioxvitae.es\/fr\/wp-json\/wp\/v2\/product\/14742","targetHints":{"allow":["GET"]}}],"collection":[{"href":"https:\/\/dioxvitae.es\/fr\/wp-json\/wp\/v2\/product"}],"about":[{"href":"https:\/\/dioxvitae.es\/fr\/wp-json\/wp\/v2\/types\/product"}],"replies":[{"embeddable":true,"href":"https:\/\/dioxvitae.es\/fr\/wp-json\/wp\/v2\/comments?post=14742"}],"version-history":[{"count":6,"href":"https:\/\/dioxvitae.es\/fr\/wp-json\/wp\/v2\/product\/14742\/revisions"}],"predecessor-version":[{"id":19477,"href":"https:\/\/dioxvitae.es\/fr\/wp-json\/wp\/v2\/product\/14742\/revisions\/19477"}],"wp:featuredmedia":[{"embeddable":true,"href":"https:\/\/dioxvitae.es\/fr\/wp-json\/wp\/v2\/media\/14363"}],"wp:attachment":[{"href":"https:\/\/dioxvitae.es\/fr\/wp-json\/wp\/v2\/media?parent=14742"}],"wp:term":[{"taxonomy":"product_brand","embeddable":true,"href":"https:\/\/dioxvitae.es\/fr\/wp-json\/wp\/v2\/product_brand?post=14742"},{"taxonomy":"product_cat","embeddable":true,"href":"https:\/\/dioxvitae.es\/fr\/wp-json\/wp\/v2\/product_cat?post=14742"},{"taxonomy":"product_tag","embeddable":true,"href":"https:\/\/dioxvitae.es\/fr\/wp-json\/wp\/v2\/product_tag?post=14742"}],"curies":[{"name":"wp","href":"https:\/\/api.w.org\/{rel}","templated":true}]}}