{"id":14741,"date":"2025-04-14T10:35:11","date_gmt":"2025-04-14T08:35:11","guid":{"rendered":"https:\/\/www.dioxvitae.es\/acolip\/"},"modified":"2026-02-02T19:33:13","modified_gmt":"2026-02-02T17:33:13","slug":"acolip","status":"publish","type":"product","link":"https:\/\/dioxvitae.es\/fr\/acolip\/","title":{"rendered":"Acolip"},"content":{"rendered":"<div data-elementor-type=\"wp-post\" data-elementor-id=\"14741\" class=\"elementor elementor-14741\" data-elementor-post-type=\"product\">\n\t\t\t\t\t\t<section class=\"elementor-section elementor-top-section elementor-element elementor-element-403446c5 elementor-section-boxed elementor-section-height-default elementor-section-height-default\" data-id=\"403446c5\" data-element_type=\"section\" data-e-type=\"section\">\n\t\t\t\t\t\t<div class=\"elementor-container elementor-column-gap-default\">\n\t\t\t\t\t<div class=\"elementor-column elementor-col-100 elementor-top-column elementor-element elementor-element-639ac360\" data-id=\"639ac360\" data-element_type=\"column\" data-e-type=\"column\">\n\t\t\t<div class=\"elementor-widget-wrap elementor-element-populated\">\n\t\t\t\t\t\t<div class=\"elementor-element elementor-element-abbd90a elementor-widget elementor-widget-text-editor\" data-id=\"abbd90a\" data-element_type=\"widget\" data-e-type=\"widget\" data-widget_type=\"text-editor.default\">\n\t\t\t\t<div class=\"elementor-widget-container\">\n\t\t\t\t\t\t\t\t\t<h2>Qu'est-ce qu'Acolip ?<\/h2><p>Compl\u00e9ment alimentaire en g\u00e9lules con\u00e7u pour aider \u00e0 normaliser les niveaux de sucre dans le sang. Sa formule associe des ingr\u00e9dients d'origine v\u00e9g\u00e9tale aux puissantes propri\u00e9t\u00e9s antioxydantes qui contribuent \u00e9galement au contr\u00f4le du cholest\u00e9rol.<\/p><p>\u00a0<\/p><h2>Ingr\u00e9dients<\/h2><p>Cellulose microcristalline (agent de charge), extrait total de raisin (ExGrape total), extrait sec de fruit de vigne, extrait sec de fruit d'olive, extrait sec de levure de riz rouge, extrait sec de tige de canne \u00e0 sucre, vitamine E (ac\u00e9tate de DL-alpha tocoph\u00e9ryl), anti-agglom\u00e9rants (st\u00e9arate de magn\u00e9sium, dioxyde de silicium), g\u00e9lule d'origine v\u00e9g\u00e9tale (hydroxypropylm\u00e9thylcellulose).<\/p><p>\u00a0<\/p><h2>Mode d'emploi<\/h2><p>Prendre selon les recommandations de votre professionnel de la sant\u00e9 ou selon les indications figurant sur l'emballage.<\/p><p>\u00a0<\/p><h2>Effets positifs<\/h2><ul><li>Aide \u00e0 normaliser le taux de sucre dans le sang.<\/li><li>Contribue au contr\u00f4le du cholest\u00e9rol, en r\u00e9duisant les LDL et en augmentant les HDL.<\/li><li>Fournit des antioxydants qui prot\u00e8gent contre les dommages oxydatifs.<\/li><\/ul><p>\u00a0<\/p><h2>Pr\u00e9sentation<\/h2><p>Emballage contenant 30 g\u00e9lules v\u00e9g\u00e9tales<\/p>\t\t\t\t\t\t\t\t<\/div>\n\t\t\t\t<\/div>\n\t\t\t\t\t<\/div>\n\t\t<\/div>\n\t\t\t\t\t<\/div>\n\t\t<\/section>\n\t\t\t\t<\/div>","protected":false},"excerpt":{"rendered":"<p>\u00abAcolip : g\u00e9lules \u00e0 base d'extraits naturels et d'antioxydants qui aident \u00e0 normaliser la glyc\u00e9mie et le taux de cholest\u00e9rol\u00bb.\u00bb<\/p>","protected":false},"featured_media":16807,"comment_status":"open","ping_status":"closed","template":"","meta":{"site-sidebar-layout":"default","site-content-layout":"","ast-site-content-layout":"default","site-content-style":"default","site-sidebar-style":"default","ast-global-header-display":"","ast-banner-title-visibility":"","ast-main-header-display":"","ast-hfb-above-header-display":"","ast-hfb-below-header-display":"","ast-hfb-mobile-header-display":"","site-post-title":"","ast-breadcrumbs-content":"","ast-featured-img":"","footer-sml-layout":"","ast-disable-related-posts":"","theme-transparent-header-meta":"default","adv-header-id-meta":"","stick-header-meta":"default","header-above-stick-meta":"","header-main-stick-meta":"","header-below-stick-meta":"","astra-migrate-meta-layouts":"set","ast-page-background-enabled":"default","ast-page-background-meta":{"desktop":{"background-color":"","background-image":"","background-repeat":"repeat","background-position":"center center","background-size":"auto","background-attachment":"scroll","background-type":"","background-media":"","overlay-type":"","overlay-color":"","overlay-opacity":"","overlay-gradient":""},"tablet":{"background-color":"","background-image":"","background-repeat":"repeat","background-position":"center center","background-size":"auto","background-attachment":"scroll","background-type":"","background-media":"","overlay-type":"","overlay-color":"","overlay-opacity":"","overlay-gradient":""},"mobile":{"background-color":"","background-image":"","background-repeat":"repeat","background-position":"center center","background-size":"auto","background-attachment":"scroll","background-type":"","background-media":"","overlay-type":"","overlay-color":"","overlay-opacity":"","overlay-gradient":""}},"ast-content-background-meta":{"desktop":{"background-color":"var(--ast-global-color-5)","background-image":"","background-repeat":"repeat","background-position":"center center","background-size":"auto","background-attachment":"scroll","background-type":"","background-media":"","overlay-type":"","overlay-color":"","overlay-opacity":"","overlay-gradient":""},"tablet":{"background-color":"var(--ast-global-color-5)","background-image":"","background-repeat":"repeat","background-position":"center center","background-size":"auto","background-attachment":"scroll","background-type":"","background-media":"","overlay-type":"","overlay-color":"","overlay-opacity":"","overlay-gradient":""},"mobile":{"background-color":"var(--ast-global-color-5)","background-image":"","background-repeat":"repeat","background-position":"center center","background-size":"auto","background-attachment":"scroll","background-type":"","background-media":"","overlay-type":"","overlay-color":"","overlay-opacity":"","overlay-gradient":""}},"_glsr_average":0,"_glsr_ranking":0,"_glsr_reviews":0},"product_brand":[],"product_cat":[331,352],"product_tag":[],"class_list":{"0":"post-14741","1":"product","2":"type-product","3":"status-publish","4":"has-post-thumbnail","6":"product_cat-herboristeria","7":"product_cat-sistema-cardiovascular","8":"desktop-align-center","9":"tablet-align-center","10":"mobile-align-center","11":"ast-product-gallery-layout-horizontal","12":"ast-product-gallery-with-no-image","13":"ast-product-tabs-layout-horizontal","15":"first","16":"instock","17":"taxable","18":"shipping-taxable","19":"purchasable","20":"product-type-simple"},"_links":{"self":[{"href":"https:\/\/dioxvitae.es\/fr\/wp-json\/wp\/v2\/product\/14741","targetHints":{"allow":["GET"]}}],"collection":[{"href":"https:\/\/dioxvitae.es\/fr\/wp-json\/wp\/v2\/product"}],"about":[{"href":"https:\/\/dioxvitae.es\/fr\/wp-json\/wp\/v2\/types\/product"}],"replies":[{"embeddable":true,"href":"https:\/\/dioxvitae.es\/fr\/wp-json\/wp\/v2\/comments?post=14741"}],"version-history":[{"count":6,"href":"https:\/\/dioxvitae.es\/fr\/wp-json\/wp\/v2\/product\/14741\/revisions"}],"predecessor-version":[{"id":19484,"href":"https:\/\/dioxvitae.es\/fr\/wp-json\/wp\/v2\/product\/14741\/revisions\/19484"}],"wp:featuredmedia":[{"embeddable":true,"href":"https:\/\/dioxvitae.es\/fr\/wp-json\/wp\/v2\/media\/16807"}],"wp:attachment":[{"href":"https:\/\/dioxvitae.es\/fr\/wp-json\/wp\/v2\/media?parent=14741"}],"wp:term":[{"taxonomy":"product_brand","embeddable":true,"href":"https:\/\/dioxvitae.es\/fr\/wp-json\/wp\/v2\/product_brand?post=14741"},{"taxonomy":"product_cat","embeddable":true,"href":"https:\/\/dioxvitae.es\/fr\/wp-json\/wp\/v2\/product_cat?post=14741"},{"taxonomy":"product_tag","embeddable":true,"href":"https:\/\/dioxvitae.es\/fr\/wp-json\/wp\/v2\/product_tag?post=14741"}],"curies":[{"name":"wp","href":"https:\/\/api.w.org\/{rel}","templated":true}]}}