{"id":14739,"date":"2025-04-14T10:35:11","date_gmt":"2025-04-14T08:35:11","guid":{"rendered":"https:\/\/www.dioxvitae.es\/griddefens\/"},"modified":"2026-04-02T12:12:08","modified_gmt":"2026-04-02T10:12:08","slug":"griddefens","status":"publish","type":"product","link":"https:\/\/dioxvitae.es\/fr\/griddefens\/","title":{"rendered":"Griddefens"},"content":{"rendered":"<div data-elementor-type=\"wp-post\" data-elementor-id=\"14739\" class=\"elementor elementor-14739\" data-elementor-post-type=\"product\">\n\t\t\t\t\t\t<section class=\"elementor-section elementor-top-section elementor-element elementor-element-38dba31f elementor-section-boxed elementor-section-height-default elementor-section-height-default\" data-id=\"38dba31f\" data-element_type=\"section\" data-e-type=\"section\">\n\t\t\t\t\t\t<div class=\"elementor-container elementor-column-gap-default\">\n\t\t\t\t\t<div class=\"elementor-column elementor-col-100 elementor-top-column elementor-element elementor-element-c9d8b87\" data-id=\"c9d8b87\" data-element_type=\"column\" data-e-type=\"column\">\n\t\t\t<div class=\"elementor-widget-wrap elementor-element-populated\">\n\t\t\t\t\t\t<div class=\"elementor-element elementor-element-36cb256e elementor-widget elementor-widget-text-editor\" data-id=\"36cb256e\" data-element_type=\"widget\" data-e-type=\"widget\" data-widget_type=\"text-editor.default\">\n\t\t\t\t<div class=\"elementor-widget-container\">\n\t\t\t\t\t\t\t\t\t<h2>Qu'est-ce que Griddefens ?<\/h2><p>Compl\u00e9ment alimentaire en sachet formul\u00e9 pour soutenir les d\u00e9fenses naturelles contre les premiers signes de malaise hivernal. Sa formule associe des ingr\u00e9dients reconnus pour leurs effets positifs sur le syst\u00e8me immunitaire et le bien-\u00eatre respiratoire, tels que la vitamine C, la propolis, le sureau, le saule, l'eucalyptus et la guimauve. Il se pr\u00e9sente sous la forme d'une poudre soluble au go\u00fbt agr\u00e9able et \u00e0 l'effet balsamique.<\/p><p>\u00a0<\/p><h2>Ingr\u00e9dients<\/h2><p>N-ac\u00e9tylcyst\u00e9ine, extrait de propolis (10 % galangine), miel, extrait de sureau 5:1 (1 % anthocyanidines), extrait de saule 10:1 (3 % salicine), extrait de guimauve 4:1 (0,5 % polyph\u00e9nols), essence d'eucalyptus, vitamine C (acide L-ascorbique), maltodextrine, ar\u00f4me de menthe poivr\u00e9e, gomme arabique, sucralose.<\/p><p>\u00a0<\/p><h2>Mode d'emploi<\/h2><p>Prendre 1 sachet par jour.<br \/>Verser le contenu dans un verre, ajouter de l'eau chaude et remuer jusqu'\u00e0 dissolution compl\u00e8te.<\/p><p>\u00a0<\/p><h2>Effets positifs<\/h2><ul><li>Contribue au fonctionnement normal du syst\u00e8me immunitaire.<\/li><li>Favorise le bien-\u00eatre de la gorge, du pharynx et des cordes vocales.<\/li><li>Il favorise la r\u00e9action naturelle aux changements de temp\u00e9rature.<\/li><li>Il a un effet apaisant et r\u00e9confortant.<\/li><\/ul><p>\u00a0<\/p><h2>Pr\u00e9sentation<\/h2><p>Paquet de 12 sachets.<\/p>\t\t\t\t\t\t\t\t<\/div>\n\t\t\t\t<\/div>\n\t\t\t\t\t<\/div>\n\t\t<\/div>\n\t\t\t\t\t<\/div>\n\t\t<\/section>\n\t\t\t\t<\/div>","protected":false},"excerpt":{"rendered":"<p>\u00abSolution balsamique en sachet avec N-ac\u00e9tylcyst\u00e9ine, propolis, miel, vitamine C et plantes traditionnelles. Griddefens renforce les d\u00e9fenses d\u00e8s les premiers signes de l'hiver\u00bb.\u00bb<\/p>","protected":false},"featured_media":16820,"comment_status":"open","ping_status":"closed","template":"","meta":{"site-sidebar-layout":"default","site-content-layout":"","ast-site-content-layout":"default","site-content-style":"default","site-sidebar-style":"default","ast-global-header-display":"","ast-banner-title-visibility":"","ast-main-header-display":"","ast-hfb-above-header-display":"","ast-hfb-below-header-display":"","ast-hfb-mobile-header-display":"","site-post-title":"","ast-breadcrumbs-content":"","ast-featured-img":"","footer-sml-layout":"","ast-disable-related-posts":"","theme-transparent-header-meta":"default","adv-header-id-meta":"","stick-header-meta":"default","header-above-stick-meta":"","header-main-stick-meta":"","header-below-stick-meta":"","astra-migrate-meta-layouts":"set","ast-page-background-enabled":"default","ast-page-background-meta":{"desktop":{"background-color":"","background-image":"","background-repeat":"repeat","background-position":"center center","background-size":"auto","background-attachment":"scroll","background-type":"","background-media":"","overlay-type":"","overlay-color":"","overlay-opacity":"","overlay-gradient":""},"tablet":{"background-color":"","background-image":"","background-repeat":"repeat","background-position":"center center","background-size":"auto","background-attachment":"scroll","background-type":"","background-media":"","overlay-type":"","overlay-color":"","overlay-opacity":"","overlay-gradient":""},"mobile":{"background-color":"","background-image":"","background-repeat":"repeat","background-position":"center center","background-size":"auto","background-attachment":"scroll","background-type":"","background-media":"","overlay-type":"","overlay-color":"","overlay-opacity":"","overlay-gradient":""}},"ast-content-background-meta":{"desktop":{"background-color":"var(--ast-global-color-5)","background-image":"","background-repeat":"repeat","background-position":"center center","background-size":"auto","background-attachment":"scroll","background-type":"","background-media":"","overlay-type":"","overlay-color":"","overlay-opacity":"","overlay-gradient":""},"tablet":{"background-color":"var(--ast-global-color-5)","background-image":"","background-repeat":"repeat","background-position":"center center","background-size":"auto","background-attachment":"scroll","background-type":"","background-media":"","overlay-type":"","overlay-color":"","overlay-opacity":"","overlay-gradient":""},"mobile":{"background-color":"var(--ast-global-color-5)","background-image":"","background-repeat":"repeat","background-position":"center center","background-size":"auto","background-attachment":"scroll","background-type":"","background-media":"","overlay-type":"","overlay-color":"","overlay-opacity":"","overlay-gradient":""}},"_glsr_average":0,"_glsr_ranking":0,"_glsr_reviews":0},"product_brand":[],"product_cat":[337,338],"product_tag":[],"class_list":{"0":"post-14739","1":"product","2":"type-product","3":"status-publish","4":"has-post-thumbnail","6":"product_cat-sistema-inmune","7":"product_cat-sistema-respiratorio","8":"desktop-align-center","9":"tablet-align-center","10":"mobile-align-center","11":"ast-product-gallery-layout-horizontal","12":"ast-product-gallery-with-no-image","13":"ast-product-tabs-layout-horizontal","15":"first","16":"instock","17":"taxable","18":"shipping-taxable","19":"purchasable","20":"product-type-simple"},"_links":{"self":[{"href":"https:\/\/dioxvitae.es\/fr\/wp-json\/wp\/v2\/product\/14739","targetHints":{"allow":["GET"]}}],"collection":[{"href":"https:\/\/dioxvitae.es\/fr\/wp-json\/wp\/v2\/product"}],"about":[{"href":"https:\/\/dioxvitae.es\/fr\/wp-json\/wp\/v2\/types\/product"}],"replies":[{"embeddable":true,"href":"https:\/\/dioxvitae.es\/fr\/wp-json\/wp\/v2\/comments?post=14739"}],"version-history":[{"count":7,"href":"https:\/\/dioxvitae.es\/fr\/wp-json\/wp\/v2\/product\/14739\/revisions"}],"predecessor-version":[{"id":19481,"href":"https:\/\/dioxvitae.es\/fr\/wp-json\/wp\/v2\/product\/14739\/revisions\/19481"}],"wp:featuredmedia":[{"embeddable":true,"href":"https:\/\/dioxvitae.es\/fr\/wp-json\/wp\/v2\/media\/16820"}],"wp:attachment":[{"href":"https:\/\/dioxvitae.es\/fr\/wp-json\/wp\/v2\/media?parent=14739"}],"wp:term":[{"taxonomy":"product_brand","embeddable":true,"href":"https:\/\/dioxvitae.es\/fr\/wp-json\/wp\/v2\/product_brand?post=14739"},{"taxonomy":"product_cat","embeddable":true,"href":"https:\/\/dioxvitae.es\/fr\/wp-json\/wp\/v2\/product_cat?post=14739"},{"taxonomy":"product_tag","embeddable":true,"href":"https:\/\/dioxvitae.es\/fr\/wp-json\/wp\/v2\/product_tag?post=14739"}],"curies":[{"name":"wp","href":"https:\/\/api.w.org\/{rel}","templated":true}]}}