{"id":14735,"date":"2025-04-14T10:35:10","date_gmt":"2025-04-14T08:35:10","guid":{"rendered":"https:\/\/www.dioxvitae.es\/tosaliv-jarabe\/"},"modified":"2026-03-18T13:18:13","modified_gmt":"2026-03-18T11:18:13","slug":"sirop-de-tosaliv","status":"publish","type":"product","link":"https:\/\/dioxvitae.es\/fr\/tosaliv-jarabe\/","title":{"rendered":"Tosaliv Sirop"},"content":{"rendered":"<div data-elementor-type=\"wp-post\" data-elementor-id=\"14735\" class=\"elementor elementor-14735\" data-elementor-post-type=\"product\">\n\t\t\t\t\t\t<section class=\"elementor-section elementor-top-section elementor-element elementor-element-3b3dc236 elementor-section-boxed elementor-section-height-default elementor-section-height-default\" data-id=\"3b3dc236\" data-element_type=\"section\" data-e-type=\"section\">\n\t\t\t\t\t\t<div class=\"elementor-container elementor-column-gap-default\">\n\t\t\t\t\t<div class=\"elementor-column elementor-col-100 elementor-top-column elementor-element elementor-element-408add27\" data-id=\"408add27\" data-element_type=\"column\" data-e-type=\"column\">\n\t\t\t<div class=\"elementor-widget-wrap elementor-element-populated\">\n\t\t\t\t\t\t<div class=\"elementor-element elementor-element-6b04eb20 elementor-widget elementor-widget-text-editor\" data-id=\"6b04eb20\" data-element_type=\"widget\" data-e-type=\"widget\" data-widget_type=\"text-editor.default\">\n\t\t\t\t<div class=\"elementor-widget-container\">\n\t\t\t\t\t\t\t\t\t<h2>Qu'est-ce que le sirop Tosaliv ?<\/h2><p>Compl\u00e9ment alimentaire sous forme de sirop formul\u00e9 \u00e0 partir d'extraits glyc\u00e9rin\u00e9s de thym, d'ac\u00e9rola, d'h\u00e9lichryse, de rossolis et d'autres plantes traditionnellement utilis\u00e9es pour leurs propri\u00e9t\u00e9s d\u00e9congestionnantes, expectorantes et apaisantes. Il est indiqu\u00e9 pour les adultes et les enfants, particuli\u00e8rement utile par temps froid ou en cas de g\u00eane respiratoire l\u00e9g\u00e8re.<\/p><p>\u00a0<\/p><h2>Ingr\u00e9dients<\/h2><p>Extraits glyc\u00e9rin\u00e9s de : Thym (Thymus vulgaris), Drosera (Drosera rotundifolia), Ac\u00e9rola (Malpighia punicifolia), Aigremoine (Agrimonia eupatoria), Helichrysum (Helichrysum italicum), Pelargonium (Pelargonium sidoides DC), Lichen d'Islande (Cetraria islandica L.), Ciste (Cistus incanus L.), Pulmonaire (Pulmonaria officinalis L.).<br \/><br \/><\/p><h2>Mode d'emploi<\/h2><p>Prendre le m\u00e9dicament conform\u00e9ment \u00e0 la notice ou \u00e0 la recommandation d'un professionnel. Agiter avant utilisation.<\/p><p>\u00a0<\/p><h2>Effets positifs<\/h2><ul><li>Favorise la sant\u00e9 des voies respiratoires.<\/li><li>Aide \u00e0 calmer la toux et \u00e0 adoucir la gorge.<\/li><li>Favorise l'hydratation et le nettoyage des muqueuses respiratoires.<\/li><li>Fournit des extraits de plantes ayant un effet balsamique, expectorant et protecteur.<\/li><\/ul><p>\u00a0<\/p><h2>Pr\u00e9sentation<\/h2><p>Sirop dans un r\u00e9cipient de 200 ml.<\/p>\t\t\t\t\t\t\t\t<\/div>\n\t\t\t\t<\/div>\n\t\t\t\t\t<\/div>\n\t\t<\/div>\n\t\t\t\t\t<\/div>\n\t\t<\/section>\n\t\t\t\t<\/div>","protected":false},"excerpt":{"rendered":"<p>\u00abSirop naturel \u00e0 base d'extraits glyc\u00e9rin\u00e9s de thym, d'ac\u00e9rola, d'h\u00e9lichryse et d'autres plantes qui aident \u00e0 maintenir les voies respiratoires dans un \u00e9tat normal. Convient aux adultes et aux enfants. Sans sucre\u00bb.\u00bb<\/p>","protected":false},"featured_media":16824,"comment_status":"open","ping_status":"closed","template":"","meta":{"site-sidebar-layout":"default","site-content-layout":"","ast-site-content-layout":"default","site-content-style":"default","site-sidebar-style":"default","ast-global-header-display":"","ast-banner-title-visibility":"","ast-main-header-display":"","ast-hfb-above-header-display":"","ast-hfb-below-header-display":"","ast-hfb-mobile-header-display":"","site-post-title":"","ast-breadcrumbs-content":"","ast-featured-img":"","footer-sml-layout":"","ast-disable-related-posts":"","theme-transparent-header-meta":"default","adv-header-id-meta":"","stick-header-meta":"default","header-above-stick-meta":"","header-main-stick-meta":"","header-below-stick-meta":"","astra-migrate-meta-layouts":"set","ast-page-background-enabled":"default","ast-page-background-meta":{"desktop":{"background-color":"","background-image":"","background-repeat":"repeat","background-position":"center center","background-size":"auto","background-attachment":"scroll","background-type":"","background-media":"","overlay-type":"","overlay-color":"","overlay-opacity":"","overlay-gradient":""},"tablet":{"background-color":"","background-image":"","background-repeat":"repeat","background-position":"center center","background-size":"auto","background-attachment":"scroll","background-type":"","background-media":"","overlay-type":"","overlay-color":"","overlay-opacity":"","overlay-gradient":""},"mobile":{"background-color":"","background-image":"","background-repeat":"repeat","background-position":"center center","background-size":"auto","background-attachment":"scroll","background-type":"","background-media":"","overlay-type":"","overlay-color":"","overlay-opacity":"","overlay-gradient":""}},"ast-content-background-meta":{"desktop":{"background-color":"var(--ast-global-color-5)","background-image":"","background-repeat":"repeat","background-position":"center center","background-size":"auto","background-attachment":"scroll","background-type":"","background-media":"","overlay-type":"","overlay-color":"","overlay-opacity":"","overlay-gradient":""},"tablet":{"background-color":"var(--ast-global-color-5)","background-image":"","background-repeat":"repeat","background-position":"center center","background-size":"auto","background-attachment":"scroll","background-type":"","background-media":"","overlay-type":"","overlay-color":"","overlay-opacity":"","overlay-gradient":""},"mobile":{"background-color":"var(--ast-global-color-5)","background-image":"","background-repeat":"repeat","background-position":"center center","background-size":"auto","background-attachment":"scroll","background-type":"","background-media":"","overlay-type":"","overlay-color":"","overlay-opacity":"","overlay-gradient":""}},"_glsr_average":0,"_glsr_ranking":0,"_glsr_reviews":0},"product_brand":[],"product_cat":[337,338],"product_tag":[],"class_list":{"0":"post-14735","1":"product","2":"type-product","3":"status-publish","4":"has-post-thumbnail","6":"product_cat-sistema-inmune","7":"product_cat-sistema-respiratorio","8":"desktop-align-center","9":"tablet-align-center","10":"mobile-align-center","11":"ast-product-gallery-layout-horizontal","12":"ast-product-gallery-with-no-image","13":"ast-product-tabs-layout-horizontal","15":"first","16":"instock","17":"taxable","18":"shipping-taxable","19":"purchasable","20":"product-type-simple"},"_links":{"self":[{"href":"https:\/\/dioxvitae.es\/fr\/wp-json\/wp\/v2\/product\/14735","targetHints":{"allow":["GET"]}}],"collection":[{"href":"https:\/\/dioxvitae.es\/fr\/wp-json\/wp\/v2\/product"}],"about":[{"href":"https:\/\/dioxvitae.es\/fr\/wp-json\/wp\/v2\/types\/product"}],"replies":[{"embeddable":true,"href":"https:\/\/dioxvitae.es\/fr\/wp-json\/wp\/v2\/comments?post=14735"}],"version-history":[{"count":7,"href":"https:\/\/dioxvitae.es\/fr\/wp-json\/wp\/v2\/product\/14735\/revisions"}],"predecessor-version":[{"id":19545,"href":"https:\/\/dioxvitae.es\/fr\/wp-json\/wp\/v2\/product\/14735\/revisions\/19545"}],"wp:featuredmedia":[{"embeddable":true,"href":"https:\/\/dioxvitae.es\/fr\/wp-json\/wp\/v2\/media\/16824"}],"wp:attachment":[{"href":"https:\/\/dioxvitae.es\/fr\/wp-json\/wp\/v2\/media?parent=14735"}],"wp:term":[{"taxonomy":"product_brand","embeddable":true,"href":"https:\/\/dioxvitae.es\/fr\/wp-json\/wp\/v2\/product_brand?post=14735"},{"taxonomy":"product_cat","embeddable":true,"href":"https:\/\/dioxvitae.es\/fr\/wp-json\/wp\/v2\/product_cat?post=14735"},{"taxonomy":"product_tag","embeddable":true,"href":"https:\/\/dioxvitae.es\/fr\/wp-json\/wp\/v2\/product_tag?post=14735"}],"curies":[{"name":"wp","href":"https:\/\/api.w.org\/{rel}","templated":true}]}}