{"id":14734,"date":"2025-04-14T10:35:10","date_gmt":"2025-04-14T08:35:10","guid":{"rendered":"https:\/\/www.dioxvitae.es\/somnirelax\/"},"modified":"2026-03-25T10:45:19","modified_gmt":"2026-03-25T08:45:19","slug":"somnirelax","status":"publish","type":"product","link":"https:\/\/dioxvitae.es\/fr\/somnirelax\/","title":{"rendered":"Somnirelax"},"content":{"rendered":"<div data-elementor-type=\"wp-post\" data-elementor-id=\"14734\" class=\"elementor elementor-14734\" data-elementor-post-type=\"product\">\n\t\t\t\t\t\t<section class=\"elementor-section elementor-top-section elementor-element elementor-element-20b8f9e2 elementor-section-boxed elementor-section-height-default elementor-section-height-default\" data-id=\"20b8f9e2\" data-element_type=\"section\" data-e-type=\"section\">\n\t\t\t\t\t\t<div class=\"elementor-container elementor-column-gap-default\">\n\t\t\t\t\t<div class=\"elementor-column elementor-col-100 elementor-top-column elementor-element elementor-element-5695b893\" data-id=\"5695b893\" data-element_type=\"column\" data-e-type=\"column\">\n\t\t\t<div class=\"elementor-widget-wrap elementor-element-populated\">\n\t\t\t\t\t\t<div class=\"elementor-element elementor-element-6f76c3d1 elementor-widget elementor-widget-text-editor\" data-id=\"6f76c3d1\" data-element_type=\"widget\" data-e-type=\"widget\" data-widget_type=\"text-editor.default\">\n\t\t\t\t<div class=\"elementor-widget-container\">\n\t\t\t\t\t\t\t\t\t<h2>Qu'est-ce que SomniRelax ?<\/h2><p>Somnirelax est un compl\u00e9ment formul\u00e9 \u00e0 partir d'ingr\u00e9dients naturels et de nutriments cl\u00e9s qui contribuent \u00e0 induire le sommeil et \u00e0 favoriser un repos profond et r\u00e9parateur. Sa formule comprend des extraits standardis\u00e9s de passiflore, de pavot de Californie et d'aub\u00e9pine, ainsi que de la m\u00e9latonine, du GABA, des sels de Sch\u00fcssler et des vitamines B, tous reconnus pour leurs effets positifs sur le syst\u00e8me nerveux et le sommeil.<\/p><p>\u00a0<\/p><h2>Ingr\u00e9dients<\/h2><p>Extrait sec de passiflore (4% vitexine) : 200 mg. Extrait sec de pavot de Californie (0,4% alcalo\u00efdes) : 100 mg. Extrait sec d'aub\u00e9pine (3% hyperoside) : 50 mg. GABA : 50 mg. Kalium phosphoricum (sel de Sch\u00fcssler n\u00b0 5) : 23,5 mg. M\u00e9latonine : 1,99 mg. Vitamine B6 (chlorhydrate de pyridoxine) : 0,7 mg. Vitamine B1 (chlorhydrate de thiamine) : 0,55 mcg. Vitamine B12 (cyanocobalamine) : 1,25 mcg.<\/p><p>\u00a0<\/p><h2>Mode d'emploi<\/h2><p>Prendre 1 g\u00e9lule par jour avant le coucher.<\/p><p>\u00a0<\/p><h2>Effets positifs<\/h2><ul><li>Aide \u00e0 s'endormir et \u00e0 passer une bonne nuit de sommeil (m\u00e9latonine).<\/li><li>Contribue \u00e0 d\u00e9tendre le syst\u00e8me nerveux gr\u00e2ce aux extraits de plantes et au GABA.<\/li><li>Contribue au fonctionnement normal du syst\u00e8me nerveux (vitamines B1, B6 et B12).<\/li><li>Favorise l'\u00e9quilibre \u00e9motionnel et mental (Kalium phosphoricum).<\/li><\/ul><p>\u00a0<\/p><h2>Pr\u00e9sentation<\/h2><p>Emballage contenant 40 g\u00e9lules.<\/p>\t\t\t\t\t\t\t\t<\/div>\n\t\t\t\t<\/div>\n\t\t\t\t\t<\/div>\n\t\t<\/div>\n\t\t\t\t\t<\/div>\n\t\t<\/section>\n\t\t\t\t<\/div>","protected":false},"excerpt":{"rendered":"<p>\u00abSomniRelax est un compl\u00e9ment alimentaire qui favorise la conciliation du sommeil et d'une nuit r\u00e9paratrice, gr\u00e2ce \u00e0 sa combinaison d'extraits de plantes, de m\u00e9latonine, de GABA et de vitamines B\u00bb.\u00bb<\/p>","protected":false},"featured_media":14354,"comment_status":"open","ping_status":"closed","template":"","meta":{"site-sidebar-layout":"default","site-content-layout":"","ast-site-content-layout":"default","site-content-style":"default","site-sidebar-style":"default","ast-global-header-display":"","ast-banner-title-visibility":"","ast-main-header-display":"","ast-hfb-above-header-display":"","ast-hfb-below-header-display":"","ast-hfb-mobile-header-display":"","site-post-title":"","ast-breadcrumbs-content":"","ast-featured-img":"","footer-sml-layout":"","ast-disable-related-posts":"","theme-transparent-header-meta":"default","adv-header-id-meta":"","stick-header-meta":"default","header-above-stick-meta":"","header-main-stick-meta":"","header-below-stick-meta":"","astra-migrate-meta-layouts":"set","ast-page-background-enabled":"default","ast-page-background-meta":{"desktop":{"background-color":"","background-image":"","background-repeat":"repeat","background-position":"center center","background-size":"auto","background-attachment":"scroll","background-type":"","background-media":"","overlay-type":"","overlay-color":"","overlay-opacity":"","overlay-gradient":""},"tablet":{"background-color":"","background-image":"","background-repeat":"repeat","background-position":"center center","background-size":"auto","background-attachment":"scroll","background-type":"","background-media":"","overlay-type":"","overlay-color":"","overlay-opacity":"","overlay-gradient":""},"mobile":{"background-color":"","background-image":"","background-repeat":"repeat","background-position":"center center","background-size":"auto","background-attachment":"scroll","background-type":"","background-media":"","overlay-type":"","overlay-color":"","overlay-opacity":"","overlay-gradient":""}},"ast-content-background-meta":{"desktop":{"background-color":"var(--ast-global-color-5)","background-image":"","background-repeat":"repeat","background-position":"center center","background-size":"auto","background-attachment":"scroll","background-type":"","background-media":"","overlay-type":"","overlay-color":"","overlay-opacity":"","overlay-gradient":""},"tablet":{"background-color":"var(--ast-global-color-5)","background-image":"","background-repeat":"repeat","background-position":"center center","background-size":"auto","background-attachment":"scroll","background-type":"","background-media":"","overlay-type":"","overlay-color":"","overlay-opacity":"","overlay-gradient":""},"mobile":{"background-color":"var(--ast-global-color-5)","background-image":"","background-repeat":"repeat","background-position":"center center","background-size":"auto","background-attachment":"scroll","background-type":"","background-media":"","overlay-type":"","overlay-color":"","overlay-opacity":"","overlay-gradient":""}},"_glsr_average":0,"_glsr_ranking":0,"_glsr_reviews":0},"product_brand":[],"product_cat":[341,350],"product_tag":[],"class_list":{"0":"post-14734","1":"product","2":"type-product","3":"status-publish","4":"has-post-thumbnail","6":"product_cat-sistema-nervioso","7":"product_cat-relajacion-y-descanso","8":"desktop-align-center","9":"tablet-align-center","10":"mobile-align-center","11":"ast-product-gallery-layout-horizontal","12":"ast-product-gallery-with-no-image","13":"ast-product-tabs-layout-horizontal","15":"first","16":"instock","17":"taxable","18":"shipping-taxable","19":"purchasable","20":"product-type-simple"},"_links":{"self":[{"href":"https:\/\/dioxvitae.es\/fr\/wp-json\/wp\/v2\/product\/14734","targetHints":{"allow":["GET"]}}],"collection":[{"href":"https:\/\/dioxvitae.es\/fr\/wp-json\/wp\/v2\/product"}],"about":[{"href":"https:\/\/dioxvitae.es\/fr\/wp-json\/wp\/v2\/types\/product"}],"replies":[{"embeddable":true,"href":"https:\/\/dioxvitae.es\/fr\/wp-json\/wp\/v2\/comments?post=14734"}],"version-history":[{"count":6,"href":"https:\/\/dioxvitae.es\/fr\/wp-json\/wp\/v2\/product\/14734\/revisions"}],"predecessor-version":[{"id":16642,"href":"https:\/\/dioxvitae.es\/fr\/wp-json\/wp\/v2\/product\/14734\/revisions\/16642"}],"wp:featuredmedia":[{"embeddable":true,"href":"https:\/\/dioxvitae.es\/fr\/wp-json\/wp\/v2\/media\/14354"}],"wp:attachment":[{"href":"https:\/\/dioxvitae.es\/fr\/wp-json\/wp\/v2\/media?parent=14734"}],"wp:term":[{"taxonomy":"product_brand","embeddable":true,"href":"https:\/\/dioxvitae.es\/fr\/wp-json\/wp\/v2\/product_brand?post=14734"},{"taxonomy":"product_cat","embeddable":true,"href":"https:\/\/dioxvitae.es\/fr\/wp-json\/wp\/v2\/product_cat?post=14734"},{"taxonomy":"product_tag","embeddable":true,"href":"https:\/\/dioxvitae.es\/fr\/wp-json\/wp\/v2\/product_tag?post=14734"}],"curies":[{"name":"wp","href":"https:\/\/api.w.org\/{rel}","templated":true}]}}