{"id":14732,"date":"2025-04-14T10:35:10","date_gmt":"2025-04-14T08:35:10","guid":{"rendered":"https:\/\/www.dioxvitae.es\/diudre\/"},"modified":"2026-02-09T11:41:16","modified_gmt":"2026-02-09T09:41:16","slug":"diudre","status":"publish","type":"product","link":"https:\/\/dioxvitae.es\/fr\/diudre\/","title":{"rendered":"Diudre"},"content":{"rendered":"<div data-elementor-type=\"wp-post\" data-elementor-id=\"14732\" class=\"elementor elementor-14732\" data-elementor-post-type=\"product\">\n\t\t\t\t\t\t<section class=\"elementor-section elementor-top-section elementor-element elementor-element-10fffde8 elementor-section-boxed elementor-section-height-default elementor-section-height-default\" data-id=\"10fffde8\" data-element_type=\"section\" data-e-type=\"section\">\n\t\t\t\t\t\t<div class=\"elementor-container elementor-column-gap-default\">\n\t\t\t\t\t<div class=\"elementor-column elementor-col-100 elementor-top-column elementor-element elementor-element-30eaefe9\" data-id=\"30eaefe9\" data-element_type=\"column\" data-e-type=\"column\">\n\t\t\t<div class=\"elementor-widget-wrap elementor-element-populated\">\n\t\t\t\t\t\t<div class=\"elementor-element elementor-element-25c81801 elementor-widget elementor-widget-text-editor\" data-id=\"25c81801\" data-element_type=\"widget\" data-e-type=\"widget\" data-widget_type=\"text-editor.default\">\n\t\t\t\t<div class=\"elementor-widget-container\">\n\t\t\t\t\t\t\t\t\t<h2>Qu'est-ce que Diudre ?<\/h2><p>Plameca DiuDre Plan est un compl\u00e9ment alimentaire qui contribue \u00e0 l'\u00e9quilibre des fluides dans l'organisme et favorise le contr\u00f4le du poids gr\u00e2ce \u00e0 sa formule \u00e0 base d'extraits de plantes s\u00e9lectionn\u00e9es. Son action diur\u00e9tique et d\u00e9purative contribue \u00e0 l'\u00e9limination des toxines, \u00e0 l'am\u00e9lioration de la circulation et \u00e0 la r\u00e9duction du volume corporel.<\/p><p>Contient de la pr\u00eale, du boldo, du romarin, des stigmates de ma\u00efs, de l'artichaut et de la vigne rouge, plantes traditionnellement utilis\u00e9es pour leurs propri\u00e9t\u00e9s drainantes, h\u00e9patoprotectrices et circulatoires.<\/p><p>\u00a0<\/p><h2>Ingr\u00e9dients<\/h2><p>Extrait fluide de feuille d'artichaut (1:1) : 0,3 ml, Extrait fluide de tige st\u00e9rile de pr\u00eale (1:1) : 0,3 ml, Extrait fluide de feuille de boldo (1:1) : 0,3 ml, Extrait fluide de stigmates de ma\u00efs (1:1) : 0,3 ml, Extrait fluide de feuille de romarin (1:1) : 0,2 ml, Extrait fluide de feuille de vigne rouge (1:1) : 0,1 ml. Autres ingr\u00e9dients : eau, acide citrique, sorbate de potassium, benzoate de sodium, caramel, sucralose, glycosides de st\u00e9viol (st\u00e9via).<\/p><p>\u00a0<\/p><h2>Mode d'emploi<\/h2><p>Verser 15 ml (gobelet doseur) dans 1,5 litre d'eau et consommer tout au long de la journ\u00e9e. Agiter avant utilisation.<\/p><p>\u00a0<\/p><h2>Effets positifs<\/h2><ul><li>Il favorise l'\u00e9limination des liquides et des toxines.<\/li><li>Contribue au contr\u00f4le du poids.<\/li><li>Favorise la fonction de nettoyage du foie.<\/li><li>Am\u00e9liore la circulation et la sensation de l\u00e9g\u00e8ret\u00e9.<\/li><li>Aide \u00e0 maintenir l'\u00e9quilibre hydrique de l'organisme.<\/li><\/ul><p>\u00a0<\/p><h2>Pr\u00e9sentation<\/h2><p>Contenant de 250 ml.<\/p>\t\t\t\t\t\t\t\t<\/div>\n\t\t\t\t<\/div>\n\t\t\t\t\t<\/div>\n\t\t<\/div>\n\t\t\t\t\t<\/div>\n\t\t<\/section>\n\t\t\t\t<\/div>","protected":false},"excerpt":{"rendered":"<p>\u00abPlan DiuDre est un compl\u00e9ment alimentaire qui favorise l'\u00e9limination des liquides et des toxines, aidant au contr\u00f4le du poids et au bien-\u00eatre circulatoire.\u00bb<\/p>","protected":false},"featured_media":14352,"comment_status":"open","ping_status":"closed","template":"","meta":{"site-sidebar-layout":"default","site-content-layout":"","ast-site-content-layout":"default","site-content-style":"default","site-sidebar-style":"default","ast-global-header-display":"","ast-banner-title-visibility":"","ast-main-header-display":"","ast-hfb-above-header-display":"","ast-hfb-below-header-display":"","ast-hfb-mobile-header-display":"","site-post-title":"","ast-breadcrumbs-content":"","ast-featured-img":"","footer-sml-layout":"","ast-disable-related-posts":"","theme-transparent-header-meta":"default","adv-header-id-meta":"","stick-header-meta":"default","header-above-stick-meta":"","header-main-stick-meta":"","header-below-stick-meta":"","astra-migrate-meta-layouts":"set","ast-page-background-enabled":"default","ast-page-background-meta":{"desktop":{"background-color":"","background-image":"","background-repeat":"repeat","background-position":"center center","background-size":"auto","background-attachment":"scroll","background-type":"","background-media":"","overlay-type":"","overlay-color":"","overlay-opacity":"","overlay-gradient":""},"tablet":{"background-color":"","background-image":"","background-repeat":"repeat","background-position":"center center","background-size":"auto","background-attachment":"scroll","background-type":"","background-media":"","overlay-type":"","overlay-color":"","overlay-opacity":"","overlay-gradient":""},"mobile":{"background-color":"","background-image":"","background-repeat":"repeat","background-position":"center center","background-size":"auto","background-attachment":"scroll","background-type":"","background-media":"","overlay-type":"","overlay-color":"","overlay-opacity":"","overlay-gradient":""}},"ast-content-background-meta":{"desktop":{"background-color":"var(--ast-global-color-5)","background-image":"","background-repeat":"repeat","background-position":"center center","background-size":"auto","background-attachment":"scroll","background-type":"","background-media":"","overlay-type":"","overlay-color":"","overlay-opacity":"","overlay-gradient":""},"tablet":{"background-color":"var(--ast-global-color-5)","background-image":"","background-repeat":"repeat","background-position":"center center","background-size":"auto","background-attachment":"scroll","background-type":"","background-media":"","overlay-type":"","overlay-color":"","overlay-opacity":"","overlay-gradient":""},"mobile":{"background-color":"var(--ast-global-color-5)","background-image":"","background-repeat":"repeat","background-position":"center center","background-size":"auto","background-attachment":"scroll","background-type":"","background-media":"","overlay-type":"","overlay-color":"","overlay-opacity":"","overlay-gradient":""}},"_glsr_average":0,"_glsr_ranking":0,"_glsr_reviews":0},"product_brand":[],"product_cat":[356],"product_tag":[],"class_list":{"0":"post-14732","1":"product","2":"type-product","3":"status-publish","4":"has-post-thumbnail","6":"product_cat-sistema-metabolico","7":"desktop-align-center","8":"tablet-align-center","9":"mobile-align-center","10":"ast-product-gallery-layout-horizontal","11":"ast-product-gallery-with-no-image","12":"ast-product-tabs-layout-horizontal","14":"first","15":"instock","16":"taxable","17":"shipping-taxable","18":"purchasable","19":"product-type-simple"},"_links":{"self":[{"href":"https:\/\/dioxvitae.es\/fr\/wp-json\/wp\/v2\/product\/14732","targetHints":{"allow":["GET"]}}],"collection":[{"href":"https:\/\/dioxvitae.es\/fr\/wp-json\/wp\/v2\/product"}],"about":[{"href":"https:\/\/dioxvitae.es\/fr\/wp-json\/wp\/v2\/types\/product"}],"replies":[{"embeddable":true,"href":"https:\/\/dioxvitae.es\/fr\/wp-json\/wp\/v2\/comments?post=14732"}],"version-history":[{"count":5,"href":"https:\/\/dioxvitae.es\/fr\/wp-json\/wp\/v2\/product\/14732\/revisions"}],"predecessor-version":[{"id":16042,"href":"https:\/\/dioxvitae.es\/fr\/wp-json\/wp\/v2\/product\/14732\/revisions\/16042"}],"wp:featuredmedia":[{"embeddable":true,"href":"https:\/\/dioxvitae.es\/fr\/wp-json\/wp\/v2\/media\/14352"}],"wp:attachment":[{"href":"https:\/\/dioxvitae.es\/fr\/wp-json\/wp\/v2\/media?parent=14732"}],"wp:term":[{"taxonomy":"product_brand","embeddable":true,"href":"https:\/\/dioxvitae.es\/fr\/wp-json\/wp\/v2\/product_brand?post=14732"},{"taxonomy":"product_cat","embeddable":true,"href":"https:\/\/dioxvitae.es\/fr\/wp-json\/wp\/v2\/product_cat?post=14732"},{"taxonomy":"product_tag","embeddable":true,"href":"https:\/\/dioxvitae.es\/fr\/wp-json\/wp\/v2\/product_tag?post=14732"}],"curies":[{"name":"wp","href":"https:\/\/api.w.org\/{rel}","templated":true}]}}