{"id":14729,"date":"2025-04-14T10:35:10","date_gmt":"2025-04-14T08:35:10","guid":{"rendered":"https:\/\/www.dioxvitae.es\/propol-c\/"},"modified":"2026-04-02T12:09:53","modified_gmt":"2026-04-02T10:09:53","slug":"propol-c","status":"publish","type":"product","link":"https:\/\/dioxvitae.es\/fr\/propol-c\/","title":{"rendered":"PROPOL C"},"content":{"rendered":"<div data-elementor-type=\"wp-post\" data-elementor-id=\"14729\" class=\"elementor elementor-14729\" data-elementor-post-type=\"product\">\n\t\t\t\t\t\t<section class=\"elementor-section elementor-top-section elementor-element elementor-element-50259c25 elementor-section-boxed elementor-section-height-default elementor-section-height-default\" data-id=\"50259c25\" data-element_type=\"section\" data-e-type=\"section\">\n\t\t\t\t\t\t<div class=\"elementor-container elementor-column-gap-default\">\n\t\t\t\t\t<div class=\"elementor-column elementor-col-100 elementor-top-column elementor-element elementor-element-4f1b7c81\" data-id=\"4f1b7c81\" data-element_type=\"column\" data-e-type=\"column\">\n\t\t\t<div class=\"elementor-widget-wrap elementor-element-populated\">\n\t\t\t\t\t\t<div class=\"elementor-element elementor-element-22a01c59 elementor-widget elementor-widget-text-editor\" data-id=\"22a01c59\" data-element_type=\"widget\" data-e-type=\"widget\" data-widget_type=\"text-editor.default\">\n\t\t\t\t<div class=\"elementor-widget-container\">\n\t\t\t\t\t\t\t\t\t<h2>Qu'est-ce que le Propol C ?<\/h2><p>Propol C 1000 mg Propolaid est un compl\u00e9ment alimentaire formul\u00e9 pour soutenir le syst\u00e8me immunitaire, notamment en p\u00e9riode de froid ou de besoins d\u00e9fensifs accrus. Il contient de la vitamine C \u00e0 haute dose (1000 mg par comprim\u00e9), de l'extrait de propolis, du zinc et des extraits de plantes comme le saule blanc et l'\u00e9glantier.<\/p><p>Son format effervescent permet une absorption rapide et a un agr\u00e9able go\u00fbt de mandarine. Il est \u00e9galement \u00e9dulcor\u00e9 avec de l'extrait naturel de feuilles de st\u00e9via, ce qui en fait une option sans sucres ajout\u00e9s.<\/p><p>\u00a0<\/p><h2>Ingr\u00e9dients<\/h2><p>Vitamine C : 1000 mg. Zinc : 7,5 mg. Extrait sec de propolis : 100 mg (apportant 6 mg de polyph\u00e9nols). Extrait sec de saule blanc : 30 mg (apportant 4,5 mg de salicine). Extrait sec d'\u00e9glantier : 10 mg. Autres ingr\u00e9dients : ar\u00f4me naturel de mandarine, extrait de feuille de st\u00e9via.<\/p><p>\u00a0<\/p><h2>Mode d'emploi<\/h2><p>Prendre 1 comprim\u00e9 effervescent par jour, dissous dans un demi-verre d'eau.<br \/>Attendre quelques minutes jusqu'\u00e0 dissolution compl\u00e8te.<\/p><p>\u00a0<\/p><h2>Effets positifs<\/h2><ul><li>Contribue au fonctionnement normal du syst\u00e8me immunitaire.<\/li><li>Fournit des antioxydants naturels.<\/li><li>Format effervescent pour une meilleure absorption.<\/li><\/ul><p>\u00a0<\/p><h2>Pr\u00e9sentation<\/h2><p>Emballage contenant 20 comprim\u00e9s effervescents dans un tube.<\/p>\t\t\t\t\t\t\t\t<\/div>\n\t\t\t\t<\/div>\n\t\t\t\t\t<\/div>\n\t\t<\/div>\n\t\t\t\t\t<\/div>\n\t\t<\/section>\n\t\t\t\t<\/div>","protected":false},"excerpt":{"rendered":"<p>\u00abPropol C 1000 mg Propolaid est un compl\u00e9ment alimentaire sous forme effervescente \u00e0 base de vitamine C, de propolis, de zinc et d'extraits de plantes, id\u00e9al pour renforcer le syst\u00e8me immunitaire.\u00bb<\/p>","protected":false},"featured_media":14347,"comment_status":"open","ping_status":"closed","template":"","meta":{"site-sidebar-layout":"default","site-content-layout":"","ast-site-content-layout":"default","site-content-style":"default","site-sidebar-style":"default","ast-global-header-display":"","ast-banner-title-visibility":"","ast-main-header-display":"","ast-hfb-above-header-display":"","ast-hfb-below-header-display":"","ast-hfb-mobile-header-display":"","site-post-title":"","ast-breadcrumbs-content":"","ast-featured-img":"","footer-sml-layout":"","ast-disable-related-posts":"","theme-transparent-header-meta":"default","adv-header-id-meta":"","stick-header-meta":"default","header-above-stick-meta":"","header-main-stick-meta":"","header-below-stick-meta":"","astra-migrate-meta-layouts":"set","ast-page-background-enabled":"default","ast-page-background-meta":{"desktop":{"background-color":"","background-image":"","background-repeat":"repeat","background-position":"center center","background-size":"auto","background-attachment":"scroll","background-type":"","background-media":"","overlay-type":"","overlay-color":"","overlay-opacity":"","overlay-gradient":""},"tablet":{"background-color":"","background-image":"","background-repeat":"repeat","background-position":"center center","background-size":"auto","background-attachment":"scroll","background-type":"","background-media":"","overlay-type":"","overlay-color":"","overlay-opacity":"","overlay-gradient":""},"mobile":{"background-color":"","background-image":"","background-repeat":"repeat","background-position":"center center","background-size":"auto","background-attachment":"scroll","background-type":"","background-media":"","overlay-type":"","overlay-color":"","overlay-opacity":"","overlay-gradient":""}},"ast-content-background-meta":{"desktop":{"background-color":"var(--ast-global-color-5)","background-image":"","background-repeat":"repeat","background-position":"center center","background-size":"auto","background-attachment":"scroll","background-type":"","background-media":"","overlay-type":"","overlay-color":"","overlay-opacity":"","overlay-gradient":""},"tablet":{"background-color":"var(--ast-global-color-5)","background-image":"","background-repeat":"repeat","background-position":"center center","background-size":"auto","background-attachment":"scroll","background-type":"","background-media":"","overlay-type":"","overlay-color":"","overlay-opacity":"","overlay-gradient":""},"mobile":{"background-color":"var(--ast-global-color-5)","background-image":"","background-repeat":"repeat","background-position":"center center","background-size":"auto","background-attachment":"scroll","background-type":"","background-media":"","overlay-type":"","overlay-color":"","overlay-opacity":"","overlay-gradient":""}},"_glsr_average":0,"_glsr_ranking":0,"_glsr_reviews":0},"product_brand":[],"product_cat":[337,351],"product_tag":[],"class_list":{"0":"post-14729","1":"product","2":"type-product","3":"status-publish","4":"has-post-thumbnail","6":"product_cat-sistema-inmune","7":"product_cat-vitaminas-y-minerales","8":"desktop-align-center","9":"tablet-align-center","10":"mobile-align-center","11":"ast-product-gallery-layout-horizontal","12":"ast-product-gallery-with-no-image","13":"ast-product-tabs-layout-horizontal","15":"first","16":"instock","17":"taxable","18":"shipping-taxable","19":"purchasable","20":"product-type-simple"},"_links":{"self":[{"href":"https:\/\/dioxvitae.es\/fr\/wp-json\/wp\/v2\/product\/14729","targetHints":{"allow":["GET"]}}],"collection":[{"href":"https:\/\/dioxvitae.es\/fr\/wp-json\/wp\/v2\/product"}],"about":[{"href":"https:\/\/dioxvitae.es\/fr\/wp-json\/wp\/v2\/types\/product"}],"replies":[{"embeddable":true,"href":"https:\/\/dioxvitae.es\/fr\/wp-json\/wp\/v2\/comments?post=14729"}],"version-history":[{"count":5,"href":"https:\/\/dioxvitae.es\/fr\/wp-json\/wp\/v2\/product\/14729\/revisions"}],"predecessor-version":[{"id":16187,"href":"https:\/\/dioxvitae.es\/fr\/wp-json\/wp\/v2\/product\/14729\/revisions\/16187"}],"wp:featuredmedia":[{"embeddable":true,"href":"https:\/\/dioxvitae.es\/fr\/wp-json\/wp\/v2\/media\/14347"}],"wp:attachment":[{"href":"https:\/\/dioxvitae.es\/fr\/wp-json\/wp\/v2\/media?parent=14729"}],"wp:term":[{"taxonomy":"product_brand","embeddable":true,"href":"https:\/\/dioxvitae.es\/fr\/wp-json\/wp\/v2\/product_brand?post=14729"},{"taxonomy":"product_cat","embeddable":true,"href":"https:\/\/dioxvitae.es\/fr\/wp-json\/wp\/v2\/product_cat?post=14729"},{"taxonomy":"product_tag","embeddable":true,"href":"https:\/\/dioxvitae.es\/fr\/wp-json\/wp\/v2\/product_tag?post=14729"}],"curies":[{"name":"wp","href":"https:\/\/api.w.org\/{rel}","templated":true}]}}