{"id":14728,"date":"2025-04-14T10:35:10","date_gmt":"2025-04-14T08:35:10","guid":{"rendered":"https:\/\/www.dioxvitae.es\/inmuniflor-urto\/"},"modified":"2026-04-02T12:11:38","modified_gmt":"2026-04-02T10:11:38","slug":"immuniflor-urto","status":"publish","type":"product","link":"https:\/\/dioxvitae.es\/fr\/inmuniflor-urto\/","title":{"rendered":"Immuniflor Urto"},"content":{"rendered":"<div data-elementor-type=\"wp-post\" data-elementor-id=\"14728\" class=\"elementor elementor-14728\" data-elementor-post-type=\"product\">\n\t\t\t\t\t\t<section class=\"elementor-section elementor-top-section elementor-element elementor-element-2cc80573 elementor-section-boxed elementor-section-height-default elementor-section-height-default\" data-id=\"2cc80573\" data-element_type=\"section\" data-e-type=\"section\">\n\t\t\t\t\t\t<div class=\"elementor-container elementor-column-gap-default\">\n\t\t\t\t\t<div class=\"elementor-column elementor-col-100 elementor-top-column elementor-element elementor-element-218f403a\" data-id=\"218f403a\" data-element_type=\"column\" data-e-type=\"column\">\n\t\t\t<div class=\"elementor-widget-wrap elementor-element-populated\">\n\t\t\t\t\t\t<div class=\"elementor-element elementor-element-f0df5d6 elementor-widget elementor-widget-text-editor\" data-id=\"f0df5d6\" data-element_type=\"widget\" data-e-type=\"widget\" data-widget_type=\"text-editor.default\">\n\t\t\t\t<div class=\"elementor-widget-container\">\n\t\t\t\t\t\t\t\t\t<h2>Qu'est-ce que Inmuniflor Urto ?<\/h2><p>Immunilflor Urto est un compl\u00e9ment alimentaire \u00e0 base d'extraits d'\u00e9chinac\u00e9e (purpurea et angustifolia), de griffe de chat, de vitamines C et D3, de zinc et de ferments lactiques teint\u00e9s. Cette combinaison d'ingr\u00e9dients naturels et de micronutriments contribue au fonctionnement normal du syst\u00e8me immunitaire et renforce les d\u00e9fenses de l'organisme.<\/p><p>Sa formule est particuli\u00e8rement indiqu\u00e9e en p\u00e9riode de risque accru, lors des changements de saison ou dans les situations qui n\u00e9cessitent un renforcement des d\u00e9fenses. L'inclusion de ferments teint\u00e9s favorise l'\u00e9quilibre du microbiote intestinal, un alli\u00e9 cl\u00e9 de l'immunit\u00e9.<\/p><p>\u00a0<\/p><h2>Ingr\u00e9dients<\/h2><p>Echinacea purpurea (tit. 4% polyph\u00e9nols) : 120 mg. \u00c9corce de griffe de chat (tit. 3% alcalo\u00efdes) : 50 mg. Echinacea purpurea (tit. 2% acide chicorique) : 30 mg. Echinacea angustifolia (tit. 4% \u00e9chinacosides) : 20 mg. Vitamine C : 80 mg. Vitamine D3 (chol\u00e9calcif\u00e9rol) : 80 mcg. Zinc (oxyde) : 10 mg. Ferments lactiques tindalis\u00e9s (L. casei, L. acidophilus, L. plantarum, S. thermophilus) : minimum 2000 millions de cellules tindalis\u00e9es. Autres ingr\u00e9dients : g\u00e9lule v\u00e9g\u00e9tale.<\/p><p>\u00a0<\/p><h2>Mode d'emploi<\/h2><p>Prendre 1 g\u00e9lule par jour. Convient aux adultes et aux enfants \u00e0 partir de 10 ans.<\/p><p>\u00a0<\/p><h2>Effets positifs<\/h2><ul><li>Contribue au fonctionnement normal du syst\u00e8me immunitaire.<\/li><li>Favorise l'\u00e9quilibre du microbiote intestinal.<\/li><li>Id\u00e9al en cas de demande immunologique accrue.<\/li><\/ul><p>\u00a0<\/p><h2>Pr\u00e9sentation<\/h2><p>Paquet de 30 g\u00e9lules de 500 mg sous blister.<\/p>\t\t\t\t\t\t\t\t<\/div>\n\t\t\t\t<\/div>\n\t\t\t\t\t<\/div>\n\t\t<\/div>\n\t\t\t\t\t<\/div>\n\t\t<\/section>\n\t\t\t\t<\/div>","protected":false},"excerpt":{"rendered":"<p>\u00abImmunilflor Urto est un compl\u00e9ment alimentaire destin\u00e9 \u00e0 renforcer le syst\u00e8me immunitaire, particuli\u00e8rement utile en p\u00e9riode de vuln\u00e9rabilit\u00e9 accrue.\u00bb<\/p>","protected":false},"featured_media":14346,"comment_status":"open","ping_status":"closed","template":"","meta":{"site-sidebar-layout":"default","site-content-layout":"","ast-site-content-layout":"default","site-content-style":"default","site-sidebar-style":"default","ast-global-header-display":"","ast-banner-title-visibility":"","ast-main-header-display":"","ast-hfb-above-header-display":"","ast-hfb-below-header-display":"","ast-hfb-mobile-header-display":"","site-post-title":"","ast-breadcrumbs-content":"","ast-featured-img":"","footer-sml-layout":"","ast-disable-related-posts":"","theme-transparent-header-meta":"default","adv-header-id-meta":"","stick-header-meta":"default","header-above-stick-meta":"","header-main-stick-meta":"","header-below-stick-meta":"","astra-migrate-meta-layouts":"set","ast-page-background-enabled":"default","ast-page-background-meta":{"desktop":{"background-color":"","background-image":"","background-repeat":"repeat","background-position":"center center","background-size":"auto","background-attachment":"scroll","background-type":"","background-media":"","overlay-type":"","overlay-color":"","overlay-opacity":"","overlay-gradient":""},"tablet":{"background-color":"","background-image":"","background-repeat":"repeat","background-position":"center center","background-size":"auto","background-attachment":"scroll","background-type":"","background-media":"","overlay-type":"","overlay-color":"","overlay-opacity":"","overlay-gradient":""},"mobile":{"background-color":"","background-image":"","background-repeat":"repeat","background-position":"center center","background-size":"auto","background-attachment":"scroll","background-type":"","background-media":"","overlay-type":"","overlay-color":"","overlay-opacity":"","overlay-gradient":""}},"ast-content-background-meta":{"desktop":{"background-color":"var(--ast-global-color-5)","background-image":"","background-repeat":"repeat","background-position":"center center","background-size":"auto","background-attachment":"scroll","background-type":"","background-media":"","overlay-type":"","overlay-color":"","overlay-opacity":"","overlay-gradient":""},"tablet":{"background-color":"var(--ast-global-color-5)","background-image":"","background-repeat":"repeat","background-position":"center center","background-size":"auto","background-attachment":"scroll","background-type":"","background-media":"","overlay-type":"","overlay-color":"","overlay-opacity":"","overlay-gradient":""},"mobile":{"background-color":"var(--ast-global-color-5)","background-image":"","background-repeat":"repeat","background-position":"center center","background-size":"auto","background-attachment":"scroll","background-type":"","background-media":"","overlay-type":"","overlay-color":"","overlay-opacity":"","overlay-gradient":""}},"_glsr_average":0,"_glsr_ranking":0,"_glsr_reviews":0},"product_brand":[],"product_cat":[337,351],"product_tag":[],"class_list":{"0":"post-14728","1":"product","2":"type-product","3":"status-publish","4":"has-post-thumbnail","6":"product_cat-sistema-inmune","7":"product_cat-vitaminas-y-minerales","8":"desktop-align-center","9":"tablet-align-center","10":"mobile-align-center","11":"ast-product-gallery-layout-horizontal","12":"ast-product-gallery-with-no-image","13":"ast-product-tabs-layout-horizontal","15":"first","16":"instock","17":"taxable","18":"shipping-taxable","19":"purchasable","20":"product-type-simple"},"_links":{"self":[{"href":"https:\/\/dioxvitae.es\/fr\/wp-json\/wp\/v2\/product\/14728","targetHints":{"allow":["GET"]}}],"collection":[{"href":"https:\/\/dioxvitae.es\/fr\/wp-json\/wp\/v2\/product"}],"about":[{"href":"https:\/\/dioxvitae.es\/fr\/wp-json\/wp\/v2\/types\/product"}],"replies":[{"embeddable":true,"href":"https:\/\/dioxvitae.es\/fr\/wp-json\/wp\/v2\/comments?post=14728"}],"version-history":[{"count":5,"href":"https:\/\/dioxvitae.es\/fr\/wp-json\/wp\/v2\/product\/14728\/revisions"}],"predecessor-version":[{"id":16186,"href":"https:\/\/dioxvitae.es\/fr\/wp-json\/wp\/v2\/product\/14728\/revisions\/16186"}],"wp:featuredmedia":[{"embeddable":true,"href":"https:\/\/dioxvitae.es\/fr\/wp-json\/wp\/v2\/media\/14346"}],"wp:attachment":[{"href":"https:\/\/dioxvitae.es\/fr\/wp-json\/wp\/v2\/media?parent=14728"}],"wp:term":[{"taxonomy":"product_brand","embeddable":true,"href":"https:\/\/dioxvitae.es\/fr\/wp-json\/wp\/v2\/product_brand?post=14728"},{"taxonomy":"product_cat","embeddable":true,"href":"https:\/\/dioxvitae.es\/fr\/wp-json\/wp\/v2\/product_cat?post=14728"},{"taxonomy":"product_tag","embeddable":true,"href":"https:\/\/dioxvitae.es\/fr\/wp-json\/wp\/v2\/product_tag?post=14728"}],"curies":[{"name":"wp","href":"https:\/\/api.w.org\/{rel}","templated":true}]}}