{"id":14724,"date":"2025-04-14T10:35:07","date_gmt":"2025-04-14T08:35:07","guid":{"rendered":"https:\/\/www.dioxvitae.es\/source-of-life\/"},"modified":"2026-03-25T10:52:06","modified_gmt":"2026-03-25T08:52:06","slug":"source-de-vie","status":"publish","type":"product","link":"https:\/\/dioxvitae.es\/fr\/source-of-life\/","title":{"rendered":"Source de vie"},"content":{"rendered":"<div data-elementor-type=\"wp-post\" data-elementor-id=\"14724\" class=\"elementor elementor-14724\" data-elementor-post-type=\"product\">\n\t\t\t\t\t\t<section class=\"elementor-section elementor-top-section elementor-element elementor-element-7e7e9d3f elementor-section-boxed elementor-section-height-default elementor-section-height-default\" data-id=\"7e7e9d3f\" data-element_type=\"section\" data-e-type=\"section\">\n\t\t\t\t\t\t<div class=\"elementor-container elementor-column-gap-default\">\n\t\t\t\t\t<div class=\"elementor-column elementor-col-100 elementor-top-column elementor-element elementor-element-7650ad9f\" data-id=\"7650ad9f\" data-element_type=\"column\" data-e-type=\"column\">\n\t\t\t<div class=\"elementor-widget-wrap elementor-element-populated\">\n\t\t\t\t\t\t<div class=\"elementor-element elementor-element-4af7c01b elementor-widget elementor-widget-text-editor\" data-id=\"4af7c01b\" data-element_type=\"widget\" data-e-type=\"widget\" data-widget_type=\"text-editor.default\">\n\t\t\t\t<div class=\"elementor-widget-container\">\n\t\t\t\t\t\t\t\t\t<h2>Qu'est-ce que la source de vie ?<\/h2><p>Source of Life Natures Plus est une multivitamine formul\u00e9e \u00e0 partir d'une base d'aliments entiers qui fournit une combinaison \u00e9quilibr\u00e9e de vitamines, de min\u00e9raux, d'acides gras et d'extraits naturels. Sa formule favorise l'absorption des nutriments et le m\u00e9tabolisme \u00e9nerg\u00e9tique, ce qui en fait un produit id\u00e9al pour les p\u00e9riodes de forte sollicitation physique ou mentale.<\/p><p>\u00a0<\/p><h2>Ingr\u00e9dients<\/h2><p>Vitamines A, B1, B2, B6, B8 (biotine), B9 (acide folique), B12, C, D, E et K, calcium, magn\u00e9sium, fer, zinc, mangan\u00e8se, cuivre, chrome, s\u00e9l\u00e9nium, spiruline, citroflavono\u00efdes, querc\u00e9tine, brom\u00e9la\u00efne, papa\u00efne, racine d'astragale, racine d'\u00e9chinac\u00e9e, feuille de thym, fruit de schisandra, son de riz, huile de tournesol, hesp\u00e9ridine, carot\u00e9no\u00efdes, pectine de pomme, chlorophylle et jus de betterave.<\/p><p>\u00a0<\/p><h2>Mode d'emploi<\/h2><p>Prendre 1 comprim\u00e9 par jour ou selon les recommandations d'un professionnel. Une utilisation minimale de 2 mois est recommand\u00e9e.<\/p><p>\u00a0<\/p><h2>Effets positifs<\/h2><ul><li>Favorise le m\u00e9tabolisme \u00e9nerg\u00e9tique et la vitalit\u00e9.<\/li><li>Contribue au fonctionnement normal du syst\u00e8me immunitaire.<\/li><li>Favorise la sant\u00e9 des yeux, des os et du syst\u00e8me cardiovasculaire.<\/li><li>Fournit des antioxydants naturels qui prot\u00e8gent contre le stress oxydatif.<\/li><\/ul><p>\u00a0<\/p><h2>Pr\u00e9sentation<\/h2><p>60 comprim\u00e9s.<\/p>\t\t\t\t\t\t\t\t<\/div>\n\t\t\t\t<\/div>\n\t\t\t\t\t<\/div>\n\t\t<\/div>\n\t\t\t\t\t<\/div>\n\t\t<\/section>\n\t\t\t\t<\/div>","protected":false},"excerpt":{"rendered":"<p>\u00abUne multivitamine compl\u00e8te \u00e0 base d'aliments entiers, id\u00e9ale pour stimuler l'\u00e9nergie, l'immunit\u00e9 et la vitalit\u00e9 en p\u00e9riode de demande accrue.\u00bb<\/p>","protected":false},"featured_media":14340,"comment_status":"open","ping_status":"closed","template":"","meta":{"site-sidebar-layout":"default","site-content-layout":"","ast-site-content-layout":"default","site-content-style":"default","site-sidebar-style":"default","ast-global-header-display":"","ast-banner-title-visibility":"","ast-main-header-display":"","ast-hfb-above-header-display":"","ast-hfb-below-header-display":"","ast-hfb-mobile-header-display":"","site-post-title":"","ast-breadcrumbs-content":"","ast-featured-img":"","footer-sml-layout":"","ast-disable-related-posts":"","theme-transparent-header-meta":"default","adv-header-id-meta":"","stick-header-meta":"default","header-above-stick-meta":"","header-main-stick-meta":"","header-below-stick-meta":"","astra-migrate-meta-layouts":"set","ast-page-background-enabled":"default","ast-page-background-meta":{"desktop":{"background-color":"","background-image":"","background-repeat":"repeat","background-position":"center center","background-size":"auto","background-attachment":"scroll","background-type":"","background-media":"","overlay-type":"","overlay-color":"","overlay-opacity":"","overlay-gradient":""},"tablet":{"background-color":"","background-image":"","background-repeat":"repeat","background-position":"center center","background-size":"auto","background-attachment":"scroll","background-type":"","background-media":"","overlay-type":"","overlay-color":"","overlay-opacity":"","overlay-gradient":""},"mobile":{"background-color":"","background-image":"","background-repeat":"repeat","background-position":"center center","background-size":"auto","background-attachment":"scroll","background-type":"","background-media":"","overlay-type":"","overlay-color":"","overlay-opacity":"","overlay-gradient":""}},"ast-content-background-meta":{"desktop":{"background-color":"var(--ast-global-color-5)","background-image":"","background-repeat":"repeat","background-position":"center center","background-size":"auto","background-attachment":"scroll","background-type":"","background-media":"","overlay-type":"","overlay-color":"","overlay-opacity":"","overlay-gradient":""},"tablet":{"background-color":"var(--ast-global-color-5)","background-image":"","background-repeat":"repeat","background-position":"center center","background-size":"auto","background-attachment":"scroll","background-type":"","background-media":"","overlay-type":"","overlay-color":"","overlay-opacity":"","overlay-gradient":""},"mobile":{"background-color":"var(--ast-global-color-5)","background-image":"","background-repeat":"repeat","background-position":"center center","background-size":"auto","background-attachment":"scroll","background-type":"","background-media":"","overlay-type":"","overlay-color":"","overlay-opacity":"","overlay-gradient":""}},"_glsr_average":0,"_glsr_ranking":0,"_glsr_reviews":0},"product_brand":[],"product_cat":[337,351],"product_tag":[],"class_list":{"0":"post-14724","1":"product","2":"type-product","3":"status-publish","4":"has-post-thumbnail","6":"product_cat-sistema-inmune","7":"product_cat-vitaminas-y-minerales","8":"desktop-align-center","9":"tablet-align-center","10":"mobile-align-center","11":"ast-product-gallery-layout-horizontal","12":"ast-product-gallery-with-no-image","13":"ast-product-tabs-layout-horizontal","15":"first","16":"instock","17":"taxable","18":"shipping-taxable","19":"purchasable","20":"product-type-simple"},"_links":{"self":[{"href":"https:\/\/dioxvitae.es\/fr\/wp-json\/wp\/v2\/product\/14724","targetHints":{"allow":["GET"]}}],"collection":[{"href":"https:\/\/dioxvitae.es\/fr\/wp-json\/wp\/v2\/product"}],"about":[{"href":"https:\/\/dioxvitae.es\/fr\/wp-json\/wp\/v2\/types\/product"}],"replies":[{"embeddable":true,"href":"https:\/\/dioxvitae.es\/fr\/wp-json\/wp\/v2\/comments?post=14724"}],"version-history":[{"count":5,"href":"https:\/\/dioxvitae.es\/fr\/wp-json\/wp\/v2\/product\/14724\/revisions"}],"predecessor-version":[{"id":16188,"href":"https:\/\/dioxvitae.es\/fr\/wp-json\/wp\/v2\/product\/14724\/revisions\/16188"}],"wp:featuredmedia":[{"embeddable":true,"href":"https:\/\/dioxvitae.es\/fr\/wp-json\/wp\/v2\/media\/14340"}],"wp:attachment":[{"href":"https:\/\/dioxvitae.es\/fr\/wp-json\/wp\/v2\/media?parent=14724"}],"wp:term":[{"taxonomy":"product_brand","embeddable":true,"href":"https:\/\/dioxvitae.es\/fr\/wp-json\/wp\/v2\/product_brand?post=14724"},{"taxonomy":"product_cat","embeddable":true,"href":"https:\/\/dioxvitae.es\/fr\/wp-json\/wp\/v2\/product_cat?post=14724"},{"taxonomy":"product_tag","embeddable":true,"href":"https:\/\/dioxvitae.es\/fr\/wp-json\/wp\/v2\/product_tag?post=14724"}],"curies":[{"name":"wp","href":"https:\/\/api.w.org\/{rel}","templated":true}]}}