{"id":14721,"date":"2025-04-14T10:35:07","date_gmt":"2025-04-14T08:35:07","guid":{"rendered":"https:\/\/www.dioxvitae.es\/adellax-infutisa-infusion\/"},"modified":"2026-03-17T18:10:30","modified_gmt":"2026-03-17T16:10:30","slug":"adellax-infutisa-infusion","status":"publish","type":"product","link":"https:\/\/dioxvitae.es\/fr\/adellax-infutisa-infusion\/","title":{"rendered":"Adellax Infutisa Perfusion, 2 unit\u00e9s"},"content":{"rendered":"<div data-elementor-type=\"wp-post\" data-elementor-id=\"14721\" class=\"elementor elementor-14721\" data-elementor-post-type=\"product\">\n\t\t\t\t\t\t<section class=\"elementor-section elementor-top-section elementor-element elementor-element-450bd953 elementor-section-boxed elementor-section-height-default elementor-section-height-default\" data-id=\"450bd953\" data-element_type=\"section\" data-e-type=\"section\">\n\t\t\t\t\t\t<div class=\"elementor-container elementor-column-gap-default\">\n\t\t\t\t\t<div class=\"elementor-column elementor-col-100 elementor-top-column elementor-element elementor-element-424be747\" data-id=\"424be747\" data-element_type=\"column\" data-e-type=\"column\">\n\t\t\t<div class=\"elementor-widget-wrap elementor-element-populated\">\n\t\t\t\t\t\t<div class=\"elementor-element elementor-element-2c4ba978 elementor-widget elementor-widget-text-editor\" data-id=\"2c4ba978\" data-element_type=\"widget\" data-e-type=\"widget\" data-widget_type=\"text-editor.default\">\n\t\t\t\t<div class=\"elementor-widget-container\">\n\t\t\t\t\t\t\t\t\t<h2>Qu'est-ce que la perfusion d'Adellax ?<\/h2><p>L'Infusion Adellax d'Infutisa est un laxatif naturel formul\u00e9 exclusivement \u00e0 base de Cassia angustifolia, une plante traditionnellement utilis\u00e9e pour ses propri\u00e9t\u00e9s favorisant le transit intestinal. Son effet se manifeste en douceur entre 8 et 12 heures apr\u00e8s sa consommation, ce qui en fait un produit id\u00e9al \u00e0 prendre avant le coucher. Il est particuli\u00e8rement utile dans les r\u00e9gimes qui n\u00e9cessitent une r\u00e9gulation du transit, toujours dans le cadre d'un mode de vie actif et d'une alimentation \u00e9quilibr\u00e9e.<\/p><p>\u00a0<\/p><h2>Ingr\u00e9dients<\/h2><p>Cassia angustifolia 100%.<\/p><p>\u00a0<\/p><h2>Mode d'emploi<\/h2><p>Placer un sachet-filtre dans une tasse et verser 100-150 ml d'eau bouillante. Laisser infuser pendant 3 minutes.<br \/>Boire une infusion apr\u00e8s le d\u00eener.<\/p><p>\u00a0<\/p><h2>Effets positifs<\/h2><ul><li>Favorise le transit intestinal et soulage la constipation occasionnelle.<\/li><li>Favorise le bien-\u00eatre digestif en compl\u00e9ment des r\u00e9gimes amaigrissants.<\/li><\/ul><p>\u00a0<\/p><h2>Pr\u00e9sentation<\/h2><p>Bo\u00eete avec sachets-filtres pour perfusion.<\/p>\t\t\t\t\t\t\t\t<\/div>\n\t\t\t\t<\/div>\n\t\t\t\t\t<\/div>\n\t\t<\/div>\n\t\t\t\t\t<\/div>\n\t\t<\/section>\n\t\t\t\t<\/div>","protected":false},"excerpt":{"rendered":"<p>\u00abInfusion laxative naturelle \u00e0 base de Cassia angustifolia, id\u00e9ale pour soulager la constipation de mani\u00e8re douce et efficace.\u00bb<\/p>","protected":false},"featured_media":16804,"comment_status":"open","ping_status":"closed","template":"","meta":{"site-sidebar-layout":"default","site-content-layout":"","ast-site-content-layout":"default","site-content-style":"default","site-sidebar-style":"default","ast-global-header-display":"","ast-banner-title-visibility":"","ast-main-header-display":"","ast-hfb-above-header-display":"","ast-hfb-below-header-display":"","ast-hfb-mobile-header-display":"","site-post-title":"","ast-breadcrumbs-content":"","ast-featured-img":"","footer-sml-layout":"","ast-disable-related-posts":"","theme-transparent-header-meta":"default","adv-header-id-meta":"","stick-header-meta":"default","header-above-stick-meta":"","header-main-stick-meta":"","header-below-stick-meta":"","astra-migrate-meta-layouts":"set","ast-page-background-enabled":"default","ast-page-background-meta":{"desktop":{"background-color":"","background-image":"","background-repeat":"repeat","background-position":"center center","background-size":"auto","background-attachment":"scroll","background-type":"","background-media":"","overlay-type":"","overlay-color":"","overlay-opacity":"","overlay-gradient":""},"tablet":{"background-color":"","background-image":"","background-repeat":"repeat","background-position":"center center","background-size":"auto","background-attachment":"scroll","background-type":"","background-media":"","overlay-type":"","overlay-color":"","overlay-opacity":"","overlay-gradient":""},"mobile":{"background-color":"","background-image":"","background-repeat":"repeat","background-position":"center center","background-size":"auto","background-attachment":"scroll","background-type":"","background-media":"","overlay-type":"","overlay-color":"","overlay-opacity":"","overlay-gradient":""}},"ast-content-background-meta":{"desktop":{"background-color":"var(--ast-global-color-5)","background-image":"","background-repeat":"repeat","background-position":"center center","background-size":"auto","background-attachment":"scroll","background-type":"","background-media":"","overlay-type":"","overlay-color":"","overlay-opacity":"","overlay-gradient":""},"tablet":{"background-color":"var(--ast-global-color-5)","background-image":"","background-repeat":"repeat","background-position":"center center","background-size":"auto","background-attachment":"scroll","background-type":"","background-media":"","overlay-type":"","overlay-color":"","overlay-opacity":"","overlay-gradient":""},"mobile":{"background-color":"var(--ast-global-color-5)","background-image":"","background-repeat":"repeat","background-position":"center center","background-size":"auto","background-attachment":"scroll","background-type":"","background-media":"","overlay-type":"","overlay-color":"","overlay-opacity":"","overlay-gradient":""}},"_glsr_average":0,"_glsr_ranking":0,"_glsr_reviews":0},"product_brand":[],"product_cat":[370,336],"product_tag":[],"class_list":{"0":"post-14721","1":"product","2":"type-product","3":"status-publish","4":"has-post-thumbnail","6":"product_cat-infusiones-y-tes-bebidas-saludables","7":"product_cat-sistema-digestivo","8":"desktop-align-center","9":"tablet-align-center","10":"mobile-align-center","11":"ast-product-gallery-layout-horizontal","12":"ast-product-gallery-with-no-image","13":"ast-product-tabs-layout-horizontal","15":"first","16":"instock","17":"taxable","18":"shipping-taxable","19":"purchasable","20":"product-type-simple"},"_links":{"self":[{"href":"https:\/\/dioxvitae.es\/fr\/wp-json\/wp\/v2\/product\/14721","targetHints":{"allow":["GET"]}}],"collection":[{"href":"https:\/\/dioxvitae.es\/fr\/wp-json\/wp\/v2\/product"}],"about":[{"href":"https:\/\/dioxvitae.es\/fr\/wp-json\/wp\/v2\/types\/product"}],"replies":[{"embeddable":true,"href":"https:\/\/dioxvitae.es\/fr\/wp-json\/wp\/v2\/comments?post=14721"}],"version-history":[{"count":6,"href":"https:\/\/dioxvitae.es\/fr\/wp-json\/wp\/v2\/product\/14721\/revisions"}],"predecessor-version":[{"id":16798,"href":"https:\/\/dioxvitae.es\/fr\/wp-json\/wp\/v2\/product\/14721\/revisions\/16798"}],"wp:featuredmedia":[{"embeddable":true,"href":"https:\/\/dioxvitae.es\/fr\/wp-json\/wp\/v2\/media\/16804"}],"wp:attachment":[{"href":"https:\/\/dioxvitae.es\/fr\/wp-json\/wp\/v2\/media?parent=14721"}],"wp:term":[{"taxonomy":"product_brand","embeddable":true,"href":"https:\/\/dioxvitae.es\/fr\/wp-json\/wp\/v2\/product_brand?post=14721"},{"taxonomy":"product_cat","embeddable":true,"href":"https:\/\/dioxvitae.es\/fr\/wp-json\/wp\/v2\/product_cat?post=14721"},{"taxonomy":"product_tag","embeddable":true,"href":"https:\/\/dioxvitae.es\/fr\/wp-json\/wp\/v2\/product_tag?post=14721"}],"curies":[{"name":"wp","href":"https:\/\/api.w.org\/{rel}","templated":true}]}}