{"id":14719,"date":"2025-04-14T10:35:07","date_gmt":"2025-04-14T08:35:07","guid":{"rendered":"https:\/\/www.dioxvitae.es\/extracto-de-ginkgo-biloba\/"},"modified":"2026-03-25T11:20:47","modified_gmt":"2026-03-25T09:20:47","slug":"extrait-de-ginkgo-biloba","status":"publish","type":"product","link":"https:\/\/dioxvitae.es\/fr\/extracto-de-ginkgo-biloba\/","title":{"rendered":"EXTRAIT DE GINKGO BILOBA"},"content":{"rendered":"<div data-elementor-type=\"wp-post\" data-elementor-id=\"14719\" class=\"elementor elementor-14719\" data-elementor-post-type=\"product\">\n\t\t\t\t\t\t<section class=\"elementor-section elementor-top-section elementor-element elementor-element-640b34f7 elementor-section-boxed elementor-section-height-default elementor-section-height-default\" data-id=\"640b34f7\" data-element_type=\"section\" data-e-type=\"section\">\n\t\t\t\t\t\t<div class=\"elementor-container elementor-column-gap-default\">\n\t\t\t\t\t<div class=\"elementor-column elementor-col-100 elementor-top-column elementor-element elementor-element-365c0698\" data-id=\"365c0698\" data-element_type=\"column\" data-e-type=\"column\">\n\t\t\t<div class=\"elementor-widget-wrap elementor-element-populated\">\n\t\t\t\t\t\t<div class=\"elementor-element elementor-element-4a86329a elementor-widget elementor-widget-text-editor\" data-id=\"4a86329a\" data-element_type=\"widget\" data-e-type=\"widget\" data-widget_type=\"text-editor.default\">\n\t\t\t\t<div class=\"elementor-widget-container\">\n\t\t\t\t\t\t\t\t\t<h2>Qu'est-ce que l'extrait de grinkgo biloba ?<\/h2><p>Le ginkgo (Ginkgo biloba L.) est connu pour ses propri\u00e9t\u00e9s qui peuvent aider \u00e0 activer la circulation c\u00e9r\u00e9brale et art\u00e9rielle, favorisant l'activit\u00e9 mentale et am\u00e9liorant la m\u00e9moire et la concentration.<\/p><p>Cet extrait de Soria Natural associe la tradition phytoth\u00e9rapeutique aux innovations scientifiques pour garantir :<\/p><p>Meilleure absorption et biodisponibilit\u00e9. Une plus grande stabilit\u00e9 et protection de ses ingr\u00e9dients actifs. Moins d'irritation en cas d'ingestion. Formule sans alcool.<\/p><p>\u00a0<\/p><h2>Ingr\u00e9dients<\/h2><p>Hydratant : Glyc\u00e9rine, eau. Extrait lyophilis\u00e9 de Ginkgo (Ginkgo biloba L., feuille) - 120 mg. Gamma-cyclodextrines : 120 mg. Alpha-cyclodextrines : 60 mg.<\/p><p>Compos\u00e9s actifs par 3 ml : Flavono\u00efdes : 6 mg<\/p><p>\u00a0<\/p><h2>Mode d'emploi<\/h2><p>Adultes : Prendre 1 ml, trois fois par jour, dilu\u00e9 dans de l'eau.<\/p><p>Agiter avant utilisation. Pour distribuer, presser la t\u00e9tine et attendre quelques secondes.<\/p><p>\u00a0<\/p><h2>Effets positifs<\/h2><ul><li>Aide \u00e0 activer la circulation c\u00e9r\u00e9brale et art\u00e9rielle.<\/li><li>Il favorise l'activit\u00e9 mentale et am\u00e9liore la concentration.<\/li><\/ul><p>\u00a0<\/p><h2>Pr\u00e9sentation<\/h2><p>Flacon en verre de 50 ml avec distributeur<\/p>\t\t\t\t\t\t\t\t<\/div>\n\t\t\t\t<\/div>\n\t\t\t\t\t<\/div>\n\t\t<\/div>\n\t\t\t\t\t<\/div>\n\t\t<\/section>\n\t\t\t\t<\/div>","protected":false},"excerpt":{"rendered":"<p>\u00abExtrait de Ginkgo biloba sans alcool, id\u00e9al pour activer la circulation c\u00e9r\u00e9brale et am\u00e9liorer la m\u00e9moire et la concentration.\u00bb<\/p>","protected":false},"featured_media":16916,"comment_status":"open","ping_status":"closed","template":"","meta":{"site-sidebar-layout":"default","site-content-layout":"","ast-site-content-layout":"default","site-content-style":"default","site-sidebar-style":"default","ast-global-header-display":"","ast-banner-title-visibility":"","ast-main-header-display":"","ast-hfb-above-header-display":"","ast-hfb-below-header-display":"","ast-hfb-mobile-header-display":"","site-post-title":"","ast-breadcrumbs-content":"","ast-featured-img":"","footer-sml-layout":"","ast-disable-related-posts":"","theme-transparent-header-meta":"default","adv-header-id-meta":"","stick-header-meta":"default","header-above-stick-meta":"","header-main-stick-meta":"","header-below-stick-meta":"","astra-migrate-meta-layouts":"set","ast-page-background-enabled":"default","ast-page-background-meta":{"desktop":{"background-color":"","background-image":"","background-repeat":"repeat","background-position":"center center","background-size":"auto","background-attachment":"scroll","background-type":"","background-media":"","overlay-type":"","overlay-color":"","overlay-opacity":"","overlay-gradient":""},"tablet":{"background-color":"","background-image":"","background-repeat":"repeat","background-position":"center center","background-size":"auto","background-attachment":"scroll","background-type":"","background-media":"","overlay-type":"","overlay-color":"","overlay-opacity":"","overlay-gradient":""},"mobile":{"background-color":"","background-image":"","background-repeat":"repeat","background-position":"center center","background-size":"auto","background-attachment":"scroll","background-type":"","background-media":"","overlay-type":"","overlay-color":"","overlay-opacity":"","overlay-gradient":""}},"ast-content-background-meta":{"desktop":{"background-color":"var(--ast-global-color-5)","background-image":"","background-repeat":"repeat","background-position":"center center","background-size":"auto","background-attachment":"scroll","background-type":"","background-media":"","overlay-type":"","overlay-color":"","overlay-opacity":"","overlay-gradient":""},"tablet":{"background-color":"var(--ast-global-color-5)","background-image":"","background-repeat":"repeat","background-position":"center center","background-size":"auto","background-attachment":"scroll","background-type":"","background-media":"","overlay-type":"","overlay-color":"","overlay-opacity":"","overlay-gradient":""},"mobile":{"background-color":"var(--ast-global-color-5)","background-image":"","background-repeat":"repeat","background-position":"center center","background-size":"auto","background-attachment":"scroll","background-type":"","background-media":"","overlay-type":"","overlay-color":"","overlay-opacity":"","overlay-gradient":""}},"_glsr_average":0,"_glsr_ranking":0,"_glsr_reviews":0},"product_brand":[],"product_cat":[371,340,341],"product_tag":[],"class_list":{"0":"post-14719","1":"product","2":"type-product","3":"status-publish","4":"has-post-thumbnail","6":"product_cat-memoria-y-concentracion","7":"product_cat-sistema-circulatorio","8":"product_cat-sistema-nervioso","9":"desktop-align-center","10":"tablet-align-center","11":"mobile-align-center","12":"ast-product-gallery-layout-horizontal","13":"ast-product-gallery-with-no-image","14":"ast-product-tabs-layout-horizontal","16":"first","17":"instock","18":"taxable","19":"shipping-taxable","20":"purchasable","21":"product-type-simple"},"_links":{"self":[{"href":"https:\/\/dioxvitae.es\/fr\/wp-json\/wp\/v2\/product\/14719","targetHints":{"allow":["GET"]}}],"collection":[{"href":"https:\/\/dioxvitae.es\/fr\/wp-json\/wp\/v2\/product"}],"about":[{"href":"https:\/\/dioxvitae.es\/fr\/wp-json\/wp\/v2\/types\/product"}],"replies":[{"embeddable":true,"href":"https:\/\/dioxvitae.es\/fr\/wp-json\/wp\/v2\/comments?post=14719"}],"version-history":[{"count":5,"href":"https:\/\/dioxvitae.es\/fr\/wp-json\/wp\/v2\/product\/14719\/revisions"}],"predecessor-version":[{"id":16007,"href":"https:\/\/dioxvitae.es\/fr\/wp-json\/wp\/v2\/product\/14719\/revisions\/16007"}],"wp:featuredmedia":[{"embeddable":true,"href":"https:\/\/dioxvitae.es\/fr\/wp-json\/wp\/v2\/media\/16916"}],"wp:attachment":[{"href":"https:\/\/dioxvitae.es\/fr\/wp-json\/wp\/v2\/media?parent=14719"}],"wp:term":[{"taxonomy":"product_brand","embeddable":true,"href":"https:\/\/dioxvitae.es\/fr\/wp-json\/wp\/v2\/product_brand?post=14719"},{"taxonomy":"product_cat","embeddable":true,"href":"https:\/\/dioxvitae.es\/fr\/wp-json\/wp\/v2\/product_cat?post=14719"},{"taxonomy":"product_tag","embeddable":true,"href":"https:\/\/dioxvitae.es\/fr\/wp-json\/wp\/v2\/product_tag?post=14719"}],"curies":[{"name":"wp","href":"https:\/\/api.w.org\/{rel}","templated":true}]}}