{"id":14717,"date":"2025-04-14T10:35:07","date_gmt":"2025-04-14T08:35:07","guid":{"rendered":"https:\/\/www.dioxvitae.es\/extracto-de-cardo-mariano\/"},"modified":"2026-03-17T18:16:28","modified_gmt":"2026-03-17T16:16:28","slug":"extrait-de-chardon-marie","status":"publish","type":"product","link":"https:\/\/dioxvitae.es\/fr\/extracto-de-cardo-mariano\/","title":{"rendered":"EXTRAIT DE CHARDON-MARIE"},"content":{"rendered":"<div data-elementor-type=\"wp-post\" data-elementor-id=\"14717\" class=\"elementor elementor-14717\" data-elementor-post-type=\"product\">\n\t\t\t\t\t\t<section class=\"elementor-section elementor-top-section elementor-element elementor-element-1e965139 elementor-section-boxed elementor-section-height-default elementor-section-height-default\" data-id=\"1e965139\" data-element_type=\"section\" data-e-type=\"section\">\n\t\t\t\t\t\t<div class=\"elementor-container elementor-column-gap-default\">\n\t\t\t\t\t<div class=\"elementor-column elementor-col-100 elementor-top-column elementor-element elementor-element-38038ce2\" data-id=\"38038ce2\" data-element_type=\"column\" data-e-type=\"column\">\n\t\t\t<div class=\"elementor-widget-wrap elementor-element-populated\">\n\t\t\t\t\t\t<div class=\"elementor-element elementor-element-4ea80b1 elementor-widget elementor-widget-text-editor\" data-id=\"4ea80b1\" data-element_type=\"widget\" data-e-type=\"widget\" data-widget_type=\"text-editor.default\">\n\t\t\t\t<div class=\"elementor-widget-container\">\n\t\t\t\t\t\t\t\t\t<h2>Qu'est-ce que l'extrait de chardon-marie ?<\/h2><p>Le chardon-marie (Silybum marianum (L) Gaertn) est connu pour ses propri\u00e9t\u00e9s protectrices du foie, contribuant \u00e0 am\u00e9liorer la fonction h\u00e9patique, \u00e0 favoriser la d\u00e9sintoxication et \u00e0 am\u00e9liorer la digestion.<\/p><p>\u00a0<\/p><h2>Ingr\u00e9dients<\/h2><p>Par 3 ml : Hydratation : Glyc\u00e9rine, extrait fluide de chardon-marie (Silybum marianum (L) Gaertn, graine) - 1562 mg, Silymarine : 18 mg<\/p><p>\u00a0<\/p><h2>Mode d'emploi<\/h2><p>Adultes : Il est recommand\u00e9 de prendre 1 ml, trois fois par jour, dilu\u00e9 dans de l'eau.<br \/>Agiter avant utilisation. Pour distribuer, presser la t\u00e9tine et attendre quelques secondes.<\/p><p>\u00a0<\/p><h2>Effets positifs<\/h2><ul><li>Prot\u00e8ge et am\u00e9liore la fonction h\u00e9patique.<\/li><li>Il favorise la d\u00e9sintoxication de l'organisme.<\/li><li>Am\u00e9liore le processus digestif.<\/li><\/ul><p>\u00a0<\/p><h2>Pr\u00e9sentation<\/h2><p>Flacon en verre de 50 ml avec distributeur.<\/p>\t\t\t\t\t\t\t\t<\/div>\n\t\t\t\t<\/div>\n\t\t\t\t\t<\/div>\n\t\t<\/div>\n\t\t\t\t\t<\/div>\n\t\t<\/section>\n\t\t\t\t<\/div>","protected":false},"excerpt":{"rendered":"<p>\u00abExtrait fluide de chardon-marie, id\u00e9al pour prot\u00e9ger le foie, favoriser la d\u00e9sintoxication et soutenir la digestion.\u00bb<\/p>","protected":false},"featured_media":14335,"comment_status":"open","ping_status":"closed","template":"","meta":{"site-sidebar-layout":"default","site-content-layout":"","ast-site-content-layout":"default","site-content-style":"default","site-sidebar-style":"default","ast-global-header-display":"","ast-banner-title-visibility":"","ast-main-header-display":"","ast-hfb-above-header-display":"","ast-hfb-below-header-display":"","ast-hfb-mobile-header-display":"","site-post-title":"","ast-breadcrumbs-content":"","ast-featured-img":"","footer-sml-layout":"","ast-disable-related-posts":"","theme-transparent-header-meta":"default","adv-header-id-meta":"","stick-header-meta":"default","header-above-stick-meta":"","header-main-stick-meta":"","header-below-stick-meta":"","astra-migrate-meta-layouts":"set","ast-page-background-enabled":"default","ast-page-background-meta":{"desktop":{"background-color":"","background-image":"","background-repeat":"repeat","background-position":"center center","background-size":"auto","background-attachment":"scroll","background-type":"","background-media":"","overlay-type":"","overlay-color":"","overlay-opacity":"","overlay-gradient":""},"tablet":{"background-color":"","background-image":"","background-repeat":"repeat","background-position":"center center","background-size":"auto","background-attachment":"scroll","background-type":"","background-media":"","overlay-type":"","overlay-color":"","overlay-opacity":"","overlay-gradient":""},"mobile":{"background-color":"","background-image":"","background-repeat":"repeat","background-position":"center center","background-size":"auto","background-attachment":"scroll","background-type":"","background-media":"","overlay-type":"","overlay-color":"","overlay-opacity":"","overlay-gradient":""}},"ast-content-background-meta":{"desktop":{"background-color":"var(--ast-global-color-5)","background-image":"","background-repeat":"repeat","background-position":"center center","background-size":"auto","background-attachment":"scroll","background-type":"","background-media":"","overlay-type":"","overlay-color":"","overlay-opacity":"","overlay-gradient":""},"tablet":{"background-color":"var(--ast-global-color-5)","background-image":"","background-repeat":"repeat","background-position":"center center","background-size":"auto","background-attachment":"scroll","background-type":"","background-media":"","overlay-type":"","overlay-color":"","overlay-opacity":"","overlay-gradient":""},"mobile":{"background-color":"var(--ast-global-color-5)","background-image":"","background-repeat":"repeat","background-position":"center center","background-size":"auto","background-attachment":"scroll","background-type":"","background-media":"","overlay-type":"","overlay-color":"","overlay-opacity":"","overlay-gradient":""}},"_glsr_average":0,"_glsr_ranking":0,"_glsr_reviews":0},"product_brand":[],"product_cat":[332,336],"product_tag":[],"class_list":{"0":"post-14717","1":"product","2":"type-product","3":"status-publish","4":"has-post-thumbnail","6":"product_cat-detox","7":"product_cat-sistema-digestivo","8":"desktop-align-center","9":"tablet-align-center","10":"mobile-align-center","11":"ast-product-gallery-layout-horizontal","12":"ast-product-gallery-with-no-image","13":"ast-product-tabs-layout-horizontal","15":"first","16":"instock","17":"taxable","18":"shipping-taxable","19":"purchasable","20":"product-type-simple"},"_links":{"self":[{"href":"https:\/\/dioxvitae.es\/fr\/wp-json\/wp\/v2\/product\/14717","targetHints":{"allow":["GET"]}}],"collection":[{"href":"https:\/\/dioxvitae.es\/fr\/wp-json\/wp\/v2\/product"}],"about":[{"href":"https:\/\/dioxvitae.es\/fr\/wp-json\/wp\/v2\/types\/product"}],"replies":[{"embeddable":true,"href":"https:\/\/dioxvitae.es\/fr\/wp-json\/wp\/v2\/comments?post=14717"}],"version-history":[{"count":5,"href":"https:\/\/dioxvitae.es\/fr\/wp-json\/wp\/v2\/product\/14717\/revisions"}],"predecessor-version":[{"id":16035,"href":"https:\/\/dioxvitae.es\/fr\/wp-json\/wp\/v2\/product\/14717\/revisions\/16035"}],"wp:featuredmedia":[{"embeddable":true,"href":"https:\/\/dioxvitae.es\/fr\/wp-json\/wp\/v2\/media\/14335"}],"wp:attachment":[{"href":"https:\/\/dioxvitae.es\/fr\/wp-json\/wp\/v2\/media?parent=14717"}],"wp:term":[{"taxonomy":"product_brand","embeddable":true,"href":"https:\/\/dioxvitae.es\/fr\/wp-json\/wp\/v2\/product_brand?post=14717"},{"taxonomy":"product_cat","embeddable":true,"href":"https:\/\/dioxvitae.es\/fr\/wp-json\/wp\/v2\/product_cat?post=14717"},{"taxonomy":"product_tag","embeddable":true,"href":"https:\/\/dioxvitae.es\/fr\/wp-json\/wp\/v2\/product_tag?post=14717"}],"curies":[{"name":"wp","href":"https:\/\/api.w.org\/{rel}","templated":true}]}}