{"id":14716,"date":"2025-04-14T10:35:07","date_gmt":"2025-04-14T08:35:07","guid":{"rendered":"https:\/\/www.dioxvitae.es\/regamint-infusion\/"},"modified":"2026-03-18T13:51:41","modified_gmt":"2026-03-18T11:51:41","slug":"regamint-infusion","status":"publish","type":"product","link":"https:\/\/dioxvitae.es\/fr\/regamint-infusion\/","title":{"rendered":"REGAMINT INFUSION"},"content":{"rendered":"<div data-elementor-type=\"wp-post\" data-elementor-id=\"14716\" class=\"elementor elementor-14716\" data-elementor-post-type=\"product\">\n\t\t\t\t\t\t<section class=\"elementor-section elementor-top-section elementor-element elementor-element-9f52a5c elementor-section-boxed elementor-section-height-default elementor-section-height-default\" data-id=\"9f52a5c\" data-element_type=\"section\" data-e-type=\"section\">\n\t\t\t\t\t\t<div class=\"elementor-container elementor-column-gap-default\">\n\t\t\t\t\t<div class=\"elementor-column elementor-col-100 elementor-top-column elementor-element elementor-element-7c3b1243\" data-id=\"7c3b1243\" data-element_type=\"column\" data-e-type=\"column\">\n\t\t\t<div class=\"elementor-widget-wrap elementor-element-populated\">\n\t\t\t\t\t\t<div class=\"elementor-element elementor-element-75e7b5ca elementor-widget elementor-widget-text-editor\" data-id=\"75e7b5ca\" data-element_type=\"widget\" data-e-type=\"widget\" data-widget_type=\"text-editor.default\">\n\t\t\t\t<div class=\"elementor-widget-container\">\n\t\t\t\t\t\t\t\t\t<h2>Qu'est-ce que Regamint Infusion ?<\/h2><p>L'infusion Regamint est un m\u00e9lange de r\u00e9glisse, de menthe et d'anis, particuli\u00e8rement indiqu\u00e9 pour faciliter la digestion. Cette infusion aide \u00e0 soulager l'inconfort digestif et \u00e0 favoriser le bon fonctionnement de l'intestin.<\/p><p>\u00a0<\/p><h2>Ingr\u00e9dients<\/h2><p>Mentha piperita L. (Feuilles) - 0,608 g, Pimpinella anisum L. (Fruits) - 0,496 g, Glycyrrhiza glabra L. (Racine) - 0,496 g<\/p><p>\u00a0<\/p><h2>Mode d'emploi<\/h2><p>Infusion : Placer un sachet dans de l'eau bouillante, laisser infuser 5 minutes puis retirer le sachet. Boire un verre d'infusion trois fois par jour.<\/p><p>\u00a0<\/p><h2>Effets positifs<\/h2><ul><li>La r\u00e9glisse favorise le bien-\u00eatre digestif et poss\u00e8de des propri\u00e9t\u00e9s apaisantes.<\/li><li>La menthe poivr\u00e9e aide \u00e0 soulager les coliques et am\u00e9liore la digestion.<\/li><li>L'anis aide \u00e0 r\u00e9duire la sensation de lourdeur et de ballonnement.<\/li><\/ul><p>\u00a0<\/p><h2>Pr\u00e9sentation<\/h2><p>Bo\u00eete de 20 sachets.<\/p>\t\t\t\t\t\t\t\t<\/div>\n\t\t\t\t<\/div>\n\t\t\t\t\t<\/div>\n\t\t<\/div>\n\t\t\t\t\t<\/div>\n\t\t<\/section>\n\t\t\t\t<\/div>","protected":false},"excerpt":{"rendered":"<p>\u00abInfusion de r\u00e9glisse, de menthe et d'anis pour faciliter la digestion et soulager l'inconfort digestif.\u00bb<\/p>","protected":false},"featured_media":14332,"comment_status":"open","ping_status":"closed","template":"","meta":{"site-sidebar-layout":"default","site-content-layout":"","ast-site-content-layout":"default","site-content-style":"default","site-sidebar-style":"default","ast-global-header-display":"","ast-banner-title-visibility":"","ast-main-header-display":"","ast-hfb-above-header-display":"","ast-hfb-below-header-display":"","ast-hfb-mobile-header-display":"","site-post-title":"","ast-breadcrumbs-content":"","ast-featured-img":"","footer-sml-layout":"","ast-disable-related-posts":"","theme-transparent-header-meta":"default","adv-header-id-meta":"","stick-header-meta":"default","header-above-stick-meta":"","header-main-stick-meta":"","header-below-stick-meta":"","astra-migrate-meta-layouts":"set","ast-page-background-enabled":"default","ast-page-background-meta":{"desktop":{"background-color":"","background-image":"","background-repeat":"repeat","background-position":"center center","background-size":"auto","background-attachment":"scroll","background-type":"","background-media":"","overlay-type":"","overlay-color":"","overlay-opacity":"","overlay-gradient":""},"tablet":{"background-color":"","background-image":"","background-repeat":"repeat","background-position":"center center","background-size":"auto","background-attachment":"scroll","background-type":"","background-media":"","overlay-type":"","overlay-color":"","overlay-opacity":"","overlay-gradient":""},"mobile":{"background-color":"","background-image":"","background-repeat":"repeat","background-position":"center center","background-size":"auto","background-attachment":"scroll","background-type":"","background-media":"","overlay-type":"","overlay-color":"","overlay-opacity":"","overlay-gradient":""}},"ast-content-background-meta":{"desktop":{"background-color":"var(--ast-global-color-5)","background-image":"","background-repeat":"repeat","background-position":"center center","background-size":"auto","background-attachment":"scroll","background-type":"","background-media":"","overlay-type":"","overlay-color":"","overlay-opacity":"","overlay-gradient":""},"tablet":{"background-color":"var(--ast-global-color-5)","background-image":"","background-repeat":"repeat","background-position":"center center","background-size":"auto","background-attachment":"scroll","background-type":"","background-media":"","overlay-type":"","overlay-color":"","overlay-opacity":"","overlay-gradient":""},"mobile":{"background-color":"var(--ast-global-color-5)","background-image":"","background-repeat":"repeat","background-position":"center center","background-size":"auto","background-attachment":"scroll","background-type":"","background-media":"","overlay-type":"","overlay-color":"","overlay-opacity":"","overlay-gradient":""}},"_glsr_average":0,"_glsr_ranking":0,"_glsr_reviews":0},"product_brand":[],"product_cat":[370,336],"product_tag":[],"class_list":{"0":"post-14716","1":"product","2":"type-product","3":"status-publish","4":"has-post-thumbnail","6":"product_cat-infusiones-y-tes-bebidas-saludables","7":"product_cat-sistema-digestivo","8":"desktop-align-center","9":"tablet-align-center","10":"mobile-align-center","11":"ast-product-gallery-layout-horizontal","12":"ast-product-gallery-with-no-image","13":"ast-product-tabs-layout-horizontal","15":"first","16":"instock","17":"taxable","18":"shipping-taxable","19":"purchasable","20":"product-type-simple"},"_links":{"self":[{"href":"https:\/\/dioxvitae.es\/fr\/wp-json\/wp\/v2\/product\/14716","targetHints":{"allow":["GET"]}}],"collection":[{"href":"https:\/\/dioxvitae.es\/fr\/wp-json\/wp\/v2\/product"}],"about":[{"href":"https:\/\/dioxvitae.es\/fr\/wp-json\/wp\/v2\/types\/product"}],"replies":[{"embeddable":true,"href":"https:\/\/dioxvitae.es\/fr\/wp-json\/wp\/v2\/comments?post=14716"}],"version-history":[{"count":5,"href":"https:\/\/dioxvitae.es\/fr\/wp-json\/wp\/v2\/product\/14716\/revisions"}],"predecessor-version":[{"id":16168,"href":"https:\/\/dioxvitae.es\/fr\/wp-json\/wp\/v2\/product\/14716\/revisions\/16168"}],"wp:featuredmedia":[{"embeddable":true,"href":"https:\/\/dioxvitae.es\/fr\/wp-json\/wp\/v2\/media\/14332"}],"wp:attachment":[{"href":"https:\/\/dioxvitae.es\/fr\/wp-json\/wp\/v2\/media?parent=14716"}],"wp:term":[{"taxonomy":"product_brand","embeddable":true,"href":"https:\/\/dioxvitae.es\/fr\/wp-json\/wp\/v2\/product_brand?post=14716"},{"taxonomy":"product_cat","embeddable":true,"href":"https:\/\/dioxvitae.es\/fr\/wp-json\/wp\/v2\/product_cat?post=14716"},{"taxonomy":"product_tag","embeddable":true,"href":"https:\/\/dioxvitae.es\/fr\/wp-json\/wp\/v2\/product_tag?post=14716"}],"curies":[{"name":"wp","href":"https:\/\/api.w.org\/{rel}","templated":true}]}}