{"id":14711,"date":"2025-04-14T10:35:06","date_gmt":"2025-04-14T08:35:06","guid":{"rendered":"https:\/\/www.dioxvitae.es\/vit-c\/"},"modified":"2026-03-25T11:05:16","modified_gmt":"2026-03-25T09:05:16","slug":"vit-c","status":"publish","type":"product","link":"https:\/\/dioxvitae.es\/fr\/vit-c\/","title":{"rendered":"VITAMINE C, Solaray"},"content":{"rendered":"<div data-elementor-type=\"wp-post\" data-elementor-id=\"14711\" class=\"elementor elementor-14711\" data-elementor-post-type=\"product\">\n\t\t\t\t\t\t<section class=\"elementor-section elementor-top-section elementor-element elementor-element-347db450 elementor-section-boxed elementor-section-height-default elementor-section-height-default\" data-id=\"347db450\" data-element_type=\"section\" data-e-type=\"section\">\n\t\t\t\t\t\t<div class=\"elementor-container elementor-column-gap-default\">\n\t\t\t\t\t<div class=\"elementor-column elementor-col-100 elementor-top-column elementor-element elementor-element-2b661d04\" data-id=\"2b661d04\" data-element_type=\"column\" data-e-type=\"column\">\n\t\t\t<div class=\"elementor-widget-wrap elementor-element-populated\">\n\t\t\t\t\t\t<div class=\"elementor-element elementor-element-da7eda7 elementor-widget elementor-widget-text-editor\" data-id=\"da7eda7\" data-element_type=\"widget\" data-e-type=\"widget\" data-widget_type=\"text-editor.default\">\n\t\t\t\t<div class=\"elementor-widget-container\">\n\t\t\t\t\t\t\t\t\t<h2>Qu'est-ce que la vitamine C ?<\/h2><p>Solaray Vitamine C est un compl\u00e9ment alimentaire compos\u00e9 de vitamine C provenant de sources naturelles telles que le cynorrhodon, l'ac\u00e9rola et l'acide ascorbique. Elle est essentielle au bon \u00e9tat du syst\u00e8me immunitaire, des os, des dents et des gencives. Elle contribue \u00e9galement \u00e0 r\u00e9guler les taux de graisses et de lipoprot\u00e9ines dans le sang. Les besoins quotidiens en vitamine C sont plus \u00e9lev\u00e9s que pour toute autre vitamine hydrosoluble. Ce compl\u00e9ment est donc id\u00e9al pour maintenir des niveaux ad\u00e9quats.<\/p><p>\u00a0<\/p><h2>Ingr\u00e9dients<\/h2><p>Vitamine C (acide ascorbique), Agents de charge : cellulose, hydroxypropylcellulose, Anti-agglom\u00e9rants : acides gras, dioxyde de silicium, Cynorrhodon (Rosa canina) (fruit), Baies d'ac\u00e9rola (Malpighia glabra) (fruit)<\/p><p>Enrobage : carbonate de calcium, isomalt, hydroxypropylm\u00e9thylcellulose, triglyc\u00e9rides \u00e0 cha\u00eene moyenne.<\/p><p>\u00a0<\/p><h2>Mode d'emploi<\/h2><p>Il est recommand\u00e9 de prendre 1 comprim\u00e9 par jour avec de la nourriture ou un verre d'eau.<\/p><p>\u00a0<\/p><h2>Effets positifs<\/h2><ul><li>Il renforce le syst\u00e8me immunitaire et am\u00e9liore la sant\u00e9 des os, des dents et des gencives.<\/li><li>Aide \u00e0 r\u00e9guler les taux de lipides et de lipoprot\u00e9ines dans le sang.<\/li><li>Contribue \u00e0 l'absorption du fer et \u00e0 la protection contre les dommages oxydatifs.<\/li><\/ul><p>\u00a0<\/p><h2>Pr\u00e9sentation<\/h2><p>Paquet de 100 comprim\u00e9s<\/p>\t\t\t\t\t\t\t\t<\/div>\n\t\t\t\t<\/div>\n\t\t\t\t\t<\/div>\n\t\t<\/div>\n\t\t\t\t\t<\/div>\n\t\t<\/section>\n\t\t\t\t<\/div>","protected":false},"excerpt":{"rendered":"<p>\u00abSuppl\u00e9ment naturel de vitamine C qui renforce le syst\u00e8me immunitaire et contribue \u00e0 la sant\u00e9 des os et des dents\u00bb.\u00bb<\/p>","protected":false},"featured_media":14327,"comment_status":"open","ping_status":"closed","template":"","meta":{"site-sidebar-layout":"default","site-content-layout":"","ast-site-content-layout":"default","site-content-style":"default","site-sidebar-style":"default","ast-global-header-display":"","ast-banner-title-visibility":"","ast-main-header-display":"","ast-hfb-above-header-display":"","ast-hfb-below-header-display":"","ast-hfb-mobile-header-display":"","site-post-title":"","ast-breadcrumbs-content":"","ast-featured-img":"","footer-sml-layout":"","ast-disable-related-posts":"","theme-transparent-header-meta":"default","adv-header-id-meta":"","stick-header-meta":"default","header-above-stick-meta":"","header-main-stick-meta":"","header-below-stick-meta":"","astra-migrate-meta-layouts":"set","ast-page-background-enabled":"default","ast-page-background-meta":{"desktop":{"background-color":"","background-image":"","background-repeat":"repeat","background-position":"center center","background-size":"auto","background-attachment":"scroll","background-type":"","background-media":"","overlay-type":"","overlay-color":"","overlay-opacity":"","overlay-gradient":""},"tablet":{"background-color":"","background-image":"","background-repeat":"repeat","background-position":"center center","background-size":"auto","background-attachment":"scroll","background-type":"","background-media":"","overlay-type":"","overlay-color":"","overlay-opacity":"","overlay-gradient":""},"mobile":{"background-color":"","background-image":"","background-repeat":"repeat","background-position":"center center","background-size":"auto","background-attachment":"scroll","background-type":"","background-media":"","overlay-type":"","overlay-color":"","overlay-opacity":"","overlay-gradient":""}},"ast-content-background-meta":{"desktop":{"background-color":"var(--ast-global-color-5)","background-image":"","background-repeat":"repeat","background-position":"center center","background-size":"auto","background-attachment":"scroll","background-type":"","background-media":"","overlay-type":"","overlay-color":"","overlay-opacity":"","overlay-gradient":""},"tablet":{"background-color":"var(--ast-global-color-5)","background-image":"","background-repeat":"repeat","background-position":"center center","background-size":"auto","background-attachment":"scroll","background-type":"","background-media":"","overlay-type":"","overlay-color":"","overlay-opacity":"","overlay-gradient":""},"mobile":{"background-color":"var(--ast-global-color-5)","background-image":"","background-repeat":"repeat","background-position":"center center","background-size":"auto","background-attachment":"scroll","background-type":"","background-media":"","overlay-type":"","overlay-color":"","overlay-opacity":"","overlay-gradient":""}},"_glsr_average":0,"_glsr_ranking":0,"_glsr_reviews":0},"product_brand":[],"product_cat":[331,369,337,351],"product_tag":[],"class_list":{"0":"post-14711","1":"product","2":"type-product","3":"status-publish","4":"has-post-thumbnail","6":"product_cat-herboristeria","7":"product_cat-salud-dental","8":"product_cat-sistema-inmune","9":"product_cat-vitaminas-y-minerales","10":"desktop-align-center","11":"tablet-align-center","12":"mobile-align-center","13":"ast-product-gallery-layout-horizontal","14":"ast-product-gallery-with-no-image","15":"ast-product-tabs-layout-horizontal","17":"first","18":"instock","19":"taxable","20":"shipping-taxable","21":"purchasable","22":"product-type-simple"},"_links":{"self":[{"href":"https:\/\/dioxvitae.es\/fr\/wp-json\/wp\/v2\/product\/14711","targetHints":{"allow":["GET"]}}],"collection":[{"href":"https:\/\/dioxvitae.es\/fr\/wp-json\/wp\/v2\/product"}],"about":[{"href":"https:\/\/dioxvitae.es\/fr\/wp-json\/wp\/v2\/types\/product"}],"replies":[{"embeddable":true,"href":"https:\/\/dioxvitae.es\/fr\/wp-json\/wp\/v2\/comments?post=14711"}],"version-history":[{"count":7,"href":"https:\/\/dioxvitae.es\/fr\/wp-json\/wp\/v2\/product\/14711\/revisions"}],"predecessor-version":[{"id":16191,"href":"https:\/\/dioxvitae.es\/fr\/wp-json\/wp\/v2\/product\/14711\/revisions\/16191"}],"wp:featuredmedia":[{"embeddable":true,"href":"https:\/\/dioxvitae.es\/fr\/wp-json\/wp\/v2\/media\/14327"}],"wp:attachment":[{"href":"https:\/\/dioxvitae.es\/fr\/wp-json\/wp\/v2\/media?parent=14711"}],"wp:term":[{"taxonomy":"product_brand","embeddable":true,"href":"https:\/\/dioxvitae.es\/fr\/wp-json\/wp\/v2\/product_brand?post=14711"},{"taxonomy":"product_cat","embeddable":true,"href":"https:\/\/dioxvitae.es\/fr\/wp-json\/wp\/v2\/product_cat?post=14711"},{"taxonomy":"product_tag","embeddable":true,"href":"https:\/\/dioxvitae.es\/fr\/wp-json\/wp\/v2\/product_tag?post=14711"}],"curies":[{"name":"wp","href":"https:\/\/api.w.org\/{rel}","templated":true}]}}