{"id":14703,"date":"2025-04-14T10:35:05","date_gmt":"2025-04-14T08:35:05","guid":{"rendered":"https:\/\/www.dioxvitae.es\/infusion-manzanilla-bio\/"},"modified":"2026-03-18T13:51:20","modified_gmt":"2026-03-18T11:51:20","slug":"the-a-la-camomille-biologique","status":"publish","type":"product","link":"https:\/\/dioxvitae.es\/fr\/infusion-manzanilla-bio\/","title":{"rendered":"INFUSION DE CHAMOMILLE BIO (2u)"},"content":{"rendered":"<div data-elementor-type=\"wp-post\" data-elementor-id=\"14703\" class=\"elementor elementor-14703\" data-elementor-post-type=\"product\">\n\t\t\t\t\t\t<section class=\"elementor-section elementor-top-section elementor-element elementor-element-36f19394 elementor-section-boxed elementor-section-height-default elementor-section-height-default\" data-id=\"36f19394\" data-element_type=\"section\" data-e-type=\"section\">\n\t\t\t\t\t\t<div class=\"elementor-container elementor-column-gap-default\">\n\t\t\t\t\t<div class=\"elementor-column elementor-col-100 elementor-top-column elementor-element elementor-element-44de08d3\" data-id=\"44de08d3\" data-element_type=\"column\" data-e-type=\"column\">\n\t\t\t<div class=\"elementor-widget-wrap elementor-element-populated\">\n\t\t\t\t\t\t<div class=\"elementor-element elementor-element-2b43a720 elementor-widget elementor-widget-text-editor\" data-id=\"2b43a720\" data-element_type=\"widget\" data-e-type=\"widget\" data-widget_type=\"text-editor.default\">\n\t\t\t\t<div class=\"elementor-widget-container\">\n\t\t\t\t\t\t\t\t\t<h2>Qu'est-ce que la tisane de camomille biologique ?<\/h2><p>La camomille est connue pour ses propri\u00e9t\u00e9s apaisantes, contribuant \u00e0 calmer l'acidit\u00e9 des sucs digestifs et \u00e0 soulager l'estomac et les intestins. Sa saveur d\u00e9licate et ses bienfaits en font un choix r\u00e9confortant pour le bien-\u00eatre digestif.<\/p><p>\u00a0<\/p><h2>Ingr\u00e9dients<\/h2><p>Fleur de camomille<\/p><p>\u00a0<\/p><h2>Mode d'emploi<\/h2><p>Placez un sachet de th\u00e9 dans une tasse, versez de l'eau bouillante dessus et laissez infuser pendant 5 minutes. Savourez une boisson apaisante et relaxante.<\/p><p>\u00a0<\/p><h2>Effets positifs<\/h2><ul><li>Apaise l'acidit\u00e9 digestive.<\/li><li>Apaise l'estomac et les intestins.<\/li><li>Favorise la digestion de mani\u00e8re naturelle.<\/li><\/ul><p>\u00a0<\/p><h2>Pr\u00e9sentation<\/h2><p>Paquet de 20 sachets.<\/p>\t\t\t\t\t\t\t\t<\/div>\n\t\t\t\t<\/div>\n\t\t\t\t\t<\/div>\n\t\t<\/div>\n\t\t\t\t\t<\/div>\n\t\t<\/section>\n\t\t\t\t<\/div>","protected":false},"excerpt":{"rendered":"<p>\u00abInfusion de camomille biologique, id\u00e9ale pour soulager l'acidit\u00e9 digestive et apporter du confort \u00e0 l'estomac et aux intestins.\u00bb<\/p>","protected":false},"featured_media":16663,"comment_status":"open","ping_status":"closed","template":"","meta":{"site-sidebar-layout":"default","site-content-layout":"","ast-site-content-layout":"default","site-content-style":"default","site-sidebar-style":"default","ast-global-header-display":"","ast-banner-title-visibility":"","ast-main-header-display":"","ast-hfb-above-header-display":"","ast-hfb-below-header-display":"","ast-hfb-mobile-header-display":"","site-post-title":"","ast-breadcrumbs-content":"","ast-featured-img":"","footer-sml-layout":"","ast-disable-related-posts":"","theme-transparent-header-meta":"default","adv-header-id-meta":"","stick-header-meta":"default","header-above-stick-meta":"","header-main-stick-meta":"","header-below-stick-meta":"","astra-migrate-meta-layouts":"set","ast-page-background-enabled":"default","ast-page-background-meta":{"desktop":{"background-color":"","background-image":"","background-repeat":"repeat","background-position":"center center","background-size":"auto","background-attachment":"scroll","background-type":"","background-media":"","overlay-type":"","overlay-color":"","overlay-opacity":"","overlay-gradient":""},"tablet":{"background-color":"","background-image":"","background-repeat":"repeat","background-position":"center center","background-size":"auto","background-attachment":"scroll","background-type":"","background-media":"","overlay-type":"","overlay-color":"","overlay-opacity":"","overlay-gradient":""},"mobile":{"background-color":"","background-image":"","background-repeat":"repeat","background-position":"center center","background-size":"auto","background-attachment":"scroll","background-type":"","background-media":"","overlay-type":"","overlay-color":"","overlay-opacity":"","overlay-gradient":""}},"ast-content-background-meta":{"desktop":{"background-color":"var(--ast-global-color-5)","background-image":"","background-repeat":"repeat","background-position":"center center","background-size":"auto","background-attachment":"scroll","background-type":"","background-media":"","overlay-type":"","overlay-color":"","overlay-opacity":"","overlay-gradient":""},"tablet":{"background-color":"var(--ast-global-color-5)","background-image":"","background-repeat":"repeat","background-position":"center center","background-size":"auto","background-attachment":"scroll","background-type":"","background-media":"","overlay-type":"","overlay-color":"","overlay-opacity":"","overlay-gradient":""},"mobile":{"background-color":"var(--ast-global-color-5)","background-image":"","background-repeat":"repeat","background-position":"center center","background-size":"auto","background-attachment":"scroll","background-type":"","background-media":"","overlay-type":"","overlay-color":"","overlay-opacity":"","overlay-gradient":""}},"_glsr_average":0,"_glsr_ranking":0,"_glsr_reviews":0},"product_brand":[],"product_cat":[363,370,336],"product_tag":[],"class_list":{"0":"post-14703","1":"product","2":"type-product","3":"status-publish","4":"has-post-thumbnail","6":"product_cat-bienestar-general","7":"product_cat-infusiones-y-tes-bebidas-saludables","8":"product_cat-sistema-digestivo","9":"desktop-align-center","10":"tablet-align-center","11":"mobile-align-center","12":"ast-product-gallery-layout-horizontal","13":"ast-product-gallery-with-no-image","14":"ast-product-tabs-layout-horizontal","16":"first","17":"instock","18":"taxable","19":"shipping-taxable","20":"purchasable","21":"product-type-simple"},"_links":{"self":[{"href":"https:\/\/dioxvitae.es\/fr\/wp-json\/wp\/v2\/product\/14703","targetHints":{"allow":["GET"]}}],"collection":[{"href":"https:\/\/dioxvitae.es\/fr\/wp-json\/wp\/v2\/product"}],"about":[{"href":"https:\/\/dioxvitae.es\/fr\/wp-json\/wp\/v2\/types\/product"}],"replies":[{"embeddable":true,"href":"https:\/\/dioxvitae.es\/fr\/wp-json\/wp\/v2\/comments?post=14703"}],"version-history":[{"count":8,"href":"https:\/\/dioxvitae.es\/fr\/wp-json\/wp\/v2\/product\/14703\/revisions"}],"predecessor-version":[{"id":19779,"href":"https:\/\/dioxvitae.es\/fr\/wp-json\/wp\/v2\/product\/14703\/revisions\/19779"}],"wp:featuredmedia":[{"embeddable":true,"href":"https:\/\/dioxvitae.es\/fr\/wp-json\/wp\/v2\/media\/16663"}],"wp:attachment":[{"href":"https:\/\/dioxvitae.es\/fr\/wp-json\/wp\/v2\/media?parent=14703"}],"wp:term":[{"taxonomy":"product_brand","embeddable":true,"href":"https:\/\/dioxvitae.es\/fr\/wp-json\/wp\/v2\/product_brand?post=14703"},{"taxonomy":"product_cat","embeddable":true,"href":"https:\/\/dioxvitae.es\/fr\/wp-json\/wp\/v2\/product_cat?post=14703"},{"taxonomy":"product_tag","embeddable":true,"href":"https:\/\/dioxvitae.es\/fr\/wp-json\/wp\/v2\/product_tag?post=14703"}],"curies":[{"name":"wp","href":"https:\/\/api.w.org\/{rel}","templated":true}]}}