{"id":14698,"date":"2025-04-14T10:35:05","date_gmt":"2025-04-14T08:35:05","guid":{"rendered":"https:\/\/www.dioxvitae.es\/lra\/"},"modified":"2026-02-09T12:19:29","modified_gmt":"2026-02-09T10:19:29","slug":"lra","status":"publish","type":"product","link":"https:\/\/dioxvitae.es\/fr\/lra\/","title":{"rendered":"ARS"},"content":{"rendered":"<div data-elementor-type=\"wp-post\" data-elementor-id=\"14698\" class=\"elementor elementor-14698\" data-elementor-post-type=\"product\">\n\t\t\t\t\t\t<section class=\"elementor-section elementor-top-section elementor-element elementor-element-14482d4d elementor-section-boxed elementor-section-height-default elementor-section-height-default\" data-id=\"14482d4d\" data-element_type=\"section\" data-e-type=\"section\">\n\t\t\t\t\t\t<div class=\"elementor-container elementor-column-gap-default\">\n\t\t\t\t\t<div class=\"elementor-column elementor-col-100 elementor-top-column elementor-element elementor-element-88ce4e7\" data-id=\"88ce4e7\" data-element_type=\"column\" data-e-type=\"column\">\n\t\t\t<div class=\"elementor-widget-wrap elementor-element-populated\">\n\t\t\t\t\t\t<div class=\"elementor-element elementor-element-66d26b60 elementor-widget elementor-widget-text-editor\" data-id=\"66d26b60\" data-element_type=\"widget\" data-e-type=\"widget\" data-widget_type=\"text-editor.default\">\n\t\t\t\t<div class=\"elementor-widget-container\">\n\t\t\t\t\t\t\t\t\t<h2>Qu'est-ce que l'ARS ?<\/h2><p>LRA Red Yeast Rice est un compl\u00e9ment alimentaire contenant de la levure de riz rouge et du coenzyme Q10. Il s'agit d'une alternative naturelle pour aider \u00e0 contr\u00f4ler le taux de cholest\u00e9rol.<\/p><p>La monacoline K de la levure de riz rouge contribue \u00e0 maintenir un taux de cholest\u00e9rol sanguin normal, tandis que la coenzyme Q10 agit comme antioxydant, favorise le m\u00e9tabolisme des aliments et renforce le syst\u00e8me immunitaire. Ce produit est particuli\u00e8rement recommand\u00e9 aux personnes ayant une alimentation riche en graisses ou souhaitant maintenir un taux de cholest\u00e9rol normal.<\/p><h2>Ingr\u00e9dients<\/h2><p>E.S. Red Yeast Rice (Monascus purpureus) titr\u00e9 \u00e0 3% en monacoline K (99,33 mg par g\u00e9lule), E.S. G\u00fagul (Commiphora mukul) titr\u00e9 \u00e0 2% en est\u00e9rones (80 mg par g\u00e9lule), Coenzyme Q10 (20 mg par g\u00e9lule), Policosanol (de la canne \u00e0 sucre) titr\u00e9 \u00e0 60% en octacosanol (5 mg par g\u00e9lule).Coenzyme Q10 (20 mg par g\u00e9lule), Policosanol (de canne \u00e0 sucre) titr\u00e9 \u00e0 60% en octacosanol (5 mg par g\u00e9lule), Vitamine E (12 mg, 100% VNR*), Acide folique (200 \u00b5g, 100% VNR*).<\/p><p>Informations nutritionnelles par g\u00e9lule : Monacoline K : 2,98 mg, Octacosanol : 3 mg, Est\u00e9rones : 1,6 mg<\/p><h2>Mode d'emploi<\/h2><p>Il est recommand\u00e9 de prendre 1 g\u00e9lule par jour, apr\u00e8s le repas principal, avec un verre d'eau.<\/p><h2>Effets positifs<\/h2><ul><li>Contribue \u00e0 maintenir un taux de cholest\u00e9rol sanguin normal.<\/li><li>Il agit comme un antioxydant, favorisant la sant\u00e9 cardiovasculaire.<\/li><li>Il am\u00e9liore le m\u00e9tabolisme des aliments et favorise la production d'\u00e9nergie.<\/li><li>Il renforce le syst\u00e8me immunitaire et pr\u00e9vient la d\u00e9t\u00e9rioration des art\u00e8res.<\/li><li>Effet hypotenseur, contribuant \u00e0 r\u00e9duire la tension art\u00e9rielle.<\/li><\/ul><h2>Pr\u00e9sentation<\/h2><p>Paquet de 60 g\u00e9lules v\u00e9g\u00e9tales<\/p>\t\t\t\t\t\t\t\t<\/div>\n\t\t\t\t<\/div>\n\t\t\t\t\t<\/div>\n\t\t<\/div>\n\t\t\t\t\t<\/div>\n\t\t<\/section>\n\t\t\t\t<\/div>","protected":false},"excerpt":{"rendered":"<p>\u00abCompl\u00e9ment alimentaire \u00e0 base de levure de riz rouge, de coenzyme Q10 et d'autres ingr\u00e9dients qui contribuent \u00e0 maintenir un taux de cholest\u00e9rol normal, \u00e0 soutenir la sant\u00e9 cardiovasculaire et \u00e0 renforcer le syst\u00e8me immunitaire.\u00bb<\/p>","protected":false},"featured_media":14312,"comment_status":"open","ping_status":"closed","template":"","meta":{"site-sidebar-layout":"default","site-content-layout":"","ast-site-content-layout":"default","site-content-style":"default","site-sidebar-style":"default","ast-global-header-display":"","ast-banner-title-visibility":"","ast-main-header-display":"","ast-hfb-above-header-display":"","ast-hfb-below-header-display":"","ast-hfb-mobile-header-display":"","site-post-title":"","ast-breadcrumbs-content":"","ast-featured-img":"","footer-sml-layout":"","ast-disable-related-posts":"","theme-transparent-header-meta":"default","adv-header-id-meta":"","stick-header-meta":"default","header-above-stick-meta":"","header-main-stick-meta":"","header-below-stick-meta":"","astra-migrate-meta-layouts":"set","ast-page-background-enabled":"default","ast-page-background-meta":{"desktop":{"background-color":"","background-image":"","background-repeat":"repeat","background-position":"center center","background-size":"auto","background-attachment":"scroll","background-type":"","background-media":"","overlay-type":"","overlay-color":"","overlay-opacity":"","overlay-gradient":""},"tablet":{"background-color":"","background-image":"","background-repeat":"repeat","background-position":"center center","background-size":"auto","background-attachment":"scroll","background-type":"","background-media":"","overlay-type":"","overlay-color":"","overlay-opacity":"","overlay-gradient":""},"mobile":{"background-color":"","background-image":"","background-repeat":"repeat","background-position":"center center","background-size":"auto","background-attachment":"scroll","background-type":"","background-media":"","overlay-type":"","overlay-color":"","overlay-opacity":"","overlay-gradient":""}},"ast-content-background-meta":{"desktop":{"background-color":"var(--ast-global-color-5)","background-image":"","background-repeat":"repeat","background-position":"center center","background-size":"auto","background-attachment":"scroll","background-type":"","background-media":"","overlay-type":"","overlay-color":"","overlay-opacity":"","overlay-gradient":""},"tablet":{"background-color":"var(--ast-global-color-5)","background-image":"","background-repeat":"repeat","background-position":"center center","background-size":"auto","background-attachment":"scroll","background-type":"","background-media":"","overlay-type":"","overlay-color":"","overlay-opacity":"","overlay-gradient":""},"mobile":{"background-color":"var(--ast-global-color-5)","background-image":"","background-repeat":"repeat","background-position":"center center","background-size":"auto","background-attachment":"scroll","background-type":"","background-media":"","overlay-type":"","overlay-color":"","overlay-opacity":"","overlay-gradient":""}},"_glsr_average":0,"_glsr_ranking":0,"_glsr_reviews":0},"product_brand":[],"product_cat":[352],"product_tag":[],"class_list":{"0":"post-14698","1":"product","2":"type-product","3":"status-publish","4":"has-post-thumbnail","6":"product_cat-sistema-cardiovascular","7":"desktop-align-center","8":"tablet-align-center","9":"mobile-align-center","10":"ast-product-gallery-layout-horizontal","11":"ast-product-gallery-with-no-image","12":"ast-product-tabs-layout-horizontal","14":"first","15":"instock","16":"taxable","17":"shipping-taxable","18":"purchasable","19":"product-type-simple"},"_links":{"self":[{"href":"https:\/\/dioxvitae.es\/fr\/wp-json\/wp\/v2\/product\/14698","targetHints":{"allow":["GET"]}}],"collection":[{"href":"https:\/\/dioxvitae.es\/fr\/wp-json\/wp\/v2\/product"}],"about":[{"href":"https:\/\/dioxvitae.es\/fr\/wp-json\/wp\/v2\/types\/product"}],"replies":[{"embeddable":true,"href":"https:\/\/dioxvitae.es\/fr\/wp-json\/wp\/v2\/comments?post=14698"}],"version-history":[{"count":8,"href":"https:\/\/dioxvitae.es\/fr\/wp-json\/wp\/v2\/product\/14698\/revisions"}],"predecessor-version":[{"id":18221,"href":"https:\/\/dioxvitae.es\/fr\/wp-json\/wp\/v2\/product\/14698\/revisions\/18221"}],"wp:featuredmedia":[{"embeddable":true,"href":"https:\/\/dioxvitae.es\/fr\/wp-json\/wp\/v2\/media\/14312"}],"wp:attachment":[{"href":"https:\/\/dioxvitae.es\/fr\/wp-json\/wp\/v2\/media?parent=14698"}],"wp:term":[{"taxonomy":"product_brand","embeddable":true,"href":"https:\/\/dioxvitae.es\/fr\/wp-json\/wp\/v2\/product_brand?post=14698"},{"taxonomy":"product_cat","embeddable":true,"href":"https:\/\/dioxvitae.es\/fr\/wp-json\/wp\/v2\/product_cat?post=14698"},{"taxonomy":"product_tag","embeddable":true,"href":"https:\/\/dioxvitae.es\/fr\/wp-json\/wp\/v2\/product_tag?post=14698"}],"curies":[{"name":"wp","href":"https:\/\/api.w.org\/{rel}","templated":true}]}}