{"id":14697,"date":"2025-04-14T10:35:05","date_gmt":"2025-04-14T08:35:05","guid":{"rendered":"https:\/\/www.dioxvitae.es\/cardo-mariano\/"},"modified":"2026-03-17T18:15:31","modified_gmt":"2026-03-17T16:15:31","slug":"le-chardon-marie","status":"publish","type":"product","link":"https:\/\/dioxvitae.es\/fr\/cardo-mariano\/","title":{"rendered":"Comprim\u00e9s de chardon-marie"},"content":{"rendered":"<div data-elementor-type=\"wp-post\" data-elementor-id=\"14697\" class=\"elementor elementor-14697\" data-elementor-post-type=\"product\">\n\t\t\t\t\t\t<section class=\"elementor-section elementor-top-section elementor-element elementor-element-3bf6a763 elementor-section-boxed elementor-section-height-default elementor-section-height-default\" data-id=\"3bf6a763\" data-element_type=\"section\" data-e-type=\"section\">\n\t\t\t\t\t\t<div class=\"elementor-container elementor-column-gap-default\">\n\t\t\t\t\t<div class=\"elementor-column elementor-col-100 elementor-top-column elementor-element elementor-element-4b4cb3a7\" data-id=\"4b4cb3a7\" data-element_type=\"column\" data-e-type=\"column\">\n\t\t\t<div class=\"elementor-widget-wrap elementor-element-populated\">\n\t\t\t\t\t\t<div class=\"elementor-element elementor-element-3a36d786 elementor-widget elementor-widget-text-editor\" data-id=\"3a36d786\" data-element_type=\"widget\" data-e-type=\"widget\" data-widget_type=\"text-editor.default\">\n\t\t\t\t<div class=\"elementor-widget-container\">\n\t\t\t\t\t\t\t\t\t<h2>Qu'est-ce que le chardon-marie ?<\/h2><p>Compl\u00e9ment alimentaire \u00e0 base de chardon-marie \u00e0 teneur en silymarine et silybine, qui contribue au bon fonctionnement du foie. Sa formule favorise la r\u00e9g\u00e9n\u00e9ration des cellules h\u00e9patiques, am\u00e9liore l'\u00e9coulement de la bile et soutient la d\u00e9sintoxication de l'organisme.<\/p><p>Convient aux p\u00e9riodes d'exc\u00e8s alimentaires, ainsi qu'aux personnes cherchant \u00e0 prot\u00e9ger la fonction h\u00e9patique.<\/p><p>\u00a0<\/p><h2>Ingr\u00e9dients<\/h2><p>S.S. de chardon marie (Silybum marianum) titr\u00e9e \u00e0 70 % en silymarine et 30 % en silybine.<\/p><p>Pour 4 comprim\u00e9s : Extrait sec de chardon-marie : 248 mg, silymarine : 201,6 mg (dont 43,2 - 86,4 mg de silybine).<\/p><p>Anti-agglom\u00e9rants : cellulose, phosphate de calcium, st\u00e9arate de magn\u00e9sium.<\/p><p>\u00a0<\/p><h2>Mode d'emploi<\/h2><p>Prendre 2 \u00e0 4 comprim\u00e9s par jour, de pr\u00e9f\u00e9rence avant les repas, avec un verre d'eau.<\/p><p>\u00a0<\/p><h2>Effets positifs<\/h2><ul><li>Favorise la fonction h\u00e9patique et la r\u00e9g\u00e9n\u00e9ration cellulaire.<\/li><li>Favorise la d\u00e9sintoxication du foie.<\/li><li>Am\u00e9liore le flux biliaire et facilite la digestion.<\/li><li>Aide \u00e0 maintenir un taux de sucre normal dans le sang.<\/li><li>Assure une action tonique et protectrice du foie.<\/li><\/ul><p>\u00a0<\/p><h2>Pr\u00e9sentation<\/h2><p>Paquet de 90 comprim\u00e9s<\/p>\t\t\t\t\t\t\t\t<\/div>\n\t\t\t\t<\/div>\n\t\t\t\t\t<\/div>\n\t\t<\/div>\n\t\t\t\t\t<\/div>\n\t\t<\/section>\n\t\t\t\t<\/div>","protected":false},"excerpt":{"rendered":"<p>\u00abCompl\u00e9ment alimentaire \u00e0 base de chardon-marie qui favorise la r\u00e9g\u00e9n\u00e9ration des cellules du foie, soutient la d\u00e9sintoxication et am\u00e9liore le flux biliaire, id\u00e9al pour maintenir la fonction h\u00e9patique.\u00bb<\/p>","protected":false},"featured_media":14311,"comment_status":"open","ping_status":"closed","template":"","meta":{"site-sidebar-layout":"default","site-content-layout":"","ast-site-content-layout":"default","site-content-style":"default","site-sidebar-style":"default","ast-global-header-display":"","ast-banner-title-visibility":"","ast-main-header-display":"","ast-hfb-above-header-display":"","ast-hfb-below-header-display":"","ast-hfb-mobile-header-display":"","site-post-title":"","ast-breadcrumbs-content":"","ast-featured-img":"","footer-sml-layout":"","ast-disable-related-posts":"","theme-transparent-header-meta":"default","adv-header-id-meta":"","stick-header-meta":"default","header-above-stick-meta":"","header-main-stick-meta":"","header-below-stick-meta":"","astra-migrate-meta-layouts":"set","ast-page-background-enabled":"default","ast-page-background-meta":{"desktop":{"background-color":"","background-image":"","background-repeat":"repeat","background-position":"center center","background-size":"auto","background-attachment":"scroll","background-type":"","background-media":"","overlay-type":"","overlay-color":"","overlay-opacity":"","overlay-gradient":""},"tablet":{"background-color":"","background-image":"","background-repeat":"repeat","background-position":"center center","background-size":"auto","background-attachment":"scroll","background-type":"","background-media":"","overlay-type":"","overlay-color":"","overlay-opacity":"","overlay-gradient":""},"mobile":{"background-color":"","background-image":"","background-repeat":"repeat","background-position":"center center","background-size":"auto","background-attachment":"scroll","background-type":"","background-media":"","overlay-type":"","overlay-color":"","overlay-opacity":"","overlay-gradient":""}},"ast-content-background-meta":{"desktop":{"background-color":"var(--ast-global-color-5)","background-image":"","background-repeat":"repeat","background-position":"center center","background-size":"auto","background-attachment":"scroll","background-type":"","background-media":"","overlay-type":"","overlay-color":"","overlay-opacity":"","overlay-gradient":""},"tablet":{"background-color":"var(--ast-global-color-5)","background-image":"","background-repeat":"repeat","background-position":"center center","background-size":"auto","background-attachment":"scroll","background-type":"","background-media":"","overlay-type":"","overlay-color":"","overlay-opacity":"","overlay-gradient":""},"mobile":{"background-color":"var(--ast-global-color-5)","background-image":"","background-repeat":"repeat","background-position":"center center","background-size":"auto","background-attachment":"scroll","background-type":"","background-media":"","overlay-type":"","overlay-color":"","overlay-opacity":"","overlay-gradient":""}},"_glsr_average":0,"_glsr_ranking":0,"_glsr_reviews":0},"product_brand":[],"product_cat":[336,354],"product_tag":[],"class_list":{"0":"post-14697","1":"product","2":"type-product","3":"status-publish","4":"has-post-thumbnail","6":"product_cat-sistema-digestivo","7":"product_cat-sistema-hepatico","8":"desktop-align-center","9":"tablet-align-center","10":"mobile-align-center","11":"ast-product-gallery-layout-horizontal","12":"ast-product-gallery-with-no-image","13":"ast-product-tabs-layout-horizontal","15":"first","16":"instock","17":"taxable","18":"shipping-taxable","19":"purchasable","20":"product-type-simple"},"_links":{"self":[{"href":"https:\/\/dioxvitae.es\/fr\/wp-json\/wp\/v2\/product\/14697","targetHints":{"allow":["GET"]}}],"collection":[{"href":"https:\/\/dioxvitae.es\/fr\/wp-json\/wp\/v2\/product"}],"about":[{"href":"https:\/\/dioxvitae.es\/fr\/wp-json\/wp\/v2\/types\/product"}],"replies":[{"embeddable":true,"href":"https:\/\/dioxvitae.es\/fr\/wp-json\/wp\/v2\/comments?post=14697"}],"version-history":[{"count":5,"href":"https:\/\/dioxvitae.es\/fr\/wp-json\/wp\/v2\/product\/14697\/revisions"}],"predecessor-version":[{"id":18734,"href":"https:\/\/dioxvitae.es\/fr\/wp-json\/wp\/v2\/product\/14697\/revisions\/18734"}],"wp:featuredmedia":[{"embeddable":true,"href":"https:\/\/dioxvitae.es\/fr\/wp-json\/wp\/v2\/media\/14311"}],"wp:attachment":[{"href":"https:\/\/dioxvitae.es\/fr\/wp-json\/wp\/v2\/media?parent=14697"}],"wp:term":[{"taxonomy":"product_brand","embeddable":true,"href":"https:\/\/dioxvitae.es\/fr\/wp-json\/wp\/v2\/product_brand?post=14697"},{"taxonomy":"product_cat","embeddable":true,"href":"https:\/\/dioxvitae.es\/fr\/wp-json\/wp\/v2\/product_cat?post=14697"},{"taxonomy":"product_tag","embeddable":true,"href":"https:\/\/dioxvitae.es\/fr\/wp-json\/wp\/v2\/product_tag?post=14697"}],"curies":[{"name":"wp","href":"https:\/\/api.w.org\/{rel}","templated":true}]}}