{"id":14696,"date":"2025-04-14T10:35:05","date_gmt":"2025-04-14T08:35:05","guid":{"rendered":"https:\/\/www.dioxvitae.es\/suero-acido-hialuronico-complex\/"},"modified":"2026-03-18T14:58:54","modified_gmt":"2026-03-18T12:58:54","slug":"serum-complexe-dacide-hyaluronique","status":"publish","type":"product","link":"https:\/\/dioxvitae.es\/fr\/suero-acido-hialuronico-complex\/","title":{"rendered":"S\u00e9rum complexe d'acide hyaluronique"},"content":{"rendered":"<div data-elementor-type=\"wp-post\" data-elementor-id=\"14696\" class=\"elementor elementor-14696\" data-elementor-post-type=\"product\">\n\t\t\t\t\t\t<section class=\"elementor-section elementor-top-section elementor-element elementor-element-15a0f77f elementor-section-boxed elementor-section-height-default elementor-section-height-default\" data-id=\"15a0f77f\" data-element_type=\"section\" data-e-type=\"section\">\n\t\t\t\t\t\t<div class=\"elementor-container elementor-column-gap-default\">\n\t\t\t\t\t<div class=\"elementor-column elementor-col-100 elementor-top-column elementor-element elementor-element-467fc8d8\" data-id=\"467fc8d8\" data-element_type=\"column\" data-e-type=\"column\">\n\t\t\t<div class=\"elementor-widget-wrap elementor-element-populated\">\n\t\t\t\t\t\t<div class=\"elementor-element elementor-element-55ffd0a2 elementor-widget elementor-widget-text-editor\" data-id=\"55ffd0a2\" data-element_type=\"widget\" data-e-type=\"widget\" data-widget_type=\"text-editor.default\">\n\t\t\t\t<div class=\"elementor-widget-container\">\n\t\t\t\t\t\t\t\t\t<h2>Qu'est-ce que le s\u00e9rum complexe d'acide hyaluronique ?<\/h2><p>Soin intensif du contour de l'\u0153il formul\u00e9 avec 2 % d'acide hyaluronique pur de bas poids mol\u00e9culaire, de collag\u00e8ne d'acacia et d'hydrolats organiques de vigne rouge, d'avoine et de fleur d'oranger. Sa formule avanc\u00e9e permet d'estomper les rides, de lutter contre le rel\u00e2chement des paupi\u00e8res et d'apporter un effet raffermissant visible.<\/p><p>Gr\u00e2ce \u00e0 son action antioxydante et hydratante, elle renforce la barri\u00e8re cutan\u00e9e et pr\u00e9vient la perte d'eau trans\u00e9pidermique, am\u00e9liorant ainsi l'\u00e9lasticit\u00e9 de la peau. Enrichie en panth\u00e9nol et en eau de source min\u00e9rale, elle maintient le pH optimal de la peau sans avoir recours aux conservateurs conventionnels.<\/p><p>\u00a0<\/p><h2>Ingr\u00e9dients<\/h2><p>Acide hyaluronique pur (2 %) : Concentration maximale pour hydrater en profondeur et traiter les rides marqu\u00e9es. Collag\u00e8ne d'acacia : complexe v\u00e9g\u00e9tal qui am\u00e9liore la fermet\u00e9 et l'\u00e9lasticit\u00e9. Hydrolysats organiques de vigne rouge, d'avoine et de fleur d'oranger : propri\u00e9t\u00e9s apaisantes, antioxydantes et revitalisantes. Panth\u00e9nol et eau de source min\u00e9rale : maintiennent l'hydratation et l'\u00e9quilibre du pH de la peau. INCI : Aqua, Avena Sativa Kernel Water, Vitis Vinifera Leaf Water, Propanediol, Citrus Sinensis Flower Water, Pentylene Glycol, Sodium Hyaluronate, Panthenol, Acacia Seyal Gum Extract, Caprylyl Glycol, Tocopherol, Glycerin, Ethylhexylglycerin, Citric Acid, Lactic Acid, Potassium Sorbate, Tetrasodium Glutamate Diacetate.<\/p><p>\u00a0<\/p><h2>Mode d'emploi<\/h2><p>Appliquer du bout des doigts sur le contour des yeux en tapotant l\u00e9g\u00e8rement pour favoriser l'absorption. Utiliser deux fois par jour, matin et soir. Convient \u00e0 tous les types de peau.<\/p><p>\u00a0<\/p><h2>Effets positifs<\/h2><ul><li>R\u00e9duction des rides et des lignes d'expression.<\/li><li>Raffermit et combat la flaccidit\u00e9 des paupi\u00e8res.<\/li><li>Hydratation profonde et durable.<\/li><li>Renforce la barri\u00e8re cutan\u00e9e et am\u00e9liore l'\u00e9lasticit\u00e9.<\/li><li>Augmente la fermet\u00e9 et l'\u00e9lasticit\u00e9 en quelques heures.<\/li><\/ul><p>\u00a0<\/p><h2>Pr\u00e9sentation<\/h2><p>R\u00e9cipient de 15 ml.<\/p>\t\t\t\t\t\t\t\t<\/div>\n\t\t\t\t<\/div>\n\t\t\t\t\t<\/div>\n\t\t<\/div>\n\t\t\t\t\t<\/div>\n\t\t<\/section>\n\t\t\t\t<\/div>","protected":false},"excerpt":{"rendered":"<p>\u00abSoin intensif du contour des yeux \u00e0 l'acide hyaluronique, au collag\u00e8ne d'acacia et aux hydrolats organiques, qui r\u00e9duit les rides, lutte contre le rel\u00e2chement et apporte une hydratation profonde.\u00bb<\/p>","protected":false},"featured_media":14310,"comment_status":"open","ping_status":"closed","template":"","meta":{"site-sidebar-layout":"default","site-content-layout":"","ast-site-content-layout":"default","site-content-style":"default","site-sidebar-style":"default","ast-global-header-display":"","ast-banner-title-visibility":"","ast-main-header-display":"","ast-hfb-above-header-display":"","ast-hfb-below-header-display":"","ast-hfb-mobile-header-display":"","site-post-title":"","ast-breadcrumbs-content":"","ast-featured-img":"","footer-sml-layout":"","ast-disable-related-posts":"","theme-transparent-header-meta":"default","adv-header-id-meta":"","stick-header-meta":"default","header-above-stick-meta":"","header-main-stick-meta":"","header-below-stick-meta":"","astra-migrate-meta-layouts":"set","ast-page-background-enabled":"default","ast-page-background-meta":{"desktop":{"background-color":"","background-image":"","background-repeat":"repeat","background-position":"center center","background-size":"auto","background-attachment":"scroll","background-type":"","background-media":"","overlay-type":"","overlay-color":"","overlay-opacity":"","overlay-gradient":""},"tablet":{"background-color":"","background-image":"","background-repeat":"repeat","background-position":"center center","background-size":"auto","background-attachment":"scroll","background-type":"","background-media":"","overlay-type":"","overlay-color":"","overlay-opacity":"","overlay-gradient":""},"mobile":{"background-color":"","background-image":"","background-repeat":"repeat","background-position":"center center","background-size":"auto","background-attachment":"scroll","background-type":"","background-media":"","overlay-type":"","overlay-color":"","overlay-opacity":"","overlay-gradient":""}},"ast-content-background-meta":{"desktop":{"background-color":"var(--ast-global-color-5)","background-image":"","background-repeat":"repeat","background-position":"center center","background-size":"auto","background-attachment":"scroll","background-type":"","background-media":"","overlay-type":"","overlay-color":"","overlay-opacity":"","overlay-gradient":""},"tablet":{"background-color":"var(--ast-global-color-5)","background-image":"","background-repeat":"repeat","background-position":"center center","background-size":"auto","background-attachment":"scroll","background-type":"","background-media":"","overlay-type":"","overlay-color":"","overlay-opacity":"","overlay-gradient":""},"mobile":{"background-color":"var(--ast-global-color-5)","background-image":"","background-repeat":"repeat","background-position":"center center","background-size":"auto","background-attachment":"scroll","background-type":"","background-media":"","overlay-type":"","overlay-color":"","overlay-opacity":"","overlay-gradient":""}},"_glsr_average":0,"_glsr_ranking":0,"_glsr_reviews":0},"product_brand":[],"product_cat":[15],"product_tag":[],"class_list":{"0":"post-14696","1":"product","2":"type-product","3":"status-publish","4":"has-post-thumbnail","6":"product_cat-sin-categorizar","7":"desktop-align-center","8":"tablet-align-center","9":"mobile-align-center","10":"ast-product-gallery-layout-horizontal","11":"ast-product-gallery-with-no-image","12":"ast-product-tabs-layout-horizontal","14":"first","15":"instock","16":"taxable","17":"shipping-taxable","18":"purchasable","19":"product-type-simple"},"_links":{"self":[{"href":"https:\/\/dioxvitae.es\/fr\/wp-json\/wp\/v2\/product\/14696","targetHints":{"allow":["GET"]}}],"collection":[{"href":"https:\/\/dioxvitae.es\/fr\/wp-json\/wp\/v2\/product"}],"about":[{"href":"https:\/\/dioxvitae.es\/fr\/wp-json\/wp\/v2\/types\/product"}],"replies":[{"embeddable":true,"href":"https:\/\/dioxvitae.es\/fr\/wp-json\/wp\/v2\/comments?post=14696"}],"version-history":[{"count":5,"href":"https:\/\/dioxvitae.es\/fr\/wp-json\/wp\/v2\/product\/14696\/revisions"}],"predecessor-version":[{"id":16443,"href":"https:\/\/dioxvitae.es\/fr\/wp-json\/wp\/v2\/product\/14696\/revisions\/16443"}],"wp:featuredmedia":[{"embeddable":true,"href":"https:\/\/dioxvitae.es\/fr\/wp-json\/wp\/v2\/media\/14310"}],"wp:attachment":[{"href":"https:\/\/dioxvitae.es\/fr\/wp-json\/wp\/v2\/media?parent=14696"}],"wp:term":[{"taxonomy":"product_brand","embeddable":true,"href":"https:\/\/dioxvitae.es\/fr\/wp-json\/wp\/v2\/product_brand?post=14696"},{"taxonomy":"product_cat","embeddable":true,"href":"https:\/\/dioxvitae.es\/fr\/wp-json\/wp\/v2\/product_cat?post=14696"},{"taxonomy":"product_tag","embeddable":true,"href":"https:\/\/dioxvitae.es\/fr\/wp-json\/wp\/v2\/product_tag?post=14696"}],"curies":[{"name":"wp","href":"https:\/\/api.w.org\/{rel}","templated":true}]}}