{"id":14694,"date":"2025-04-14T10:35:02","date_gmt":"2025-04-14T08:35:02","guid":{"rendered":"https:\/\/www.dioxvitae.es\/micronizado-talquera-75-gr\/"},"modified":"2026-02-09T12:30:47","modified_gmt":"2026-02-09T10:30:47","slug":"talquera-micronise-75-gr","status":"publish","type":"product","link":"https:\/\/dioxvitae.es\/fr\/micronizado-talquera-75-gr\/","title":{"rendered":"Talc micronis\u00e9 75 gr"},"content":{"rendered":"<div data-elementor-type=\"wp-post\" data-elementor-id=\"14694\" class=\"elementor elementor-14694\" data-elementor-post-type=\"product\">\n\t\t\t\t\t\t<section class=\"elementor-section elementor-top-section elementor-element elementor-element-5c1e7223 elementor-section-boxed elementor-section-height-default elementor-section-height-default\" data-id=\"5c1e7223\" data-element_type=\"section\" data-e-type=\"section\">\n\t\t\t\t\t\t<div class=\"elementor-container elementor-column-gap-default\">\n\t\t\t\t\t<div class=\"elementor-column elementor-col-100 elementor-top-column elementor-element elementor-element-572ea651\" data-id=\"572ea651\" data-element_type=\"column\" data-e-type=\"column\">\n\t\t\t<div class=\"elementor-widget-wrap elementor-element-populated\">\n\t\t\t\t\t\t<div class=\"elementor-element elementor-element-6be8863b elementor-widget elementor-widget-text-editor\" data-id=\"6be8863b\" data-element_type=\"widget\" data-e-type=\"widget\" data-widget_type=\"text-editor.default\">\n\t\t\t\t<div class=\"elementor-widget-container\">\n\t\t\t\t\t\t\t\t\t<h2>Qu'est-ce que le talc micronis\u00e9 ?<\/h2><p>Poudre micronis\u00e9e aux extraits de plantes qui r\u00e9duit et neutralise les odeurs corporelles, rafra\u00eechit et d\u00e9congestionne la peau affect\u00e9e par l'humidit\u00e9 ou la transpiration. Procure une sensation instantan\u00e9e de fra\u00eecheur et de d\u00e9tente.<\/p><p>\u00a0<\/p><h2>Ingr\u00e9dients<\/h2><p>Thym : Purifie, parfume et rafra\u00eechit les zones affect\u00e9es par une transpiration excessive. Romarin : Tonifie et rafra\u00eechit la peau, procurant une sensation de repos et de bien-\u00eatre. Sauge : Propri\u00e9t\u00e9s assainissantes qui contr\u00f4lent la transpiration excessive et neutralisent les odeurs corporelles. Pr\u00eale : Haute teneur en min\u00e9raux qui revitalise et r\u00e9g\u00e9n\u00e8re les peaux ab\u00eem\u00e9es. Houblon : D\u00e9tend et d\u00e9congestionne les tissus, procurant une fra\u00eecheur imm\u00e9diate.<\/p><p>\u00a0<\/p><h2>Mode d'emploi<\/h2><p>Saupoudrer sur la peau propre et s\u00e8che des zones \u00e0 traiter. Laisser agir et absorber les microparticules.<\/p><p>\u00a0<\/p><h2>Effets positifs<\/h2><ul><li>Neutralise les odeurs corporelles.<\/li><li>Rafra\u00eechit et tonifie la peau.<\/li><li>R\u00e9g\u00e9n\u00e8re et revitalise les peaux ab\u00eem\u00e9es.<\/li><li>Sensation imm\u00e9diate de fra\u00eecheur et de repos.<\/li><\/ul><p>\u00a0<\/p><h2>Pr\u00e9sentation<\/h2><p>Paquet de 75 grammes.<\/p>\t\t\t\t\t\t\t\t<\/div>\n\t\t\t\t<\/div>\n\t\t\t\t\t<\/div>\n\t\t<\/div>\n\t\t\t\t\t<\/div>\n\t\t<\/section>\n\t\t\t\t<\/div>","protected":false},"excerpt":{"rendered":"<p>\u00abPoudre micronis\u00e9e aux extraits de plantes qui neutralise les odeurs, rafra\u00eechit, tonifie et r\u00e9g\u00e9n\u00e8re la peau affect\u00e9e par la transpiration.\u00bb<\/p>","protected":false},"featured_media":14308,"comment_status":"open","ping_status":"closed","template":"","meta":{"site-sidebar-layout":"default","site-content-layout":"","ast-site-content-layout":"default","site-content-style":"default","site-sidebar-style":"default","ast-global-header-display":"","ast-banner-title-visibility":"","ast-main-header-display":"","ast-hfb-above-header-display":"","ast-hfb-below-header-display":"","ast-hfb-mobile-header-display":"","site-post-title":"","ast-breadcrumbs-content":"","ast-featured-img":"","footer-sml-layout":"","ast-disable-related-posts":"","theme-transparent-header-meta":"default","adv-header-id-meta":"","stick-header-meta":"default","header-above-stick-meta":"","header-main-stick-meta":"","header-below-stick-meta":"","astra-migrate-meta-layouts":"set","ast-page-background-enabled":"default","ast-page-background-meta":{"desktop":{"background-color":"","background-image":"","background-repeat":"repeat","background-position":"center center","background-size":"auto","background-attachment":"scroll","background-type":"","background-media":"","overlay-type":"","overlay-color":"","overlay-opacity":"","overlay-gradient":""},"tablet":{"background-color":"","background-image":"","background-repeat":"repeat","background-position":"center center","background-size":"auto","background-attachment":"scroll","background-type":"","background-media":"","overlay-type":"","overlay-color":"","overlay-opacity":"","overlay-gradient":""},"mobile":{"background-color":"","background-image":"","background-repeat":"repeat","background-position":"center center","background-size":"auto","background-attachment":"scroll","background-type":"","background-media":"","overlay-type":"","overlay-color":"","overlay-opacity":"","overlay-gradient":""}},"ast-content-background-meta":{"desktop":{"background-color":"var(--ast-global-color-5)","background-image":"","background-repeat":"repeat","background-position":"center center","background-size":"auto","background-attachment":"scroll","background-type":"","background-media":"","overlay-type":"","overlay-color":"","overlay-opacity":"","overlay-gradient":""},"tablet":{"background-color":"var(--ast-global-color-5)","background-image":"","background-repeat":"repeat","background-position":"center center","background-size":"auto","background-attachment":"scroll","background-type":"","background-media":"","overlay-type":"","overlay-color":"","overlay-opacity":"","overlay-gradient":""},"mobile":{"background-color":"var(--ast-global-color-5)","background-image":"","background-repeat":"repeat","background-position":"center center","background-size":"auto","background-attachment":"scroll","background-type":"","background-media":"","overlay-type":"","overlay-color":"","overlay-opacity":"","overlay-gradient":""}},"_glsr_average":0,"_glsr_ranking":0,"_glsr_reviews":0},"product_brand":[],"product_cat":[334],"product_tag":[],"class_list":{"0":"post-14694","1":"product","2":"type-product","3":"status-publish","4":"has-post-thumbnail","6":"product_cat-cuidado-personal","7":"desktop-align-center","8":"tablet-align-center","9":"mobile-align-center","10":"ast-product-gallery-layout-horizontal","11":"ast-product-gallery-with-no-image","12":"ast-product-tabs-layout-horizontal","14":"first","15":"instock","16":"taxable","17":"shipping-taxable","18":"purchasable","19":"product-type-simple"},"_links":{"self":[{"href":"https:\/\/dioxvitae.es\/fr\/wp-json\/wp\/v2\/product\/14694","targetHints":{"allow":["GET"]}}],"collection":[{"href":"https:\/\/dioxvitae.es\/fr\/wp-json\/wp\/v2\/product"}],"about":[{"href":"https:\/\/dioxvitae.es\/fr\/wp-json\/wp\/v2\/types\/product"}],"replies":[{"embeddable":true,"href":"https:\/\/dioxvitae.es\/fr\/wp-json\/wp\/v2\/comments?post=14694"}],"version-history":[{"count":5,"href":"https:\/\/dioxvitae.es\/fr\/wp-json\/wp\/v2\/product\/14694\/revisions"}],"predecessor-version":[{"id":19550,"href":"https:\/\/dioxvitae.es\/fr\/wp-json\/wp\/v2\/product\/14694\/revisions\/19550"}],"wp:featuredmedia":[{"embeddable":true,"href":"https:\/\/dioxvitae.es\/fr\/wp-json\/wp\/v2\/media\/14308"}],"wp:attachment":[{"href":"https:\/\/dioxvitae.es\/fr\/wp-json\/wp\/v2\/media?parent=14694"}],"wp:term":[{"taxonomy":"product_brand","embeddable":true,"href":"https:\/\/dioxvitae.es\/fr\/wp-json\/wp\/v2\/product_brand?post=14694"},{"taxonomy":"product_cat","embeddable":true,"href":"https:\/\/dioxvitae.es\/fr\/wp-json\/wp\/v2\/product_cat?post=14694"},{"taxonomy":"product_tag","embeddable":true,"href":"https:\/\/dioxvitae.es\/fr\/wp-json\/wp\/v2\/product_tag?post=14694"}],"curies":[{"name":"wp","href":"https:\/\/api.w.org\/{rel}","templated":true}]}}