{"id":14691,"date":"2025-04-14T10:35:01","date_gmt":"2025-04-14T08:35:01","guid":{"rendered":"https:\/\/www.dioxvitae.es\/levadura-de-cerveza\/"},"modified":"2026-02-09T12:33:20","modified_gmt":"2026-02-09T10:33:20","slug":"levure-de-biere","status":"publish","type":"product","link":"https:\/\/dioxvitae.es\/fr\/levadura-de-cerveza\/","title":{"rendered":"LEVURE DE BI\u00c8RE"},"content":{"rendered":"<div data-elementor-type=\"wp-post\" data-elementor-id=\"14691\" class=\"elementor elementor-14691\" data-elementor-post-type=\"product\">\n\t\t\t\t\t\t<section class=\"elementor-section elementor-top-section elementor-element elementor-element-2a662d29 elementor-section-boxed elementor-section-height-default elementor-section-height-default\" data-id=\"2a662d29\" data-element_type=\"section\" data-e-type=\"section\">\n\t\t\t\t\t\t<div class=\"elementor-container elementor-column-gap-default\">\n\t\t\t\t\t<div class=\"elementor-column elementor-col-100 elementor-top-column elementor-element elementor-element-162e086\" data-id=\"162e086\" data-element_type=\"column\" data-e-type=\"column\">\n\t\t\t<div class=\"elementor-widget-wrap elementor-element-populated\">\n\t\t\t\t\t\t<div class=\"elementor-element elementor-element-121a3834 elementor-widget elementor-widget-text-editor\" data-id=\"121a3834\" data-element_type=\"widget\" data-e-type=\"widget\" data-widget_type=\"text-editor.default\">\n\t\t\t\t<div class=\"elementor-widget-container\">\n\t\t\t\t\t\t\t\t\t<h2>Qu'est-ce que la levure de bi\u00e8re ?<\/h2><p>La levure de bi\u00e8re est un compl\u00e9ment alimentaire issu de la fermentation de la bi\u00e8re, riche en acides amin\u00e9s essentiels, en vitamines B et en min\u00e9raux. Ce produit est id\u00e9al pour les personnes souhaitant am\u00e9liorer leur bien-\u00eatre g\u00e9n\u00e9ral, renforcer les cheveux et les ongles, ou lutter contre les probl\u00e8mes de peau tels que l'ecz\u00e9ma et les br\u00fblures. Il est \u00e9galement utile dans les p\u00e9riodes de nervosit\u00e9 ou de stress, et pour contr\u00f4ler la constipation, gr\u00e2ce \u00e0 sa teneur \u00e9lev\u00e9e en hydrates de carbone \u00e0 longue cha\u00eene. La levure de bi\u00e8re est d\u00e9sam\u00e9ris\u00e9e, ce qui permet de b\u00e9n\u00e9ficier de tous ses bienfaits sans en avoir le go\u00fbt d\u00e9sagr\u00e9able.<\/p><p>\u00a0<\/p><h2>Ingr\u00e9dients<\/h2><p>Levure de bi\u00e8re (gluten) (Saccharomyces cerevisiae), Anti-agglom\u00e9rants : silice (E 551), st\u00e9arate de magn\u00e9sium (E 470b).<\/p><p>\u00a0<\/p><h2>Mode d'emploi<\/h2><p>Prendre 4 \u00e0 5 comprim\u00e9s par jour, de pr\u00e9f\u00e9rence pendant les repas.<\/p><p>\u00a0<\/p><h2>Effets positifs<\/h2><ul><li>Renforce les cheveux et les ongles : aide \u00e0 pr\u00e9venir la chute des cheveux et am\u00e9liore la sant\u00e9 des ongles.<\/li><li>Am\u00e9liore la sant\u00e9 de la peau : favorise la cicatrisation des plaies, de l'ecz\u00e9ma et des br\u00fblures.<\/li><li>Soulage la nervosit\u00e9 et le stress : utile dans les p\u00e9riodes de tension \u00e9motionnelle.<\/li><li>Contr\u00f4le la constipation : facilite la digestion et am\u00e9liore le transit intestinal.<\/li><li>Fournit des vitamines B : aide \u00e0 maintenir le syst\u00e8me nerveux en bon \u00e9tat.<\/li><\/ul><p>\u00a0<\/p><h2>Pr\u00e9sentation<\/h2><p>Emballage contenant 600 comprim\u00e9s de 500 mg. Poids net 300 g.\u00a0<\/p>\t\t\t\t\t\t\t\t<\/div>\n\t\t\t\t<\/div>\n\t\t\t\t\t<\/div>\n\t\t<\/div>\n\t\t\t\t\t<\/div>\n\t\t<\/section>\n\t\t\t\t<\/div>","protected":false},"excerpt":{"rendered":"<p>\u00abRenforce les cheveux, la peau et les ongles. Am\u00e9liore le transit intestinal et \u00e9quilibre le syst\u00e8me nerveux\u00bb.\u00bb<\/p>","protected":false},"featured_media":14305,"comment_status":"open","ping_status":"closed","template":"","meta":{"site-sidebar-layout":"default","site-content-layout":"","ast-site-content-layout":"default","site-content-style":"default","site-sidebar-style":"default","ast-global-header-display":"","ast-banner-title-visibility":"","ast-main-header-display":"","ast-hfb-above-header-display":"","ast-hfb-below-header-display":"","ast-hfb-mobile-header-display":"","site-post-title":"","ast-breadcrumbs-content":"","ast-featured-img":"","footer-sml-layout":"","ast-disable-related-posts":"","theme-transparent-header-meta":"default","adv-header-id-meta":"","stick-header-meta":"default","header-above-stick-meta":"","header-main-stick-meta":"","header-below-stick-meta":"","astra-migrate-meta-layouts":"set","ast-page-background-enabled":"default","ast-page-background-meta":{"desktop":{"background-color":"","background-image":"","background-repeat":"repeat","background-position":"center center","background-size":"auto","background-attachment":"scroll","background-type":"","background-media":"","overlay-type":"","overlay-color":"","overlay-opacity":"","overlay-gradient":""},"tablet":{"background-color":"","background-image":"","background-repeat":"repeat","background-position":"center center","background-size":"auto","background-attachment":"scroll","background-type":"","background-media":"","overlay-type":"","overlay-color":"","overlay-opacity":"","overlay-gradient":""},"mobile":{"background-color":"","background-image":"","background-repeat":"repeat","background-position":"center center","background-size":"auto","background-attachment":"scroll","background-type":"","background-media":"","overlay-type":"","overlay-color":"","overlay-opacity":"","overlay-gradient":""}},"ast-content-background-meta":{"desktop":{"background-color":"var(--ast-global-color-5)","background-image":"","background-repeat":"repeat","background-position":"center center","background-size":"auto","background-attachment":"scroll","background-type":"","background-media":"","overlay-type":"","overlay-color":"","overlay-opacity":"","overlay-gradient":""},"tablet":{"background-color":"var(--ast-global-color-5)","background-image":"","background-repeat":"repeat","background-position":"center center","background-size":"auto","background-attachment":"scroll","background-type":"","background-media":"","overlay-type":"","overlay-color":"","overlay-opacity":"","overlay-gradient":""},"mobile":{"background-color":"var(--ast-global-color-5)","background-image":"","background-repeat":"repeat","background-position":"center center","background-size":"auto","background-attachment":"scroll","background-type":"","background-media":"","overlay-type":"","overlay-color":"","overlay-opacity":"","overlay-gradient":""}},"_glsr_average":0,"_glsr_ranking":0,"_glsr_reviews":0},"product_brand":[],"product_cat":[336,341],"product_tag":[],"class_list":{"0":"post-14691","1":"product","2":"type-product","3":"status-publish","4":"has-post-thumbnail","6":"product_cat-sistema-digestivo","7":"product_cat-sistema-nervioso","8":"desktop-align-center","9":"tablet-align-center","10":"mobile-align-center","11":"ast-product-gallery-layout-horizontal","12":"ast-product-gallery-with-no-image","13":"ast-product-tabs-layout-horizontal","15":"first","16":"instock","17":"taxable","18":"shipping-taxable","19":"purchasable","20":"product-type-simple"},"_links":{"self":[{"href":"https:\/\/dioxvitae.es\/fr\/wp-json\/wp\/v2\/product\/14691","targetHints":{"allow":["GET"]}}],"collection":[{"href":"https:\/\/dioxvitae.es\/fr\/wp-json\/wp\/v2\/product"}],"about":[{"href":"https:\/\/dioxvitae.es\/fr\/wp-json\/wp\/v2\/types\/product"}],"replies":[{"embeddable":true,"href":"https:\/\/dioxvitae.es\/fr\/wp-json\/wp\/v2\/comments?post=14691"}],"version-history":[{"count":6,"href":"https:\/\/dioxvitae.es\/fr\/wp-json\/wp\/v2\/product\/14691\/revisions"}],"predecessor-version":[{"id":19552,"href":"https:\/\/dioxvitae.es\/fr\/wp-json\/wp\/v2\/product\/14691\/revisions\/19552"}],"wp:featuredmedia":[{"embeddable":true,"href":"https:\/\/dioxvitae.es\/fr\/wp-json\/wp\/v2\/media\/14305"}],"wp:attachment":[{"href":"https:\/\/dioxvitae.es\/fr\/wp-json\/wp\/v2\/media?parent=14691"}],"wp:term":[{"taxonomy":"product_brand","embeddable":true,"href":"https:\/\/dioxvitae.es\/fr\/wp-json\/wp\/v2\/product_brand?post=14691"},{"taxonomy":"product_cat","embeddable":true,"href":"https:\/\/dioxvitae.es\/fr\/wp-json\/wp\/v2\/product_cat?post=14691"},{"taxonomy":"product_tag","embeddable":true,"href":"https:\/\/dioxvitae.es\/fr\/wp-json\/wp\/v2\/product_tag?post=14691"}],"curies":[{"name":"wp","href":"https:\/\/api.w.org\/{rel}","templated":true}]}}