{"id":14690,"date":"2025-04-14T10:35:01","date_gmt":"2025-04-14T08:35:01","guid":{"rendered":"https:\/\/www.dioxvitae.es\/avifer\/"},"modified":"2026-03-26T18:29:06","modified_gmt":"2026-03-26T16:29:06","slug":"avifere","status":"publish","type":"product","link":"https:\/\/dioxvitae.es\/fr\/avifer\/","title":{"rendered":"AVIFER"},"content":{"rendered":"<div data-elementor-type=\"wp-post\" data-elementor-id=\"14690\" class=\"elementor elementor-14690\" data-elementor-post-type=\"product\">\n\t\t\t\t\t\t<section class=\"elementor-section elementor-top-section elementor-element elementor-element-295086c5 elementor-section-boxed elementor-section-height-default elementor-section-height-default\" data-id=\"295086c5\" data-element_type=\"section\" data-e-type=\"section\">\n\t\t\t\t\t\t<div class=\"elementor-container elementor-column-gap-default\">\n\t\t\t\t\t<div class=\"elementor-column elementor-col-100 elementor-top-column elementor-element elementor-element-3ce3ed7f\" data-id=\"3ce3ed7f\" data-element_type=\"column\" data-e-type=\"column\">\n\t\t\t<div class=\"elementor-widget-wrap elementor-element-populated\">\n\t\t\t\t\t\t<div class=\"elementor-element elementor-element-7b0ffbcc elementor-widget elementor-widget-text-editor\" data-id=\"7b0ffbcc\" data-element_type=\"widget\" data-e-type=\"widget\" data-widget_type=\"text-editor.default\">\n\t\t\t\t<div class=\"elementor-widget-container\">\n\t\t\t\t\t\t\t\t\t<h2>Qu'est-ce que l'Avifer ?<\/h2><p>Avifer de Robis est un compl\u00e9ment alimentaire destin\u00e9 \u00e0 am\u00e9liorer les diff\u00e9rents probl\u00e8mes li\u00e9s \u00e0 l'an\u00e9mie, \u00e0 la fatigue, \u00e0 l'\u00e9puisement et aux pertes de sang importantes. Il est \u00e9galement utile pendant la grossesse et l'allaitement, en favorisant l'oxyg\u00e9nation cellulaire et une bonne cicatrisation. Il est id\u00e9al pour les personnes ayant la peau p\u00e2le, la lipothymie, les vertiges, les acouph\u00e8nes et celles souffrant de maladies d\u00e9g\u00e9n\u00e9ratives, d'anorexie ou de manque d'app\u00e9tit. Ce compl\u00e9ment convient \u00e9galement aux sportifs, aux personnes \u00e2g\u00e9es et \u00e0 ceux qui ont besoin d'am\u00e9liorer leur \u00e9tat de sant\u00e9 g\u00e9n\u00e9ral.<\/p><p>\u00a0<\/p><h2>Ingr\u00e9dients<\/h2><p>Levure de bi\u00e8re, l\u00e9cithine de soja, vitamine C, vitamine B12, acide folique, fumarate de fer, fibres alimentaires.<\/p><p>\u00a0<\/p><h2>Mode d'emploi<\/h2><p>Adultes : 2 comprim\u00e9s par jour, de pr\u00e9f\u00e9rence au petit d\u00e9jeuner.<\/p><p>Enfants de plus de 5 ans : 1 comprim\u00e9 par jour, de pr\u00e9f\u00e9rence au petit d\u00e9jeuner.<\/p><p>\u00a0<\/p><h2>Effets positifs<\/h2><ul><li>Am\u00e9liore l'an\u00e9mie : aide \u00e0 r\u00e9tablir des niveaux normaux d'h\u00e9moglobine et de fer.<\/li><li>Lutte contre la fatigue et l'\u00e9puisement : apporte \u00e9nergie et vitalit\u00e9 et r\u00e9duit la fatigue g\u00e9n\u00e9rale.<\/li><li>Favorise l'oxyg\u00e9nation cellulaire : am\u00e9liore la circulation et le transport de l'oxyg\u00e8ne dans tout le corps.<\/li><li>Favorise la cicatrisation et la sant\u00e9 de la peau : acc\u00e9l\u00e8re la cicatrisation des plaies et am\u00e9liore la sant\u00e9 de la peau.<\/li><li>Soulagement des vertiges et des acouph\u00e8nes : id\u00e9al pour les personnes souffrant de vertiges ou de bourdonnements d'oreilles fr\u00e9quents.<\/li><li>Soutien \u00e0 la grossesse et \u00e0 l'allaitement : favorise le bien-\u00eatre maternel et le d\u00e9veloppement du f\u0153tus.<\/li><\/ul><p>\u00a0<\/p><h2>Pr\u00e9sentation<\/h2><p>Emballage contenant 30 comprim\u00e9s.<\/p>\t\t\t\t\t\t\t\t<\/div>\n\t\t\t\t<\/div>\n\t\t\t\t\t<\/div>\n\t\t<\/div>\n\t\t\t\t\t<\/div>\n\t\t<\/section>\n\t\t\t\t<\/div>","protected":false},"excerpt":{"rendered":"<p>\u00abAvifer de Robis est un compl\u00e9ment id\u00e9al pour lutter contre l'an\u00e9mie, la fatigue et l'\u00e9puisement. Il contient du fer, des vitamines et des nutriments essentiels qui soutiennent la sant\u00e9 globale.\u00bb<\/p>","protected":false},"featured_media":14304,"comment_status":"open","ping_status":"closed","template":"","meta":{"site-sidebar-layout":"default","site-content-layout":"","ast-site-content-layout":"default","site-content-style":"default","site-sidebar-style":"default","ast-global-header-display":"","ast-banner-title-visibility":"","ast-main-header-display":"","ast-hfb-above-header-display":"","ast-hfb-below-header-display":"","ast-hfb-mobile-header-display":"","site-post-title":"","ast-breadcrumbs-content":"","ast-featured-img":"","footer-sml-layout":"","ast-disable-related-posts":"","theme-transparent-header-meta":"default","adv-header-id-meta":"","stick-header-meta":"default","header-above-stick-meta":"","header-main-stick-meta":"","header-below-stick-meta":"","astra-migrate-meta-layouts":"set","ast-page-background-enabled":"default","ast-page-background-meta":{"desktop":{"background-color":"","background-image":"","background-repeat":"repeat","background-position":"center center","background-size":"auto","background-attachment":"scroll","background-type":"","background-media":"","overlay-type":"","overlay-color":"","overlay-opacity":"","overlay-gradient":""},"tablet":{"background-color":"","background-image":"","background-repeat":"repeat","background-position":"center center","background-size":"auto","background-attachment":"scroll","background-type":"","background-media":"","overlay-type":"","overlay-color":"","overlay-opacity":"","overlay-gradient":""},"mobile":{"background-color":"","background-image":"","background-repeat":"repeat","background-position":"center center","background-size":"auto","background-attachment":"scroll","background-type":"","background-media":"","overlay-type":"","overlay-color":"","overlay-opacity":"","overlay-gradient":""}},"ast-content-background-meta":{"desktop":{"background-color":"var(--ast-global-color-5)","background-image":"","background-repeat":"repeat","background-position":"center center","background-size":"auto","background-attachment":"scroll","background-type":"","background-media":"","overlay-type":"","overlay-color":"","overlay-opacity":"","overlay-gradient":""},"tablet":{"background-color":"var(--ast-global-color-5)","background-image":"","background-repeat":"repeat","background-position":"center center","background-size":"auto","background-attachment":"scroll","background-type":"","background-media":"","overlay-type":"","overlay-color":"","overlay-opacity":"","overlay-gradient":""},"mobile":{"background-color":"var(--ast-global-color-5)","background-image":"","background-repeat":"repeat","background-position":"center center","background-size":"auto","background-attachment":"scroll","background-type":"","background-media":"","overlay-type":"","overlay-color":"","overlay-opacity":"","overlay-gradient":""}},"_glsr_average":0,"_glsr_ranking":0,"_glsr_reviews":0},"product_brand":[],"product_cat":[331,351],"product_tag":[],"class_list":{"0":"post-14690","1":"product","2":"type-product","3":"status-publish","4":"has-post-thumbnail","6":"product_cat-herboristeria","7":"product_cat-vitaminas-y-minerales","8":"desktop-align-center","9":"tablet-align-center","10":"mobile-align-center","11":"ast-product-gallery-layout-horizontal","12":"ast-product-gallery-with-no-image","13":"ast-product-tabs-layout-horizontal","15":"first","16":"instock","17":"taxable","18":"shipping-taxable","19":"purchasable","20":"product-type-simple"},"_links":{"self":[{"href":"https:\/\/dioxvitae.es\/fr\/wp-json\/wp\/v2\/product\/14690","targetHints":{"allow":["GET"]}}],"collection":[{"href":"https:\/\/dioxvitae.es\/fr\/wp-json\/wp\/v2\/product"}],"about":[{"href":"https:\/\/dioxvitae.es\/fr\/wp-json\/wp\/v2\/types\/product"}],"replies":[{"embeddable":true,"href":"https:\/\/dioxvitae.es\/fr\/wp-json\/wp\/v2\/comments?post=14690"}],"version-history":[{"count":5,"href":"https:\/\/dioxvitae.es\/fr\/wp-json\/wp\/v2\/product\/14690\/revisions"}],"predecessor-version":[{"id":16894,"href":"https:\/\/dioxvitae.es\/fr\/wp-json\/wp\/v2\/product\/14690\/revisions\/16894"}],"wp:featuredmedia":[{"embeddable":true,"href":"https:\/\/dioxvitae.es\/fr\/wp-json\/wp\/v2\/media\/14304"}],"wp:attachment":[{"href":"https:\/\/dioxvitae.es\/fr\/wp-json\/wp\/v2\/media?parent=14690"}],"wp:term":[{"taxonomy":"product_brand","embeddable":true,"href":"https:\/\/dioxvitae.es\/fr\/wp-json\/wp\/v2\/product_brand?post=14690"},{"taxonomy":"product_cat","embeddable":true,"href":"https:\/\/dioxvitae.es\/fr\/wp-json\/wp\/v2\/product_cat?post=14690"},{"taxonomy":"product_tag","embeddable":true,"href":"https:\/\/dioxvitae.es\/fr\/wp-json\/wp\/v2\/product_tag?post=14690"}],"curies":[{"name":"wp","href":"https:\/\/api.w.org\/{rel}","templated":true}]}}