{"id":14686,"date":"2025-04-14T10:35:01","date_gmt":"2025-04-14T08:35:01","guid":{"rendered":"https:\/\/www.dioxvitae.es\/artrohelp-marine\/"},"modified":"2026-04-02T12:02:46","modified_gmt":"2026-04-02T10:02:46","slug":"artrohelp-marine","status":"publish","type":"product","link":"https:\/\/dioxvitae.es\/fr\/artrohelp-marine\/","title":{"rendered":"Artrohelp Marine"},"content":{"rendered":"<div data-elementor-type=\"wp-post\" data-elementor-id=\"14686\" class=\"elementor elementor-14686\" data-elementor-post-type=\"product\">\n\t\t\t\t\t\t<section class=\"elementor-section elementor-top-section elementor-element elementor-element-1d432859 elementor-section-boxed elementor-section-height-default elementor-section-height-default\" data-id=\"1d432859\" data-element_type=\"section\" data-e-type=\"section\">\n\t\t\t\t\t\t<div class=\"elementor-container elementor-column-gap-default\">\n\t\t\t\t\t<div class=\"elementor-column elementor-col-100 elementor-top-column elementor-element elementor-element-77d9a567\" data-id=\"77d9a567\" data-element_type=\"column\" data-e-type=\"column\">\n\t\t\t<div class=\"elementor-widget-wrap elementor-element-populated\">\n\t\t\t\t\t\t<div class=\"elementor-element elementor-element-6d96425b elementor-widget elementor-widget-text-editor\" data-id=\"6d96425b\" data-element_type=\"widget\" data-e-type=\"widget\" data-widget_type=\"text-editor.default\">\n\t\t\t\t<div class=\"elementor-widget-container\">\n\t\t\t\t\t\t\t\t\t<h2>Qu'est-ce qu'Artrohelp Marine ?<\/h2><p>Artrohelp Marine est un compl\u00e9ment alimentaire formul\u00e9 pour favoriser le bien-\u00eatre des os, des articulations, des muscles et de la peau. Il contient une combinaison exclusive de collag\u00e8ne marin hydrolys\u00e9, d'acide hyaluronique, de glucosamine, de chondro\u00eftine, de calcium, de magn\u00e9sium et de vitamines C, B, D3 et K2. Id\u00e9al pour les personnes actives qui souhaitent pr\u00e9server leur sant\u00e9 musculo-squelettique, que ce soit en raison de leurs habitudes sportives ou de leur \u00e2ge.<\/p><p>\u00a0<\/p><h2>Ingr\u00e9dients<\/h2><p>Collag\u00e8ne marin hydrolys\u00e9, acide hyaluronique, glucosamine, chondro\u00eftine, calcium, magn\u00e9sium, vitamines C, B2, B6, D3 et K2.<\/p><p>\u00a0<\/p><h2>Mode d'emploi<\/h2><p>Dissoudre 15 g (1 mesure + \u00bd mesure) par jour dans 250 ml d'eau, de jus ou d'autre liquide, de pr\u00e9f\u00e9rence le matin.<\/p><p>\u00a0<\/p><h2>Effets positifs<\/h2><ul><li>Favorise la sant\u00e9 des os et des articulations, en aidant \u00e0 maintenir les articulations et la flexibilit\u00e9.<\/li><li>Contribue \u00e0 l'hydratation, \u00e0 l'\u00e9lasticit\u00e9 et \u00e0 la lubrification des tissus articulaires gr\u00e2ce au collag\u00e8ne et \u00e0 l'acide hyaluronique.<\/li><li>Favorise la sant\u00e9 musculaire en maintenant un bon \u00e9quilibre entre le calcium et le magn\u00e9sium, essentiels \u00e0 la fonction musculaire et osseuse.<\/li><li>Renforce la peau, favorise son \u00e9lasticit\u00e9 et son hydratation.<\/li><li>Assure une protection antioxydante des cellules, notamment des os et des cartilages, gr\u00e2ce \u00e0 la vitamine C.<\/li><li>Elle maintient le fonctionnement normal du syst\u00e8me immunitaire et contribue au m\u00e9tabolisme \u00e9nerg\u00e9tique, gr\u00e2ce aux vitamines B.<\/li><li>Favorise le m\u00e9tabolisme osseux et l'absorption du calcium gr\u00e2ce aux vitamines D3 et K2.<\/li><\/ul><p>\u00a0<\/p><h2>Pr\u00e9sentation<\/h2><p>Emballage contenant 350 g de poudre, saveur vanille.<\/p>\t\t\t\t\t\t\t\t<\/div>\n\t\t\t\t<\/div>\n\t\t\t\t\t<\/div>\n\t\t<\/div>\n\t\t\t\t\t<\/div>\n\t\t<\/section>\n\t\t\t\t<\/div>","protected":false},"excerpt":{"rendered":"<p>\u00abArtrohelp Marine soutient la sant\u00e9 des os, des articulations et des muscles gr\u00e2ce au collag\u00e8ne marin, \u00e0 l'acide hyaluronique et \u00e0 une combinaison de vitamines et de min\u00e9raux essentiels.\u00bb<\/p>","protected":false},"featured_media":14298,"comment_status":"open","ping_status":"closed","template":"","meta":{"site-sidebar-layout":"default","site-content-layout":"","ast-site-content-layout":"default","site-content-style":"default","site-sidebar-style":"default","ast-global-header-display":"","ast-banner-title-visibility":"","ast-main-header-display":"","ast-hfb-above-header-display":"","ast-hfb-below-header-display":"","ast-hfb-mobile-header-display":"","site-post-title":"","ast-breadcrumbs-content":"","ast-featured-img":"","footer-sml-layout":"","ast-disable-related-posts":"","theme-transparent-header-meta":"default","adv-header-id-meta":"","stick-header-meta":"default","header-above-stick-meta":"","header-main-stick-meta":"","header-below-stick-meta":"","astra-migrate-meta-layouts":"set","ast-page-background-enabled":"default","ast-page-background-meta":{"desktop":{"background-color":"","background-image":"","background-repeat":"repeat","background-position":"center center","background-size":"auto","background-attachment":"scroll","background-type":"","background-media":"","overlay-type":"","overlay-color":"","overlay-opacity":"","overlay-gradient":""},"tablet":{"background-color":"","background-image":"","background-repeat":"repeat","background-position":"center center","background-size":"auto","background-attachment":"scroll","background-type":"","background-media":"","overlay-type":"","overlay-color":"","overlay-opacity":"","overlay-gradient":""},"mobile":{"background-color":"","background-image":"","background-repeat":"repeat","background-position":"center center","background-size":"auto","background-attachment":"scroll","background-type":"","background-media":"","overlay-type":"","overlay-color":"","overlay-opacity":"","overlay-gradient":""}},"ast-content-background-meta":{"desktop":{"background-color":"var(--ast-global-color-5)","background-image":"","background-repeat":"repeat","background-position":"center center","background-size":"auto","background-attachment":"scroll","background-type":"","background-media":"","overlay-type":"","overlay-color":"","overlay-opacity":"","overlay-gradient":""},"tablet":{"background-color":"var(--ast-global-color-5)","background-image":"","background-repeat":"repeat","background-position":"center center","background-size":"auto","background-attachment":"scroll","background-type":"","background-media":"","overlay-type":"","overlay-color":"","overlay-opacity":"","overlay-gradient":""},"mobile":{"background-color":"var(--ast-global-color-5)","background-image":"","background-repeat":"repeat","background-position":"center center","background-size":"auto","background-attachment":"scroll","background-type":"","background-media":"","overlay-type":"","overlay-color":"","overlay-opacity":"","overlay-gradient":""}},"_glsr_average":0,"_glsr_ranking":0,"_glsr_reviews":0},"product_brand":[],"product_cat":[343],"product_tag":[],"class_list":{"0":"post-14686","1":"product","2":"type-product","3":"status-publish","4":"has-post-thumbnail","6":"product_cat-huesos-y-articulaciones","7":"desktop-align-center","8":"tablet-align-center","9":"mobile-align-center","10":"ast-product-gallery-layout-horizontal","11":"ast-product-gallery-with-no-image","12":"ast-product-tabs-layout-horizontal","14":"first","15":"instock","16":"taxable","17":"shipping-taxable","18":"purchasable","19":"product-type-simple"},"_links":{"self":[{"href":"https:\/\/dioxvitae.es\/fr\/wp-json\/wp\/v2\/product\/14686","targetHints":{"allow":["GET"]}}],"collection":[{"href":"https:\/\/dioxvitae.es\/fr\/wp-json\/wp\/v2\/product"}],"about":[{"href":"https:\/\/dioxvitae.es\/fr\/wp-json\/wp\/v2\/types\/product"}],"replies":[{"embeddable":true,"href":"https:\/\/dioxvitae.es\/fr\/wp-json\/wp\/v2\/comments?post=14686"}],"version-history":[{"count":6,"href":"https:\/\/dioxvitae.es\/fr\/wp-json\/wp\/v2\/product\/14686\/revisions"}],"predecessor-version":[{"id":18150,"href":"https:\/\/dioxvitae.es\/fr\/wp-json\/wp\/v2\/product\/14686\/revisions\/18150"}],"wp:featuredmedia":[{"embeddable":true,"href":"https:\/\/dioxvitae.es\/fr\/wp-json\/wp\/v2\/media\/14298"}],"wp:attachment":[{"href":"https:\/\/dioxvitae.es\/fr\/wp-json\/wp\/v2\/media?parent=14686"}],"wp:term":[{"taxonomy":"product_brand","embeddable":true,"href":"https:\/\/dioxvitae.es\/fr\/wp-json\/wp\/v2\/product_brand?post=14686"},{"taxonomy":"product_cat","embeddable":true,"href":"https:\/\/dioxvitae.es\/fr\/wp-json\/wp\/v2\/product_cat?post=14686"},{"taxonomy":"product_tag","embeddable":true,"href":"https:\/\/dioxvitae.es\/fr\/wp-json\/wp\/v2\/product_tag?post=14686"}],"curies":[{"name":"wp","href":"https:\/\/api.w.org\/{rel}","templated":true}]}}