{"id":14683,"date":"2025-04-14T10:35:01","date_gmt":"2025-04-14T08:35:01","guid":{"rendered":"https:\/\/www.dioxvitae.es\/dha-complex\/"},"modified":"2026-02-09T12:37:20","modified_gmt":"2026-02-09T10:37:20","slug":"complexe-dha","status":"publish","type":"product","link":"https:\/\/dioxvitae.es\/fr\/dha-complex\/","title":{"rendered":"Complexe DHA, Om\u00e9ga 3"},"content":{"rendered":"<div data-elementor-type=\"wp-post\" data-elementor-id=\"14683\" class=\"elementor elementor-14683\" data-elementor-post-type=\"product\">\n\t\t\t\t\t\t<section class=\"elementor-section elementor-top-section elementor-element elementor-element-45addf8d elementor-section-boxed elementor-section-height-default elementor-section-height-default\" data-id=\"45addf8d\" data-element_type=\"section\" data-e-type=\"section\">\n\t\t\t\t\t\t<div class=\"elementor-container elementor-column-gap-default\">\n\t\t\t\t\t<div class=\"elementor-column elementor-col-100 elementor-top-column elementor-element elementor-element-4db14439\" data-id=\"4db14439\" data-element_type=\"column\" data-e-type=\"column\">\n\t\t\t<div class=\"elementor-widget-wrap elementor-element-populated\">\n\t\t\t\t\t\t<div class=\"elementor-element elementor-element-6fbb9930 elementor-widget elementor-widget-text-editor\" data-id=\"6fbb9930\" data-element_type=\"widget\" data-e-type=\"widget\" data-widget_type=\"text-editor.default\">\n\t\t\t\t<div class=\"elementor-widget-container\">\n\t\t\t\t\t\t\t\t\t<h2>Qu'est-ce que le complexe DHA ?<\/h2><p>DHA Complex de Marnys est un compl\u00e9ment alimentaire formul\u00e9 pour soutenir les fonctions mentales et visuelles chez les jeunes et les adultes.<\/p><p>\u00a0<\/p><h2>Ingr\u00e9dients<\/h2><p>Huile de poisson (500 mg), Vitamine E \/ Tocoph\u00e9rol (5 mg).<\/p><p>\u00a0<\/p><h2>Mode d'emploi<\/h2><p>Prendre 1 g\u00e9lule par jour.<\/p><p>\u00a0<\/p><h2>Effets positifs<\/h2><ul><li>Favorise le d\u00e9veloppement et le maintien du cerveau.<\/li><li>Prot\u00e8ge les neurones, contribuant ainsi \u00e0 pr\u00e9server les fonctions cognitives.<\/li><li>Pr\u00e9serve la sant\u00e9 visuelle et la structure de la r\u00e9tine.<\/li><li>Prot\u00e8ge contre les dommages oxydatifs et optimise la photor\u00e9ception.<\/li><\/ul><p>\u00a0<\/p><h2>Pr\u00e9sentation<\/h2><p>60 g\u00e9lules.<\/p>\t\t\t\t\t\t\t\t<\/div>\n\t\t\t\t<\/div>\n\t\t\t\t\t<\/div>\n\t\t<\/div>\n\t\t\t\t\t<\/div>\n\t\t<\/section>\n\t\t\t\t<\/div>","protected":false},"excerpt":{"rendered":"<p>\u00abLe complexe DHA soutient la sant\u00e9 mentale et visuelle gr\u00e2ce \u00e0 l'huile de poisson et \u00e0 la vitamine E, qui soutiennent le cerveau et la r\u00e9tine.\u00bb<\/p>","protected":false},"featured_media":14295,"comment_status":"open","ping_status":"closed","template":"","meta":{"site-sidebar-layout":"default","site-content-layout":"","ast-site-content-layout":"default","site-content-style":"default","site-sidebar-style":"default","ast-global-header-display":"","ast-banner-title-visibility":"","ast-main-header-display":"","ast-hfb-above-header-display":"","ast-hfb-below-header-display":"","ast-hfb-mobile-header-display":"","site-post-title":"","ast-breadcrumbs-content":"","ast-featured-img":"","footer-sml-layout":"","ast-disable-related-posts":"","theme-transparent-header-meta":"default","adv-header-id-meta":"","stick-header-meta":"default","header-above-stick-meta":"","header-main-stick-meta":"","header-below-stick-meta":"","astra-migrate-meta-layouts":"set","ast-page-background-enabled":"default","ast-page-background-meta":{"desktop":{"background-color":"","background-image":"","background-repeat":"repeat","background-position":"center center","background-size":"auto","background-attachment":"scroll","background-type":"","background-media":"","overlay-type":"","overlay-color":"","overlay-opacity":"","overlay-gradient":""},"tablet":{"background-color":"","background-image":"","background-repeat":"repeat","background-position":"center center","background-size":"auto","background-attachment":"scroll","background-type":"","background-media":"","overlay-type":"","overlay-color":"","overlay-opacity":"","overlay-gradient":""},"mobile":{"background-color":"","background-image":"","background-repeat":"repeat","background-position":"center center","background-size":"auto","background-attachment":"scroll","background-type":"","background-media":"","overlay-type":"","overlay-color":"","overlay-opacity":"","overlay-gradient":""}},"ast-content-background-meta":{"desktop":{"background-color":"var(--ast-global-color-5)","background-image":"","background-repeat":"repeat","background-position":"center center","background-size":"auto","background-attachment":"scroll","background-type":"","background-media":"","overlay-type":"","overlay-color":"","overlay-opacity":"","overlay-gradient":""},"tablet":{"background-color":"var(--ast-global-color-5)","background-image":"","background-repeat":"repeat","background-position":"center center","background-size":"auto","background-attachment":"scroll","background-type":"","background-media":"","overlay-type":"","overlay-color":"","overlay-opacity":"","overlay-gradient":""},"mobile":{"background-color":"var(--ast-global-color-5)","background-image":"","background-repeat":"repeat","background-position":"center center","background-size":"auto","background-attachment":"scroll","background-type":"","background-media":"","overlay-type":"","overlay-color":"","overlay-opacity":"","overlay-gradient":""}},"_glsr_average":0,"_glsr_ranking":0,"_glsr_reviews":0},"product_brand":[],"product_cat":[341,355],"product_tag":[],"class_list":{"0":"post-14683","1":"product","2":"type-product","3":"status-publish","4":"has-post-thumbnail","6":"product_cat-sistema-nervioso","7":"product_cat-sistema-visual","8":"desktop-align-center","9":"tablet-align-center","10":"mobile-align-center","11":"ast-product-gallery-layout-horizontal","12":"ast-product-gallery-with-no-image","13":"ast-product-tabs-layout-horizontal","15":"first","16":"instock","17":"taxable","18":"shipping-taxable","19":"purchasable","20":"product-type-simple"},"_links":{"self":[{"href":"https:\/\/dioxvitae.es\/fr\/wp-json\/wp\/v2\/product\/14683","targetHints":{"allow":["GET"]}}],"collection":[{"href":"https:\/\/dioxvitae.es\/fr\/wp-json\/wp\/v2\/product"}],"about":[{"href":"https:\/\/dioxvitae.es\/fr\/wp-json\/wp\/v2\/types\/product"}],"replies":[{"embeddable":true,"href":"https:\/\/dioxvitae.es\/fr\/wp-json\/wp\/v2\/comments?post=14683"}],"version-history":[{"count":7,"href":"https:\/\/dioxvitae.es\/fr\/wp-json\/wp\/v2\/product\/14683\/revisions"}],"predecessor-version":[{"id":17686,"href":"https:\/\/dioxvitae.es\/fr\/wp-json\/wp\/v2\/product\/14683\/revisions\/17686"}],"wp:featuredmedia":[{"embeddable":true,"href":"https:\/\/dioxvitae.es\/fr\/wp-json\/wp\/v2\/media\/14295"}],"wp:attachment":[{"href":"https:\/\/dioxvitae.es\/fr\/wp-json\/wp\/v2\/media?parent=14683"}],"wp:term":[{"taxonomy":"product_brand","embeddable":true,"href":"https:\/\/dioxvitae.es\/fr\/wp-json\/wp\/v2\/product_brand?post=14683"},{"taxonomy":"product_cat","embeddable":true,"href":"https:\/\/dioxvitae.es\/fr\/wp-json\/wp\/v2\/product_cat?post=14683"},{"taxonomy":"product_tag","embeddable":true,"href":"https:\/\/dioxvitae.es\/fr\/wp-json\/wp\/v2\/product_tag?post=14683"}],"curies":[{"name":"wp","href":"https:\/\/api.w.org\/{rel}","templated":true}]}}