{"id":14682,"date":"2025-04-14T10:35:01","date_gmt":"2025-04-14T08:35:01","guid":{"rendered":"https:\/\/www.dioxvitae.es\/cistomar-forte\/"},"modified":"2026-03-18T13:37:12","modified_gmt":"2026-03-18T11:37:12","slug":"cistomar-forte","status":"publish","type":"product","link":"https:\/\/dioxvitae.es\/fr\/cistomar-forte\/","title":{"rendered":"Cystomar Forte"},"content":{"rendered":"<div data-elementor-type=\"wp-post\" data-elementor-id=\"14682\" class=\"elementor elementor-14682\" data-elementor-post-type=\"product\">\n\t\t\t\t\t\t<section class=\"elementor-section elementor-top-section elementor-element elementor-element-1bbac597 elementor-section-boxed elementor-section-height-default elementor-section-height-default\" data-id=\"1bbac597\" data-element_type=\"section\" data-e-type=\"section\">\n\t\t\t\t\t\t<div class=\"elementor-container elementor-column-gap-default\">\n\t\t\t\t\t<div class=\"elementor-column elementor-col-100 elementor-top-column elementor-element elementor-element-9bb7097\" data-id=\"9bb7097\" data-element_type=\"column\" data-e-type=\"column\">\n\t\t\t<div class=\"elementor-widget-wrap elementor-element-populated\">\n\t\t\t\t\t\t<div class=\"elementor-element elementor-element-31f3ebf1 elementor-widget elementor-widget-text-editor\" data-id=\"31f3ebf1\" data-element_type=\"widget\" data-e-type=\"widget\" data-widget_type=\"text-editor.default\">\n\t\t\t\t<div class=\"elementor-widget-container\">\n\t\t\t\t\t\t\t\t\t<h2>Qu'est-ce que Cistomar Forte ?<\/h2><p>Cistomar Forte est un compl\u00e9ment alimentaire sous forme de flacons buvables unidoses, formul\u00e9 pour favoriser le bien-\u00eatre g\u00e9n\u00e9ral des voies urinaires. Il contient des ingr\u00e9dients naturels tels que le D-Mannose, le Centinodia, la canneberge et le romarin, ainsi que des vitamines et des min\u00e9raux qui soutiennent la sant\u00e9 du syst\u00e8me urinaire.<\/p><p>\u00a0<\/p><h2>Ingr\u00e9dients<\/h2><p>D-Mannose (2000 mg), concentr\u00e9 de poudre de canneberge (280 mg, apporte 140 mg de PAC), zinc (11 mg), vitamine C (80 mg), concentr\u00e9 de poudre de centaur\u00e9e (60 mg, \u00e9quivalent \u00e0 600 mg de plante fra\u00eeche), concentr\u00e9 de poudre de romarin (26,6 mg, apporte 8 mg d'acide ursolique), vitamine E (12 mg), vitamine A (800 \u03bcg).<\/p><p>\u00a0<\/p><h2>Mode d'emploi<\/h2><p>Prendre 1 flacon par jour, de pr\u00e9f\u00e9rence bien agiter avant utilisation.<\/p><p>\u00a0<\/p><h2>Effets positifs<\/h2><ul><li>Favorise la sant\u00e9 des voies urinaires en aidant \u00e0 emp\u00eacher les bact\u00e9ries pathog\u00e8nes d'adh\u00e9rer aux parois urinaires.<\/li><li>Favorise une fonction diur\u00e9tique appropri\u00e9e, favorisant l'\u00e9limination des toxines et des liquides de l'organisme.<\/li><li>Contribue \u00e0 la protection des tissus urinaires gr\u00e2ce \u00e0 son action antioxydante, qui r\u00e9duit les dommages cellulaires et aide \u00e0 maintenir l'int\u00e9grit\u00e9 du syst\u00e8me.<\/li><li>Il renforce les d\u00e9fenses naturelles de l'organisme, favorisant une r\u00e9ponse immunitaire optimale pour maintenir le bien-\u00eatre g\u00e9n\u00e9ral.<\/li><\/ul><p>\u00a0<\/p><h2>Pr\u00e9sentation<\/h2><p>Bo\u00eete de 5 flacons buvables unidoses de 25 ml.<\/p>\t\t\t\t\t\t\t\t<\/div>\n\t\t\t\t<\/div>\n\t\t\t\t\t<\/div>\n\t\t<\/div>\n\t\t\t\t\t<\/div>\n\t\t<\/section>\n\t\t\t\t<\/div>","protected":false},"excerpt":{"rendered":"<p>\u00abCistomar Forte soutient la sant\u00e9 des voies urinaires gr\u00e2ce au D-Mannose, \u00e0 la canneberge, au zinc et aux vitamines, favorisant l'\u00e9limination des toxines et la protection des tissus urinaires.\u00bb<\/p>","protected":false},"featured_media":16919,"comment_status":"open","ping_status":"closed","template":"","meta":{"site-sidebar-layout":"default","site-content-layout":"","ast-site-content-layout":"default","site-content-style":"default","site-sidebar-style":"default","ast-global-header-display":"","ast-banner-title-visibility":"","ast-main-header-display":"","ast-hfb-above-header-display":"","ast-hfb-below-header-display":"","ast-hfb-mobile-header-display":"","site-post-title":"","ast-breadcrumbs-content":"","ast-featured-img":"","footer-sml-layout":"","ast-disable-related-posts":"","theme-transparent-header-meta":"default","adv-header-id-meta":"","stick-header-meta":"default","header-above-stick-meta":"","header-main-stick-meta":"","header-below-stick-meta":"","astra-migrate-meta-layouts":"set","ast-page-background-enabled":"default","ast-page-background-meta":{"desktop":{"background-color":"","background-image":"","background-repeat":"repeat","background-position":"center center","background-size":"auto","background-attachment":"scroll","background-type":"","background-media":"","overlay-type":"","overlay-color":"","overlay-opacity":"","overlay-gradient":""},"tablet":{"background-color":"","background-image":"","background-repeat":"repeat","background-position":"center center","background-size":"auto","background-attachment":"scroll","background-type":"","background-media":"","overlay-type":"","overlay-color":"","overlay-opacity":"","overlay-gradient":""},"mobile":{"background-color":"","background-image":"","background-repeat":"repeat","background-position":"center center","background-size":"auto","background-attachment":"scroll","background-type":"","background-media":"","overlay-type":"","overlay-color":"","overlay-opacity":"","overlay-gradient":""}},"ast-content-background-meta":{"desktop":{"background-color":"var(--ast-global-color-5)","background-image":"","background-repeat":"repeat","background-position":"center center","background-size":"auto","background-attachment":"scroll","background-type":"","background-media":"","overlay-type":"","overlay-color":"","overlay-opacity":"","overlay-gradient":""},"tablet":{"background-color":"var(--ast-global-color-5)","background-image":"","background-repeat":"repeat","background-position":"center center","background-size":"auto","background-attachment":"scroll","background-type":"","background-media":"","overlay-type":"","overlay-color":"","overlay-opacity":"","overlay-gradient":""},"mobile":{"background-color":"var(--ast-global-color-5)","background-image":"","background-repeat":"repeat","background-position":"center center","background-size":"auto","background-attachment":"scroll","background-type":"","background-media":"","overlay-type":"","overlay-color":"","overlay-opacity":"","overlay-gradient":""}},"_glsr_average":0,"_glsr_ranking":0,"_glsr_reviews":0},"product_brand":[],"product_cat":[331,339],"product_tag":[],"class_list":{"0":"post-14682","1":"product","2":"type-product","3":"status-publish","4":"has-post-thumbnail","6":"product_cat-herboristeria","7":"product_cat-sistema-urinario-herboristeria","8":"desktop-align-center","9":"tablet-align-center","10":"mobile-align-center","11":"ast-product-gallery-layout-horizontal","12":"ast-product-gallery-with-no-image","13":"ast-product-tabs-layout-horizontal","15":"first","16":"instock","17":"taxable","18":"shipping-taxable","19":"purchasable","20":"product-type-simple"},"_links":{"self":[{"href":"https:\/\/dioxvitae.es\/fr\/wp-json\/wp\/v2\/product\/14682","targetHints":{"allow":["GET"]}}],"collection":[{"href":"https:\/\/dioxvitae.es\/fr\/wp-json\/wp\/v2\/product"}],"about":[{"href":"https:\/\/dioxvitae.es\/fr\/wp-json\/wp\/v2\/types\/product"}],"replies":[{"embeddable":true,"href":"https:\/\/dioxvitae.es\/fr\/wp-json\/wp\/v2\/comments?post=14682"}],"version-history":[{"count":5,"href":"https:\/\/dioxvitae.es\/fr\/wp-json\/wp\/v2\/product\/14682\/revisions"}],"predecessor-version":[{"id":15250,"href":"https:\/\/dioxvitae.es\/fr\/wp-json\/wp\/v2\/product\/14682\/revisions\/15250"}],"wp:featuredmedia":[{"embeddable":true,"href":"https:\/\/dioxvitae.es\/fr\/wp-json\/wp\/v2\/media\/16919"}],"wp:attachment":[{"href":"https:\/\/dioxvitae.es\/fr\/wp-json\/wp\/v2\/media?parent=14682"}],"wp:term":[{"taxonomy":"product_brand","embeddable":true,"href":"https:\/\/dioxvitae.es\/fr\/wp-json\/wp\/v2\/product_brand?post=14682"},{"taxonomy":"product_cat","embeddable":true,"href":"https:\/\/dioxvitae.es\/fr\/wp-json\/wp\/v2\/product_cat?post=14682"},{"taxonomy":"product_tag","embeddable":true,"href":"https:\/\/dioxvitae.es\/fr\/wp-json\/wp\/v2\/product_tag?post=14682"}],"curies":[{"name":"wp","href":"https:\/\/api.w.org\/{rel}","templated":true}]}}