{"id":14677,"date":"2025-04-14T10:35:00","date_gmt":"2025-04-14T08:35:00","guid":{"rendered":"https:\/\/www.dioxvitae.es\/masver\/"},"modified":"2026-03-25T10:56:04","modified_gmt":"2026-03-25T08:56:04","slug":"masver","status":"publish","type":"product","link":"https:\/\/dioxvitae.es\/fr\/masver\/","title":{"rendered":"MASVER"},"content":{"rendered":"<div data-elementor-type=\"wp-post\" data-elementor-id=\"14677\" class=\"elementor elementor-14677\" data-elementor-post-type=\"product\">\n\t\t\t\t\t\t<section class=\"elementor-section elementor-top-section elementor-element elementor-element-6ba8a97f elementor-section-boxed elementor-section-height-default elementor-section-height-default\" data-id=\"6ba8a97f\" data-element_type=\"section\" data-e-type=\"section\">\n\t\t\t\t\t\t<div class=\"elementor-container elementor-column-gap-default\">\n\t\t\t\t\t<div class=\"elementor-column elementor-col-100 elementor-top-column elementor-element elementor-element-3ee1ad0a\" data-id=\"3ee1ad0a\" data-element_type=\"column\" data-e-type=\"column\">\n\t\t\t<div class=\"elementor-widget-wrap elementor-element-populated\">\n\t\t\t\t\t\t<div class=\"elementor-element elementor-element-239c8011 elementor-widget elementor-widget-text-editor\" data-id=\"239c8011\" data-element_type=\"widget\" data-e-type=\"widget\" data-widget_type=\"text-editor.default\">\n\t\t\t\t<div class=\"elementor-widget-container\">\n\t\t\t\t\t\t\t\t\t<h2>Qu'est-ce que Masver ?<\/h2><p>Masver est un compl\u00e9ment alimentaire formul\u00e9 pour aider \u00e0 maintenir une vision normale. Sa formule contient de la lut\u00e9ine, de la vitamine A, de la z\u00e9axanthine, du DHA et des extraits de myrtille, de m\u00fbre et de calendula, qui contribuent \u00e0 prot\u00e9ger et \u00e0 am\u00e9liorer la sant\u00e9 des yeux, en soutenant la fonction visuelle et en luttant contre la fatigue oculaire.<\/p><p>\u00a0<\/p><h2>Ingr\u00e9dients<\/h2><p>Agent de charge : Cellulose microcristalline, G\u00e9latine (g\u00e9lule enveloppante), Extrait sec de calendula (Calendula officinalis) (contient de la lut\u00e9ine), Extrait sec de m\u00fbre (Rubus Fructicosus), Jus concentr\u00e9 de myrtille (Vaccinium Myrtillus), Maltodextrine, Huile de poisson, Anti-agglom\u00e9rants : Dioxyde de silicium et st\u00e9arate de magn\u00e9sium, Extrait sec de tag\u00e8te (Tagetes erecta) (contient de la z\u00e9axanthine), Extrait sec de sureau (Sambucus Nigra), Colorant : Carbonate de calcium (enveloppe de la g\u00e9lule), Vitamine A (B\u00eata-carot\u00e8ne).<\/p><p>\u00a0<\/p><h2>Mode d'emploi<\/h2><p>Prendre 1 g\u00e9lule par jour au petit d\u00e9jeuner avec un peu d'eau.<\/p><p>\u00a0<\/p><h2>Effets positifs<\/h2><ul><li>La lut\u00e9ine et la z\u00e9axanthine contribuent \u00e0 prot\u00e9ger les yeux des dommages caus\u00e9s par la lumi\u00e8re bleue et les radicaux libres.<\/li><li>La vitamine A contribue au maintien d'une vision normale.<\/li><li>Le DHA contribue \u00e0 la sant\u00e9 des yeux et \u00e0 la structure des cellules visuelles.<\/li><li>La myrtille et la m\u00fbre sont connues pour leurs propri\u00e9t\u00e9s antioxydantes et protectrices des vaisseaux sanguins oculaires.<\/li><\/ul><p>\u00a0<\/p><h2>Pr\u00e9sentation<\/h2><p>Paquet de 30 g\u00e9lules<\/p>\t\t\t\t\t\t\t\t<\/div>\n\t\t\t\t<\/div>\n\t\t\t\t\t<\/div>\n\t\t<\/div>\n\t\t\t\t\t<\/div>\n\t\t<\/section>\n\t\t\t\t<\/div>","protected":false},"excerpt":{"rendered":"<p>\u00abMasver favorise la sant\u00e9 oculaire et une vision normale gr\u00e2ce \u00e0 la lut\u00e9ine, \u00e0 la vitamine A, au DHA et aux extraits de plantes antioxydants\u00bb.\u00bb<\/p>","protected":false},"featured_media":14289,"comment_status":"open","ping_status":"closed","template":"","meta":{"site-sidebar-layout":"default","site-content-layout":"","ast-site-content-layout":"default","site-content-style":"default","site-sidebar-style":"default","ast-global-header-display":"","ast-banner-title-visibility":"","ast-main-header-display":"","ast-hfb-above-header-display":"","ast-hfb-below-header-display":"","ast-hfb-mobile-header-display":"","site-post-title":"","ast-breadcrumbs-content":"","ast-featured-img":"","footer-sml-layout":"","ast-disable-related-posts":"","theme-transparent-header-meta":"default","adv-header-id-meta":"","stick-header-meta":"default","header-above-stick-meta":"","header-main-stick-meta":"","header-below-stick-meta":"","astra-migrate-meta-layouts":"set","ast-page-background-enabled":"default","ast-page-background-meta":{"desktop":{"background-color":"","background-image":"","background-repeat":"repeat","background-position":"center center","background-size":"auto","background-attachment":"scroll","background-type":"","background-media":"","overlay-type":"","overlay-color":"","overlay-opacity":"","overlay-gradient":""},"tablet":{"background-color":"","background-image":"","background-repeat":"repeat","background-position":"center center","background-size":"auto","background-attachment":"scroll","background-type":"","background-media":"","overlay-type":"","overlay-color":"","overlay-opacity":"","overlay-gradient":""},"mobile":{"background-color":"","background-image":"","background-repeat":"repeat","background-position":"center center","background-size":"auto","background-attachment":"scroll","background-type":"","background-media":"","overlay-type":"","overlay-color":"","overlay-opacity":"","overlay-gradient":""}},"ast-content-background-meta":{"desktop":{"background-color":"var(--ast-global-color-5)","background-image":"","background-repeat":"repeat","background-position":"center center","background-size":"auto","background-attachment":"scroll","background-type":"","background-media":"","overlay-type":"","overlay-color":"","overlay-opacity":"","overlay-gradient":""},"tablet":{"background-color":"var(--ast-global-color-5)","background-image":"","background-repeat":"repeat","background-position":"center center","background-size":"auto","background-attachment":"scroll","background-type":"","background-media":"","overlay-type":"","overlay-color":"","overlay-opacity":"","overlay-gradient":""},"mobile":{"background-color":"var(--ast-global-color-5)","background-image":"","background-repeat":"repeat","background-position":"center center","background-size":"auto","background-attachment":"scroll","background-type":"","background-media":"","overlay-type":"","overlay-color":"","overlay-opacity":"","overlay-gradient":""}},"_glsr_average":0,"_glsr_ranking":0,"_glsr_reviews":0},"product_brand":[],"product_cat":[355],"product_tag":[],"class_list":{"0":"post-14677","1":"product","2":"type-product","3":"status-publish","4":"has-post-thumbnail","6":"product_cat-sistema-visual","7":"desktop-align-center","8":"tablet-align-center","9":"mobile-align-center","10":"ast-product-gallery-layout-horizontal","11":"ast-product-gallery-with-no-image","12":"ast-product-tabs-layout-horizontal","14":"first","15":"instock","16":"taxable","17":"shipping-taxable","18":"purchasable","19":"product-type-simple"},"_links":{"self":[{"href":"https:\/\/dioxvitae.es\/fr\/wp-json\/wp\/v2\/product\/14677","targetHints":{"allow":["GET"]}}],"collection":[{"href":"https:\/\/dioxvitae.es\/fr\/wp-json\/wp\/v2\/product"}],"about":[{"href":"https:\/\/dioxvitae.es\/fr\/wp-json\/wp\/v2\/types\/product"}],"replies":[{"embeddable":true,"href":"https:\/\/dioxvitae.es\/fr\/wp-json\/wp\/v2\/comments?post=14677"}],"version-history":[{"count":5,"href":"https:\/\/dioxvitae.es\/fr\/wp-json\/wp\/v2\/product\/14677\/revisions"}],"predecessor-version":[{"id":17373,"href":"https:\/\/dioxvitae.es\/fr\/wp-json\/wp\/v2\/product\/14677\/revisions\/17373"}],"wp:featuredmedia":[{"embeddable":true,"href":"https:\/\/dioxvitae.es\/fr\/wp-json\/wp\/v2\/media\/14289"}],"wp:attachment":[{"href":"https:\/\/dioxvitae.es\/fr\/wp-json\/wp\/v2\/media?parent=14677"}],"wp:term":[{"taxonomy":"product_brand","embeddable":true,"href":"https:\/\/dioxvitae.es\/fr\/wp-json\/wp\/v2\/product_brand?post=14677"},{"taxonomy":"product_cat","embeddable":true,"href":"https:\/\/dioxvitae.es\/fr\/wp-json\/wp\/v2\/product_cat?post=14677"},{"taxonomy":"product_tag","embeddable":true,"href":"https:\/\/dioxvitae.es\/fr\/wp-json\/wp\/v2\/product_tag?post=14677"}],"curies":[{"name":"wp","href":"https:\/\/api.w.org\/{rel}","templated":true}]}}