{"id":14675,"date":"2025-04-14T10:35:00","date_gmt":"2025-04-14T08:35:00","guid":{"rendered":"https:\/\/www.dioxvitae.es\/regenelactis\/"},"modified":"2026-03-18T14:03:40","modified_gmt":"2026-03-18T12:03:40","slug":"regenelactis","status":"publish","type":"product","link":"https:\/\/dioxvitae.es\/fr\/regenelactis\/","title":{"rendered":"REGENELACTIS"},"content":{"rendered":"<div data-elementor-type=\"wp-post\" data-elementor-id=\"14675\" class=\"elementor elementor-14675\" data-elementor-post-type=\"product\">\n\t\t\t\t\t\t<section class=\"elementor-section elementor-top-section elementor-element elementor-element-1c247516 elementor-section-boxed elementor-section-height-default elementor-section-height-default\" data-id=\"1c247516\" data-element_type=\"section\" data-e-type=\"section\">\n\t\t\t\t\t\t<div class=\"elementor-container elementor-column-gap-default\">\n\t\t\t\t\t<div class=\"elementor-column elementor-col-100 elementor-top-column elementor-element elementor-element-1611764c\" data-id=\"1611764c\" data-element_type=\"column\" data-e-type=\"column\">\n\t\t\t<div class=\"elementor-widget-wrap elementor-element-populated\">\n\t\t\t\t\t\t<div class=\"elementor-element elementor-element-18881257 elementor-widget elementor-widget-text-editor\" data-id=\"18881257\" data-element_type=\"widget\" data-e-type=\"widget\" data-widget_type=\"text-editor.default\">\n\t\t\t\t<div class=\"elementor-widget-container\">\n\t\t\t\t\t\t\t\t\t<h2>Qu'est-ce que le Regenelact\u00eds ?<\/h2><p>Regenelact\u00eds est un compl\u00e9ment alimentaire probiotique contenant 5 milliards de bact\u00e9ries vivantes par sachet, con\u00e7u pour vous aider \u00e0 renouveler et maintenir l'\u00e9quilibre de votre flore bact\u00e9rienne intestinale. Les souches s\u00e9lectionn\u00e9es sont r\u00e9sistantes \u00e0 l'acidit\u00e9 gastrique, ce qui permet aux probiotiques d'atteindre efficacement l'intestin. Ce produit est formul\u00e9 avec une combinaison de souches probiotiques telles que Lactobacillus, Bifidobacterium et Lactococcus, favorisant le bien-\u00eatre digestif.<\/p><p>\u00a0<\/p><h2>Ingr\u00e9dients<\/h2><p>FOS (Fructooligosaccharides), Lactococcus lactis Rosell-1058, Lactobacillus casei Rosell-215, Lactobacillus acidophilus Rosell-52, Bifidobacterium bifidum Rosell-71<\/p><p>Excipients : Maltodextrine (augmentateur de volume)<\/p><p>\u00a0<\/p><h2>Mode d'emploi<\/h2><p>Remplir un demi-verre d'eau \u00e0 temp\u00e9rature ambiante (\u00e9viter l'eau froide).<\/p><p>Verser le contenu d'un sachet et m\u00e9langer avec la cuill\u00e8re en plastique (\u00e9viter les \u00e9l\u00e9ments m\u00e9talliques).<\/p><p>\u00a0<\/p><h2>Effets positifs<\/h2><ul><li>Aide \u00e0 renouveler la flore bact\u00e9rienne intestinale.<\/li><li>Probiotiques r\u00e9sistants \u00e0 l'acidit\u00e9 gastrique, ce qui garantit leur efficacit\u00e9 dans l'intestin.<\/li><li>Contribue \u00e0 l'\u00e9quilibre digestif et \u00e0 l'am\u00e9lioration du bien-\u00eatre intestinal.<\/li><\/ul><p>\u00a0<\/p><h2>Pr\u00e9sentation<\/h2><p>Bo\u00eete de 20 sachets.<\/p>\t\t\t\t\t\t\t\t<\/div>\n\t\t\t\t<\/div>\n\t\t\t\t\t<\/div>\n\t\t<\/div>\n\t\t\t\t\t<\/div>\n\t\t<\/section>\n\t\t\t\t<\/div>","protected":false},"excerpt":{"rendered":"<p>\u00abRegenelact\u00eds est un probiotique qui aide \u00e0 renouveler la flore intestinale et \u00e0 am\u00e9liorer l'\u00e9quilibre digestif avec 5 milliards de bact\u00e9ries vivantes par sachet\u00bb.\u00bb<\/p>","protected":false},"featured_media":14287,"comment_status":"open","ping_status":"closed","template":"","meta":{"site-sidebar-layout":"default","site-content-layout":"","ast-site-content-layout":"default","site-content-style":"default","site-sidebar-style":"default","ast-global-header-display":"","ast-banner-title-visibility":"","ast-main-header-display":"","ast-hfb-above-header-display":"","ast-hfb-below-header-display":"","ast-hfb-mobile-header-display":"","site-post-title":"","ast-breadcrumbs-content":"","ast-featured-img":"","footer-sml-layout":"","ast-disable-related-posts":"","theme-transparent-header-meta":"default","adv-header-id-meta":"","stick-header-meta":"default","header-above-stick-meta":"","header-main-stick-meta":"","header-below-stick-meta":"","astra-migrate-meta-layouts":"set","ast-page-background-enabled":"default","ast-page-background-meta":{"desktop":{"background-color":"","background-image":"","background-repeat":"repeat","background-position":"center center","background-size":"auto","background-attachment":"scroll","background-type":"","background-media":"","overlay-type":"","overlay-color":"","overlay-opacity":"","overlay-gradient":""},"tablet":{"background-color":"","background-image":"","background-repeat":"repeat","background-position":"center center","background-size":"auto","background-attachment":"scroll","background-type":"","background-media":"","overlay-type":"","overlay-color":"","overlay-opacity":"","overlay-gradient":""},"mobile":{"background-color":"","background-image":"","background-repeat":"repeat","background-position":"center center","background-size":"auto","background-attachment":"scroll","background-type":"","background-media":"","overlay-type":"","overlay-color":"","overlay-opacity":"","overlay-gradient":""}},"ast-content-background-meta":{"desktop":{"background-color":"var(--ast-global-color-5)","background-image":"","background-repeat":"repeat","background-position":"center center","background-size":"auto","background-attachment":"scroll","background-type":"","background-media":"","overlay-type":"","overlay-color":"","overlay-opacity":"","overlay-gradient":""},"tablet":{"background-color":"var(--ast-global-color-5)","background-image":"","background-repeat":"repeat","background-position":"center center","background-size":"auto","background-attachment":"scroll","background-type":"","background-media":"","overlay-type":"","overlay-color":"","overlay-opacity":"","overlay-gradient":""},"mobile":{"background-color":"var(--ast-global-color-5)","background-image":"","background-repeat":"repeat","background-position":"center center","background-size":"auto","background-attachment":"scroll","background-type":"","background-media":"","overlay-type":"","overlay-color":"","overlay-opacity":"","overlay-gradient":""}},"_glsr_average":0,"_glsr_ranking":0,"_glsr_reviews":0},"product_brand":[],"product_cat":[336],"product_tag":[],"class_list":{"0":"post-14675","1":"product","2":"type-product","3":"status-publish","4":"has-post-thumbnail","6":"product_cat-sistema-digestivo","7":"desktop-align-center","8":"tablet-align-center","9":"mobile-align-center","10":"ast-product-gallery-layout-horizontal","11":"ast-product-gallery-with-no-image","12":"ast-product-tabs-layout-horizontal","14":"first","15":"instock","16":"taxable","17":"shipping-taxable","18":"purchasable","19":"product-type-simple"},"_links":{"self":[{"href":"https:\/\/dioxvitae.es\/fr\/wp-json\/wp\/v2\/product\/14675","targetHints":{"allow":["GET"]}}],"collection":[{"href":"https:\/\/dioxvitae.es\/fr\/wp-json\/wp\/v2\/product"}],"about":[{"href":"https:\/\/dioxvitae.es\/fr\/wp-json\/wp\/v2\/types\/product"}],"replies":[{"embeddable":true,"href":"https:\/\/dioxvitae.es\/fr\/wp-json\/wp\/v2\/comments?post=14675"}],"version-history":[{"count":5,"href":"https:\/\/dioxvitae.es\/fr\/wp-json\/wp\/v2\/product\/14675\/revisions"}],"predecessor-version":[{"id":16898,"href":"https:\/\/dioxvitae.es\/fr\/wp-json\/wp\/v2\/product\/14675\/revisions\/16898"}],"wp:featuredmedia":[{"embeddable":true,"href":"https:\/\/dioxvitae.es\/fr\/wp-json\/wp\/v2\/media\/14287"}],"wp:attachment":[{"href":"https:\/\/dioxvitae.es\/fr\/wp-json\/wp\/v2\/media?parent=14675"}],"wp:term":[{"taxonomy":"product_brand","embeddable":true,"href":"https:\/\/dioxvitae.es\/fr\/wp-json\/wp\/v2\/product_brand?post=14675"},{"taxonomy":"product_cat","embeddable":true,"href":"https:\/\/dioxvitae.es\/fr\/wp-json\/wp\/v2\/product_cat?post=14675"},{"taxonomy":"product_tag","embeddable":true,"href":"https:\/\/dioxvitae.es\/fr\/wp-json\/wp\/v2\/product_tag?post=14675"}],"curies":[{"name":"wp","href":"https:\/\/api.w.org\/{rel}","templated":true}]}}