{"id":14674,"date":"2025-04-14T10:35:00","date_gmt":"2025-04-14T08:35:00","guid":{"rendered":"https:\/\/www.dioxvitae.es\/ferronemis\/"},"modified":"2026-03-18T12:06:52","modified_gmt":"2026-03-18T10:06:52","slug":"ferronemis","status":"publish","type":"product","link":"https:\/\/dioxvitae.es\/fr\/ferronemis\/","title":{"rendered":"Q10 DE FERRONEMI"},"content":{"rendered":"<div data-elementor-type=\"wp-post\" data-elementor-id=\"14674\" class=\"elementor elementor-14674\" data-elementor-post-type=\"product\">\n\t\t\t\t\t\t<section class=\"elementor-section elementor-top-section elementor-element elementor-element-16857e6c elementor-section-boxed elementor-section-height-default elementor-section-height-default\" data-id=\"16857e6c\" data-element_type=\"section\" data-e-type=\"section\">\n\t\t\t\t\t\t<div class=\"elementor-container elementor-column-gap-default\">\n\t\t\t\t\t<div class=\"elementor-column elementor-col-100 elementor-top-column elementor-element elementor-element-126a1586\" data-id=\"126a1586\" data-element_type=\"column\" data-e-type=\"column\">\n\t\t\t<div class=\"elementor-widget-wrap elementor-element-populated\">\n\t\t\t\t\t\t<div class=\"elementor-element elementor-element-62a05e91 elementor-widget elementor-widget-text-editor\" data-id=\"62a05e91\" data-element_type=\"widget\" data-e-type=\"widget\" data-widget_type=\"text-editor.default\">\n\t\t\t\t<div class=\"elementor-widget-container\">\n\t\t\t\t\t\t\t\t\t<h2>Qu'est-ce que le Q10 de Ferronemi ?<\/h2><p>Ferronemi's Q10 est un compl\u00e9ment alimentaire qui associe du fer organique, de l'acide folique, des vitamines C, B6 et B12 et de la coenzyme Q10 pour am\u00e9liorer la formation des globules rouges et r\u00e9duire la fatigue. Ce produit est con\u00e7u pour les personnes ayant des besoins suppl\u00e9mentaires en fer, telles que les personnes suivant un r\u00e9gime v\u00e9g\u00e9tarien ou v\u00e9g\u00e9talien, ou celles souffrant de fatigue due \u00e0 une carence en fer.<\/p><p>\u00a0<\/p><h2>Ingr\u00e9dients<\/h2><p>Jus de fruits de cynorrhodon (Rosa canina L.) Jus concentr\u00e9 de : Raisin noir (Vitis vinifera L.), Myrtille (Vaccinium myrtillus L.), Levure de bi\u00e8re cultiv\u00e9e dans un milieu riche en fer (Saccharomyces cerevisiae Meyen ex E.C. Hansen), Vitamines B6, B9, B12 et C, Coenzyme Q10, Sans sucres ajout\u00e9s, Sans gluten.<\/p><p>\u00a0<\/p><h2>Mode d'emploi<\/h2><p>Bien agiter avant utilisation. Prendre 1 ampoule par jour. Il est recommand\u00e9 de prendre le m\u00e9dicament pendant 20 jours et d'alterner avec des pauses de 7 jours.<\/p><p>\u00a0<\/p><h2>Effets positifs<\/h2><ul><li>Le fer contribue \u00e0 la formation normale des globules rouges et de l'h\u00e9moglobine.<\/li><li>La vitamine C am\u00e9liore l'absorption du fer.<\/li><li>L'acide folique (folates) contribue \u00e0 la formation normale des cellules sanguines et aide \u00e0 r\u00e9duire la fatigue.<\/li><li>Les vitamines B6 et B12 contribuent au fonctionnement normal du syst\u00e8me nerveux et \u00e0 la production de globules rouges.<\/li><li>La coenzyme Q10 favorise la production d'\u00e9nergie cellulaire et contribue au bien-\u00eatre g\u00e9n\u00e9ral.<\/li><\/ul><p>\u00a0<\/p><h2>Pr\u00e9sentation<\/h2><p>Bo\u00eete de 20 ampoules de 10 ml.<\/p>\t\t\t\t\t\t\t\t<\/div>\n\t\t\t\t<\/div>\n\t\t\t\t\t<\/div>\n\t\t<\/div>\n\t\t\t\t\t<\/div>\n\t\t<\/section>\n\t\t\t\t<\/div>","protected":false},"excerpt":{"rendered":"<p>\u00abFerronemi's Q10 soutient la formation des globules rouges et r\u00e9duit la fatigue gr\u00e2ce au fer, aux vitamines B et C et \u00e0 la coenzyme Q10.\u00bb<\/p>","protected":false},"featured_media":14286,"comment_status":"open","ping_status":"closed","template":"","meta":{"site-sidebar-layout":"default","site-content-layout":"","ast-site-content-layout":"default","site-content-style":"default","site-sidebar-style":"default","ast-global-header-display":"","ast-banner-title-visibility":"","ast-main-header-display":"","ast-hfb-above-header-display":"","ast-hfb-below-header-display":"","ast-hfb-mobile-header-display":"","site-post-title":"","ast-breadcrumbs-content":"","ast-featured-img":"","footer-sml-layout":"","ast-disable-related-posts":"","theme-transparent-header-meta":"default","adv-header-id-meta":"","stick-header-meta":"default","header-above-stick-meta":"","header-main-stick-meta":"","header-below-stick-meta":"","astra-migrate-meta-layouts":"set","ast-page-background-enabled":"default","ast-page-background-meta":{"desktop":{"background-color":"","background-image":"","background-repeat":"repeat","background-position":"center center","background-size":"auto","background-attachment":"scroll","background-type":"","background-media":"","overlay-type":"","overlay-color":"","overlay-opacity":"","overlay-gradient":""},"tablet":{"background-color":"","background-image":"","background-repeat":"repeat","background-position":"center center","background-size":"auto","background-attachment":"scroll","background-type":"","background-media":"","overlay-type":"","overlay-color":"","overlay-opacity":"","overlay-gradient":""},"mobile":{"background-color":"","background-image":"","background-repeat":"repeat","background-position":"center center","background-size":"auto","background-attachment":"scroll","background-type":"","background-media":"","overlay-type":"","overlay-color":"","overlay-opacity":"","overlay-gradient":""}},"ast-content-background-meta":{"desktop":{"background-color":"var(--ast-global-color-5)","background-image":"","background-repeat":"repeat","background-position":"center center","background-size":"auto","background-attachment":"scroll","background-type":"","background-media":"","overlay-type":"","overlay-color":"","overlay-opacity":"","overlay-gradient":""},"tablet":{"background-color":"var(--ast-global-color-5)","background-image":"","background-repeat":"repeat","background-position":"center center","background-size":"auto","background-attachment":"scroll","background-type":"","background-media":"","overlay-type":"","overlay-color":"","overlay-opacity":"","overlay-gradient":""},"mobile":{"background-color":"var(--ast-global-color-5)","background-image":"","background-repeat":"repeat","background-position":"center center","background-size":"auto","background-attachment":"scroll","background-type":"","background-media":"","overlay-type":"","overlay-color":"","overlay-opacity":"","overlay-gradient":""}},"_glsr_average":0,"_glsr_ranking":0,"_glsr_reviews":0},"product_brand":[],"product_cat":[351,331],"product_tag":[],"class_list":{"0":"post-14674","1":"product","2":"type-product","3":"status-publish","4":"has-post-thumbnail","6":"product_cat-vitaminas-y-minerales","7":"product_cat-herboristeria","8":"desktop-align-center","9":"tablet-align-center","10":"mobile-align-center","11":"ast-product-gallery-layout-horizontal","12":"ast-product-gallery-with-no-image","13":"ast-product-tabs-layout-horizontal","15":"first","16":"instock","17":"taxable","18":"shipping-taxable","19":"purchasable","20":"product-type-simple"},"_links":{"self":[{"href":"https:\/\/dioxvitae.es\/fr\/wp-json\/wp\/v2\/product\/14674","targetHints":{"allow":["GET"]}}],"collection":[{"href":"https:\/\/dioxvitae.es\/fr\/wp-json\/wp\/v2\/product"}],"about":[{"href":"https:\/\/dioxvitae.es\/fr\/wp-json\/wp\/v2\/types\/product"}],"replies":[{"embeddable":true,"href":"https:\/\/dioxvitae.es\/fr\/wp-json\/wp\/v2\/comments?post=14674"}],"version-history":[{"count":5,"href":"https:\/\/dioxvitae.es\/fr\/wp-json\/wp\/v2\/product\/14674\/revisions"}],"predecessor-version":[{"id":15009,"href":"https:\/\/dioxvitae.es\/fr\/wp-json\/wp\/v2\/product\/14674\/revisions\/15009"}],"wp:featuredmedia":[{"embeddable":true,"href":"https:\/\/dioxvitae.es\/fr\/wp-json\/wp\/v2\/media\/14286"}],"wp:attachment":[{"href":"https:\/\/dioxvitae.es\/fr\/wp-json\/wp\/v2\/media?parent=14674"}],"wp:term":[{"taxonomy":"product_brand","embeddable":true,"href":"https:\/\/dioxvitae.es\/fr\/wp-json\/wp\/v2\/product_brand?post=14674"},{"taxonomy":"product_cat","embeddable":true,"href":"https:\/\/dioxvitae.es\/fr\/wp-json\/wp\/v2\/product_cat?post=14674"},{"taxonomy":"product_tag","embeddable":true,"href":"https:\/\/dioxvitae.es\/fr\/wp-json\/wp\/v2\/product_tag?post=14674"}],"curies":[{"name":"wp","href":"https:\/\/api.w.org\/{rel}","templated":true}]}}