{"id":14673,"date":"2025-04-14T10:35:00","date_gmt":"2025-04-14T08:35:00","guid":{"rendered":"https:\/\/www.dioxvitae.es\/bitransamin\/"},"modified":"2026-03-25T11:07:19","modified_gmt":"2026-03-25T09:07:19","slug":"bitransamine","status":"publish","type":"product","link":"https:\/\/dioxvitae.es\/fr\/bitransamin\/","title":{"rendered":"BITRANSAMIN"},"content":{"rendered":"<div data-elementor-type=\"wp-post\" data-elementor-id=\"14673\" class=\"elementor elementor-14673\" data-elementor-post-type=\"product\">\n\t\t\t\t\t\t<section class=\"elementor-section elementor-top-section elementor-element elementor-element-7f3a8e81 elementor-section-boxed elementor-section-height-default elementor-section-height-default\" data-id=\"7f3a8e81\" data-element_type=\"section\" data-e-type=\"section\">\n\t\t\t\t\t\t<div class=\"elementor-container elementor-column-gap-default\">\n\t\t\t\t\t<div class=\"elementor-column elementor-col-100 elementor-top-column elementor-element elementor-element-45feda91\" data-id=\"45feda91\" data-element_type=\"column\" data-e-type=\"column\">\n\t\t\t<div class=\"elementor-widget-wrap elementor-element-populated\">\n\t\t\t\t\t\t<div class=\"elementor-element elementor-element-7d3582c5 elementor-widget elementor-widget-text-editor\" data-id=\"7d3582c5\" data-element_type=\"widget\" data-e-type=\"widget\" data-widget_type=\"text-editor.default\">\n\t\t\t\t<div class=\"elementor-widget-container\">\n\t\t\t\t\t\t\t\t\t<h2>Qu'est-ce que la bitransamine ?<\/h2><p>Bitransamin est un compl\u00e9ment alimentaire con\u00e7u pour soutenir la sant\u00e9 du foie et la fonction digestive. Sa formule unique associe le radis noir, l'artichaut, le chardon-marie et le desmodium, connus pour leurs propri\u00e9t\u00e9s favorisant la fonction h\u00e9patique et la d\u00e9toxification. Id\u00e9al pour ceux qui cherchent \u00e0 maintenir un bon \u00e9quilibre digestif et h\u00e9patique.<\/p><p>\u00a0<\/p><h2>Ingr\u00e9dients<\/h2><p>Maltodextrine de ma\u00efs, g\u00e9latine E 428 (agent d'enrobage), extrait sec de feuilles d'artichaut (Cynara scolymus L.), 76,5 mg\/caps, extrait concentr\u00e9 de racines de radis noir (Raphanus sativus var. niger L.), 46 mg\/caps, extrait concentr\u00e9 et poudre de feuilles de desmodium (Desmodium adscendens L.), 46 mg\/caps, Extrait concentr\u00e9 et poudre de feuilles de Desmodium (Desmodium adscendens L.), 46 mg\/caps, Extrait sec de fruits de chardon marie (Silybum marianum L.), 22 mg\/caps, Silice collo\u00efdale E 551, St\u00e9arate de magn\u00e9sium E 572 (anti-agglom\u00e9rants), Silice collo\u00efdale E 551, St\u00e9arate de magn\u00e9sium E 572 (anti-agglom\u00e9rants), St\u00e9arate de magn\u00e9sium E 572 (anti-agglom\u00e9rants), Silice collo\u00efdale E 551, St\u00e9arate de magn\u00e9sium E 572 (anti-agglom\u00e9rants).<\/p><p>\u00a0<\/p><h2>Mode d'emploi<\/h2><p>Prendre 1 \u00e0 3 g\u00e9lules par jour.<\/p><p>\u00a0<\/p><h2>Effets positifs<\/h2><ul><li>L'artichaut contribue aux fonctions digestives et h\u00e9patiques.<\/li><li>Le radis noir favorise la d\u00e9sintoxication du foie.<\/li><li>Le chardon-marie favorise la protection du foie et la r\u00e9g\u00e9n\u00e9ration des cellules h\u00e9patiques.<\/li><li>Le desmodium soutient la fonction h\u00e9patique et am\u00e9liore la digestion.<\/li><\/ul><p>\u00a0<\/p><h2>Pr\u00e9sentation<\/h2><p>Bo\u00eete de 60 g\u00e9lules.<\/p>\t\t\t\t\t\t\t\t<\/div>\n\t\t\t\t<\/div>\n\t\t\t\t\t<\/div>\n\t\t<\/div>\n\t\t\t\t\t<\/div>\n\t\t<\/section>\n\t\t\t\t<\/div>","protected":false},"excerpt":{"rendered":"<p>\u00abBitransamin soutient la sant\u00e9 du foie et de l'appareil digestif gr\u00e2ce \u00e0 l'artichaut, au radis noir, au chardon-marie et au desmodium, qui favorisent la d\u00e9sintoxication et l'\u00e9quilibre du foie.\u00bb<\/p>","protected":false},"featured_media":14285,"comment_status":"open","ping_status":"closed","template":"","meta":{"site-sidebar-layout":"default","site-content-layout":"","ast-site-content-layout":"default","site-content-style":"default","site-sidebar-style":"default","ast-global-header-display":"","ast-banner-title-visibility":"","ast-main-header-display":"","ast-hfb-above-header-display":"","ast-hfb-below-header-display":"","ast-hfb-mobile-header-display":"","site-post-title":"","ast-breadcrumbs-content":"","ast-featured-img":"","footer-sml-layout":"","ast-disable-related-posts":"","theme-transparent-header-meta":"default","adv-header-id-meta":"","stick-header-meta":"default","header-above-stick-meta":"","header-main-stick-meta":"","header-below-stick-meta":"","astra-migrate-meta-layouts":"set","ast-page-background-enabled":"default","ast-page-background-meta":{"desktop":{"background-color":"","background-image":"","background-repeat":"repeat","background-position":"center center","background-size":"auto","background-attachment":"scroll","background-type":"","background-media":"","overlay-type":"","overlay-color":"","overlay-opacity":"","overlay-gradient":""},"tablet":{"background-color":"","background-image":"","background-repeat":"repeat","background-position":"center center","background-size":"auto","background-attachment":"scroll","background-type":"","background-media":"","overlay-type":"","overlay-color":"","overlay-opacity":"","overlay-gradient":""},"mobile":{"background-color":"","background-image":"","background-repeat":"repeat","background-position":"center center","background-size":"auto","background-attachment":"scroll","background-type":"","background-media":"","overlay-type":"","overlay-color":"","overlay-opacity":"","overlay-gradient":""}},"ast-content-background-meta":{"desktop":{"background-color":"var(--ast-global-color-5)","background-image":"","background-repeat":"repeat","background-position":"center center","background-size":"auto","background-attachment":"scroll","background-type":"","background-media":"","overlay-type":"","overlay-color":"","overlay-opacity":"","overlay-gradient":""},"tablet":{"background-color":"var(--ast-global-color-5)","background-image":"","background-repeat":"repeat","background-position":"center center","background-size":"auto","background-attachment":"scroll","background-type":"","background-media":"","overlay-type":"","overlay-color":"","overlay-opacity":"","overlay-gradient":""},"mobile":{"background-color":"var(--ast-global-color-5)","background-image":"","background-repeat":"repeat","background-position":"center center","background-size":"auto","background-attachment":"scroll","background-type":"","background-media":"","overlay-type":"","overlay-color":"","overlay-opacity":"","overlay-gradient":""}},"_glsr_average":0,"_glsr_ranking":0,"_glsr_reviews":0},"product_brand":[],"product_cat":[336,354],"product_tag":[],"class_list":{"0":"post-14673","1":"product","2":"type-product","3":"status-publish","4":"has-post-thumbnail","6":"product_cat-sistema-digestivo","7":"product_cat-sistema-hepatico","8":"desktop-align-center","9":"tablet-align-center","10":"mobile-align-center","11":"ast-product-gallery-layout-horizontal","12":"ast-product-gallery-with-no-image","13":"ast-product-tabs-layout-horizontal","15":"first","16":"instock","17":"taxable","18":"shipping-taxable","19":"purchasable","20":"product-type-simple"},"_links":{"self":[{"href":"https:\/\/dioxvitae.es\/fr\/wp-json\/wp\/v2\/product\/14673","targetHints":{"allow":["GET"]}}],"collection":[{"href":"https:\/\/dioxvitae.es\/fr\/wp-json\/wp\/v2\/product"}],"about":[{"href":"https:\/\/dioxvitae.es\/fr\/wp-json\/wp\/v2\/types\/product"}],"replies":[{"embeddable":true,"href":"https:\/\/dioxvitae.es\/fr\/wp-json\/wp\/v2\/comments?post=14673"}],"version-history":[{"count":6,"href":"https:\/\/dioxvitae.es\/fr\/wp-json\/wp\/v2\/product\/14673\/revisions"}],"predecessor-version":[{"id":17472,"href":"https:\/\/dioxvitae.es\/fr\/wp-json\/wp\/v2\/product\/14673\/revisions\/17472"}],"wp:featuredmedia":[{"embeddable":true,"href":"https:\/\/dioxvitae.es\/fr\/wp-json\/wp\/v2\/media\/14285"}],"wp:attachment":[{"href":"https:\/\/dioxvitae.es\/fr\/wp-json\/wp\/v2\/media?parent=14673"}],"wp:term":[{"taxonomy":"product_brand","embeddable":true,"href":"https:\/\/dioxvitae.es\/fr\/wp-json\/wp\/v2\/product_brand?post=14673"},{"taxonomy":"product_cat","embeddable":true,"href":"https:\/\/dioxvitae.es\/fr\/wp-json\/wp\/v2\/product_cat?post=14673"},{"taxonomy":"product_tag","embeddable":true,"href":"https:\/\/dioxvitae.es\/fr\/wp-json\/wp\/v2\/product_tag?post=14673"}],"curies":[{"name":"wp","href":"https:\/\/api.w.org\/{rel}","templated":true}]}}