{"id":14670,"date":"2025-04-14T10:35:00","date_gmt":"2025-04-14T08:35:00","guid":{"rendered":"https:\/\/www.dioxvitae.es\/aprolis-pec-jarabe\/"},"modified":"2026-03-18T13:14:35","modified_gmt":"2026-03-18T11:14:35","slug":"aprolis-pec-sirop","status":"publish","type":"product","link":"https:\/\/dioxvitae.es\/fr\/aprolis-pec-jarabe\/","title":{"rendered":"Aprolis PEC sirop"},"content":{"rendered":"<div data-elementor-type=\"wp-post\" data-elementor-id=\"14670\" class=\"elementor elementor-14670\" data-elementor-post-type=\"product\">\n\t\t\t\t\t\t<section class=\"elementor-section elementor-top-section elementor-element elementor-element-b267b9b elementor-section-boxed elementor-section-height-default elementor-section-height-default\" data-id=\"b267b9b\" data-element_type=\"section\" data-e-type=\"section\">\n\t\t\t\t\t\t<div class=\"elementor-container elementor-column-gap-default\">\n\t\t\t\t\t<div class=\"elementor-column elementor-col-100 elementor-top-column elementor-element elementor-element-3f303f68\" data-id=\"3f303f68\" data-element_type=\"column\" data-e-type=\"column\">\n\t\t\t<div class=\"elementor-widget-wrap elementor-element-populated\">\n\t\t\t\t\t\t<div class=\"elementor-element elementor-element-2e3ffcef elementor-widget elementor-widget-text-editor\" data-id=\"2e3ffcef\" data-element_type=\"widget\" data-e-type=\"widget\" data-widget_type=\"text-editor.default\">\n\t\t\t\t<div class=\"elementor-widget-container\">\n\t\t\t\t\t\t\t\t\t<h2>Qu'est-ce qu'Aprolis PEC ?<\/h2><p>Aprolis PEC est un sirop naturel sp\u00e9cialement formul\u00e9 pour les adultes, avec une puissante combinaison de propolis, de gingembre, de thym, de magn\u00e9sium et d'oligo-\u00e9l\u00e9ments tels que le mangan\u00e8se et le cuivre. Cette formule est con\u00e7ue pour renforcer le syst\u00e8me immunitaire et r\u00e9duire la fatigue, en offrant un effet reconstituant gr\u00e2ce \u00e0 la gel\u00e9e royale. Avec une forte concentration d'extrait de gingembre, connu pour ses propri\u00e9t\u00e9s contre les troubles respiratoires, et de fruit d'ac\u00e9rola, source naturelle de vitamine C, ce sirop est un excellent choix pour renforcer les d\u00e9fenses et am\u00e9liorer le bien-\u00eatre g\u00e9n\u00e9ral.<\/p><p>\u00a0<\/p><h2>Ingr\u00e9dients<\/h2><p>Miel, Extrait de racine de gingembre (Zingiber officinale L.), Gluconate de magn\u00e9sium, Extrait de propolis, Huile de carthame (Carthamus tinctorius L.), Extrait sec de fruit d'ac\u00e9rola (Malpighia punicifolia L.), source naturelle de vitamine C (25%), Gel\u00e9e royale, Huile essentielle de thym (Thymus vulgaris L.), Gluconate de mangan\u00e8se, Gluconate de cuivre, Excipients : fructose (\u00e9dulcorant), sorbate de potassium (conservateur).<\/p><p>\u00a0<\/p><h2>Mode d'emploi<\/h2><p>Adultes : 2 \u00e0 4 mesures de 10 ml par jour.<\/p><p>Enfants \u00e0 partir de 6 ans :<\/p><p>De 6 \u00e0 8 ans : 3 mesures de 5 ml par jour.<\/p><p>De 8 \u00e0 12 ans : 2 \u00e0 3 mesures de 10 ml par jour.<\/p><p>Il peut \u00eatre pris directement ou dilu\u00e9 dans de l'eau ou du jus.<\/p><p>\u00a0<\/p><h2>Effets positifs<\/h2><ul><li>Renforce le syst\u00e8me immunitaire gr\u00e2ce \u00e0 la vitamine C et au cuivre.<\/li><li>Prot\u00e8ge les cellules contre les dommages oxydatifs gr\u00e2ce au mangan\u00e8se.<\/li><li>R\u00e9duit la fatigue gr\u00e2ce au magn\u00e9sium.<\/li><li>Il apporte un confort respiratoire gr\u00e2ce au gingembre, traditionnellement utilis\u00e9 pour soulager les rhumes.<\/li><li>Effet r\u00e9parateur gr\u00e2ce \u00e0 la gel\u00e9e royale.<\/li><\/ul><p>\u00a0<\/p><h2>Pr\u00e9sentation<\/h2><p>Flacon de 180 ml avec gobelet doseur.<\/p>\t\t\t\t\t\t\t\t<\/div>\n\t\t\t\t<\/div>\n\t\t\t\t\t<\/div>\n\t\t<\/div>\n\t\t\t\t\t<\/div>\n\t\t<\/section>\n\t\t\t\t<\/div>","protected":false},"excerpt":{"rendered":"<p>\u00abSirop naturel \u00e0 base de propolis, de gingembre, de vitamine C, de magn\u00e9sium et de gel\u00e9e royale, pour renforcer le syst\u00e8me immunitaire, r\u00e9duire la fatigue et am\u00e9liorer le bien-\u00eatre respiratoire.<\/p>","protected":false},"featured_media":14281,"comment_status":"open","ping_status":"closed","template":"","meta":{"site-sidebar-layout":"default","site-content-layout":"","ast-site-content-layout":"default","site-content-style":"default","site-sidebar-style":"default","ast-global-header-display":"","ast-banner-title-visibility":"","ast-main-header-display":"","ast-hfb-above-header-display":"","ast-hfb-below-header-display":"","ast-hfb-mobile-header-display":"","site-post-title":"","ast-breadcrumbs-content":"","ast-featured-img":"","footer-sml-layout":"","ast-disable-related-posts":"","theme-transparent-header-meta":"default","adv-header-id-meta":"","stick-header-meta":"default","header-above-stick-meta":"","header-main-stick-meta":"","header-below-stick-meta":"","astra-migrate-meta-layouts":"set","ast-page-background-enabled":"default","ast-page-background-meta":{"desktop":{"background-color":"","background-image":"","background-repeat":"repeat","background-position":"center center","background-size":"auto","background-attachment":"scroll","background-type":"","background-media":"","overlay-type":"","overlay-color":"","overlay-opacity":"","overlay-gradient":""},"tablet":{"background-color":"","background-image":"","background-repeat":"repeat","background-position":"center center","background-size":"auto","background-attachment":"scroll","background-type":"","background-media":"","overlay-type":"","overlay-color":"","overlay-opacity":"","overlay-gradient":""},"mobile":{"background-color":"","background-image":"","background-repeat":"repeat","background-position":"center center","background-size":"auto","background-attachment":"scroll","background-type":"","background-media":"","overlay-type":"","overlay-color":"","overlay-opacity":"","overlay-gradient":""}},"ast-content-background-meta":{"desktop":{"background-color":"var(--ast-global-color-5)","background-image":"","background-repeat":"repeat","background-position":"center center","background-size":"auto","background-attachment":"scroll","background-type":"","background-media":"","overlay-type":"","overlay-color":"","overlay-opacity":"","overlay-gradient":""},"tablet":{"background-color":"var(--ast-global-color-5)","background-image":"","background-repeat":"repeat","background-position":"center center","background-size":"auto","background-attachment":"scroll","background-type":"","background-media":"","overlay-type":"","overlay-color":"","overlay-opacity":"","overlay-gradient":""},"mobile":{"background-color":"var(--ast-global-color-5)","background-image":"","background-repeat":"repeat","background-position":"center center","background-size":"auto","background-attachment":"scroll","background-type":"","background-media":"","overlay-type":"","overlay-color":"","overlay-opacity":"","overlay-gradient":""}},"_glsr_average":0,"_glsr_ranking":0,"_glsr_reviews":0},"product_brand":[],"product_cat":[337,338],"product_tag":[],"class_list":{"0":"post-14670","1":"product","2":"type-product","3":"status-publish","4":"has-post-thumbnail","6":"product_cat-sistema-inmune","7":"product_cat-sistema-respiratorio","8":"desktop-align-center","9":"tablet-align-center","10":"mobile-align-center","11":"ast-product-gallery-layout-horizontal","12":"ast-product-gallery-with-no-image","13":"ast-product-tabs-layout-horizontal","15":"first","16":"instock","17":"taxable","18":"shipping-taxable","19":"purchasable","20":"product-type-simple"},"_links":{"self":[{"href":"https:\/\/dioxvitae.es\/fr\/wp-json\/wp\/v2\/product\/14670","targetHints":{"allow":["GET"]}}],"collection":[{"href":"https:\/\/dioxvitae.es\/fr\/wp-json\/wp\/v2\/product"}],"about":[{"href":"https:\/\/dioxvitae.es\/fr\/wp-json\/wp\/v2\/types\/product"}],"replies":[{"embeddable":true,"href":"https:\/\/dioxvitae.es\/fr\/wp-json\/wp\/v2\/comments?post=14670"}],"version-history":[{"count":5,"href":"https:\/\/dioxvitae.es\/fr\/wp-json\/wp\/v2\/product\/14670\/revisions"}],"predecessor-version":[{"id":18210,"href":"https:\/\/dioxvitae.es\/fr\/wp-json\/wp\/v2\/product\/14670\/revisions\/18210"}],"wp:featuredmedia":[{"embeddable":true,"href":"https:\/\/dioxvitae.es\/fr\/wp-json\/wp\/v2\/media\/14281"}],"wp:attachment":[{"href":"https:\/\/dioxvitae.es\/fr\/wp-json\/wp\/v2\/media?parent=14670"}],"wp:term":[{"taxonomy":"product_brand","embeddable":true,"href":"https:\/\/dioxvitae.es\/fr\/wp-json\/wp\/v2\/product_brand?post=14670"},{"taxonomy":"product_cat","embeddable":true,"href":"https:\/\/dioxvitae.es\/fr\/wp-json\/wp\/v2\/product_cat?post=14670"},{"taxonomy":"product_tag","embeddable":true,"href":"https:\/\/dioxvitae.es\/fr\/wp-json\/wp\/v2\/product_tag?post=14670"}],"curies":[{"name":"wp","href":"https:\/\/api.w.org\/{rel}","templated":true}]}}