{"id":14666,"date":"2025-04-14T10:34:59","date_gmt":"2025-04-14T08:34:59","guid":{"rendered":"https:\/\/www.dioxvitae.es\/aprolis-kids-echina-propol-bio\/"},"modified":"2026-03-18T13:21:13","modified_gmt":"2026-03-18T11:21:13","slug":"aprolis-kids-echin-propol-bio","status":"publish","type":"product","link":"https:\/\/dioxvitae.es\/fr\/aprolis-kids-echina-propol-bio\/","title":{"rendered":"Aprolis kids ECHINA PROPOL Bio"},"content":{"rendered":"<div data-elementor-type=\"wp-post\" data-elementor-id=\"14666\" class=\"elementor elementor-14666\" data-elementor-post-type=\"product\">\n\t\t\t\t\t\t<section class=\"elementor-section elementor-top-section elementor-element elementor-element-355a760b elementor-section-boxed elementor-section-height-default elementor-section-height-default\" data-id=\"355a760b\" data-element_type=\"section\" data-e-type=\"section\">\n\t\t\t\t\t\t<div class=\"elementor-container elementor-column-gap-default\">\n\t\t\t\t\t<div class=\"elementor-column elementor-col-100 elementor-top-column elementor-element elementor-element-65ef905f\" data-id=\"65ef905f\" data-element_type=\"column\" data-e-type=\"column\">\n\t\t\t<div class=\"elementor-widget-wrap elementor-element-populated\">\n\t\t\t\t\t\t<div class=\"elementor-element elementor-element-65b95afc elementor-widget elementor-widget-text-editor\" data-id=\"65b95afc\" data-element_type=\"widget\" data-e-type=\"widget\" data-widget_type=\"text-editor.default\">\n\t\t\t\t<div class=\"elementor-widget-container\">\n\t\t\t\t\t\t\t\t\t<h2>Qu'est-ce que Aprolis Kids Echina Propol ?<\/h2><p>Aprolis Kids Echina Propol est un compl\u00e9ment alimentaire sp\u00e9cialement con\u00e7u pour les enfants, qui associe les puissantes propri\u00e9t\u00e9s de la propolis, du miel et de l'\u00e9chinac\u00e9e (ainsi que de l'ac\u00e9rola, source naturelle de vitamine C). Sa formule biologique et naturelle 100% renforce efficacement et en toute s\u00e9curit\u00e9 les d\u00e9fenses naturelles de l'organisme. De plus, sa facilit\u00e9 d'administration en gouttes en fait une option pratique pour les enfants. Certifi\u00e9 biologique et 100% naturel. Sans conservateur, sans colorant, sans additif et sans alcool.<br \/><br \/><\/p><h2>Ingr\u00e9dients<\/h2><p>Extrait hydroglyc\u00e9rin\u00e9 de racine et de parties a\u00e9riennes d'\u00e9chinac\u00e9e biologique (Echinacea purpurea L.), miel liquide biologique, extrait de propolis biologique.<\/p><p>\u00a0<\/p><h2>Mode d'emploi<\/h2><p>Bien agiter avant utilisation. La dose recommand\u00e9e varie en fonction du poids de l'enfant :<\/p><p>10 \u00e0 12 kg : 7 gouttes, deux fois par jour<\/p><p>De 13 \u00e0 15 kg : 15 gouttes, deux fois par jour<\/p><p>16 \u00e0 24 kg : 30 gouttes, deux fois par jour<\/p><p>25 \u00e0 40 kg : 30 gouttes, 3 fois par jour<\/p><p>40 kg et plus : 1,5 ml, 3 fois par jour<\/p><p>\u00a0<\/p><h2>Effets positifs<\/h2><ul><li>Renforce les d\u00e9fenses naturelles de l'organisme<\/li><li>Formule 100% naturelle et \u00e9cologique, id\u00e9ale pour les petits<\/li><li>Go\u00fbt agr\u00e9able et facile \u00e0 administrer<\/li><\/ul><p>\u00a0<\/p><h2>Pr\u00e9sentation<\/h2><p>Flacon de 50 ml<\/p>\t\t\t\t\t\t\t\t<\/div>\n\t\t\t\t<\/div>\n\t\t\t\t\t<\/div>\n\t\t<\/div>\n\t\t\t\t\t<\/div>\n\t\t<\/section>\n\t\t\t\t<\/div>","protected":false},"excerpt":{"rendered":"<p>\u00abCompl\u00e9ment alimentaire pour enfants \u00e0 base d'\u00e9chinac\u00e9e, de propolis et de miel biologiques, id\u00e9al pour renforcer les d\u00e9fenses de mani\u00e8re naturelle et s\u00fbre.\u00bb<\/p>","protected":false},"featured_media":15277,"comment_status":"open","ping_status":"closed","template":"","meta":{"site-sidebar-layout":"default","site-content-layout":"","ast-site-content-layout":"default","site-content-style":"default","site-sidebar-style":"default","ast-global-header-display":"","ast-banner-title-visibility":"","ast-main-header-display":"","ast-hfb-above-header-display":"","ast-hfb-below-header-display":"","ast-hfb-mobile-header-display":"","site-post-title":"","ast-breadcrumbs-content":"","ast-featured-img":"","footer-sml-layout":"","ast-disable-related-posts":"","theme-transparent-header-meta":"default","adv-header-id-meta":"","stick-header-meta":"default","header-above-stick-meta":"","header-main-stick-meta":"","header-below-stick-meta":"","astra-migrate-meta-layouts":"set","ast-page-background-enabled":"default","ast-page-background-meta":{"desktop":{"background-color":"","background-image":"","background-repeat":"repeat","background-position":"center center","background-size":"auto","background-attachment":"scroll","background-type":"","background-media":"","overlay-type":"","overlay-color":"","overlay-opacity":"","overlay-gradient":""},"tablet":{"background-color":"","background-image":"","background-repeat":"repeat","background-position":"center center","background-size":"auto","background-attachment":"scroll","background-type":"","background-media":"","overlay-type":"","overlay-color":"","overlay-opacity":"","overlay-gradient":""},"mobile":{"background-color":"","background-image":"","background-repeat":"repeat","background-position":"center center","background-size":"auto","background-attachment":"scroll","background-type":"","background-media":"","overlay-type":"","overlay-color":"","overlay-opacity":"","overlay-gradient":""}},"ast-content-background-meta":{"desktop":{"background-color":"var(--ast-global-color-5)","background-image":"","background-repeat":"repeat","background-position":"center center","background-size":"auto","background-attachment":"scroll","background-type":"","background-media":"","overlay-type":"","overlay-color":"","overlay-opacity":"","overlay-gradient":""},"tablet":{"background-color":"var(--ast-global-color-5)","background-image":"","background-repeat":"repeat","background-position":"center center","background-size":"auto","background-attachment":"scroll","background-type":"","background-media":"","overlay-type":"","overlay-color":"","overlay-opacity":"","overlay-gradient":""},"mobile":{"background-color":"var(--ast-global-color-5)","background-image":"","background-repeat":"repeat","background-position":"center center","background-size":"auto","background-attachment":"scroll","background-type":"","background-media":"","overlay-type":"","overlay-color":"","overlay-opacity":"","overlay-gradient":""}},"_glsr_average":0,"_glsr_ranking":0,"_glsr_reviews":0},"product_brand":[],"product_cat":[337],"product_tag":[],"class_list":{"0":"post-14666","1":"product","2":"type-product","3":"status-publish","4":"has-post-thumbnail","6":"product_cat-sistema-inmune","7":"desktop-align-center","8":"tablet-align-center","9":"mobile-align-center","10":"ast-product-gallery-layout-horizontal","11":"ast-product-gallery-with-no-image","12":"ast-product-tabs-layout-horizontal","14":"first","15":"instock","16":"taxable","17":"shipping-taxable","18":"purchasable","19":"product-type-simple"},"_links":{"self":[{"href":"https:\/\/dioxvitae.es\/fr\/wp-json\/wp\/v2\/product\/14666","targetHints":{"allow":["GET"]}}],"collection":[{"href":"https:\/\/dioxvitae.es\/fr\/wp-json\/wp\/v2\/product"}],"about":[{"href":"https:\/\/dioxvitae.es\/fr\/wp-json\/wp\/v2\/types\/product"}],"replies":[{"embeddable":true,"href":"https:\/\/dioxvitae.es\/fr\/wp-json\/wp\/v2\/comments?post=14666"}],"version-history":[{"count":9,"href":"https:\/\/dioxvitae.es\/fr\/wp-json\/wp\/v2\/product\/14666\/revisions"}],"predecessor-version":[{"id":15282,"href":"https:\/\/dioxvitae.es\/fr\/wp-json\/wp\/v2\/product\/14666\/revisions\/15282"}],"wp:featuredmedia":[{"embeddable":true,"href":"https:\/\/dioxvitae.es\/fr\/wp-json\/wp\/v2\/media\/15277"}],"wp:attachment":[{"href":"https:\/\/dioxvitae.es\/fr\/wp-json\/wp\/v2\/media?parent=14666"}],"wp:term":[{"taxonomy":"product_brand","embeddable":true,"href":"https:\/\/dioxvitae.es\/fr\/wp-json\/wp\/v2\/product_brand?post=14666"},{"taxonomy":"product_cat","embeddable":true,"href":"https:\/\/dioxvitae.es\/fr\/wp-json\/wp\/v2\/product_cat?post=14666"},{"taxonomy":"product_tag","embeddable":true,"href":"https:\/\/dioxvitae.es\/fr\/wp-json\/wp\/v2\/product_tag?post=14666"}],"curies":[{"name":"wp","href":"https:\/\/api.w.org\/{rel}","templated":true}]}}