{"id":14663,"date":"2025-04-14T10:34:51","date_gmt":"2025-04-14T08:34:51","guid":{"rendered":"https:\/\/www.dioxvitae.es\/bronsini-choc\/"},"modified":"2026-04-02T12:13:24","modified_gmt":"2026-04-02T10:13:24","slug":"bronsini-choc","status":"publish","type":"product","link":"https:\/\/dioxvitae.es\/fr\/bronsini-choc\/","title":{"rendered":"Bronsini Choc"},"content":{"rendered":"<div data-elementor-type=\"wp-post\" data-elementor-id=\"14663\" class=\"elementor elementor-14663\" data-elementor-post-type=\"product\">\n\t\t\t\t\t\t<section class=\"elementor-section elementor-top-section elementor-element elementor-element-9fc3408 elementor-section-boxed elementor-section-height-default elementor-section-height-default\" data-id=\"9fc3408\" data-element_type=\"section\" data-e-type=\"section\">\n\t\t\t\t\t\t<div class=\"elementor-container elementor-column-gap-default\">\n\t\t\t\t\t<div class=\"elementor-column elementor-col-100 elementor-top-column elementor-element elementor-element-155334f4\" data-id=\"155334f4\" data-element_type=\"column\" data-e-type=\"column\">\n\t\t\t<div class=\"elementor-widget-wrap elementor-element-populated\">\n\t\t\t\t\t\t<div class=\"elementor-element elementor-element-69691279 elementor-widget elementor-widget-text-editor\" data-id=\"69691279\" data-element_type=\"widget\" data-e-type=\"widget\" data-widget_type=\"text-editor.default\">\n\t\t\t\t<div class=\"elementor-widget-container\">\n\t\t\t\t\t\t\t\t\t<h2>Qu'est-ce que Bronsini Choc ?<\/h2><p>Bronsini Choc de Mont Star est un compl\u00e9ment naturel sp\u00e9cialement con\u00e7u pour prendre soin et soutenir votre sant\u00e9 respiratoire. Sa formule unique, riche en extraits naturels tels que le baume de Tolu, l'eucalyptus, la menthe poivr\u00e9e et le myrte, agit efficacement pour d\u00e9congestionner et apaiser la toux, vous permettant ainsi de mieux respirer. Id\u00e9al en cas de d\u00e9tresse respiratoire, ce produit est votre alli\u00e9 naturel pour maintenir des voies respiratoires saines.<\/p><p>\u00a0<\/p><h2>Ingr\u00e9dients<\/h2><p>Eau, fructose, extrait concentr\u00e9 de grande camomille, extrait concentr\u00e9 de menthe poivr\u00e9e, extrait concentr\u00e9 d'eucalyptus, extrait concentr\u00e9 de p\u00e9largonium, extrait concentr\u00e9 de myrte, ar\u00f4me de citron, extrait concentr\u00e9 de p\u00e9rilla, extrait hydro-alcoolique de baume de Tolu, conservateur (sorbate de potassium), menthol, acidifiant (acide citrique).<\/p><p>Principes actifs par flacon : extrait de grande camomille 10:1 (70 mg), extrait de p\u00e9largonium 10:1 (50 mg), extrait de menthe poivr\u00e9e 10:1 (50 mg), extrait d'eucalyptus 10:1 (50 mg), extrait de myrte 10:1 (35 mg), extrait sec de p\u00e9rilla (20 mg), baume de tolu (20 mg).<\/p><p>\u00a0<\/p><h2>Mode d'emploi<\/h2><p>Jour 1 : Prendre un flacon toutes les 6 heures.<\/p><p>Jour 2 : Prendre un flacon toutes les 8 heures.<\/p><p>Jour 3 : Prendre un flacon toutes les 12 heures.<\/p><p>Jour 4 : Prendre un flacon toutes les 24 heures.<\/p><p>\u00a0<\/p><h2>Effets positifs<\/h2><ul><li>D\u00e9gage les voies respiratoires : de puissants extraits naturels favorisent l'expectoration, ce qui contribue \u00e0 d\u00e9congestionner et \u00e0 calmer la toux.<\/li><li>Soutien respiratoire naturel : l'eucalyptus, la menthe poivr\u00e9e et la p\u00e9rille agissent ensemble pour soulager l'irritation de la gorge et d\u00e9gager les voies respiratoires.<\/li><li>Soulagement rapide et efficace : Gr\u00e2ce \u00e0 sa formule au baume de Tolu, connu pour ses propri\u00e9t\u00e9s antitussives et expectorantes, vous ressentirez un soulagement naturel et efficace.<\/li><li>Bien-\u00eatre respiratoire : Bronsini Choc est une option douce et efficace pour ceux qui recherchent un soulagement naturel de la congestion et de l'inconfort respiratoires.<\/li><\/ul><p>\u00a0<\/p><h2>Pr\u00e9sentation<\/h2><p>Emballage de 10 flacons.<\/p>\t\t\t\t\t\t\t\t<\/div>\n\t\t\t\t<\/div>\n\t\t\t\t\t<\/div>\n\t\t<\/div>\n\t\t\t\t\t<\/div>\n\t\t<\/section>\n\t\t\t\t<\/div>","protected":false},"excerpt":{"rendered":"<p>\u00abFioles contenant des extraits naturels qui soulagent la toux et la congestion et favorisent la sant\u00e9 respiratoire.\u00bb<\/p>","protected":false},"featured_media":16817,"comment_status":"open","ping_status":"closed","template":"","meta":{"site-sidebar-layout":"default","site-content-layout":"","ast-site-content-layout":"default","site-content-style":"default","site-sidebar-style":"default","ast-global-header-display":"","ast-banner-title-visibility":"","ast-main-header-display":"","ast-hfb-above-header-display":"","ast-hfb-below-header-display":"","ast-hfb-mobile-header-display":"","site-post-title":"","ast-breadcrumbs-content":"","ast-featured-img":"","footer-sml-layout":"","ast-disable-related-posts":"","theme-transparent-header-meta":"default","adv-header-id-meta":"","stick-header-meta":"default","header-above-stick-meta":"","header-main-stick-meta":"","header-below-stick-meta":"","astra-migrate-meta-layouts":"set","ast-page-background-enabled":"default","ast-page-background-meta":{"desktop":{"background-color":"","background-image":"","background-repeat":"repeat","background-position":"center center","background-size":"auto","background-attachment":"scroll","background-type":"","background-media":"","overlay-type":"","overlay-color":"","overlay-opacity":"","overlay-gradient":""},"tablet":{"background-color":"","background-image":"","background-repeat":"repeat","background-position":"center center","background-size":"auto","background-attachment":"scroll","background-type":"","background-media":"","overlay-type":"","overlay-color":"","overlay-opacity":"","overlay-gradient":""},"mobile":{"background-color":"","background-image":"","background-repeat":"repeat","background-position":"center center","background-size":"auto","background-attachment":"scroll","background-type":"","background-media":"","overlay-type":"","overlay-color":"","overlay-opacity":"","overlay-gradient":""}},"ast-content-background-meta":{"desktop":{"background-color":"var(--ast-global-color-5)","background-image":"","background-repeat":"repeat","background-position":"center center","background-size":"auto","background-attachment":"scroll","background-type":"","background-media":"","overlay-type":"","overlay-color":"","overlay-opacity":"","overlay-gradient":""},"tablet":{"background-color":"var(--ast-global-color-5)","background-image":"","background-repeat":"repeat","background-position":"center center","background-size":"auto","background-attachment":"scroll","background-type":"","background-media":"","overlay-type":"","overlay-color":"","overlay-opacity":"","overlay-gradient":""},"mobile":{"background-color":"var(--ast-global-color-5)","background-image":"","background-repeat":"repeat","background-position":"center center","background-size":"auto","background-attachment":"scroll","background-type":"","background-media":"","overlay-type":"","overlay-color":"","overlay-opacity":"","overlay-gradient":""}},"_glsr_average":0,"_glsr_ranking":0,"_glsr_reviews":0},"product_brand":[],"product_cat":[338],"product_tag":[],"class_list":{"0":"post-14663","1":"product","2":"type-product","3":"status-publish","4":"has-post-thumbnail","6":"product_cat-sistema-respiratorio","7":"desktop-align-center","8":"tablet-align-center","9":"mobile-align-center","10":"ast-product-gallery-layout-horizontal","11":"ast-product-gallery-with-no-image","12":"ast-product-tabs-layout-horizontal","14":"first","15":"instock","16":"taxable","17":"shipping-taxable","18":"purchasable","19":"product-type-simple"},"_links":{"self":[{"href":"https:\/\/dioxvitae.es\/fr\/wp-json\/wp\/v2\/product\/14663","targetHints":{"allow":["GET"]}}],"collection":[{"href":"https:\/\/dioxvitae.es\/fr\/wp-json\/wp\/v2\/product"}],"about":[{"href":"https:\/\/dioxvitae.es\/fr\/wp-json\/wp\/v2\/types\/product"}],"replies":[{"embeddable":true,"href":"https:\/\/dioxvitae.es\/fr\/wp-json\/wp\/v2\/comments?post=14663"}],"version-history":[{"count":5,"href":"https:\/\/dioxvitae.es\/fr\/wp-json\/wp\/v2\/product\/14663\/revisions"}],"predecessor-version":[{"id":16818,"href":"https:\/\/dioxvitae.es\/fr\/wp-json\/wp\/v2\/product\/14663\/revisions\/16818"}],"wp:featuredmedia":[{"embeddable":true,"href":"https:\/\/dioxvitae.es\/fr\/wp-json\/wp\/v2\/media\/16817"}],"wp:attachment":[{"href":"https:\/\/dioxvitae.es\/fr\/wp-json\/wp\/v2\/media?parent=14663"}],"wp:term":[{"taxonomy":"product_brand","embeddable":true,"href":"https:\/\/dioxvitae.es\/fr\/wp-json\/wp\/v2\/product_brand?post=14663"},{"taxonomy":"product_cat","embeddable":true,"href":"https:\/\/dioxvitae.es\/fr\/wp-json\/wp\/v2\/product_cat?post=14663"},{"taxonomy":"product_tag","embeddable":true,"href":"https:\/\/dioxvitae.es\/fr\/wp-json\/wp\/v2\/product_tag?post=14663"}],"curies":[{"name":"wp","href":"https:\/\/api.w.org\/{rel}","templated":true}]}}