{"id":14661,"date":"2025-04-14T10:34:51","date_gmt":"2025-04-14T08:34:51","guid":{"rendered":"https:\/\/www.dioxvitae.es\/articudol\/"},"modified":"2026-04-06T14:06:52","modified_gmt":"2026-04-06T12:06:52","slug":"articudol","status":"publish","type":"product","link":"https:\/\/dioxvitae.es\/fr\/articudol\/","title":{"rendered":"Articudol"},"content":{"rendered":"<div data-elementor-type=\"wp-post\" data-elementor-id=\"14661\" class=\"elementor elementor-14661\" data-elementor-post-type=\"product\">\n\t\t\t\t\t\t<section class=\"elementor-section elementor-top-section elementor-element elementor-element-5b1a629e elementor-section-boxed elementor-section-height-default elementor-section-height-default\" data-id=\"5b1a629e\" data-element_type=\"section\" data-e-type=\"section\">\n\t\t\t\t\t\t<div class=\"elementor-container elementor-column-gap-default\">\n\t\t\t\t\t<div class=\"elementor-column elementor-col-100 elementor-top-column elementor-element elementor-element-5259ae6e\" data-id=\"5259ae6e\" data-element_type=\"column\" data-e-type=\"column\">\n\t\t\t<div class=\"elementor-widget-wrap elementor-element-populated\">\n\t\t\t\t\t\t<div class=\"elementor-element elementor-element-344fd6aa elementor-widget elementor-widget-text-editor\" data-id=\"344fd6aa\" data-element_type=\"widget\" data-e-type=\"widget\" data-widget_type=\"text-editor.default\">\n\t\t\t\t<div class=\"elementor-widget-container\">\n\t\t\t\t\t\t\t\t\t<h2>Qu'est-ce qu'ArticuDol ?<\/h2><p>MontStar ArticuDol est un compl\u00e9ment alimentaire sp\u00e9cialement con\u00e7u pour prendre soin de vos articulations, os, tendons et muscles. Id\u00e9al pour les sportifs et les personnes actives, sa formule associe des nutriments essentiels tels que la glucosamine, la chondro\u00eftine, le collag\u00e8ne et l'acide hyaluronique, qui contribuent \u00e0 r\u00e9duire l'inconfort articulaire et \u00e0 favoriser l'\u00e9lasticit\u00e9 et la mobilit\u00e9. Il contribue \u00e9galement \u00e0 la r\u00e9g\u00e9n\u00e9ration des tissus articulaires, en am\u00e9liorant la force et la r\u00e9cup\u00e9ration des muscles et des tendons.<\/p><p>\u00a0<\/p><h2>Ingr\u00e9dients<\/h2><p>D-Glucosamine (450 mg), Calcium (125 mg), Extrait sec de griffe du diable (100 mg), Chondro\u00eftine (100 mg), MSM (100 mg), Collag\u00e8ne (50 mg), Extrait sec de curcuma (50 mg), Extrait sec de gingembre (25 mg), Acide hyaluronique (10 mg), Vitamine D3 (5 \u03bcg).<\/p><p>\u00a0<\/p><h2>Mode d'emploi<\/h2><p>Prendre 1 comprim\u00e9 par jour.<\/p><p>\u00a0<\/p><h2>Effets positifs<\/h2><ul><li>Renforce et r\u00e9pare les tissus articulaires. Aide \u00e0 la r\u00e9g\u00e9n\u00e9ration du cartilage et favorise la r\u00e9cup\u00e9ration musculaire.<\/li><li>Am\u00e9liore la mobilit\u00e9 et l'\u00e9lasticit\u00e9 : r\u00e9duit l'inconfort articulaire et favorise une plus grande souplesse et une meilleure mobilit\u00e9.<\/li><li>Soutien avanc\u00e9 des articulations et des os : Fournit des nutriments cl\u00e9s pour maintenir des os forts et sains.<\/li><li>Id\u00e9al pour les sportifs : Sa formule est con\u00e7ue pour ceux qui ont besoin d'une nutrition sp\u00e9cifique pour leurs articulations et leurs muscles.<\/li><\/ul><p>\u00a0<\/p><h2>Pr\u00e9sentation<\/h2><p>Emballage contenant 30 comprim\u00e9s.<\/p>\t\t\t\t\t\t\t\t<\/div>\n\t\t\t\t<\/div>\n\t\t\t\t\t<\/div>\n\t\t<\/div>\n\t\t\t\t\t<\/div>\n\t\t<\/section>\n\t\t\t\t<\/div>","protected":false},"excerpt":{"rendered":"<p>Suppl\u00e9ment destin\u00e9 \u00e0 renforcer les articulations, les os et les muscles, id\u00e9al pour les sportifs. Contient de la glucosamine, de la chondro\u00eftine, du collag\u00e8ne et de l'acide hyaluronique.<\/p>","protected":false},"featured_media":14262,"comment_status":"open","ping_status":"closed","template":"","meta":{"site-sidebar-layout":"default","site-content-layout":"","ast-site-content-layout":"default","site-content-style":"default","site-sidebar-style":"default","ast-global-header-display":"","ast-banner-title-visibility":"","ast-main-header-display":"","ast-hfb-above-header-display":"","ast-hfb-below-header-display":"","ast-hfb-mobile-header-display":"","site-post-title":"","ast-breadcrumbs-content":"","ast-featured-img":"","footer-sml-layout":"","ast-disable-related-posts":"","theme-transparent-header-meta":"default","adv-header-id-meta":"","stick-header-meta":"default","header-above-stick-meta":"","header-main-stick-meta":"","header-below-stick-meta":"","astra-migrate-meta-layouts":"set","ast-page-background-enabled":"default","ast-page-background-meta":{"desktop":{"background-color":"","background-image":"","background-repeat":"repeat","background-position":"center center","background-size":"auto","background-attachment":"scroll","background-type":"","background-media":"","overlay-type":"","overlay-color":"","overlay-opacity":"","overlay-gradient":""},"tablet":{"background-color":"","background-image":"","background-repeat":"repeat","background-position":"center center","background-size":"auto","background-attachment":"scroll","background-type":"","background-media":"","overlay-type":"","overlay-color":"","overlay-opacity":"","overlay-gradient":""},"mobile":{"background-color":"","background-image":"","background-repeat":"repeat","background-position":"center center","background-size":"auto","background-attachment":"scroll","background-type":"","background-media":"","overlay-type":"","overlay-color":"","overlay-opacity":"","overlay-gradient":""}},"ast-content-background-meta":{"desktop":{"background-color":"var(--ast-global-color-5)","background-image":"","background-repeat":"repeat","background-position":"center center","background-size":"auto","background-attachment":"scroll","background-type":"","background-media":"","overlay-type":"","overlay-color":"","overlay-opacity":"","overlay-gradient":""},"tablet":{"background-color":"var(--ast-global-color-5)","background-image":"","background-repeat":"repeat","background-position":"center center","background-size":"auto","background-attachment":"scroll","background-type":"","background-media":"","overlay-type":"","overlay-color":"","overlay-opacity":"","overlay-gradient":""},"mobile":{"background-color":"var(--ast-global-color-5)","background-image":"","background-repeat":"repeat","background-position":"center center","background-size":"auto","background-attachment":"scroll","background-type":"","background-media":"","overlay-type":"","overlay-color":"","overlay-opacity":"","overlay-gradient":""}},"_glsr_average":0,"_glsr_ranking":0,"_glsr_reviews":0},"product_brand":[],"product_cat":[343],"product_tag":[],"class_list":{"0":"post-14661","1":"product","2":"type-product","3":"status-publish","4":"has-post-thumbnail","6":"product_cat-huesos-y-articulaciones","7":"desktop-align-center","8":"tablet-align-center","9":"mobile-align-center","10":"ast-product-gallery-layout-horizontal","11":"ast-product-gallery-with-no-image","12":"ast-product-tabs-layout-horizontal","14":"first","15":"instock","16":"taxable","17":"shipping-taxable","18":"purchasable","19":"product-type-simple"},"_links":{"self":[{"href":"https:\/\/dioxvitae.es\/fr\/wp-json\/wp\/v2\/product\/14661","targetHints":{"allow":["GET"]}}],"collection":[{"href":"https:\/\/dioxvitae.es\/fr\/wp-json\/wp\/v2\/product"}],"about":[{"href":"https:\/\/dioxvitae.es\/fr\/wp-json\/wp\/v2\/types\/product"}],"replies":[{"embeddable":true,"href":"https:\/\/dioxvitae.es\/fr\/wp-json\/wp\/v2\/comments?post=14661"}],"version-history":[{"count":6,"href":"https:\/\/dioxvitae.es\/fr\/wp-json\/wp\/v2\/product\/14661\/revisions"}],"predecessor-version":[{"id":20385,"href":"https:\/\/dioxvitae.es\/fr\/wp-json\/wp\/v2\/product\/14661\/revisions\/20385"}],"wp:featuredmedia":[{"embeddable":true,"href":"https:\/\/dioxvitae.es\/fr\/wp-json\/wp\/v2\/media\/14262"}],"wp:attachment":[{"href":"https:\/\/dioxvitae.es\/fr\/wp-json\/wp\/v2\/media?parent=14661"}],"wp:term":[{"taxonomy":"product_brand","embeddable":true,"href":"https:\/\/dioxvitae.es\/fr\/wp-json\/wp\/v2\/product_brand?post=14661"},{"taxonomy":"product_cat","embeddable":true,"href":"https:\/\/dioxvitae.es\/fr\/wp-json\/wp\/v2\/product_cat?post=14661"},{"taxonomy":"product_tag","embeddable":true,"href":"https:\/\/dioxvitae.es\/fr\/wp-json\/wp\/v2\/product_tag?post=14661"}],"curies":[{"name":"wp","href":"https:\/\/api.w.org\/{rel}","templated":true}]}}