{"id":14659,"date":"2025-04-14T10:34:51","date_gmt":"2025-04-14T08:34:51","guid":{"rendered":"https:\/\/www.dioxvitae.es\/valeriana-fitotablet\/"},"modified":"2026-04-06T14:01:18","modified_gmt":"2026-04-06T12:01:18","slug":"phytotablet-de-valeriane","status":"publish","type":"product","link":"https:\/\/dioxvitae.es\/fr\/valeriana-fitotablet\/","title":{"rendered":"Val\u00e9riane Fitotablet 2 und"},"content":{"rendered":"<div data-elementor-type=\"wp-post\" data-elementor-id=\"14659\" class=\"elementor elementor-14659\" data-elementor-post-type=\"product\">\n\t\t\t\t\t\t<section class=\"elementor-section elementor-top-section elementor-element elementor-element-7409546f elementor-section-boxed elementor-section-height-default elementor-section-height-default\" data-id=\"7409546f\" data-element_type=\"section\" data-e-type=\"section\">\n\t\t\t\t\t\t<div class=\"elementor-container elementor-column-gap-default\">\n\t\t\t\t\t<div class=\"elementor-column elementor-col-100 elementor-top-column elementor-element elementor-element-131863a3\" data-id=\"131863a3\" data-element_type=\"column\" data-e-type=\"column\">\n\t\t\t<div class=\"elementor-widget-wrap elementor-element-populated\">\n\t\t\t\t\t\t<div class=\"elementor-element elementor-element-312a5cd3 elementor-widget elementor-widget-text-editor\" data-id=\"312a5cd3\" data-element_type=\"widget\" data-e-type=\"widget\" data-widget_type=\"text-editor.default\">\n\t\t\t\t<div class=\"elementor-widget-container\">\n\t\t\t\t\t\t\t\t\t<h2>Qu'est-ce que la Val\u00e9riane Fitotablet ?<\/h2><p>Reposez-vous mieux et retrouvez la s\u00e9r\u00e9nit\u00e9 avec Fitotablet Val\u00e9riane, un compl\u00e9ment alimentaire \u00e0 base de val\u00e9riane, reconnue pour sa capacit\u00e9 \u00e0 favoriser la relaxation et \u00e0 soulager le stress quotidien. Id\u00e9al pour ceux qui recherchent un repos profond et naturel, aidant \u00e0 maintenir un sommeil r\u00e9parateur sans interruptions.<\/p><p>\u00a0<\/p><h2>Ingr\u00e9dients<\/h2><p>Racine de val\u00e9riane (Valeriana officinalis L.) 300 mg, cellulose v\u00e9g\u00e9tale. Enrobage : hydroxypropylm\u00e9thylcellulose, cellulose microcristalline, acide st\u00e9arique. Colorants : E-127, E-132 et E-171.<\/p><p>\u00a0<\/p><h2>Mode d'emploi<\/h2><p>Prendre 1 \u00e0 3 comprim\u00e9s avant le coucher pour favoriser un sommeil paisible et r\u00e9parateur.<\/p><p>\u00a0<\/p><h2>Effets positifs<\/h2><ul><li>Favorise la relaxation en p\u00e9riode de stress et de tension.<\/li><li>Favorise un repos nocturne naturel sans r\u00e9veil brutal.<\/li><li>Il contribue au bien-\u00eatre mental, en aidant \u00e0 se d\u00e9tendre et \u00e0 \u00e9quilibrer l'humeur.<\/li><\/ul><p>\u00a0<\/p><h2>Pr\u00e9sentation<\/h2><p>Bo\u00eete de 60 comprim\u00e9s \u00e0 base de plantes s\u00e9ch\u00e9es micronis\u00e9es, directement press\u00e9es.<\/p>\t\t\t\t\t\t\t\t<\/div>\n\t\t\t\t<\/div>\n\t\t\t\t\t<\/div>\n\t\t<\/div>\n\t\t\t\t\t<\/div>\n\t\t<\/section>\n\t\t\t\t<\/div>","protected":false},"excerpt":{"rendered":"<p>Valeriana Fitotablet, \u00e0 base de val\u00e9riane, vous aide \u00e0 vous d\u00e9tendre et \u00e0 mieux vous reposer, en favorisant un sommeil r\u00e9parateur et en soulageant le stress quotidien.<\/p>","protected":false},"featured_media":17723,"comment_status":"open","ping_status":"closed","template":"","meta":{"site-sidebar-layout":"default","site-content-layout":"","ast-site-content-layout":"default","site-content-style":"default","site-sidebar-style":"default","ast-global-header-display":"","ast-banner-title-visibility":"","ast-main-header-display":"","ast-hfb-above-header-display":"","ast-hfb-below-header-display":"","ast-hfb-mobile-header-display":"","site-post-title":"","ast-breadcrumbs-content":"","ast-featured-img":"","footer-sml-layout":"","ast-disable-related-posts":"","theme-transparent-header-meta":"default","adv-header-id-meta":"","stick-header-meta":"default","header-above-stick-meta":"","header-main-stick-meta":"","header-below-stick-meta":"","astra-migrate-meta-layouts":"set","ast-page-background-enabled":"default","ast-page-background-meta":{"desktop":{"background-color":"","background-image":"","background-repeat":"repeat","background-position":"center center","background-size":"auto","background-attachment":"scroll","background-type":"","background-media":"","overlay-type":"","overlay-color":"","overlay-opacity":"","overlay-gradient":""},"tablet":{"background-color":"","background-image":"","background-repeat":"repeat","background-position":"center center","background-size":"auto","background-attachment":"scroll","background-type":"","background-media":"","overlay-type":"","overlay-color":"","overlay-opacity":"","overlay-gradient":""},"mobile":{"background-color":"","background-image":"","background-repeat":"repeat","background-position":"center center","background-size":"auto","background-attachment":"scroll","background-type":"","background-media":"","overlay-type":"","overlay-color":"","overlay-opacity":"","overlay-gradient":""}},"ast-content-background-meta":{"desktop":{"background-color":"var(--ast-global-color-5)","background-image":"","background-repeat":"repeat","background-position":"center center","background-size":"auto","background-attachment":"scroll","background-type":"","background-media":"","overlay-type":"","overlay-color":"","overlay-opacity":"","overlay-gradient":""},"tablet":{"background-color":"var(--ast-global-color-5)","background-image":"","background-repeat":"repeat","background-position":"center center","background-size":"auto","background-attachment":"scroll","background-type":"","background-media":"","overlay-type":"","overlay-color":"","overlay-opacity":"","overlay-gradient":""},"mobile":{"background-color":"var(--ast-global-color-5)","background-image":"","background-repeat":"repeat","background-position":"center center","background-size":"auto","background-attachment":"scroll","background-type":"","background-media":"","overlay-type":"","overlay-color":"","overlay-opacity":"","overlay-gradient":""}},"_glsr_average":0,"_glsr_ranking":0,"_glsr_reviews":0},"product_brand":[],"product_cat":[331,350,342],"product_tag":[],"class_list":{"0":"post-14659","1":"product","2":"type-product","3":"status-publish","4":"has-post-thumbnail","6":"product_cat-herboristeria","7":"product_cat-relajacion-y-descanso","8":"product_cat-sistema-emocional","9":"desktop-align-center","10":"tablet-align-center","11":"mobile-align-center","12":"ast-product-gallery-layout-horizontal","13":"ast-product-gallery-with-no-image","14":"ast-product-tabs-layout-horizontal","16":"first","17":"instock","18":"taxable","19":"shipping-taxable","20":"purchasable","21":"product-type-simple"},"_links":{"self":[{"href":"https:\/\/dioxvitae.es\/fr\/wp-json\/wp\/v2\/product\/14659","targetHints":{"allow":["GET"]}}],"collection":[{"href":"https:\/\/dioxvitae.es\/fr\/wp-json\/wp\/v2\/product"}],"about":[{"href":"https:\/\/dioxvitae.es\/fr\/wp-json\/wp\/v2\/types\/product"}],"replies":[{"embeddable":true,"href":"https:\/\/dioxvitae.es\/fr\/wp-json\/wp\/v2\/comments?post=14659"}],"version-history":[{"count":8,"href":"https:\/\/dioxvitae.es\/fr\/wp-json\/wp\/v2\/product\/14659\/revisions"}],"predecessor-version":[{"id":20383,"href":"https:\/\/dioxvitae.es\/fr\/wp-json\/wp\/v2\/product\/14659\/revisions\/20383"}],"wp:featuredmedia":[{"embeddable":true,"href":"https:\/\/dioxvitae.es\/fr\/wp-json\/wp\/v2\/media\/17723"}],"wp:attachment":[{"href":"https:\/\/dioxvitae.es\/fr\/wp-json\/wp\/v2\/media?parent=14659"}],"wp:term":[{"taxonomy":"product_brand","embeddable":true,"href":"https:\/\/dioxvitae.es\/fr\/wp-json\/wp\/v2\/product_brand?post=14659"},{"taxonomy":"product_cat","embeddable":true,"href":"https:\/\/dioxvitae.es\/fr\/wp-json\/wp\/v2\/product_cat?post=14659"},{"taxonomy":"product_tag","embeddable":true,"href":"https:\/\/dioxvitae.es\/fr\/wp-json\/wp\/v2\/product_tag?post=14659"}],"curies":[{"name":"wp","href":"https:\/\/api.w.org\/{rel}","templated":true}]}}