{"id":14656,"date":"2025-04-14T10:34:51","date_gmt":"2025-04-14T08:34:51","guid":{"rendered":"https:\/\/www.dioxvitae.es\/herbafriol-kids\/"},"modified":"2026-04-06T13:52:38","modified_gmt":"2026-04-06T11:52:38","slug":"herbafriol-enfants","status":"publish","type":"product","link":"https:\/\/dioxvitae.es\/fr\/herbafriol-kids\/","title":{"rendered":"Herbafriol Kids"},"content":{"rendered":"<div data-elementor-type=\"wp-post\" data-elementor-id=\"14656\" class=\"elementor elementor-14656\" data-elementor-post-type=\"product\">\n\t\t\t\t\t\t<section class=\"elementor-section elementor-top-section elementor-element elementor-element-5422df3c elementor-section-boxed elementor-section-height-default elementor-section-height-default\" data-id=\"5422df3c\" data-element_type=\"section\" data-e-type=\"section\">\n\t\t\t\t\t\t<div class=\"elementor-container elementor-column-gap-default\">\n\t\t\t\t\t<div class=\"elementor-column elementor-col-100 elementor-top-column elementor-element elementor-element-4eab71e2\" data-id=\"4eab71e2\" data-element_type=\"column\" data-e-type=\"column\">\n\t\t\t<div class=\"elementor-widget-wrap elementor-element-populated\">\n\t\t\t\t\t\t<div class=\"elementor-element elementor-element-56c3c1a5 elementor-widget elementor-widget-text-editor\" data-id=\"56c3c1a5\" data-element_type=\"widget\" data-e-type=\"widget\" data-widget_type=\"text-editor.default\">\n\t\t\t\t<div class=\"elementor-widget-container\">\n\t\t\t\t\t\t\t\t\t<h2>Qu'est-ce que Herbafriol Kids ?<\/h2><p>Herbafriol Kids d'Eladiet est un compl\u00e9ment sp\u00e9cialement formul\u00e9 pour soulager l'inconfort de la gorge et du pharynx chez les enfants. Gr\u00e2ce \u00e0 sa teneur en extrait de guimauve, ce rem\u00e8de naturel apaise efficacement les irritations de la gorge et aide \u00e0 att\u00e9nuer la toux s\u00e8che, procurant une sensation de soulagement rapide et prolong\u00e9e.<\/p><p>Il aide \u00e9galement \u00e0 prot\u00e9ger et \u00e0 apaiser les cordes vocales, ce qui en fait un excellent choix pour les enfants qui souffrent de rhumes courants ou d'une voix tendue. Sa formule douce a \u00e9t\u00e9 con\u00e7ue pour offrir un soin naturel et d\u00e9licat, aidant les enfants \u00e0 se r\u00e9tablir sans effets secondaires ind\u00e9sirables. Herbafriol TUS Kids est une alternative s\u00fbre pour prendre soin de la sant\u00e9 respiratoire des enfants, en particulier par temps froid ou lorsque les changements de saison provoquent une g\u00eane respiratoire.<\/p><p>\u00a0<\/p><h2>Ingr\u00e9dients<\/h2><p>Sirop de fructose ; Eau ; Miel de fleurs ; Stabilisant : Glyc\u00e9rine ; Extrait sec de partie a\u00e9rienne de plantain (Plantago lanceolata L.) ; Extrait sec de racine de guimauve (Althaea officinalis L.) ; Acidifiant : Acide citrique ; \u00c9paississant : Gomme xanthane ; Ar\u00f4me : Ar\u00f4me de fraise ; Conservateurs : Benzoate de sodium et sorbate de potassium.<\/p><p>\u00a0<\/p><h2>Mode d'emploi<\/h2><p>Enfants de 3 \u00e0 6 ans : 5 ml trois fois par jour. Enfants de plus de 6 ans : 10 ml trois fois par jour, la derni\u00e8re dose devant \u00eatre prise avant le coucher. Contient un gobelet d'administration, \u00e0 rincer soigneusement apr\u00e8s usage.<\/p><p>Agiter avant utilisation.<\/p><p>\u00a0<\/p><h2>Effets positifs<\/h2><ul><li>Apaise l'inconfort de la gorge et du pharynx<\/li><li>Prendre soin de la sant\u00e9 respiratoire des enfants<\/li><\/ul><p>\u00a0<\/p><h2>Pr\u00e9sentation<\/h2><p>Contenant de 140 ml.<\/p>\t\t\t\t\t\t\t\t<\/div>\n\t\t\t\t<\/div>\n\t\t\t\t\t<\/div>\n\t\t<\/div>\n\t\t\t\t\t<\/div>\n\t\t<\/section>\n\t\t\t\t<\/div>","protected":false},"excerpt":{"rendered":"<p>Herbafriol TUS Kids soulage la gorge et la toux des enfants gr\u00e2ce \u00e0 des extraits de guimauve et de plantain, apportant un soulagement naturel et doux.<\/p>","protected":false},"featured_media":14255,"comment_status":"open","ping_status":"closed","template":"","meta":{"site-sidebar-layout":"default","site-content-layout":"","ast-site-content-layout":"default","site-content-style":"default","site-sidebar-style":"default","ast-global-header-display":"","ast-banner-title-visibility":"","ast-main-header-display":"","ast-hfb-above-header-display":"","ast-hfb-below-header-display":"","ast-hfb-mobile-header-display":"","site-post-title":"","ast-breadcrumbs-content":"","ast-featured-img":"","footer-sml-layout":"","ast-disable-related-posts":"","theme-transparent-header-meta":"default","adv-header-id-meta":"","stick-header-meta":"default","header-above-stick-meta":"","header-main-stick-meta":"","header-below-stick-meta":"","astra-migrate-meta-layouts":"set","ast-page-background-enabled":"default","ast-page-background-meta":{"desktop":{"background-color":"","background-image":"","background-repeat":"repeat","background-position":"center center","background-size":"auto","background-attachment":"scroll","background-type":"","background-media":"","overlay-type":"","overlay-color":"","overlay-opacity":"","overlay-gradient":""},"tablet":{"background-color":"","background-image":"","background-repeat":"repeat","background-position":"center center","background-size":"auto","background-attachment":"scroll","background-type":"","background-media":"","overlay-type":"","overlay-color":"","overlay-opacity":"","overlay-gradient":""},"mobile":{"background-color":"","background-image":"","background-repeat":"repeat","background-position":"center center","background-size":"auto","background-attachment":"scroll","background-type":"","background-media":"","overlay-type":"","overlay-color":"","overlay-opacity":"","overlay-gradient":""}},"ast-content-background-meta":{"desktop":{"background-color":"var(--ast-global-color-5)","background-image":"","background-repeat":"repeat","background-position":"center center","background-size":"auto","background-attachment":"scroll","background-type":"","background-media":"","overlay-type":"","overlay-color":"","overlay-opacity":"","overlay-gradient":""},"tablet":{"background-color":"var(--ast-global-color-5)","background-image":"","background-repeat":"repeat","background-position":"center center","background-size":"auto","background-attachment":"scroll","background-type":"","background-media":"","overlay-type":"","overlay-color":"","overlay-opacity":"","overlay-gradient":""},"mobile":{"background-color":"var(--ast-global-color-5)","background-image":"","background-repeat":"repeat","background-position":"center center","background-size":"auto","background-attachment":"scroll","background-type":"","background-media":"","overlay-type":"","overlay-color":"","overlay-opacity":"","overlay-gradient":""}},"_glsr_average":0,"_glsr_ranking":0,"_glsr_reviews":0},"product_brand":[],"product_cat":[338],"product_tag":[],"class_list":{"0":"post-14656","1":"product","2":"type-product","3":"status-publish","4":"has-post-thumbnail","6":"product_cat-sistema-respiratorio","7":"desktop-align-center","8":"tablet-align-center","9":"mobile-align-center","10":"ast-product-gallery-layout-horizontal","11":"ast-product-gallery-with-no-image","12":"ast-product-tabs-layout-horizontal","14":"first","15":"instock","16":"taxable","17":"shipping-taxable","18":"purchasable","19":"product-type-simple"},"_links":{"self":[{"href":"https:\/\/dioxvitae.es\/fr\/wp-json\/wp\/v2\/product\/14656","targetHints":{"allow":["GET"]}}],"collection":[{"href":"https:\/\/dioxvitae.es\/fr\/wp-json\/wp\/v2\/product"}],"about":[{"href":"https:\/\/dioxvitae.es\/fr\/wp-json\/wp\/v2\/types\/product"}],"replies":[{"embeddable":true,"href":"https:\/\/dioxvitae.es\/fr\/wp-json\/wp\/v2\/comments?post=14656"}],"version-history":[{"count":7,"href":"https:\/\/dioxvitae.es\/fr\/wp-json\/wp\/v2\/product\/14656\/revisions"}],"predecessor-version":[{"id":20379,"href":"https:\/\/dioxvitae.es\/fr\/wp-json\/wp\/v2\/product\/14656\/revisions\/20379"}],"wp:featuredmedia":[{"embeddable":true,"href":"https:\/\/dioxvitae.es\/fr\/wp-json\/wp\/v2\/media\/14255"}],"wp:attachment":[{"href":"https:\/\/dioxvitae.es\/fr\/wp-json\/wp\/v2\/media?parent=14656"}],"wp:term":[{"taxonomy":"product_brand","embeddable":true,"href":"https:\/\/dioxvitae.es\/fr\/wp-json\/wp\/v2\/product_brand?post=14656"},{"taxonomy":"product_cat","embeddable":true,"href":"https:\/\/dioxvitae.es\/fr\/wp-json\/wp\/v2\/product_cat?post=14656"},{"taxonomy":"product_tag","embeddable":true,"href":"https:\/\/dioxvitae.es\/fr\/wp-json\/wp\/v2\/product_tag?post=14656"}],"curies":[{"name":"wp","href":"https:\/\/api.w.org\/{rel}","templated":true}]}}