{"id":14655,"date":"2025-04-14T10:34:50","date_gmt":"2025-04-14T08:34:50","guid":{"rendered":"https:\/\/www.dioxvitae.es\/digest-ultrabiotics\/"},"modified":"2026-04-06T13:51:32","modified_gmt":"2026-04-06T11:51:32","slug":"digest-ultrabiotiques","status":"publish","type":"product","link":"https:\/\/dioxvitae.es\/fr\/digest-ultrabiotics\/","title":{"rendered":"Dig\u00e9rer les ultrabiotiques"},"content":{"rendered":"<div data-elementor-type=\"wp-post\" data-elementor-id=\"14655\" class=\"elementor elementor-14655\" data-elementor-post-type=\"product\">\n\t\t\t\t\t\t<section class=\"elementor-section elementor-top-section elementor-element elementor-element-4b85f6a4 elementor-section-boxed elementor-section-height-default elementor-section-height-default\" data-id=\"4b85f6a4\" data-element_type=\"section\" data-e-type=\"section\">\n\t\t\t\t\t\t<div class=\"elementor-container elementor-column-gap-default\">\n\t\t\t\t\t<div class=\"elementor-column elementor-col-100 elementor-top-column elementor-element elementor-element-40f3d589\" data-id=\"40f3d589\" data-element_type=\"column\" data-e-type=\"column\">\n\t\t\t<div class=\"elementor-widget-wrap elementor-element-populated\">\n\t\t\t\t\t\t<div class=\"elementor-element elementor-element-50636518 elementor-widget elementor-widget-text-editor\" data-id=\"50636518\" data-element_type=\"widget\" data-e-type=\"widget\" data-widget_type=\"text-editor.default\">\n\t\t\t\t<div class=\"elementor-widget-container\">\n\t\t\t\t\t\t\t\t\t<h2>Qu'est-ce que Digest ultrabiotics ?<\/h2><p>Digest ultrabiotics est votre partenaire id\u00e9al pour maintenir une flore intestinale \u00e9quilibr\u00e9e et un syst\u00e8me digestif sain. Gr\u00e2ce \u00e0 une formule puissante combinant 11 souches probiotiques et un pr\u00e9biotique naturel, ce compl\u00e9ment vous apporte 11 milliards de ferments lactiques dans chaque dose. Son enrobage gastror\u00e9sistant innovant assure une lib\u00e9ration efficace des probiotiques directement dans l'intestin, ce qui favorise la sant\u00e9 digestive et aide \u00e0 r\u00e9tablir l'\u00e9quilibre de votre microbiote intestinal.<\/p><p>\u00a0<\/p><h2>Ingr\u00e9dients<\/h2><p>M\u00e9lange probiotique (168 mg) : 11 souches de micro-organismes b\u00e9n\u00e9fiques, dont : B. Infantis, B. Lactis, B. Longum, E. Faecium, L. Acidophilus, L. Paracasei, L. Plantarum, L. Salivarius, L. Lactis, L. Sporogenes, S. Boulardii.<\/p><p>Fructooligosaccharides (100 mg) : Pr\u00e9biotiques naturels qui nourrissent les probiotiques.<\/p><p>Vitamines B pour votre bien-\u00eatre :, Vitamine B1 (1,1 mg), Vitamine B2 (1,4 mg), Vitamine B6 (1,4 mg), Vitamine B12 (2,5 mcg)<\/p><p>\u00a0<\/p><h2>Mode d'emploi<\/h2><p>Prendre 1 comprim\u00e9 par jour, de pr\u00e9f\u00e9rence avec de l'eau.<\/p><p>\u00a0<\/p><h2>Effets positifs<\/h2><ul><li>\u00c9quilibre intestinal : aide \u00e0 maintenir une flore intestinale saine.<\/li><li>Digestion optimale : am\u00e9liore la fonction digestive et facilite l'absorption des nutriments.<\/li><li>Bien-\u00eatre g\u00e9n\u00e9ral : Les vitamines B favorisent l'\u00e9nergie et le bien-\u00eatre au quotidien.<\/li><\/ul><p>\u00a0<\/p><h2>Pr\u00e9sentation<\/h2><p>Paquet de 30 comprim\u00e9s<\/p>\t\t\t\t\t\t\t\t<\/div>\n\t\t\t\t<\/div>\n\t\t\t\t\t<\/div>\n\t\t<\/div>\n\t\t\t\t\t<\/div>\n\t\t<\/section>\n\t\t\t\t<\/div>","protected":false},"excerpt":{"rendered":"<p>Ultrabiotics Digest, avec 11 souches de probiotiques et de pr\u00e9biotiques, soutient l'\u00e9quilibre intestinal, am\u00e9liore la digestion et favorise le bien-\u00eatre g\u00e9n\u00e9ral.<\/p>","protected":false},"featured_media":14254,"comment_status":"open","ping_status":"closed","template":"","meta":{"site-sidebar-layout":"default","site-content-layout":"","ast-site-content-layout":"default","site-content-style":"default","site-sidebar-style":"default","ast-global-header-display":"","ast-banner-title-visibility":"","ast-main-header-display":"","ast-hfb-above-header-display":"","ast-hfb-below-header-display":"","ast-hfb-mobile-header-display":"","site-post-title":"","ast-breadcrumbs-content":"","ast-featured-img":"","footer-sml-layout":"","ast-disable-related-posts":"","theme-transparent-header-meta":"default","adv-header-id-meta":"","stick-header-meta":"default","header-above-stick-meta":"","header-main-stick-meta":"","header-below-stick-meta":"","astra-migrate-meta-layouts":"set","ast-page-background-enabled":"default","ast-page-background-meta":{"desktop":{"background-color":"","background-image":"","background-repeat":"repeat","background-position":"center center","background-size":"auto","background-attachment":"scroll","background-type":"","background-media":"","overlay-type":"","overlay-color":"","overlay-opacity":"","overlay-gradient":""},"tablet":{"background-color":"","background-image":"","background-repeat":"repeat","background-position":"center center","background-size":"auto","background-attachment":"scroll","background-type":"","background-media":"","overlay-type":"","overlay-color":"","overlay-opacity":"","overlay-gradient":""},"mobile":{"background-color":"","background-image":"","background-repeat":"repeat","background-position":"center center","background-size":"auto","background-attachment":"scroll","background-type":"","background-media":"","overlay-type":"","overlay-color":"","overlay-opacity":"","overlay-gradient":""}},"ast-content-background-meta":{"desktop":{"background-color":"var(--ast-global-color-5)","background-image":"","background-repeat":"repeat","background-position":"center center","background-size":"auto","background-attachment":"scroll","background-type":"","background-media":"","overlay-type":"","overlay-color":"","overlay-opacity":"","overlay-gradient":""},"tablet":{"background-color":"var(--ast-global-color-5)","background-image":"","background-repeat":"repeat","background-position":"center center","background-size":"auto","background-attachment":"scroll","background-type":"","background-media":"","overlay-type":"","overlay-color":"","overlay-opacity":"","overlay-gradient":""},"mobile":{"background-color":"var(--ast-global-color-5)","background-image":"","background-repeat":"repeat","background-position":"center center","background-size":"auto","background-attachment":"scroll","background-type":"","background-media":"","overlay-type":"","overlay-color":"","overlay-opacity":"","overlay-gradient":""}},"_glsr_average":0,"_glsr_ranking":0,"_glsr_reviews":0},"product_brand":[],"product_cat":[336],"product_tag":[],"class_list":{"0":"post-14655","1":"product","2":"type-product","3":"status-publish","4":"has-post-thumbnail","6":"product_cat-sistema-digestivo","7":"desktop-align-center","8":"tablet-align-center","9":"mobile-align-center","10":"ast-product-gallery-layout-horizontal","11":"ast-product-gallery-with-no-image","12":"ast-product-tabs-layout-horizontal","14":"first","15":"instock","16":"taxable","17":"shipping-taxable","18":"purchasable","19":"product-type-simple"},"_links":{"self":[{"href":"https:\/\/dioxvitae.es\/fr\/wp-json\/wp\/v2\/product\/14655","targetHints":{"allow":["GET"]}}],"collection":[{"href":"https:\/\/dioxvitae.es\/fr\/wp-json\/wp\/v2\/product"}],"about":[{"href":"https:\/\/dioxvitae.es\/fr\/wp-json\/wp\/v2\/types\/product"}],"replies":[{"embeddable":true,"href":"https:\/\/dioxvitae.es\/fr\/wp-json\/wp\/v2\/comments?post=14655"}],"version-history":[{"count":7,"href":"https:\/\/dioxvitae.es\/fr\/wp-json\/wp\/v2\/product\/14655\/revisions"}],"predecessor-version":[{"id":20378,"href":"https:\/\/dioxvitae.es\/fr\/wp-json\/wp\/v2\/product\/14655\/revisions\/20378"}],"wp:featuredmedia":[{"embeddable":true,"href":"https:\/\/dioxvitae.es\/fr\/wp-json\/wp\/v2\/media\/14254"}],"wp:attachment":[{"href":"https:\/\/dioxvitae.es\/fr\/wp-json\/wp\/v2\/media?parent=14655"}],"wp:term":[{"taxonomy":"product_brand","embeddable":true,"href":"https:\/\/dioxvitae.es\/fr\/wp-json\/wp\/v2\/product_brand?post=14655"},{"taxonomy":"product_cat","embeddable":true,"href":"https:\/\/dioxvitae.es\/fr\/wp-json\/wp\/v2\/product_cat?post=14655"},{"taxonomy":"product_tag","embeddable":true,"href":"https:\/\/dioxvitae.es\/fr\/wp-json\/wp\/v2\/product_tag?post=14655"}],"curies":[{"name":"wp","href":"https:\/\/api.w.org\/{rel}","templated":true}]}}