{"id":14654,"date":"2025-04-14T10:34:50","date_gmt":"2025-04-14T08:34:50","guid":{"rendered":"https:\/\/www.dioxvitae.es\/vitawoman-cimifuga\/"},"modified":"2026-04-06T13:50:39","modified_gmt":"2026-04-06T11:50:39","slug":"vitawoman-actee-a-grappes-noires","status":"publish","type":"product","link":"https:\/\/dioxvitae.es\/fr\/vitawoman-cimifuga\/","title":{"rendered":"Vitawoman act\u00e9e \u00e0 grappes noires"},"content":{"rendered":"<div data-elementor-type=\"wp-post\" data-elementor-id=\"14654\" class=\"elementor elementor-14654\" data-elementor-post-type=\"product\">\n\t\t\t\t\t\t<section class=\"elementor-section elementor-top-section elementor-element elementor-element-568b506a elementor-section-boxed elementor-section-height-default elementor-section-height-default\" data-id=\"568b506a\" data-element_type=\"section\" data-e-type=\"section\">\n\t\t\t\t\t\t<div class=\"elementor-container elementor-column-gap-default\">\n\t\t\t\t\t<div class=\"elementor-column elementor-col-100 elementor-top-column elementor-element elementor-element-22879d10\" data-id=\"22879d10\" data-element_type=\"column\" data-e-type=\"column\">\n\t\t\t<div class=\"elementor-widget-wrap elementor-element-populated\">\n\t\t\t\t\t\t<div class=\"elementor-element elementor-element-4f1d7bd elementor-widget elementor-widget-text-editor\" data-id=\"4f1d7bd\" data-element_type=\"widget\" data-e-type=\"widget\" data-widget_type=\"text-editor.default\">\n\t\t\t\t<div class=\"elementor-widget-container\">\n\t\t\t\t\t\t\t\t\t<h2>Qu'est-ce que l'act\u00e9e \u00e0 grappes noires Vitawoman ?<\/h2><p>Vitawoman act\u00e9e \u00e0 grappes noires est un compl\u00e9ment alimentaire formul\u00e9 \u00e0 base d'act\u00e9e \u00e0 grappes noires, une plante connue pour sa capacit\u00e9 \u00e0 aider \u00e0 soulager les signes li\u00e9s \u00e0 la m\u00e9nopause. Il aide \u00e0 r\u00e9duire les bouff\u00e9es de chaleur, la transpiration excessive et l'irritabilit\u00e9, apportant un soutien naturel pendant cette \u00e9tape.<\/p><p>\u00a0<\/p><h2>Ingr\u00e9dients<\/h2><p>Act\u00e9e \u00e0 grappes noires (247 mg)<\/p><p>\u00a0<\/p><h2>Mode d'emploi<\/h2><p>Prendre 1 comprim\u00e9 par jour.<\/p><p>\u00a0<\/p><h2>Effets positifs<\/h2><ul><li>Soulage les bouff\u00e9es de chaleur et la transpiration.<\/li><li>R\u00e9duit l'irritabilit\u00e9 associ\u00e9e \u00e0 la m\u00e9nopause.<\/li><li>Favorise le bien-\u00eatre pendant la transition m\u00e9nopausique.<\/li><\/ul><p>\u00a0<\/p><h2>Pr\u00e9sentation<\/h2><p>Emballage contenant 60 comprim\u00e9s.<\/p>\t\t\t\t\t\t\t\t<\/div>\n\t\t\t\t<\/div>\n\t\t\t\t\t<\/div>\n\t\t<\/div>\n\t\t\t\t\t<\/div>\n\t\t<\/section>\n\t\t\t\t<\/div>","protected":false},"excerpt":{"rendered":"<p>Vitawoman \u00e0 l'act\u00e9e \u00e0 grappes noires soulage les bouff\u00e9es de chaleur, la transpiration et l'irritabilit\u00e9, favorisant ainsi de mani\u00e8re naturelle le bien-\u00eatre pendant la m\u00e9nopause.<\/p>","protected":false},"featured_media":14253,"comment_status":"open","ping_status":"closed","template":"","meta":{"site-sidebar-layout":"default","site-content-layout":"","ast-site-content-layout":"default","site-content-style":"default","site-sidebar-style":"default","ast-global-header-display":"","ast-banner-title-visibility":"","ast-main-header-display":"","ast-hfb-above-header-display":"","ast-hfb-below-header-display":"","ast-hfb-mobile-header-display":"","site-post-title":"","ast-breadcrumbs-content":"","ast-featured-img":"","footer-sml-layout":"","ast-disable-related-posts":"","theme-transparent-header-meta":"default","adv-header-id-meta":"","stick-header-meta":"default","header-above-stick-meta":"","header-main-stick-meta":"","header-below-stick-meta":"","astra-migrate-meta-layouts":"set","ast-page-background-enabled":"default","ast-page-background-meta":{"desktop":{"background-color":"","background-image":"","background-repeat":"repeat","background-position":"center center","background-size":"auto","background-attachment":"scroll","background-type":"","background-media":"","overlay-type":"","overlay-color":"","overlay-opacity":"","overlay-gradient":""},"tablet":{"background-color":"","background-image":"","background-repeat":"repeat","background-position":"center center","background-size":"auto","background-attachment":"scroll","background-type":"","background-media":"","overlay-type":"","overlay-color":"","overlay-opacity":"","overlay-gradient":""},"mobile":{"background-color":"","background-image":"","background-repeat":"repeat","background-position":"center center","background-size":"auto","background-attachment":"scroll","background-type":"","background-media":"","overlay-type":"","overlay-color":"","overlay-opacity":"","overlay-gradient":""}},"ast-content-background-meta":{"desktop":{"background-color":"var(--ast-global-color-5)","background-image":"","background-repeat":"repeat","background-position":"center center","background-size":"auto","background-attachment":"scroll","background-type":"","background-media":"","overlay-type":"","overlay-color":"","overlay-opacity":"","overlay-gradient":""},"tablet":{"background-color":"var(--ast-global-color-5)","background-image":"","background-repeat":"repeat","background-position":"center center","background-size":"auto","background-attachment":"scroll","background-type":"","background-media":"","overlay-type":"","overlay-color":"","overlay-opacity":"","overlay-gradient":""},"mobile":{"background-color":"var(--ast-global-color-5)","background-image":"","background-repeat":"repeat","background-position":"center center","background-size":"auto","background-attachment":"scroll","background-type":"","background-media":"","overlay-type":"","overlay-color":"","overlay-opacity":"","overlay-gradient":""}},"_glsr_average":0,"_glsr_ranking":0,"_glsr_reviews":0},"product_brand":[],"product_cat":[349],"product_tag":[],"class_list":{"0":"post-14654","1":"product","2":"type-product","3":"status-publish","4":"has-post-thumbnail","6":"product_cat-salud-hormonal","7":"desktop-align-center","8":"tablet-align-center","9":"mobile-align-center","10":"ast-product-gallery-layout-horizontal","11":"ast-product-gallery-with-no-image","12":"ast-product-tabs-layout-horizontal","14":"first","15":"instock","16":"taxable","17":"shipping-taxable","18":"purchasable","19":"product-type-simple"},"_links":{"self":[{"href":"https:\/\/dioxvitae.es\/fr\/wp-json\/wp\/v2\/product\/14654","targetHints":{"allow":["GET"]}}],"collection":[{"href":"https:\/\/dioxvitae.es\/fr\/wp-json\/wp\/v2\/product"}],"about":[{"href":"https:\/\/dioxvitae.es\/fr\/wp-json\/wp\/v2\/types\/product"}],"replies":[{"embeddable":true,"href":"https:\/\/dioxvitae.es\/fr\/wp-json\/wp\/v2\/comments?post=14654"}],"version-history":[{"count":8,"href":"https:\/\/dioxvitae.es\/fr\/wp-json\/wp\/v2\/product\/14654\/revisions"}],"predecessor-version":[{"id":20377,"href":"https:\/\/dioxvitae.es\/fr\/wp-json\/wp\/v2\/product\/14654\/revisions\/20377"}],"wp:featuredmedia":[{"embeddable":true,"href":"https:\/\/dioxvitae.es\/fr\/wp-json\/wp\/v2\/media\/14253"}],"wp:attachment":[{"href":"https:\/\/dioxvitae.es\/fr\/wp-json\/wp\/v2\/media?parent=14654"}],"wp:term":[{"taxonomy":"product_brand","embeddable":true,"href":"https:\/\/dioxvitae.es\/fr\/wp-json\/wp\/v2\/product_brand?post=14654"},{"taxonomy":"product_cat","embeddable":true,"href":"https:\/\/dioxvitae.es\/fr\/wp-json\/wp\/v2\/product_cat?post=14654"},{"taxonomy":"product_tag","embeddable":true,"href":"https:\/\/dioxvitae.es\/fr\/wp-json\/wp\/v2\/product_tag?post=14654"}],"curies":[{"name":"wp","href":"https:\/\/api.w.org\/{rel}","templated":true}]}}