{"id":14650,"date":"2025-04-14T10:34:50","date_gmt":"2025-04-14T08:34:50","guid":{"rendered":"https:\/\/www.dioxvitae.es\/decol-forte\/"},"modified":"2026-04-06T13:42:59","modified_gmt":"2026-04-06T11:42:59","slug":"decol-forte","status":"publish","type":"product","link":"https:\/\/dioxvitae.es\/fr\/decol-forte\/","title":{"rendered":"D\u00e9col forte"},"content":{"rendered":"<div data-elementor-type=\"wp-post\" data-elementor-id=\"14650\" class=\"elementor elementor-14650\" data-elementor-post-type=\"product\">\n\t\t\t\t\t\t<section class=\"elementor-section elementor-top-section elementor-element elementor-element-5044b560 elementor-section-boxed elementor-section-height-default elementor-section-height-default\" data-id=\"5044b560\" data-element_type=\"section\" data-e-type=\"section\">\n\t\t\t\t\t\t<div class=\"elementor-container elementor-column-gap-default\">\n\t\t\t\t\t<div class=\"elementor-column elementor-col-100 elementor-top-column elementor-element elementor-element-35eec8f0\" data-id=\"35eec8f0\" data-element_type=\"column\" data-e-type=\"column\">\n\t\t\t<div class=\"elementor-widget-wrap elementor-element-populated\">\n\t\t\t\t\t\t<div class=\"elementor-element elementor-element-313c8b68 elementor-widget elementor-widget-text-editor\" data-id=\"313c8b68\" data-element_type=\"widget\" data-e-type=\"widget\" data-widget_type=\"text-editor.default\">\n\t\t\t\t<div class=\"elementor-widget-container\">\n\t\t\t\t\t\t\t\t\t<h2>Qu'est-ce que Decol forte + ?<\/h2><p><span style=\"font-size: 16px;\">Gardez votre cholest\u00e9rol sous contr\u00f4le gr\u00e2ce \u00e0 ce compl\u00e9ment qui combine des ingr\u00e9dients naturels de haute qualit\u00e9 tels que la levure de riz rouge, la coenzyme Q10, la berb\u00e9rine, le policosanol et le houblon. Cette formule est con\u00e7ue pour soutenir efficacement la sant\u00e9 cardiovasculaire en aidant \u00e0 r\u00e9guler naturellement le taux de cholest\u00e9rol.<\/span><\/p><p>\u00a0<\/p><h2>Ingr\u00e9dients<\/h2><p>Poudre de levure de riz rouge, G\u00e9lule v\u00e9g\u00e9tale (hydroxypropylm\u00e9thylcellulose), Extrait d'artichaut, Coenzyme Q10, Extrait sec de berb\u00e9ris, Extrait sec de jus de canne \u00e0 sucre 98% dans du policosanol, Extrait sec de houblon, Phosphate de calcium, Cellulose microcristalline, St\u00e9arate de magn\u00e9sium (anti-agglom\u00e9rant).<\/p><p>Ingr\u00e9dients par dose journali\u00e8re (1 g\u00e9lule) : Extrait de berb\u00e9ris, Berberis aristata DC 515,46 mg, teneur en berb\u00e9rine HCl 500 mg ; Levure de riz rouge, Monascus purpureus Went 186,25 mg ;<br \/>Monacoline K contenu 2.98mg ; Extrait d'Artichaut, Cynara scolymus L. Feuilles 40mg ; Coenzyme Q10 10mg ; Policosanol, Saccharum officinarum L. 10mg ; Extrait de Houblon, Humulus lupulus L.10mg<\/p><p>\u00a0<\/p><h2>Mode d'emploi<\/h2><p>Prendre 1 g\u00e9lule par jour avec un verre d'eau avant de se coucher.<\/p><p>\u00a0<\/p><h2>Effets positifs<\/h2><ul><li>Contribue \u00e0 maintenir un taux de cholest\u00e9rol sain.<\/li><li>Contribue \u00e0 la sant\u00e9 cardiovasculaire.<\/li><li>Favorise la r\u00e9gulation naturelle du cholest\u00e9rol sans effets secondaires agressifs.<\/li><\/ul><p>\u00a0<\/p><h2>Pr\u00e9sentation<\/h2><p>30 g\u00e9lules\u00a0<\/p>\t\t\t\t\t\t\t\t<\/div>\n\t\t\t\t<\/div>\n\t\t\t\t\t<\/div>\n\t\t<\/div>\n\t\t\t\t\t<\/div>\n\t\t<\/section>\n\t\t\t\t<\/div>","protected":false},"excerpt":{"rendered":"<p>Compl\u00e9ment naturel \u00e0 base de levure de riz rouge, de coenzyme Q10 et de policosanol qui aide \u00e0 r\u00e9guler le taux de cholest\u00e9rol et \u00e0 soutenir la sant\u00e9 cardiovasculaire.<\/p>","protected":false},"featured_media":14248,"comment_status":"open","ping_status":"closed","template":"","meta":{"site-sidebar-layout":"default","site-content-layout":"","ast-site-content-layout":"default","site-content-style":"default","site-sidebar-style":"default","ast-global-header-display":"","ast-banner-title-visibility":"","ast-main-header-display":"","ast-hfb-above-header-display":"","ast-hfb-below-header-display":"","ast-hfb-mobile-header-display":"","site-post-title":"","ast-breadcrumbs-content":"","ast-featured-img":"","footer-sml-layout":"","ast-disable-related-posts":"","theme-transparent-header-meta":"default","adv-header-id-meta":"","stick-header-meta":"default","header-above-stick-meta":"","header-main-stick-meta":"","header-below-stick-meta":"","astra-migrate-meta-layouts":"set","ast-page-background-enabled":"default","ast-page-background-meta":{"desktop":{"background-color":"","background-image":"","background-repeat":"repeat","background-position":"center center","background-size":"auto","background-attachment":"scroll","background-type":"","background-media":"","overlay-type":"","overlay-color":"","overlay-opacity":"","overlay-gradient":""},"tablet":{"background-color":"","background-image":"","background-repeat":"repeat","background-position":"center center","background-size":"auto","background-attachment":"scroll","background-type":"","background-media":"","overlay-type":"","overlay-color":"","overlay-opacity":"","overlay-gradient":""},"mobile":{"background-color":"","background-image":"","background-repeat":"repeat","background-position":"center center","background-size":"auto","background-attachment":"scroll","background-type":"","background-media":"","overlay-type":"","overlay-color":"","overlay-opacity":"","overlay-gradient":""}},"ast-content-background-meta":{"desktop":{"background-color":"var(--ast-global-color-5)","background-image":"","background-repeat":"repeat","background-position":"center center","background-size":"auto","background-attachment":"scroll","background-type":"","background-media":"","overlay-type":"","overlay-color":"","overlay-opacity":"","overlay-gradient":""},"tablet":{"background-color":"var(--ast-global-color-5)","background-image":"","background-repeat":"repeat","background-position":"center center","background-size":"auto","background-attachment":"scroll","background-type":"","background-media":"","overlay-type":"","overlay-color":"","overlay-opacity":"","overlay-gradient":""},"mobile":{"background-color":"var(--ast-global-color-5)","background-image":"","background-repeat":"repeat","background-position":"center center","background-size":"auto","background-attachment":"scroll","background-type":"","background-media":"","overlay-type":"","overlay-color":"","overlay-opacity":"","overlay-gradient":""}},"_glsr_average":0,"_glsr_ranking":0,"_glsr_reviews":0},"product_brand":[],"product_cat":[352,331],"product_tag":[],"class_list":{"0":"post-14650","1":"product","2":"type-product","3":"status-publish","4":"has-post-thumbnail","6":"product_cat-sistema-cardiovascular","7":"product_cat-herboristeria","8":"desktop-align-center","9":"tablet-align-center","10":"mobile-align-center","11":"ast-product-gallery-layout-horizontal","12":"ast-product-gallery-with-no-image","13":"ast-product-tabs-layout-horizontal","15":"first","16":"instock","17":"taxable","18":"shipping-taxable","19":"purchasable","20":"product-type-simple"},"_links":{"self":[{"href":"https:\/\/dioxvitae.es\/fr\/wp-json\/wp\/v2\/product\/14650","targetHints":{"allow":["GET"]}}],"collection":[{"href":"https:\/\/dioxvitae.es\/fr\/wp-json\/wp\/v2\/product"}],"about":[{"href":"https:\/\/dioxvitae.es\/fr\/wp-json\/wp\/v2\/types\/product"}],"replies":[{"embeddable":true,"href":"https:\/\/dioxvitae.es\/fr\/wp-json\/wp\/v2\/comments?post=14650"}],"version-history":[{"count":7,"href":"https:\/\/dioxvitae.es\/fr\/wp-json\/wp\/v2\/product\/14650\/revisions"}],"predecessor-version":[{"id":20372,"href":"https:\/\/dioxvitae.es\/fr\/wp-json\/wp\/v2\/product\/14650\/revisions\/20372"}],"wp:featuredmedia":[{"embeddable":true,"href":"https:\/\/dioxvitae.es\/fr\/wp-json\/wp\/v2\/media\/14248"}],"wp:attachment":[{"href":"https:\/\/dioxvitae.es\/fr\/wp-json\/wp\/v2\/media?parent=14650"}],"wp:term":[{"taxonomy":"product_brand","embeddable":true,"href":"https:\/\/dioxvitae.es\/fr\/wp-json\/wp\/v2\/product_brand?post=14650"},{"taxonomy":"product_cat","embeddable":true,"href":"https:\/\/dioxvitae.es\/fr\/wp-json\/wp\/v2\/product_cat?post=14650"},{"taxonomy":"product_tag","embeddable":true,"href":"https:\/\/dioxvitae.es\/fr\/wp-json\/wp\/v2\/product_tag?post=14650"}],"curies":[{"name":"wp","href":"https:\/\/api.w.org\/{rel}","templated":true}]}}