{"id":14643,"date":"2025-04-14T10:34:49","date_gmt":"2025-04-14T08:34:49","guid":{"rendered":"https:\/\/www.dioxvitae.es\/propolina-jarabe-200ml\/"},"modified":"2026-04-06T13:28:00","modified_gmt":"2026-04-06T11:28:00","slug":"sirop-de-propolina-200ml","status":"publish","type":"product","link":"https:\/\/dioxvitae.es\/fr\/propolina-jarabe-200ml\/","title":{"rendered":"PROPOLINA SYRUP 200ml"},"content":{"rendered":"<div data-elementor-type=\"wp-post\" data-elementor-id=\"14643\" class=\"elementor elementor-14643\" data-elementor-post-type=\"product\">\n\t\t\t\t\t\t<section class=\"elementor-section elementor-top-section elementor-element elementor-element-7d42a0e7 elementor-section-boxed elementor-section-height-default elementor-section-height-default\" data-id=\"7d42a0e7\" data-element_type=\"section\" data-e-type=\"section\">\n\t\t\t\t\t\t<div class=\"elementor-container elementor-column-gap-default\">\n\t\t\t\t\t<div class=\"elementor-column elementor-col-100 elementor-top-column elementor-element elementor-element-d7bf2d0\" data-id=\"d7bf2d0\" data-element_type=\"column\" data-e-type=\"column\">\n\t\t\t<div class=\"elementor-widget-wrap elementor-element-populated\">\n\t\t\t\t\t\t<div class=\"elementor-element elementor-element-2150804 elementor-widget elementor-widget-text-editor\" data-id=\"2150804\" data-element_type=\"widget\" data-e-type=\"widget\" data-widget_type=\"text-editor.default\">\n\t\t\t\t<div class=\"elementor-widget-container\">\n\t\t\t\t\t\t\t\t\t<h2>Qu'est-ce que le sirop Propolina \u00e0 la propolis ?<\/h2><p>Propolina Sirop \u00e0 la Propolis est un compl\u00e9ment naturel formul\u00e9 pour soutenir le syst\u00e8me immunitaire et favoriser le bien-\u00eatre g\u00e9n\u00e9ral. Fabriqu\u00e9 \u00e0 partir de propolis, une r\u00e9sine r\u00e9colt\u00e9e par les abeilles, ce sirop comprend \u00e9galement d'autres ingr\u00e9dients de haute qualit\u00e9 tels que l'\u00e9chinac\u00e9e, le thym et le sureau, renfor\u00e7ant ainsi ses effets positifs sur l'organisme. Gr\u00e2ce \u00e0 ses propri\u00e9t\u00e9s antibact\u00e9riennes, antivirales et anti-inflammatoires, Propolina est id\u00e9al pour renforcer les d\u00e9fenses naturelles de l'organisme et soulager les affections respiratoires.<\/p><p>\u00a0<\/p><h2>Ingr\u00e9dients<\/h2><p>Sirop de fructose, eau, stabilisant (glyc\u00e9rine), propolis, huiles essentielles d'eucalyptus, de thym, de cajeputi, de niaouli et de sauge, sels min\u00e9raux de cuivre, de magn\u00e9sium, de mangan\u00e8se et de zinc.<\/p><p>\u00a0<\/p><h2>Mode d'emploi<\/h2><p>Prendre 10 ml de sirop, dilu\u00e9s dans de l'eau ou du jus, trois fois par jour. Bien agiter le flacon avant utilisation afin d'obtenir un m\u00e9lange homog\u00e8ne. Il est conseill\u00e9 de suivre ce r\u00e9gime pendant une p\u00e9riode suffisante pour obtenir les meilleurs r\u00e9sultats.<\/p><p>\u00a0<\/p><h2>Effets positifs<\/h2><ul><li>Renforce le syst\u00e8me immunitaire et favorise les d\u00e9fenses naturelles contre les infections.<\/li><li>Propri\u00e9t\u00e9s antioxydantes qui prot\u00e8gent les cellules des dommages caus\u00e9s par les radicaux libres.<\/li><li>Action anti-inflammatoire qui aide \u00e0 soulager les affections respiratoires et digestives.<\/li><li>Pr\u00e9vention et soulagement des sympt\u00f4mes du rhume et de la toux, soutien de la sant\u00e9 respiratoire globale.<\/li><\/ul><p>\u00a0<\/p><h2>Pr\u00e9sentation<\/h2><p>200 ml.<\/p>\t\t\t\t\t\t\t\t<\/div>\n\t\t\t\t<\/div>\n\t\t\t\t\t<\/div>\n\t\t<\/div>\n\t\t\t\t\t<\/div>\n\t\t<\/section>\n\t\t\t\t<\/div>","protected":false},"excerpt":{"rendered":"<p>Propolina Sirop \u00e0 la Propolis est un compl\u00e9ment naturel qui renforce le syst\u00e8me immunitaire et soulage les troubles respiratoires.<\/p>","protected":false},"featured_media":16821,"comment_status":"open","ping_status":"closed","template":"","meta":{"site-sidebar-layout":"default","site-content-layout":"","ast-site-content-layout":"default","site-content-style":"default","site-sidebar-style":"default","ast-global-header-display":"","ast-banner-title-visibility":"","ast-main-header-display":"","ast-hfb-above-header-display":"","ast-hfb-below-header-display":"","ast-hfb-mobile-header-display":"","site-post-title":"","ast-breadcrumbs-content":"","ast-featured-img":"","footer-sml-layout":"","ast-disable-related-posts":"","theme-transparent-header-meta":"default","adv-header-id-meta":"","stick-header-meta":"default","header-above-stick-meta":"","header-main-stick-meta":"","header-below-stick-meta":"","astra-migrate-meta-layouts":"set","ast-page-background-enabled":"default","ast-page-background-meta":{"desktop":{"background-color":"","background-image":"","background-repeat":"repeat","background-position":"center center","background-size":"auto","background-attachment":"scroll","background-type":"","background-media":"","overlay-type":"","overlay-color":"","overlay-opacity":"","overlay-gradient":""},"tablet":{"background-color":"","background-image":"","background-repeat":"repeat","background-position":"center center","background-size":"auto","background-attachment":"scroll","background-type":"","background-media":"","overlay-type":"","overlay-color":"","overlay-opacity":"","overlay-gradient":""},"mobile":{"background-color":"","background-image":"","background-repeat":"repeat","background-position":"center center","background-size":"auto","background-attachment":"scroll","background-type":"","background-media":"","overlay-type":"","overlay-color":"","overlay-opacity":"","overlay-gradient":""}},"ast-content-background-meta":{"desktop":{"background-color":"var(--ast-global-color-5)","background-image":"","background-repeat":"repeat","background-position":"center center","background-size":"auto","background-attachment":"scroll","background-type":"","background-media":"","overlay-type":"","overlay-color":"","overlay-opacity":"","overlay-gradient":""},"tablet":{"background-color":"var(--ast-global-color-5)","background-image":"","background-repeat":"repeat","background-position":"center center","background-size":"auto","background-attachment":"scroll","background-type":"","background-media":"","overlay-type":"","overlay-color":"","overlay-opacity":"","overlay-gradient":""},"mobile":{"background-color":"var(--ast-global-color-5)","background-image":"","background-repeat":"repeat","background-position":"center center","background-size":"auto","background-attachment":"scroll","background-type":"","background-media":"","overlay-type":"","overlay-color":"","overlay-opacity":"","overlay-gradient":""}},"_glsr_average":0,"_glsr_ranking":0,"_glsr_reviews":0},"product_brand":[],"product_cat":[337,338],"product_tag":[],"class_list":{"0":"post-14643","1":"product","2":"type-product","3":"status-publish","4":"has-post-thumbnail","6":"product_cat-sistema-inmune","7":"product_cat-sistema-respiratorio","8":"desktop-align-center","9":"tablet-align-center","10":"mobile-align-center","11":"ast-product-gallery-layout-horizontal","12":"ast-product-gallery-with-no-image","13":"ast-product-tabs-layout-horizontal","15":"first","16":"instock","17":"taxable","18":"shipping-taxable","19":"purchasable","20":"product-type-simple"},"_links":{"self":[{"href":"https:\/\/dioxvitae.es\/fr\/wp-json\/wp\/v2\/product\/14643","targetHints":{"allow":["GET"]}}],"collection":[{"href":"https:\/\/dioxvitae.es\/fr\/wp-json\/wp\/v2\/product"}],"about":[{"href":"https:\/\/dioxvitae.es\/fr\/wp-json\/wp\/v2\/types\/product"}],"replies":[{"embeddable":true,"href":"https:\/\/dioxvitae.es\/fr\/wp-json\/wp\/v2\/comments?post=14643"}],"version-history":[{"count":7,"href":"https:\/\/dioxvitae.es\/fr\/wp-json\/wp\/v2\/product\/14643\/revisions"}],"predecessor-version":[{"id":20365,"href":"https:\/\/dioxvitae.es\/fr\/wp-json\/wp\/v2\/product\/14643\/revisions\/20365"}],"wp:featuredmedia":[{"embeddable":true,"href":"https:\/\/dioxvitae.es\/fr\/wp-json\/wp\/v2\/media\/16821"}],"wp:attachment":[{"href":"https:\/\/dioxvitae.es\/fr\/wp-json\/wp\/v2\/media?parent=14643"}],"wp:term":[{"taxonomy":"product_brand","embeddable":true,"href":"https:\/\/dioxvitae.es\/fr\/wp-json\/wp\/v2\/product_brand?post=14643"},{"taxonomy":"product_cat","embeddable":true,"href":"https:\/\/dioxvitae.es\/fr\/wp-json\/wp\/v2\/product_cat?post=14643"},{"taxonomy":"product_tag","embeddable":true,"href":"https:\/\/dioxvitae.es\/fr\/wp-json\/wp\/v2\/product_tag?post=14643"}],"curies":[{"name":"wp","href":"https:\/\/api.w.org\/{rel}","templated":true}]}}