{"id":14642,"date":"2025-04-14T10:34:49","date_gmt":"2025-04-14T08:34:49","guid":{"rendered":"https:\/\/www.dioxvitae.es\/probiot-50000\/"},"modified":"2026-04-06T13:26:51","modified_gmt":"2026-04-06T11:26:51","slug":"probiot-50000","status":"publish","type":"product","link":"https:\/\/dioxvitae.es\/fr\/probiot-50000\/","title":{"rendered":"PROBIOT 50000"},"content":{"rendered":"<div data-elementor-type=\"wp-post\" data-elementor-id=\"14642\" class=\"elementor elementor-14642\" data-elementor-post-type=\"product\">\n\t\t\t\t\t\t<section class=\"elementor-section elementor-top-section elementor-element elementor-element-2e49552b elementor-section-boxed elementor-section-height-default elementor-section-height-default\" data-id=\"2e49552b\" data-element_type=\"section\" data-e-type=\"section\">\n\t\t\t\t\t\t<div class=\"elementor-container elementor-column-gap-default\">\n\t\t\t\t\t<div class=\"elementor-column elementor-col-100 elementor-top-column elementor-element elementor-element-26e84947\" data-id=\"26e84947\" data-element_type=\"column\" data-e-type=\"column\">\n\t\t\t<div class=\"elementor-widget-wrap elementor-element-populated\">\n\t\t\t\t\t\t<div class=\"elementor-element elementor-element-1091aaf3 elementor-widget elementor-widget-text-editor\" data-id=\"1091aaf3\" data-element_type=\"widget\" data-e-type=\"widget\" data-widget_type=\"text-editor.default\">\n\t\t\t\t<div class=\"elementor-widget-container\">\n\t\t\t\t\t\t\t\t\t<h2>Qu'est-ce que Plantis Probiot 50000 ?<\/h2><p>Plantis Probiot 50000 (Formule Professionnelle) est un compl\u00e9ment alimentaire avanc\u00e9 offrant une concentration de 50 milliards de bact\u00e9ries probiotiques par sachet, fournissant une approche professionnelle pour restaurer et maintenir l'\u00e9quilibre de la flore intestinale. Il est id\u00e9al lorsqu'une action rapide et efficace est n\u00e9cessaire, par exemple apr\u00e8s un traitement antibiotique.<\/p><p>Ce compl\u00e9ment hautement concentr\u00e9 est formul\u00e9 avec 5 souches bact\u00e9riennes cliniquement prouv\u00e9es et enrichi de cofacteurs m\u00e9taboliques et physiologiques tels que le colostrum, la glutamine, les bioflavono\u00efdes, le magn\u00e9sium, la lactoferrine, le mangan\u00e8se et les vitamines B, qui favorisent l'implantation et le d\u00e9veloppement optimaux des bact\u00e9ries b\u00e9n\u00e9fiques dans l'organisme.<\/p><h2>Ingr\u00e9dients<\/h2><p>Ferments lactiques (50 milliards par sachet) :<\/p><p>Lactobacillus paracasei, Lactobacillus acidophilus, Propionibacterium freudenreichii, Bifidobacterium lactis, Lactobacillus plantarum, Fructooligosaccharides (2,4 g par sachet), L-glutamine (1500 mg par sachet), Colostrum (500 mg par sachet), Lactoferrine (150 mg par sachet), Magn\u00e9sium (56,59 mg par sachet), Mangan\u00e8se (0,308 mg par sachet).<\/p><p>Vitamines B :<br \/>Vitamine B1 (0,630 mg par sachet), Vitamine B2 (0,750 mg par sachet), Vitamine B6 (1,4 mg par sachet), Vitamine B12 (0,70 \u00b5g par sachet)<\/p><h2>Mode d'emploi<\/h2><p>Il est recommand\u00e9 de prendre 1 sachet par jour \u00e0 jeun. Verser le contenu du sachet dans un verre d'eau, bien agiter et boire.<\/p><h2>Effets positifs<\/h2><ul><li>Restauration rapide de la flore intestinale, en particulier apr\u00e8s l'utilisation d'antibiotiques.<\/li><li>Action hautement concentr\u00e9e, avec 50 milliards de bact\u00e9ries probiotiques par sachet pour une efficacit\u00e9 maximale.<\/li><li>Renforce le syst\u00e8me immunitaire gr\u00e2ce au colostrum, \u00e0 la lactoferrine et aux cofacteurs essentiels.<\/li><li>Am\u00e9liore la digestion et l'absorption des nutriments, en favorisant une flore intestinale saine.<\/li><li>Contribue \u00e0 la sant\u00e9 digestive en r\u00e9gulant l'\u00e9quilibre bact\u00e9rien et le pH dans ces deux zones.<\/li><li>Am\u00e9liore la r\u00e9g\u00e9n\u00e9ration cellulaire et la r\u00e9paration des tissus gr\u00e2ce \u00e0 la glutamine et aux vitamines B.<\/li><\/ul><h2>Pr\u00e9sentation<\/h2><p>Emballage contenant 15 sachets.<\/p>\t\t\t\t\t\t\t\t<\/div>\n\t\t\t\t<\/div>\n\t\t\t\t\t<\/div>\n\t\t<\/div>\n\t\t\t\t\t<\/div>\n\t\t<\/section>\n\t\t\t\t<\/div>","protected":false},"excerpt":{"rendered":"<p>Plantis Probiot 50000 restaure rapidement la flore intestinale avec 50 milliards de probiotiques.<\/p>","protected":false},"featured_media":14215,"comment_status":"open","ping_status":"closed","template":"","meta":{"site-sidebar-layout":"default","site-content-layout":"","ast-site-content-layout":"default","site-content-style":"default","site-sidebar-style":"default","ast-global-header-display":"","ast-banner-title-visibility":"","ast-main-header-display":"","ast-hfb-above-header-display":"","ast-hfb-below-header-display":"","ast-hfb-mobile-header-display":"","site-post-title":"","ast-breadcrumbs-content":"","ast-featured-img":"","footer-sml-layout":"","ast-disable-related-posts":"","theme-transparent-header-meta":"default","adv-header-id-meta":"","stick-header-meta":"default","header-above-stick-meta":"","header-main-stick-meta":"","header-below-stick-meta":"","astra-migrate-meta-layouts":"set","ast-page-background-enabled":"default","ast-page-background-meta":{"desktop":{"background-color":"","background-image":"","background-repeat":"repeat","background-position":"center center","background-size":"auto","background-attachment":"scroll","background-type":"","background-media":"","overlay-type":"","overlay-color":"","overlay-opacity":"","overlay-gradient":""},"tablet":{"background-color":"","background-image":"","background-repeat":"repeat","background-position":"center center","background-size":"auto","background-attachment":"scroll","background-type":"","background-media":"","overlay-type":"","overlay-color":"","overlay-opacity":"","overlay-gradient":""},"mobile":{"background-color":"","background-image":"","background-repeat":"repeat","background-position":"center center","background-size":"auto","background-attachment":"scroll","background-type":"","background-media":"","overlay-type":"","overlay-color":"","overlay-opacity":"","overlay-gradient":""}},"ast-content-background-meta":{"desktop":{"background-color":"var(--ast-global-color-5)","background-image":"","background-repeat":"repeat","background-position":"center center","background-size":"auto","background-attachment":"scroll","background-type":"","background-media":"","overlay-type":"","overlay-color":"","overlay-opacity":"","overlay-gradient":""},"tablet":{"background-color":"var(--ast-global-color-5)","background-image":"","background-repeat":"repeat","background-position":"center center","background-size":"auto","background-attachment":"scroll","background-type":"","background-media":"","overlay-type":"","overlay-color":"","overlay-opacity":"","overlay-gradient":""},"mobile":{"background-color":"var(--ast-global-color-5)","background-image":"","background-repeat":"repeat","background-position":"center center","background-size":"auto","background-attachment":"scroll","background-type":"","background-media":"","overlay-type":"","overlay-color":"","overlay-opacity":"","overlay-gradient":""}},"_glsr_average":0,"_glsr_ranking":0,"_glsr_reviews":0},"product_brand":[],"product_cat":[337,336],"product_tag":[],"class_list":{"0":"post-14642","1":"product","2":"type-product","3":"status-publish","4":"has-post-thumbnail","6":"product_cat-sistema-inmune","7":"product_cat-sistema-digestivo","8":"desktop-align-center","9":"tablet-align-center","10":"mobile-align-center","11":"ast-product-gallery-layout-horizontal","12":"ast-product-gallery-with-no-image","13":"ast-product-tabs-layout-horizontal","15":"first","16":"instock","17":"taxable","18":"shipping-taxable","19":"purchasable","20":"product-type-simple"},"_links":{"self":[{"href":"https:\/\/dioxvitae.es\/fr\/wp-json\/wp\/v2\/product\/14642","targetHints":{"allow":["GET"]}}],"collection":[{"href":"https:\/\/dioxvitae.es\/fr\/wp-json\/wp\/v2\/product"}],"about":[{"href":"https:\/\/dioxvitae.es\/fr\/wp-json\/wp\/v2\/types\/product"}],"replies":[{"embeddable":true,"href":"https:\/\/dioxvitae.es\/fr\/wp-json\/wp\/v2\/comments?post=14642"}],"version-history":[{"count":26,"href":"https:\/\/dioxvitae.es\/fr\/wp-json\/wp\/v2\/product\/14642\/revisions"}],"predecessor-version":[{"id":20363,"href":"https:\/\/dioxvitae.es\/fr\/wp-json\/wp\/v2\/product\/14642\/revisions\/20363"}],"wp:featuredmedia":[{"embeddable":true,"href":"https:\/\/dioxvitae.es\/fr\/wp-json\/wp\/v2\/media\/14215"}],"wp:attachment":[{"href":"https:\/\/dioxvitae.es\/fr\/wp-json\/wp\/v2\/media?parent=14642"}],"wp:term":[{"taxonomy":"product_brand","embeddable":true,"href":"https:\/\/dioxvitae.es\/fr\/wp-json\/wp\/v2\/product_brand?post=14642"},{"taxonomy":"product_cat","embeddable":true,"href":"https:\/\/dioxvitae.es\/fr\/wp-json\/wp\/v2\/product_cat?post=14642"},{"taxonomy":"product_tag","embeddable":true,"href":"https:\/\/dioxvitae.es\/fr\/wp-json\/wp\/v2\/product_tag?post=14642"}],"curies":[{"name":"wp","href":"https:\/\/api.w.org\/{rel}","templated":true}]}}