{"id":1439,"date":"2021-04-20T11:25:31","date_gmt":"2021-04-20T09:25:31","guid":{"rendered":"http:\/\/www.dioxvitae.es.mialias.net\/?post_type=product&#038;p=1439"},"modified":"2026-04-24T13:55:13","modified_gmt":"2026-04-24T11:55:13","slug":"kit-chlorite-de-sodium-et-activateur","status":"publish","type":"product","link":"https:\/\/dioxvitae.es\/fr\/kit-clorito-de-sodio-y-activador\/","title":{"rendered":"Kit Chlorite de sodium + Activateur"},"content":{"rendered":"<div data-elementor-type=\"wp-post\" data-elementor-id=\"1439\" class=\"elementor elementor-1439\" data-elementor-post-type=\"product\">\n\t\t\t\t\t\t<section class=\"elementor-section elementor-top-section elementor-element elementor-element-52f8376 elementor-section-boxed elementor-section-height-default elementor-section-height-default\" data-id=\"52f8376\" data-element_type=\"section\" data-e-type=\"section\">\n\t\t\t\t\t\t<div class=\"elementor-container elementor-column-gap-default\">\n\t\t\t\t\t<div class=\"elementor-column elementor-col-100 elementor-top-column elementor-element elementor-element-9c46df3\" data-id=\"9c46df3\" data-element_type=\"column\" data-e-type=\"column\">\n\t\t\t<div class=\"elementor-widget-wrap elementor-element-populated\">\n\t\t\t\t\t\t<div class=\"elementor-element elementor-element-f0df209 elementor-widget elementor-widget-heading\" data-id=\"f0df209\" data-element_type=\"widget\" data-e-type=\"widget\" data-widget_type=\"heading.default\">\n\t\t\t\t<div class=\"elementor-widget-container\">\n\t\t\t\t\t<h2 class=\"elementor-heading-title elementor-size-default\">Qu'est-ce que le dioxyde de chlore ?<\/h2>\t\t\t\t<\/div>\n\t\t\t\t<\/div>\n\t\t\t\t<div class=\"elementor-element elementor-element-f294867 elementor-widget elementor-widget-text-editor\" data-id=\"f294867\" data-element_type=\"widget\" data-e-type=\"widget\" data-widget_type=\"text-editor.default\">\n\t\t\t\t<div class=\"elementor-widget-container\">\n\t\t\t\t\t\t\t\t\t<p>Les <strong>dioxyde de chlore<\/strong> est un compos\u00e9 chimique largement utilis\u00e9 comme potabilisateur de l'eau, mais aussi comme d\u00e9sinfectant ou purificateur dans un large \u00e9ventail de fonctions industrielles. Dioxvitae est autoris\u00e9 \u00e0 utiliser le dioxyde de chlore pour la potabilisation de tous les types d'eau, de l'eau potable pour une excursion aux grandes potabilisations industrielles. Le principe est le m\u00eame.<\/p>\t\t\t\t\t\t\t\t<\/div>\n\t\t\t\t<\/div>\n\t\t\t\t\t<\/div>\n\t\t<\/div>\n\t\t\t\t\t<\/div>\n\t\t<\/section>\n\t\t\t\t<section class=\"elementor-section elementor-top-section elementor-element elementor-element-391120c elementor-section-boxed elementor-section-height-default elementor-section-height-default\" data-id=\"391120c\" data-element_type=\"section\" data-e-type=\"section\">\n\t\t\t\t\t\t<div class=\"elementor-container elementor-column-gap-default\">\n\t\t\t\t\t<div class=\"elementor-column elementor-col-100 elementor-top-column elementor-element elementor-element-ede1023\" data-id=\"ede1023\" data-element_type=\"column\" data-e-type=\"column\">\n\t\t\t<div class=\"elementor-widget-wrap elementor-element-populated\">\n\t\t\t\t\t\t<div class=\"elementor-element elementor-element-392cffa elementor-widget elementor-widget-heading\" data-id=\"392cffa\" data-element_type=\"widget\" data-e-type=\"widget\" data-widget_type=\"heading.default\">\n\t\t\t\t<div class=\"elementor-widget-container\">\n\t\t\t\t\t<h2 class=\"elementor-heading-title elementor-size-default\">Comment pr\u00e9parer le dioxyde de chlore ?<\/h2>\t\t\t\t<\/div>\n\t\t\t\t<\/div>\n\t\t\t\t<div class=\"elementor-element elementor-element-b612f4c elementor-widget elementor-widget-text-editor\" data-id=\"b612f4c\" data-element_type=\"widget\" data-e-type=\"widget\" data-widget_type=\"text-editor.default\">\n\t\t\t\t<div class=\"elementor-widget-container\">\n\t\t\t\t\t\t\t\t\t<p>M\u00e9lange des produits <strong>en suivant les instructions recommand\u00e9es sur l'emballage<\/strong> en fonction de la quantit\u00e9 d'eau \u00e0 traiter et de sa qualit\u00e9.<\/p><p><strong>Attendre 30 secondes pour la r\u00e9action et ajouter le m\u00e9lange \u00e0 l'eau. <\/strong>afin de stabiliser la solution activ\u00e9e pour une efficacit\u00e9 maximale.<\/p><p>En cas d'eau faiblement pollu\u00e9e, inodore et incolore, appliquer <strong>une dose de 1 goutte de chlorite + 1 goutte d'activateur pour 5 litres d'eau \u00e0 traiter<\/strong>. Si la qualit\u00e9 de l'eau est moindre, il convient d'utiliser une dose plus \u00e9lev\u00e9e de dioxyde de chlore. 3 gouttes de chlorite + 3 gouttes d'activateur pour 1 litre d'eau est une dose pour les eaux fortement pollu\u00e9es.<\/p>\t\t\t\t\t\t\t\t<\/div>\n\t\t\t\t<\/div>\n\t\t\t\t\t<\/div>\n\t\t<\/div>\n\t\t\t\t\t<\/div>\n\t\t<\/section>\n\t\t\t\t<section class=\"elementor-section elementor-top-section elementor-element elementor-element-b75002e elementor-section-boxed elementor-section-height-default elementor-section-height-default\" data-id=\"b75002e\" data-element_type=\"section\" data-e-type=\"section\">\n\t\t\t\t\t\t<div class=\"elementor-container elementor-column-gap-default\">\n\t\t\t\t\t<div class=\"elementor-column elementor-col-100 elementor-top-column elementor-element elementor-element-27c4032\" data-id=\"27c4032\" data-element_type=\"column\" data-e-type=\"column\">\n\t\t\t<div class=\"elementor-widget-wrap elementor-element-populated\">\n\t\t\t\t\t\t<div class=\"elementor-element elementor-element-91f63a0 elementor-widget elementor-widget-heading\" data-id=\"91f63a0\" data-element_type=\"widget\" data-e-type=\"widget\" data-widget_type=\"heading.default\">\n\t\t\t\t<div class=\"elementor-widget-container\">\n\t\t\t\t\t<h2 class=\"elementor-heading-title elementor-size-default\">Propri\u00e9t\u00e9s du dioxyde de chlore<\/h2>\t\t\t\t<\/div>\n\t\t\t\t<\/div>\n\t\t\t\t<div class=\"elementor-element elementor-element-f198e68 elementor-widget elementor-widget-text-editor\" data-id=\"f198e68\" data-element_type=\"widget\" data-e-type=\"widget\" data-widget_type=\"text-editor.default\">\n\t\t\t\t<div class=\"elementor-widget-container\">\n\t\t\t\t\t\t\t\t\t<ul><li>\u00e9limination des impuret\u00e9s de l'eau naturelle (toxines et m\u00e9taux lourds)<\/li><li>Efficacit\u00e9 sup\u00e9rieure \u00e0 celle des autres biocides (\u00e9limine le biofilm et fonctionne dans toutes les plages de pH).<\/li><li>l'\u00e9limination des agents pathog\u00e8nes, tels que les virus, les bact\u00e9ries et les protozoaires<\/li><\/ul>\t\t\t\t\t\t\t\t<\/div>\n\t\t\t\t<\/div>\n\t\t\t\t\t<\/div>\n\t\t<\/div>\n\t\t\t\t\t<\/div>\n\t\t<\/section>\n\t\t\t\t<section class=\"elementor-section elementor-top-section elementor-element elementor-element-37bc36b6 elementor-section-boxed elementor-section-height-default elementor-section-height-default\" data-id=\"37bc36b6\" data-element_type=\"section\" data-e-type=\"section\">\n\t\t\t\t\t\t<div class=\"elementor-container elementor-column-gap-default\">\n\t\t\t\t\t<div class=\"elementor-column elementor-col-100 elementor-top-column elementor-element elementor-element-6bfa42b0\" data-id=\"6bfa42b0\" data-element_type=\"column\" data-e-type=\"column\">\n\t\t\t<div class=\"elementor-widget-wrap elementor-element-populated\">\n\t\t\t\t\t\t<div class=\"elementor-element elementor-element-fb506fb elementor-widget elementor-widget-heading\" data-id=\"fb506fb\" data-element_type=\"widget\" data-e-type=\"widget\" data-widget_type=\"heading.default\">\n\t\t\t\t<div class=\"elementor-widget-container\">\n\t\t\t\t\t<h2 class=\"elementor-heading-title elementor-size-default\">Kit de purification de l'eau<\/h2>\t\t\t\t<\/div>\n\t\t\t\t<\/div>\n\t\t\t\t<div class=\"elementor-element elementor-element-6032dc21 elementor-widget elementor-widget-text-editor\" data-id=\"6032dc21\" data-element_type=\"widget\" data-e-type=\"widget\" data-widget_type=\"text-editor.default\">\n\t\t\t\t<div class=\"elementor-widget-container\">\n\t\t\t\t\t\t\t\t\t<p>Le dioxyde de chlore est largement utilis\u00e9 par l'industrie qui conna\u00eet ses propri\u00e9t\u00e9s sup\u00e9rieures de d\u00e9sinfection et d'oxydation des toxines.<\/p><p>Les\u00a0<strong>Kit de purification de l'eau DIOXVITAE<\/strong> permet d'obtenir du dioxyde de chlore de mani\u00e8re artisanale, en m\u00e9langeant <a href=\"https:\/\/dioxvitae.es\/fr\/chlorite-de-sodium\/\">chlorite de sodium<\/a> et un activateur d'acide chlorhydrique. Nous pouvons ainsi rendre notre eau potable et \u00e9viter d'acheter des litres et des litres d'eau au supermarch\u00e9.<\/p>\t\t\t\t\t\t\t\t<\/div>\n\t\t\t\t<\/div>\n\t\t\t\t\t<\/div>\n\t\t<\/div>\n\t\t\t\t\t<\/div>\n\t\t<\/section>\n\t\t\t\t<\/div>","protected":false},"excerpt":{"rendered":"<section class=\"elementor-section elementor-top-section elementor-element elementor-element-37bc36b6 elementor-section-boxed elementor-section-height-default elementor-section-height-default\" data-id=\"37bc36b6\" data-element_type=\"section\">\n<div class=\"elementor-container elementor-column-gap-default\">\n<div class=\"elementor-column elementor-col-100 elementor-top-column elementor-element elementor-element-6bfa42b0\" data-id=\"6bfa42b0\" data-element_type=\"column\">\n<div class=\"elementor-widget-wrap elementor-element-populated\">\n<div class=\"elementor-element elementor-element-6032dc21 elementor-widget elementor-widget-text-editor\" data-id=\"6032dc21\" data-element_type=\"widget\" data-widget_type=\"text-editor.default\">\n<div class=\"elementor-widget-container\">\n<div class=\"elementor-text-editor elementor-clearfix\">\n<div class=\"product-details-module product-details__general-info\">\n<div class=\"product-details-module__content\">\n<div id=\"productDescription\" class=\"product-details__product-description\">\n<p>Kit de traitement de l'eau potable compos\u00e9 d'un r\u00e9cipient de chlorite de sodium et d'un autre r\u00e9cipient d'activateur, qui permet d'obtenir du dioxyde de chlore en les m\u00e9langeant. Le m\u00e9lange doit r\u00e9agir pendant 30 secondes, le diluer dans l'eau \u00e0 traiter et le laisser agir.<\/p>\n<\/div>\n<\/div>\n<\/div>\n<\/div>\n<\/div>\n<\/div>\n<\/div>\n<\/div>\n<\/div>\n<\/section>\n<section class=\"elementor-section elementor-top-section elementor-element elementor-element-5e8b795 elementor-section-boxed elementor-section-height-default elementor-section-height-default\" data-id=\"5e8b795\" data-element_type=\"section\">\n<div class=\"elementor-container elementor-column-gap-default\">\n<div class=\"elementor-column elementor-col-100 elementor-top-column elementor-element elementor-element-0ee548a\" data-id=\"0ee548a\" data-element_type=\"column\">\n<div class=\"elementor-widget-wrap elementor-element-populated\">\n<div class=\"elementor-element elementor-element-e1b9696 elementor-widget elementor-widget-heading\" data-id=\"e1b9696\" data-element_type=\"widget\" data-widget_type=\"heading.default\">\n<div class=\"elementor-widget-container\"><\/div>\n<\/div>\n<\/div>\n<\/div>\n<\/div>\n<\/section>","protected":false},"featured_media":2892,"comment_status":"open","ping_status":"closed","template":"","meta":{"site-sidebar-layout":"default","site-content-layout":"default","ast-site-content-layout":"default","site-content-style":"default","site-sidebar-style":"default","ast-global-header-display":"","ast-banner-title-visibility":"","ast-main-header-display":"","ast-hfb-above-header-display":"","ast-hfb-below-header-display":"","ast-hfb-mobile-header-display":"","site-post-title":"","ast-breadcrumbs-content":"","ast-featured-img":"","footer-sml-layout":"","ast-disable-related-posts":"","theme-transparent-header-meta":"default","adv-header-id-meta":"","stick-header-meta":"default","header-above-stick-meta":"","header-main-stick-meta":"","header-below-stick-meta":"","astra-migrate-meta-layouts":"set","ast-page-background-enabled":"default","ast-page-background-meta":{"desktop":{"background-color":"","background-image":"","background-repeat":"repeat","background-position":"center center","background-size":"auto","background-attachment":"scroll","background-type":"","background-media":"","overlay-type":"","overlay-color":"","overlay-opacity":"","overlay-gradient":""},"tablet":{"background-color":"","background-image":"","background-repeat":"repeat","background-position":"center center","background-size":"auto","background-attachment":"scroll","background-type":"","background-media":"","overlay-type":"","overlay-color":"","overlay-opacity":"","overlay-gradient":""},"mobile":{"background-color":"","background-image":"","background-repeat":"repeat","background-position":"center center","background-size":"auto","background-attachment":"scroll","background-type":"","background-media":"","overlay-type":"","overlay-color":"","overlay-opacity":"","overlay-gradient":""}},"ast-content-background-meta":{"desktop":{"background-color":"var(--ast-global-color-5)","background-image":"","background-repeat":"repeat","background-position":"center center","background-size":"auto","background-attachment":"scroll","background-type":"","background-media":"","overlay-type":"","overlay-color":"","overlay-opacity":"","overlay-gradient":""},"tablet":{"background-color":"var(--ast-global-color-5)","background-image":"","background-repeat":"repeat","background-position":"center center","background-size":"auto","background-attachment":"scroll","background-type":"","background-media":"","overlay-type":"","overlay-color":"","overlay-opacity":"","overlay-gradient":""},"mobile":{"background-color":"var(--ast-global-color-5)","background-image":"","background-repeat":"repeat","background-position":"center center","background-size":"auto","background-attachment":"scroll","background-type":"","background-media":"","overlay-type":"","overlay-color":"","overlay-opacity":"","overlay-gradient":""}},"_glsr_average":0,"_glsr_ranking":0,"_glsr_reviews":0},"product_brand":[],"product_cat":[121],"product_tag":[],"class_list":{"0":"post-1439","1":"product","2":"type-product","3":"status-publish","4":"has-post-thumbnail","6":"product_cat-otros-productos","7":"desktop-align-center","8":"tablet-align-center","9":"mobile-align-center","10":"ast-product-gallery-layout-horizontal","11":"ast-product-gallery-with-no-image","12":"ast-product-single-variable","13":"ast-product-tabs-layout-horizontal","15":"first","16":"instock","17":"taxable","18":"shipping-taxable","19":"purchasable","20":"product-type-variable"},"_links":{"self":[{"href":"https:\/\/dioxvitae.es\/fr\/wp-json\/wp\/v2\/product\/1439","targetHints":{"allow":["GET"]}}],"collection":[{"href":"https:\/\/dioxvitae.es\/fr\/wp-json\/wp\/v2\/product"}],"about":[{"href":"https:\/\/dioxvitae.es\/fr\/wp-json\/wp\/v2\/types\/product"}],"replies":[{"embeddable":true,"href":"https:\/\/dioxvitae.es\/fr\/wp-json\/wp\/v2\/comments?post=1439"}],"version-history":[{"count":18,"href":"https:\/\/dioxvitae.es\/fr\/wp-json\/wp\/v2\/product\/1439\/revisions"}],"predecessor-version":[{"id":16679,"href":"https:\/\/dioxvitae.es\/fr\/wp-json\/wp\/v2\/product\/1439\/revisions\/16679"}],"wp:featuredmedia":[{"embeddable":true,"href":"https:\/\/dioxvitae.es\/fr\/wp-json\/wp\/v2\/media\/2892"}],"wp:attachment":[{"href":"https:\/\/dioxvitae.es\/fr\/wp-json\/wp\/v2\/media?parent=1439"}],"wp:term":[{"taxonomy":"product_brand","embeddable":true,"href":"https:\/\/dioxvitae.es\/fr\/wp-json\/wp\/v2\/product_brand?post=1439"},{"taxonomy":"product_cat","embeddable":true,"href":"https:\/\/dioxvitae.es\/fr\/wp-json\/wp\/v2\/product_cat?post=1439"},{"taxonomy":"product_tag","embeddable":true,"href":"https:\/\/dioxvitae.es\/fr\/wp-json\/wp\/v2\/product_tag?post=1439"}],"curies":[{"name":"wp","href":"https:\/\/api.w.org\/{rel}","templated":true}]}}