{"id":1427,"date":"2021-04-20T11:11:45","date_gmt":"2021-04-20T09:11:45","guid":{"rendered":"http:\/\/www.dioxvitae.es.mialias.net\/?post_type=product&#038;p=1427"},"modified":"2026-04-16T19:26:11","modified_gmt":"2026-04-16T17:26:11","slug":"chlorite-de-sodium-2","status":"publish","type":"product","link":"https:\/\/dioxvitae.es\/fr\/clorito-sodico\/","title":{"rendered":"Chlorite de sodium"},"content":{"rendered":"<div data-elementor-type=\"wp-post\" data-elementor-id=\"1427\" class=\"elementor elementor-1427\" data-elementor-post-type=\"product\">\n\t\t\t\t\t\t<section class=\"elementor-section elementor-top-section elementor-element elementor-element-a74ed36 elementor-section-boxed elementor-section-height-default elementor-section-height-default\" data-id=\"a74ed36\" data-element_type=\"section\" data-e-type=\"section\">\n\t\t\t\t\t\t<div class=\"elementor-container elementor-column-gap-default\">\n\t\t\t\t\t<div class=\"elementor-column elementor-col-100 elementor-top-column elementor-element elementor-element-c730704\" data-id=\"c730704\" data-element_type=\"column\" data-e-type=\"column\">\n\t\t\t<div class=\"elementor-widget-wrap elementor-element-populated\">\n\t\t\t\t\t\t<div class=\"elementor-element elementor-element-b6f8ada elementor-widget elementor-widget-heading\" data-id=\"b6f8ada\" data-element_type=\"widget\" data-e-type=\"widget\" data-widget_type=\"heading.default\">\n\t\t\t\t<div class=\"elementor-widget-container\">\n\t\t\t\t\t<h2 class=\"elementor-heading-title elementor-size-default\">Qu'est-ce que le chlorite de sodium ?<\/h2>\t\t\t\t<\/div>\n\t\t\t\t<\/div>\n\t\t\t\t<div class=\"elementor-element elementor-element-e376672 elementor-widget elementor-widget-text-editor\" data-id=\"e376672\" data-element_type=\"widget\" data-e-type=\"widget\" data-widget_type=\"text-editor.default\">\n\t\t\t\t<div class=\"elementor-widget-container\">\n\t\t\t\t\t\t\t\t\t<p>Les <strong>chlorite de sodium<\/strong>\u00a0est un compos\u00e9 chimique NaClO2, largement utilis\u00e9 et totalement s\u00fbr pour la d\u00e9sinfection et la purification de l'eau destin\u00e9e \u00e0 la consommation humaine ou animale.<\/p>\t\t\t\t\t\t\t\t<\/div>\n\t\t\t\t<\/div>\n\t\t\t\t\t<\/div>\n\t\t<\/div>\n\t\t\t\t\t<\/div>\n\t\t<\/section>\n\t\t\t\t<section class=\"elementor-section elementor-top-section elementor-element elementor-element-b610a75 elementor-section-boxed elementor-section-height-default elementor-section-height-default\" data-id=\"b610a75\" data-element_type=\"section\" data-e-type=\"section\">\n\t\t\t\t\t\t<div class=\"elementor-container elementor-column-gap-default\">\n\t\t\t\t\t<div class=\"elementor-column elementor-col-100 elementor-top-column elementor-element elementor-element-c564ee8\" data-id=\"c564ee8\" data-element_type=\"column\" data-e-type=\"column\">\n\t\t\t<div class=\"elementor-widget-wrap elementor-element-populated\">\n\t\t\t\t\t\t<div class=\"elementor-element elementor-element-d8d0555 elementor-widget elementor-widget-heading\" data-id=\"d8d0555\" data-element_type=\"widget\" data-e-type=\"widget\" data-widget_type=\"heading.default\">\n\t\t\t\t<div class=\"elementor-widget-container\">\n\t\t\t\t\t<h2 class=\"elementor-heading-title elementor-size-default\">Propri\u00e9t\u00e9s<\/h2>\t\t\t\t<\/div>\n\t\t\t\t<\/div>\n\t\t\t\t<div class=\"elementor-element elementor-element-dac4138 elementor-widget elementor-widget-text-editor\" data-id=\"dac4138\" data-element_type=\"widget\" data-e-type=\"widget\" data-widget_type=\"text-editor.default\">\n\t\t\t\t<div class=\"elementor-widget-container\">\n\t\t\t\t\t\t\t\t\t<p>Il s'agit de la <strong>produit chimique plus s\u00fbr<\/strong> pour le traitement de l'eau potable, car, contrairement \u00e0 d'autres produits chimiques, le chlorite de sodium n'est pas adapt\u00e9 au traitement de l'eau potable. <strong>ne g\u00e9n\u00e8re pas de trihalom\u00e9thanes<\/strong> (complexes toxiques) au contact de la mati\u00e8re organique.<\/p><p><strong>D\u00e9sinfection prolong\u00e9e<\/strong> s'il est utilis\u00e9 sans activateur.<\/p><p>Chlorite de sodium le plus faible du march\u00e9 en nitrates, chlorates et autres r\u00e9sidus.<\/p><ul><li>Solution de chlorite de sodium<\/li><li>Eau bidistill\u00e9e non chlor\u00e9e<\/li><li>Patrimoine minimum garanti de 24\u20195%<\/li><\/ul>\t\t\t\t\t\t\t\t<\/div>\n\t\t\t\t<\/div>\n\t\t\t\t\t<\/div>\n\t\t<\/div>\n\t\t\t\t\t<\/div>\n\t\t<\/section>\n\t\t\t\t<section class=\"elementor-section elementor-top-section elementor-element elementor-element-a2c37d1 elementor-section-boxed elementor-section-height-default elementor-section-height-default\" data-id=\"a2c37d1\" data-element_type=\"section\" data-e-type=\"section\">\n\t\t\t\t\t\t<div class=\"elementor-container elementor-column-gap-default\">\n\t\t\t\t\t<div class=\"elementor-column elementor-col-100 elementor-top-column elementor-element elementor-element-f7136b5\" data-id=\"f7136b5\" data-element_type=\"column\" data-e-type=\"column\">\n\t\t\t<div class=\"elementor-widget-wrap elementor-element-populated\">\n\t\t\t\t\t\t<div class=\"elementor-element elementor-element-5576400 elementor-widget elementor-widget-heading\" data-id=\"5576400\" data-element_type=\"widget\" data-e-type=\"widget\" data-widget_type=\"heading.default\">\n\t\t\t\t<div class=\"elementor-widget-container\">\n\t\t\t\t\t<h2 class=\"elementor-heading-title elementor-size-default\">Utilisations et applications<\/h2>\t\t\t\t<\/div>\n\t\t\t\t<\/div>\n\t\t\t\t<div class=\"elementor-element elementor-element-2ca04d1 elementor-widget elementor-widget-text-editor\" data-id=\"2ca04d1\" data-element_type=\"widget\" data-e-type=\"widget\" data-widget_type=\"text-editor.default\">\n\t\t\t\t<div class=\"elementor-widget-container\">\n\t\t\t\t\t\t\t\t\t<p>Au <strong>purification de l'eau<\/strong>, chlorite de sodium <strong>peut \u00eatre utilis\u00e9 seul<\/strong> pour une action prolong\u00e9e lorsque le pH est inf\u00e9rieur \u00e0 5, ou <strong>m\u00e9lang\u00e9 \u00e0 l'activateur<\/strong> lorsqu'une purification imm\u00e9diate est n\u00e9cessaire, dans les eaux de toute gamme de pH.<\/p>\t\t\t\t\t\t\t\t<\/div>\n\t\t\t\t<\/div>\n\t\t\t\t\t<\/div>\n\t\t<\/div>\n\t\t\t\t\t<\/div>\n\t\t<\/section>\n\t\t\t\t<section class=\"elementor-section elementor-top-section elementor-element elementor-element-efee7fd elementor-section-boxed elementor-section-height-default elementor-section-height-default\" data-id=\"efee7fd\" data-element_type=\"section\" data-e-type=\"section\">\n\t\t\t\t\t\t<div class=\"elementor-container elementor-column-gap-default\">\n\t\t\t\t\t<div class=\"elementor-column elementor-col-100 elementor-top-column elementor-element elementor-element-b075e8b\" data-id=\"b075e8b\" data-element_type=\"column\" data-e-type=\"column\">\n\t\t\t<div class=\"elementor-widget-wrap elementor-element-populated\">\n\t\t\t\t\t\t<div class=\"elementor-element elementor-element-f41b5b5 elementor-widget elementor-widget-heading\" data-id=\"f41b5b5\" data-element_type=\"widget\" data-e-type=\"widget\" data-widget_type=\"heading.default\">\n\t\t\t\t<div class=\"elementor-widget-container\">\n\t\t\t\t\t<h2 class=\"elementor-heading-title elementor-size-default\">Comment cela fonctionne-t-il ?<\/h2>\t\t\t\t<\/div>\n\t\t\t\t<\/div>\n\t\t\t\t<div class=\"elementor-element elementor-element-d30f652 elementor-widget elementor-widget-text-editor\" data-id=\"d30f652\" data-element_type=\"widget\" data-e-type=\"widget\" data-widget_type=\"text-editor.default\">\n\t\t\t\t<div class=\"elementor-widget-container\">\n\t\t\t\t\t\t\t\t\t<p>Bien que la <strong>chlorite de sodium<\/strong> est un d\u00e9sinfectant tr\u00e8s efficace, c'est la mati\u00e8re premi\u00e8re pour obtenir le dioxyde de chlore, qui est vraiment le produit chimique qui a le plus de propri\u00e9t\u00e9s purifiantes.<\/p><p>Pour se transformer en dioxyde de chlore, le chlorite de sodium doit entrer en contact avec l'acidit\u00e9. On peut alors activer le chlorite de sodium avec\u00a0<a href=\"https:\/\/dioxvitae.es\/fr\/declencheurs\/\"><strong>Activateur de dioxvitae (acide chlorhydrique)<\/strong><\/a> pour obtenir un effet imm\u00e9diat ou sans activateur pour obtenir un effet prolong\u00e9 en s'activant lentement en raison de l'acidit\u00e9 produite par les agents pathog\u00e8nes et les toxines.<\/p><p>S'il est activ\u00e9, il est utilis\u00e9 <strong>une goutte de chlorite de sodium pour chaque goutte d'activateur<\/strong>, en l'activant d'abord dans un r\u00e9cipient en verre, en attendant 30 secondes et en versant ensuite le m\u00e9lange dans l'eau \u00e0 traiter.<\/p><p>Dans une eau peu pollu\u00e9e (inodore et incolore), on applique 1 goutte de chlorite de sodium pour 5 litres d'eau \u00e0 traiter. La dose maximale d\u00e9pend du degr\u00e9 de contamination de l'eau, 3 gouttes par litre \u00e9tant une dose suffisante.<\/p>\t\t\t\t\t\t\t\t<\/div>\n\t\t\t\t<\/div>\n\t\t\t\t\t<\/div>\n\t\t<\/div>\n\t\t\t\t\t<\/div>\n\t\t<\/section>\n\t\t\t\t<section class=\"elementor-section elementor-top-section elementor-element elementor-element-a0fc2a4 elementor-section-boxed elementor-section-height-default elementor-section-height-default\" data-id=\"a0fc2a4\" data-element_type=\"section\" data-e-type=\"section\">\n\t\t\t\t\t\t<div class=\"elementor-container elementor-column-gap-default\">\n\t\t\t\t\t<div class=\"elementor-column elementor-col-100 elementor-top-column elementor-element elementor-element-d9fe33c\" data-id=\"d9fe33c\" data-element_type=\"column\" data-e-type=\"column\">\n\t\t\t<div class=\"elementor-widget-wrap elementor-element-populated\">\n\t\t\t\t\t\t<div class=\"elementor-element elementor-element-261944b elementor-widget elementor-widget-heading\" data-id=\"261944b\" data-element_type=\"widget\" data-e-type=\"widget\" data-widget_type=\"heading.default\">\n\t\t\t\t<div class=\"elementor-widget-container\">\n\t\t\t\t\t<h2 class=\"elementor-heading-title elementor-size-default\">Contre-indications<\/h2>\t\t\t\t<\/div>\n\t\t\t\t<\/div>\n\t\t\t\t<div class=\"elementor-element elementor-element-072f61f elementor-widget elementor-widget-text-editor\" data-id=\"072f61f\" data-element_type=\"widget\" data-e-type=\"widget\" data-widget_type=\"text-editor.default\">\n\t\t\t\t<div class=\"elementor-widget-container\">\n\t\t\t\t\t\t\t\t\t<p>Chlorite de sodium <strong>ne doit \u00eatre utilis\u00e9 qu'en toute s\u00e9curit\u00e9<\/strong>.<\/p><p>Lisez attentivement le <strong>\u00e9tiquette du produit<\/strong> y <strong>sa fiche de donn\u00e9es de s\u00e9curit\u00e9<\/strong> avant utilisation.<\/p>\t\t\t\t\t\t\t\t<\/div>\n\t\t\t\t<\/div>\n\t\t\t\t<div class=\"elementor-element elementor-element-b2a37f6 elementor-align-left elementor-widget elementor-widget-button\" data-id=\"b2a37f6\" data-element_type=\"widget\" data-e-type=\"widget\" data-widget_type=\"button.default\">\n\t\t\t\t<div class=\"elementor-widget-container\">\n\t\t\t\t\t\t\t\t\t<div class=\"elementor-button-wrapper\">\n\t\t\t\t\t<a class=\"elementor-button elementor-button-link elementor-size-sm\" href=\"https:\/\/dioxvitae.es\/wp-content\/uploads\/clorito-sodico-ficha-seguridad.pdf\" target=\"_blank\" rel=\"nofollow\">\n\t\t\t\t\t\t<span class=\"elementor-button-content-wrapper\">\n\t\t\t\t\t\t\t\t\t<span class=\"elementor-button-text\">Fiche de donn\u00e9es de s\u00e9curit\u00e9 Chlorite de sodium<\/span>\n\t\t\t\t\t<\/span>\n\t\t\t\t\t<\/a>\n\t\t\t\t<\/div>\n\t\t\t\t\t\t\t\t<\/div>\n\t\t\t\t<\/div>\n\t\t\t\t\t<\/div>\n\t\t<\/div>\n\t\t\t\t\t<\/div>\n\t\t<\/section>\n\t\t\t\t<\/div>","protected":false},"excerpt":{"rendered":"<section class=\"elementor-section elementor-top-section elementor-element elementor-element-37bc36b6 elementor-section-boxed elementor-section-height-default elementor-section-height-default\" data-id=\"37bc36b6\" data-element_type=\"section\">\n<div class=\"elementor-container elementor-column-gap-default\">\n<div class=\"elementor-column elementor-col-100 elementor-top-column elementor-element elementor-element-6bfa42b0\" data-id=\"6bfa42b0\" data-element_type=\"column\">\n<div class=\"elementor-widget-wrap elementor-element-populated\">\n<div class=\"elementor-element elementor-element-6032dc21 elementor-widget elementor-widget-text-editor\" data-id=\"6032dc21\" data-element_type=\"widget\" data-widget_type=\"text-editor.default\">\n<div class=\"elementor-widget-container\">\n<div class=\"elementor-text-editor elementor-clearfix\">\n<p>Solution de chlorite de sodium dans de l'eau bi-distill\u00e9e non chlor\u00e9e. Pr\u00e9curseur du biocide Dioxyde de chlore lorsqu'il est activ\u00e9 avec l'activateur d'acide chlorhydrique DIOXVITAE. Richesse minimale garantie 24\u20195%. Le Chlorite de sodium le plus faible du march\u00e9 en Nitrates, Chlorates et autres r\u00e9sidus. Particuli\u00e8rement recommand\u00e9 pour la purification de l'eau.<\/p>\n<\/div>\n<\/div>\n<\/div>\n<\/div>\n<\/div>\n<\/div>\n<\/section>\n<section class=\"elementor-section elementor-top-section elementor-element elementor-element-5e8b795 elementor-section-boxed elementor-section-height-default elementor-section-height-default\" data-id=\"5e8b795\" data-element_type=\"section\">\n<div class=\"elementor-container elementor-column-gap-default\">\n<div class=\"elementor-column elementor-col-100 elementor-top-column elementor-element elementor-element-0ee548a\" data-id=\"0ee548a\" data-element_type=\"column\">\n<div class=\"elementor-widget-wrap elementor-element-populated\">\n<div class=\"elementor-element elementor-element-e1b9696 elementor-widget elementor-widget-heading\" data-id=\"e1b9696\" data-element_type=\"widget\" data-widget_type=\"heading.default\">\n<div class=\"elementor-widget-container\"><\/div>\n<\/div>\n<\/div>\n<\/div>\n<\/div>\n<\/section>","protected":false},"featured_media":3657,"comment_status":"open","ping_status":"closed","template":"","meta":{"site-sidebar-layout":"default","site-content-layout":"default","ast-site-content-layout":"default","site-content-style":"default","site-sidebar-style":"default","ast-global-header-display":"","ast-banner-title-visibility":"","ast-main-header-display":"","ast-hfb-above-header-display":"","ast-hfb-below-header-display":"","ast-hfb-mobile-header-display":"","site-post-title":"","ast-breadcrumbs-content":"","ast-featured-img":"","footer-sml-layout":"","ast-disable-related-posts":"","theme-transparent-header-meta":"default","adv-header-id-meta":"","stick-header-meta":"default","header-above-stick-meta":"","header-main-stick-meta":"","header-below-stick-meta":"","astra-migrate-meta-layouts":"set","ast-page-background-enabled":"default","ast-page-background-meta":{"desktop":{"background-color":"","background-image":"","background-repeat":"repeat","background-position":"center center","background-size":"auto","background-attachment":"scroll","background-type":"","background-media":"","overlay-type":"","overlay-color":"","overlay-opacity":"","overlay-gradient":""},"tablet":{"background-color":"","background-image":"","background-repeat":"repeat","background-position":"center center","background-size":"auto","background-attachment":"scroll","background-type":"","background-media":"","overlay-type":"","overlay-color":"","overlay-opacity":"","overlay-gradient":""},"mobile":{"background-color":"","background-image":"","background-repeat":"repeat","background-position":"center center","background-size":"auto","background-attachment":"scroll","background-type":"","background-media":"","overlay-type":"","overlay-color":"","overlay-opacity":"","overlay-gradient":""}},"ast-content-background-meta":{"desktop":{"background-color":"var(--ast-global-color-5)","background-image":"","background-repeat":"repeat","background-position":"center center","background-size":"auto","background-attachment":"scroll","background-type":"","background-media":"","overlay-type":"","overlay-color":"","overlay-opacity":"","overlay-gradient":""},"tablet":{"background-color":"var(--ast-global-color-5)","background-image":"","background-repeat":"repeat","background-position":"center center","background-size":"auto","background-attachment":"scroll","background-type":"","background-media":"","overlay-type":"","overlay-color":"","overlay-opacity":"","overlay-gradient":""},"mobile":{"background-color":"var(--ast-global-color-5)","background-image":"","background-repeat":"repeat","background-position":"center center","background-size":"auto","background-attachment":"scroll","background-type":"","background-media":"","overlay-type":"","overlay-color":"","overlay-opacity":"","overlay-gradient":""}},"_glsr_average":0,"_glsr_ranking":0,"_glsr_reviews":0},"product_brand":[],"product_cat":[112],"product_tag":[],"class_list":{"0":"post-1427","1":"product","2":"type-product","3":"status-publish","4":"has-post-thumbnail","6":"product_cat-clorito-de-sodio","7":"desktop-align-center","8":"tablet-align-center","9":"mobile-align-center","10":"ast-product-gallery-layout-horizontal","11":"ast-product-gallery-with-no-image","12":"ast-product-single-variable","13":"ast-product-tabs-layout-horizontal","15":"first","16":"instock","17":"taxable","18":"shipping-taxable","19":"purchasable","20":"product-type-variable"},"_links":{"self":[{"href":"https:\/\/dioxvitae.es\/fr\/wp-json\/wp\/v2\/product\/1427","targetHints":{"allow":["GET"]}}],"collection":[{"href":"https:\/\/dioxvitae.es\/fr\/wp-json\/wp\/v2\/product"}],"about":[{"href":"https:\/\/dioxvitae.es\/fr\/wp-json\/wp\/v2\/types\/product"}],"replies":[{"embeddable":true,"href":"https:\/\/dioxvitae.es\/fr\/wp-json\/wp\/v2\/comments?post=1427"}],"version-history":[{"count":10,"href":"https:\/\/dioxvitae.es\/fr\/wp-json\/wp\/v2\/product\/1427\/revisions"}],"predecessor-version":[{"id":20061,"href":"https:\/\/dioxvitae.es\/fr\/wp-json\/wp\/v2\/product\/1427\/revisions\/20061"}],"wp:featuredmedia":[{"embeddable":true,"href":"https:\/\/dioxvitae.es\/fr\/wp-json\/wp\/v2\/media\/3657"}],"wp:attachment":[{"href":"https:\/\/dioxvitae.es\/fr\/wp-json\/wp\/v2\/media?parent=1427"}],"wp:term":[{"taxonomy":"product_brand","embeddable":true,"href":"https:\/\/dioxvitae.es\/fr\/wp-json\/wp\/v2\/product_brand?post=1427"},{"taxonomy":"product_cat","embeddable":true,"href":"https:\/\/dioxvitae.es\/fr\/wp-json\/wp\/v2\/product_cat?post=1427"},{"taxonomy":"product_tag","embeddable":true,"href":"https:\/\/dioxvitae.es\/fr\/wp-json\/wp\/v2\/product_tag?post=1427"}],"curies":[{"name":"wp","href":"https:\/\/api.w.org\/{rel}","templated":true}]}}