{"id":13365,"date":"2025-01-23T14:50:49","date_gmt":"2025-01-23T12:50:49","guid":{"rendered":"https:\/\/www.dioxvitae.es\/?post_type=product&#038;p=13365"},"modified":"2026-01-27T14:54:33","modified_gmt":"2026-01-27T12:54:33","slug":"1-kit-de-1-litre-1-1-cd-de-1-litre-2-cd-de-250-ml-1-recipient-de-250-ml","status":"publish","type":"product","link":"https:\/\/dioxvitae.es\/fr\/1-kit-de-un-litro-1-cds-de-un-1-litro-2-cds-de-250-ml-1-envase-de-250-ml\/","title":{"rendered":"1 kit de 1 litre + 1 CDS de 1 litre + 2 CDS de 250 ml + 1 r\u00e9cipient de 250 ml"},"content":{"rendered":"<div data-elementor-type=\"wp-post\" data-elementor-id=\"13365\" class=\"elementor elementor-13365\" data-elementor-post-type=\"product\">\n\t\t\t\t\t\t<section class=\"elementor-section elementor-top-section elementor-element elementor-element-d15a563 elementor-section-boxed elementor-section-height-default elementor-section-height-default\" data-id=\"d15a563\" data-element_type=\"section\" data-e-type=\"section\">\n\t\t\t\t\t\t<div class=\"elementor-container elementor-column-gap-default\">\n\t\t\t\t\t<div class=\"elementor-column elementor-col-100 elementor-top-column elementor-element elementor-element-b335ffe\" data-id=\"b335ffe\" data-element_type=\"column\" data-e-type=\"column\">\n\t\t\t<div class=\"elementor-widget-wrap elementor-element-populated\">\n\t\t\t\t\t\t<div class=\"elementor-element elementor-element-fc2e6e1 elementor-widget elementor-widget-text-editor\" data-id=\"fc2e6e1\" data-element_type=\"widget\" data-e-type=\"widget\" data-widget_type=\"text-editor.default\">\n\t\t\t\t<div class=\"elementor-widget-container\">\n\t\t\t\t\t\t\t\t\t<div class=\"elementor elementor-1439\" data-elementor-type=\"wp-post\" data-elementor-id=\"1439\"><section class=\"elementor-section elementor-top-section elementor-element elementor-element-52f8376 elementor-section-boxed elementor-section-height-default elementor-section-height-default\" data-id=\"52f8376\" data-element_type=\"section\"><div class=\"elementor-container elementor-column-gap-default\"><div class=\"elementor-column elementor-col-100 elementor-top-column elementor-element elementor-element-9c46df3\" data-id=\"9c46df3\" data-element_type=\"column\"><div class=\"elementor-widget-wrap elementor-element-populated\"><div class=\"elementor-element elementor-element-f0df209 elementor-widget elementor-widget-heading\" data-id=\"f0df209\" data-element_type=\"widget\" data-widget_type=\"heading.default\"><div class=\"elementor-widget-container\"><h2 class=\"elementor-heading-title elementor-size-default\">Qu'est-ce que le dioxyde de chlore ?<\/h2><\/div><\/div><div class=\"elementor-element elementor-element-f294867 elementor-widget elementor-widget-text-editor\" data-id=\"f294867\" data-element_type=\"widget\" data-widget_type=\"text-editor.default\"><div class=\"elementor-widget-container\"><p>Les <strong>dioxyde de chlore<\/strong> est un compos\u00e9 chimique largement utilis\u00e9 comme potabilisateur de l'eau, mais aussi comme d\u00e9sinfectant ou purificateur dans un large \u00e9ventail de fonctions industrielles. Dioxvitae est autoris\u00e9 \u00e0 utiliser le dioxyde de chlore pour la potabilisation de tous les types d'eau, de l'eau potable pour une excursion aux grandes potabilisations industrielles. Le principe est le m\u00eame.<\/p><\/div><\/div><\/div><\/div><\/div><\/section><section class=\"elementor-section elementor-top-section elementor-element elementor-element-391120c elementor-section-boxed elementor-section-height-default elementor-section-height-default\" data-id=\"391120c\" data-element_type=\"section\"><div class=\"elementor-container elementor-column-gap-default\"><div class=\"elementor-column elementor-col-100 elementor-top-column elementor-element elementor-element-ede1023\" data-id=\"ede1023\" data-element_type=\"column\"><div class=\"elementor-widget-wrap elementor-element-populated\"><div class=\"elementor-element elementor-element-392cffa elementor-widget elementor-widget-heading\" data-id=\"392cffa\" data-element_type=\"widget\" data-widget_type=\"heading.default\"><div class=\"elementor-widget-container\"><h2 class=\"elementor-heading-title elementor-size-default\">Comment pr\u00e9parer le dioxyde de chlore ?<\/h2><\/div><\/div><div class=\"elementor-element elementor-element-b612f4c elementor-widget elementor-widget-text-editor\" data-id=\"b612f4c\" data-element_type=\"widget\" data-widget_type=\"text-editor.default\"><div class=\"elementor-widget-container\"><p>M\u00e9lange des produits <strong>en suivant les instructions recommand\u00e9es sur l'emballage<\/strong> en fonction de la quantit\u00e9 d'eau \u00e0 traiter et de sa qualit\u00e9.<\/p><p><strong>Attendre 30 secondes pour la r\u00e9action et ajouter le m\u00e9lange \u00e0 l'eau. <\/strong>afin de stabiliser la solution activ\u00e9e pour une efficacit\u00e9 maximale.<\/p><p>En cas d'eau faiblement pollu\u00e9e, inodore et incolore, appliquer <strong>une dose de 1 goutte de chlorite + 1 goutte d'activateur pour 5 litres d'eau \u00e0 traiter<\/strong>. Si la qualit\u00e9 de l'eau est moindre, il convient d'utiliser une dose plus \u00e9lev\u00e9e de dioxyde de chlore. 3 gouttes de chlorite + 3 gouttes d'activateur pour 1 litre d'eau est une dose pour les eaux fortement pollu\u00e9es.<\/p><\/div><\/div><\/div><\/div><\/div><\/section><section class=\"elementor-section elementor-top-section elementor-element elementor-element-b75002e elementor-section-boxed elementor-section-height-default elementor-section-height-default\" data-id=\"b75002e\" data-element_type=\"section\"><div class=\"elementor-container elementor-column-gap-default\"><div class=\"elementor-column elementor-col-100 elementor-top-column elementor-element elementor-element-27c4032\" data-id=\"27c4032\" data-element_type=\"column\"><div class=\"elementor-widget-wrap elementor-element-populated\"><div class=\"elementor-element elementor-element-91f63a0 elementor-widget elementor-widget-heading\" data-id=\"91f63a0\" data-element_type=\"widget\" data-widget_type=\"heading.default\"><div class=\"elementor-widget-container\"><h2 class=\"elementor-heading-title elementor-size-default\">Propri\u00e9t\u00e9s du dioxyde de chlore<\/h2><\/div><\/div><div class=\"elementor-element elementor-element-f198e68 elementor-widget elementor-widget-text-editor\" data-id=\"f198e68\" data-element_type=\"widget\" data-widget_type=\"text-editor.default\"><div class=\"elementor-widget-container\"><ul><li>\u00e9limination des impuret\u00e9s de l'eau naturelle (toxines et m\u00e9taux lourds)<\/li><li>Efficacit\u00e9 sup\u00e9rieure \u00e0 celle des autres biocides (\u00e9limine le biofilm et fonctionne dans toutes les plages de pH).<\/li><li>l'\u00e9limination des agents pathog\u00e8nes, tels que les virus, les bact\u00e9ries et les protozoaires<\/li><\/ul><\/div><\/div><\/div><\/div><\/div><\/section><section class=\"elementor-section elementor-top-section elementor-element elementor-element-37bc36b6 elementor-section-boxed elementor-section-height-default elementor-section-height-default\" data-id=\"37bc36b6\" data-element_type=\"section\"><div class=\"elementor-container elementor-column-gap-default\"><div class=\"elementor-column elementor-col-100 elementor-top-column elementor-element elementor-element-6bfa42b0\" data-id=\"6bfa42b0\" data-element_type=\"column\"><div class=\"elementor-widget-wrap elementor-element-populated\"><div class=\"elementor-element elementor-element-fb506fb elementor-widget elementor-widget-heading\" data-id=\"fb506fb\" data-element_type=\"widget\" data-widget_type=\"heading.default\"><div class=\"elementor-widget-container\"><h2 class=\"elementor-heading-title elementor-size-default\">Kit de purification de l'eau<\/h2><\/div><\/div><div class=\"elementor-element elementor-element-6032dc21 elementor-widget elementor-widget-text-editor\" data-id=\"6032dc21\" data-element_type=\"widget\" data-widget_type=\"text-editor.default\"><div class=\"elementor-widget-container\"><p>Le dioxyde de chlore est largement utilis\u00e9 par l'industrie qui conna\u00eet ses propri\u00e9t\u00e9s sup\u00e9rieures de d\u00e9sinfection et d'oxydation des toxines.<\/p><p>Les\u00a0<strong>Kit de purification de l'eau DIOXVITAE<\/strong> permet d'obtenir du dioxyde de chlore de mani\u00e8re artisanale, en m\u00e9langeant <a href=\"https:\/\/dioxvitae.es\/fr\/chlorite-de-sodium\/\">chlorite de sodium<\/a> et un activateur d'acide chlorhydrique. Nous pouvons ainsi rendre notre eau potable et \u00e9viter d'acheter des litres et des litres d'eau au supermarch\u00e9.<\/p><\/div><\/div><\/div><\/div><\/div><\/section><\/div><h2>QU'EST-CE QUE LE CDS ?<\/h2><p>Les <strong>CDS<\/strong> highly purified est une solution conditionn\u00e9e de dioxyde de chlore activ\u00e9 avec de l'eau distill\u00e9e.<\/p><p>Le DIOXVITAE CDS est fabriqu\u00e9 par \u00e9vaporation dans du verre et est \u00e9tanche. <b>d\u00e9chets et r\u00e9actions chimiques<\/b> secondaire.<\/p><h2>\u00c0 QUOI SERVENT LES CDS ?<\/h2><p>Le CDS permet au <b>d\u00e9sinfection des agents pathog\u00e8nes<\/b>, l'oxydation des produits phytosanitaires et des m\u00e9taux lourds, sans laisser de r\u00e9sidus toxiques.<\/p><p>Notre solution est packag\u00e9e pour un minimum de <b>3000 ppm<\/b> et ne contient pas de r\u00e9sidus, ce qui permet d'obtenir des r\u00e9sultats de d\u00e9sinfection in\u00e9gal\u00e9s.<\/p><p>Avec une petite dose de <b>Solution de dioxyde de chlore<\/b> vous permet de d\u00e9sinfecter tous les types d'aliments. Vous n'aurez besoin que d'eau pour le diluer et, apr\u00e8s avoir suivi un processus simple, vos aliments seront d\u00e9barrass\u00e9s de tout germe ou \u00e9l\u00e9ment nuisible \u00e0 votre sant\u00e9.<\/p><h2>UTILISATIONS ET APPLICATIONS DE LA SOLUTION DE DIOXYDE DE CHLORE<\/h2><p>Le CDS est g\u00e9n\u00e9ralement utilis\u00e9 pour la d\u00e9sinfection des fruits, des l\u00e9gumes et de la viande. <b>tous les types d'aliments<\/b>, Il s'agit d'un d\u00e9sinfectant qui \u00e9limine les microbes, les m\u00e9taux lourds, les r\u00e9sidus de pesticides et autres poisons apr\u00e8s le traitement, et aucun r\u00e9sidu toxique n'est laiss\u00e9 apr\u00e8s le processus, contrairement \u00e0 d'autres d\u00e9sinfectants sur le march\u00e9.<\/p><p>La solution de dioxyde de chlore de DIOXVITAE permet d'obtenir un r\u00e9sultat de qualit\u00e9. <b>des r\u00e9sultats extraordinaires<\/b>, Il est donc conseill\u00e9 de l'utiliser dans les aliments dont l'origine ou le traitement est douteux, tels que les aliments non biologiques ou les aliments transform\u00e9s contenant de nombreux additifs.<\/p><h3><b><u>MODE D'EMPLOI<\/u><\/b><\/h3><p>La solution de <b>Dioxyde de chlore (CDS)<\/b> Le produit hautement purifi\u00e9 est d\u00e9j\u00e0 pr\u00e9par\u00e9 pour la d\u00e9sinfection des aliments. Il suffit de le diluer dans de l'eau et de traiter les aliments en les immergeant dans l'eau ou dans l'eau. <b>en les pulv\u00e9risant<\/b>.<\/p><p>Le <b>la quantit\u00e9 de produit<\/b> \u00e0 utiliser :<\/p><ul><li>Pour les aliments \u00e0 conserver, qui peuvent \u00eatre immerg\u00e9s dans l'eau, comme les fruits et les l\u00e9gumes, mettez entre 1 et 5 ml de CDS par litre d'eau dans une bassine. Si vous triplez la dose maximale, il n'y a pas de probl\u00e8me. Laissez tremper quelques minutes. <b>minimum de 5 minutes<\/b> et l'\u00e9goutter. Ne pas rincer car le processus n'est pas termin\u00e9. Laisser ensuite <b>20 minutes<\/b> \u00e9goutt\u00e9s pour \u00e9vaporer les r\u00e9sidus CDS.<\/li><li>Pour les aliments secs, qui ne seront pas immerg\u00e9s, tels que les noix, les c\u00e9r\u00e9ales, les farines... pr\u00e9parez un spray \u00e0 raison de 1 ml pour 1 litre d'eau. Il n'est pas n\u00e9cessaire de tripler la dose. <b>\u00c9taler les aliments et les cuire \u00e0 la vapeur<\/b> en le remuant \u00e0 l'aide d'une fourchette en bois. Laissez ensuite s\u00e9cher et conservez ou consommez.<\/li><li>Lorsque la pr\u00e9paration des aliments n\u00e9cessite une cuisson \u00e0 l'eau, comme les soupes, les p\u00e2tes, le riz, les l\u00e9gumes, on peut les appliquer dans l'eau froide de la casserole. <b>1 \u00e0 5 ml pour 5 litres d'eau<\/b>. Si, par erreur, la dose est tripl\u00e9e, il n'y a pas de probl\u00e8me. Mettez les aliments \u00e0 l'int\u00e9rieur, attendez 5 minutes et faites cuire. La cuisson fait rapidement s'\u00e9vaporer les r\u00e9sidus de CDS. Utilisez de pr\u00e9f\u00e9rence des casseroles et des po\u00eales en terre cuite. Si vous utilisez des casseroles en m\u00e9tal, il est recommand\u00e9 de les graisser au pr\u00e9alable avec de l'huile ou de la graisse afin de prolonger leur dur\u00e9e de vie.<\/li><li>S'il s'agit d'une po\u00eale \u00e0 frire, d'une plaque de cuisson, d'un gril... comme les viandes, les poissons, les l\u00e9gumes... nous pouvons pulv\u00e9riser les aliments. <b>avant la cuisson<\/b> en pulv\u00e9risant 1 ml de CDS dans 1 litre d'eau. Il n'est pas n\u00e9cessaire de tripler la dose. Laissez l'aliment avec le traitement pendant 5 minutes et faites-le cuire. La cuisson \u00e9limine rapidement toute trace de CDS. <b>\u00c9tendre de l'huile ou de la graisse<\/b> la po\u00eale \u00e0 frire ou la plaque de cuisson pour prolonger sa dur\u00e9e de conservation.<\/li><\/ul><h2>CONTRE-INDICATIONS DE LA CDC<\/h2><p>Il est recommand\u00e9 de lire le <b>Fiche de donn\u00e9es de s\u00e9curit\u00e9 CDS<\/b>, L'\u00e9tiquette du r\u00e9cipient doit \u00eatre consult\u00e9e pour savoir comment manipuler correctement le r\u00e9cipient et son contenu.<\/p><p><a title=\"Fiche de donn\u00e9es de s\u00e9curit\u00e9\" href=\"https:\/\/dioxvitae.es\/wp-content\/uploads\/ficha-seguridad-dioxvitae-cds-v2308.pdf\" rel=\"nofollow\">Fiche de donn\u00e9es de s\u00e9curit\u00e9 CDS<\/a><\/p><p>\u00a0<\/p><div style=\"box-sizing: border-box; --flex-direction: initial; --flex-wrap: initial; --justify-content: initial; --align-items: initial; --align-content: initial; --gap: initial; --flex-basis: initial; --flex-grow: initial; --flex-shrink: initial; --order: initial; --align-self: initial; align-self: var(--align-self); flex-basis: var(--flex-basis); flex-grow: var(--flex-grow); flex-shrink: var(--flex-shrink); order: var(--order); align-content: var(--align-content); align-items: var(--align-items); flex-direction: var(--flex-direction); flex-wrap: var(--flex-wrap); gap: var(--row-gap) var(--column-gap); justify-content: var(--justify-content); position: relative; --widgets-spacing: 20px 20px; --widgets-spacing-row: 20px; --widgets-spacing-column: 20px; width: 1200px; margin-bottom: var(--kit-widget-spacing,20px); margin-block-end: 20px; text-align: left; color: #5a5a5a; font-family: Niramit, sans-serif; font-size: 16px; font-style: normal; font-variant-ligatures: normal; font-variant-caps: normal; font-weight: 400; letter-spacing: normal; orphans: 2; text-indent: 0px; text-transform: none; widows: 2; word-spacing: 0px; -webkit-text-stroke-width: 0px; white-space: normal; background-color: #ffffff; text-decoration-thickness: initial; text-decoration-style: initial; text-decoration-color: initial;\" data-id=\"19f75a9\" data-element_type=\"widget\" data-widget_type=\"heading.default\"><div style=\"box-sizing: border-box; transition: background .3s,border .3s,border-radius .3s,box-shadow .3s,transform var(--e-transform-transition-duration,.4s);\"><h2 style=\"box-sizing: border-box; border-width: 0px 0px 1px; border-image: initial; font-size: 2rem; font-style: inherit; font-weight: 400; margin: 0px; outline: 0px; padding: 0px 0px 15px; vertical-align: baseline; clear: both; color: var( --e-global-color-primary ); line-height: 1.3em; font-family: Oswald, sans-serif; text-transform: uppercase; letter-spacing: 0px; border-color: initial initial #25a5e5 initial; border-style: initial initial solid initial;\">R\u00e9cipient en verre avec gobelet gradu\u00e9<\/h2><\/div><\/div><div style=\"box-sizing: border-box; --flex-direction: initial; --flex-wrap: initial; --justify-content: initial; --align-items: initial; --align-content: initial; --gap: initial; --flex-basis: initial; --flex-grow: initial; --flex-shrink: initial; --order: initial; --align-self: initial; align-self: var(--align-self); flex-basis: var(--flex-basis); flex-grow: var(--flex-grow); flex-shrink: var(--flex-shrink); order: var(--order); align-content: var(--align-content); align-items: var(--align-items); flex-direction: var(--flex-direction); flex-wrap: var(--flex-wrap); gap: var(--row-gap) var(--column-gap); justify-content: var(--justify-content); position: relative; --widgets-spacing: 20px 20px; --widgets-spacing-row: 20px; --widgets-spacing-column: 20px; width: 1200px; text-align: left; color: #5a5a5a; font-family: Niramit, sans-serif; font-size: 16px; font-style: normal; font-variant-ligatures: normal; font-variant-caps: normal; font-weight: 400; letter-spacing: normal; orphans: 2; text-indent: 0px; text-transform: none; widows: 2; word-spacing: 0px; -webkit-text-stroke-width: 0px; white-space: normal; background-color: #ffffff; text-decoration-thickness: initial; text-decoration-style: initial; text-decoration-color: initial;\" data-id=\"7efac487\" data-element_type=\"widget\" data-widget_type=\"text-editor.default\"><div style=\"box-sizing: border-box; transition: background .3s,border .3s,border-radius .3s,box-shadow .3s,transform var(--e-transform-transition-duration,.4s);\"><p style=\"box-sizing: border-box; border: 0px; font-size: 16px; font-style: inherit; font-weight: inherit; margin: 0px 0px 1em; outline: 0px; padding: 0px; vertical-align: baseline;\">Chez DIOXVITAE, nous proposons une large gamme de\u00a0<strong style=\"box-sizing: border-box; font-weight: bold;\">r\u00e9cipients et bouteilles<\/strong>\u00a0pour\u00a0<a style=\"box-sizing: border-box; background-color: transparent; text-decoration: none; color: #25a5e5; transition: 0.2s linear; box-shadow: none;\" href=\"https:\/\/dioxvitae.es\/fr\/chlorite-de-sodium-2\/\">chlorite de sodium<\/a>,\u00a0<a style=\"box-sizing: border-box; background-color: transparent; text-decoration: none; color: #25a5e5; transition: 0.2s linear; box-shadow: none;\" href=\"https:\/\/dioxvitae.es\/fr\/declencheurs\/\">activateur<\/a>,\u00a0<a style=\"box-sizing: border-box; background-color: transparent; text-decoration: none; color: #25a5e5; transition: 0.2s linear; box-shadow: none;\" href=\"https:\/\/dioxvitae.es\/fr\/cds\/\">CDS<\/a>\u00a0y\u00a0<a style=\"box-sizing: border-box; background-color: transparent; text-decoration: none; color: #25a5e5; transition: 0.2s linear; box-shadow: none;\" href=\"https:\/\/dioxvitae.es\/fr\/dmso\/\">DMSO<\/a>\u00a0qui vous permettra de g\u00e9rer et de distribuer vos<br style=\"box-sizing: border-box;\" \/>plus facilement.<\/p><\/div><\/div>\t\t\t\t\t\t\t\t<\/div>\n\t\t\t\t<\/div>\n\t\t\t\t\t<\/div>\n\t\t<\/div>\n\t\t\t\t\t<\/div>\n\t\t<\/section>\n\t\t\t\t<\/div>","protected":false},"excerpt":{"rendered":"<p><span style=\"color: red;\">28,61 euros d'\u00e9pargne<\/span><\/p>","protected":false},"featured_media":19406,"comment_status":"closed","ping_status":"closed","template":"","meta":{"site-sidebar-layout":"no-sidebar","site-content-layout":"page-builder","ast-site-content-layout":"default","site-content-style":"default","site-sidebar-style":"default","ast-global-header-display":"","ast-banner-title-visibility":"","ast-main-header-display":"","ast-hfb-above-header-display":"","ast-hfb-below-header-display":"","ast-hfb-mobile-header-display":"","site-post-title":"disabled","ast-breadcrumbs-content":"","ast-featured-img":"disabled","footer-sml-layout":"","ast-disable-related-posts":"","theme-transparent-header-meta":"default","adv-header-id-meta":"","stick-header-meta":"default","header-above-stick-meta":"","header-main-stick-meta":"","header-below-stick-meta":"","astra-migrate-meta-layouts":"set","ast-page-background-enabled":"default","ast-page-background-meta":{"desktop":{"background-color":"","background-image":"","background-repeat":"repeat","background-position":"center center","background-size":"auto","background-attachment":"scroll","background-type":"","background-media":"","overlay-type":"","overlay-color":"","overlay-opacity":"","overlay-gradient":""},"tablet":{"background-color":"","background-image":"","background-repeat":"repeat","background-position":"center center","background-size":"auto","background-attachment":"scroll","background-type":"","background-media":"","overlay-type":"","overlay-color":"","overlay-opacity":"","overlay-gradient":""},"mobile":{"background-color":"","background-image":"","background-repeat":"repeat","background-position":"center center","background-size":"auto","background-attachment":"scroll","background-type":"","background-media":"","overlay-type":"","overlay-color":"","overlay-opacity":"","overlay-gradient":""}},"ast-content-background-meta":{"desktop":{"background-color":"var(--ast-global-color-5)","background-image":"","background-repeat":"repeat","background-position":"center center","background-size":"auto","background-attachment":"scroll","background-type":"","background-media":"","overlay-type":"","overlay-color":"","overlay-opacity":"","overlay-gradient":""},"tablet":{"background-color":"var(--ast-global-color-5)","background-image":"","background-repeat":"repeat","background-position":"center center","background-size":"auto","background-attachment":"scroll","background-type":"","background-media":"","overlay-type":"","overlay-color":"","overlay-opacity":"","overlay-gradient":""},"mobile":{"background-color":"var(--ast-global-color-5)","background-image":"","background-repeat":"repeat","background-position":"center center","background-size":"auto","background-attachment":"scroll","background-type":"","background-media":"","overlay-type":"","overlay-color":"","overlay-opacity":"","overlay-gradient":""}},"_glsr_average":0,"_glsr_ranking":0,"_glsr_reviews":0},"product_brand":[],"product_cat":[263],"product_tag":[],"class_list":{"0":"post-13365","1":"product","2":"type-product","3":"status-publish","4":"has-post-thumbnail","6":"product_cat-promociones","7":"desktop-align-center","8":"tablet-align-center","9":"mobile-align-center","10":"ast-product-gallery-layout-horizontal","11":"ast-product-gallery-with-no-image","12":"ast-product-tabs-layout-horizontal","14":"first","15":"instock","16":"taxable","17":"shipping-taxable","18":"purchasable","19":"product-type-simple"},"_links":{"self":[{"href":"https:\/\/dioxvitae.es\/fr\/wp-json\/wp\/v2\/product\/13365","targetHints":{"allow":["GET"]}}],"collection":[{"href":"https:\/\/dioxvitae.es\/fr\/wp-json\/wp\/v2\/product"}],"about":[{"href":"https:\/\/dioxvitae.es\/fr\/wp-json\/wp\/v2\/types\/product"}],"replies":[{"embeddable":true,"href":"https:\/\/dioxvitae.es\/fr\/wp-json\/wp\/v2\/comments?post=13365"}],"version-history":[{"count":6,"href":"https:\/\/dioxvitae.es\/fr\/wp-json\/wp\/v2\/product\/13365\/revisions"}],"predecessor-version":[{"id":13398,"href":"https:\/\/dioxvitae.es\/fr\/wp-json\/wp\/v2\/product\/13365\/revisions\/13398"}],"wp:featuredmedia":[{"embeddable":true,"href":"https:\/\/dioxvitae.es\/fr\/wp-json\/wp\/v2\/media\/19406"}],"wp:attachment":[{"href":"https:\/\/dioxvitae.es\/fr\/wp-json\/wp\/v2\/media?parent=13365"}],"wp:term":[{"taxonomy":"product_brand","embeddable":true,"href":"https:\/\/dioxvitae.es\/fr\/wp-json\/wp\/v2\/product_brand?post=13365"},{"taxonomy":"product_cat","embeddable":true,"href":"https:\/\/dioxvitae.es\/fr\/wp-json\/wp\/v2\/product_cat?post=13365"},{"taxonomy":"product_tag","embeddable":true,"href":"https:\/\/dioxvitae.es\/fr\/wp-json\/wp\/v2\/product_tag?post=13365"}],"curies":[{"name":"wp","href":"https:\/\/api.w.org\/{rel}","templated":true}]}}